{"id":17399,"date":"2018-11-15T09:32:57","date_gmt":"2018-11-15T09:32:57","guid":{"rendered":"http:\/\/terracotadoalgarve.com\/product\/refa-605-tijolo-curvo-para-revestimento-de-pilares-redondos\/"},"modified":"2022-05-24T08:29:30","modified_gmt":"2022-05-24T08:29:30","slug":"ref-605-gebogen-baksteen-voor-pilaarcoating","status":"publish","type":"product","link":"https:\/\/terracotadoalgarve.com\/nl\/produto\/ref-605-gebogen-baksteen-voor-pilaarcoating\/","title":{"rendered":"Ref 605: Gebogen Baksteen voor Pilaarcoating"},"content":{"rendered":"","protected":false},"excerpt":{"rendered":"<p>Naast dat het wordt gebruikt in de pilaarcoating, kan het worden gebruikt in bloembakken, kolommen, enz. Er zijn verschillende maten voor pilaren met verschillende diameters:<\/p>\n<p>Ref 605A Gebogen Baksteen voor Pilaarcoating \u00f825 cm<br \/>\nRef 605B Gebogen Baksteen voor Pilaarcoating \u00f827 cm<br \/>\nRef 605C Gebogen Baksteen voor Pilaarcoating \u00f830 cm<\/p>\n","protected":false},"featured_media":25910,"comment_status":"closed","ping_status":"closed","template":"","meta":[],"product_brand":[],"product_cat":[35],"product_tag":[],"class_list":{"0":"post-17399","1":"product","2":"type-product","3":"status-publish","4":"has-post-thumbnail","6":"product_cat-handgemaakt-terracotta","8":"first","9":"instock","10":"product-type-simple"},"yoast_head":"<!-- This site is optimized with the Yoast SEO plugin v26.9 - https:\/\/yoast.com\/product\/yoast-seo-wordpress\/ -->\n<title>Ref 605: Gebogen Baksteen voor Pilaarcoating - Terracota do Algarve<\/title>\n<meta name=\"robots\" content=\"index, follow, max-snippet:-1, max-image-preview:large, max-video-preview:-1\" \/>\n<link rel=\"canonical\" href=\"https:\/\/terracotadoalgarve.com\/nl\/produto\/ref-605-gebogen-baksteen-voor-pilaarcoating\/\" \/>\n<meta property=\"og:locale\" content=\"nl_NL\" \/>\n<meta property=\"og:type\" content=\"article\" \/>\n<meta property=\"og:title\" content=\"Ref 605: Gebogen Baksteen voor Pilaarcoating - Terracota do Algarve\" \/>\n<meta property=\"og:description\" content=\"Naast dat het wordt gebruikt in de pilaarcoating, kan het worden gebruikt in bloembakken, kolommen, enz. Er zijn verschillende maten voor pilaren met verschillende diameters:  Ref 605A Gebogen Baksteen voor Pilaarcoating \u00f825 cm Ref 605B Gebogen Baksteen voor Pilaarcoating \u00f827 cm Ref 605C Gebogen Baksteen voor Pilaarcoating \u00f830 cm\" \/>\n<meta property=\"og:url\" content=\"https:\/\/terracotadoalgarve.com\/nl\/produto\/ref-605-gebogen-baksteen-voor-pilaarcoating\/\" \/>\n<meta property=\"og:site_name\" content=\"Terracota do Algarve\" \/>\n<meta property=\"article:modified_time\" content=\"2022-05-24T08:29:30+00:00\" \/>\n<meta property=\"og:image\" content=\"https:\/\/terracotadoalgarve.com\/wp-content\/uploads\/2018\/11\/Ref-605-Tijolo-Curvo-para-Revestimentos.png\" \/>\n\t<meta property=\"og:image:width\" content=\"700\" \/>\n\t<meta property=\"og:image:height\" content=\"525\" \/>\n\t<meta property=\"og:image:type\" content=\"image\/png\" \/>\n<meta name=\"twitter:card\" content=\"summary_large_image\" \/>\n<script type=\"application\/ld+json\" class=\"yoast-schema-graph\">{\"@context\":\"https:\/\/schema.org\",\"@graph\":[{\"@type\":\"WebPage\",\"@id\":\"https:\/\/terracotadoalgarve.com\/nl\/produto\/ref-605-gebogen-baksteen-voor-pilaarcoating\/\",\"url\":\"https:\/\/terracotadoalgarve.com\/nl\/produto\/ref-605-gebogen-baksteen-voor-pilaarcoating\/\",\"name\":\"Ref 605: Gebogen Baksteen voor Pilaarcoating - Terracota do Algarve\",\"isPartOf\":{\"@id\":\"https:\/\/terracotadoalgarve.com\/nl\/#website\"},\"primaryImageOfPage\":{\"@id\":\"https:\/\/terracotadoalgarve.com\/nl\/produto\/ref-605-gebogen-baksteen-voor-pilaarcoating\/#primaryimage\"},\"image\":{\"@id\":\"https:\/\/terracotadoalgarve.com\/nl\/produto\/ref-605-gebogen-baksteen-voor-pilaarcoating\/#primaryimage\"},\"thumbnailUrl\":\"https:\/\/terracotadoalgarve.com\/wp-content\/uploads\/2018\/11\/Ref-605-Tijolo-Curvo-para-Revestimentos.png\",\"datePublished\":\"2018-11-15T09:32:57+00:00\",\"dateModified\":\"2022-05-24T08:29:30+00:00\",\"breadcrumb\":{\"@id\":\"https:\/\/terracotadoalgarve.com\/nl\/produto\/ref-605-gebogen-baksteen-voor-pilaarcoating\/#breadcrumb\"},\"inLanguage\":\"nl-NL\",\"potentialAction\":[{\"@type\":\"ReadAction\",\"target\":[\"https:\/\/terracotadoalgarve.com\/nl\/produto\/ref-605-gebogen-baksteen-voor-pilaarcoating\/\"]}]},{\"@type\":\"ImageObject\",\"inLanguage\":\"nl-NL\",\"@id\":\"https:\/\/terracotadoalgarve.com\/nl\/produto\/ref-605-gebogen-baksteen-voor-pilaarcoating\/#primaryimage\",\"url\":\"https:\/\/terracotadoalgarve.com\/wp-content\/uploads\/2018\/11\/Ref-605-Tijolo-Curvo-para-Revestimentos.png\",\"contentUrl\":\"https:\/\/terracotadoalgarve.com\/wp-content\/uploads\/2018\/11\/Ref-605-Tijolo-Curvo-para-Revestimentos.png\",\"width\":700,\"height\":525,\"caption\":\"Ref 605 Tijolo Curvo para Revestimentos\"},{\"@type\":\"BreadcrumbList\",\"@id\":\"https:\/\/terracotadoalgarve.com\/nl\/produto\/ref-605-gebogen-baksteen-voor-pilaarcoating\/#breadcrumb\",\"itemListElement\":[{\"@type\":\"ListItem\",\"position\":1,\"name\":\"Home\",\"item\":\"https:\/\/terracotadoalgarve.com\/nl\/\"},{\"@type\":\"ListItem\",\"position\":2,\"name\":\"Producten\",\"item\":\"https:\/\/terracotadoalgarve.com\/nl\/shop\/\"},{\"@type\":\"ListItem\",\"position\":3,\"name\":\"Ref 605: Gebogen Baksteen voor Pilaarcoating\"}]},{\"@type\":\"WebSite\",\"@id\":\"https:\/\/terracotadoalgarve.com\/nl\/#website\",\"url\":\"https:\/\/terracotadoalgarve.com\/nl\/\",\"name\":\"Terracota do Algarve\",\"description\":\"Terracota tiles, Hydraulic cement tiles, Glazed tiles\",\"potentialAction\":[{\"@type\":\"SearchAction\",\"target\":{\"@type\":\"EntryPoint\",\"urlTemplate\":\"https:\/\/terracotadoalgarve.com\/nl\/?s={search_term_string}\"},\"query-input\":{\"@type\":\"PropertyValueSpecification\",\"valueRequired\":true,\"valueName\":\"search_term_string\"}}],\"inLanguage\":\"nl-NL\"}]}<\/script>\n<!-- \/ Yoast SEO plugin. -->","yoast_head_json":{"title":"Ref 605: Gebogen Baksteen voor Pilaarcoating - Terracota do Algarve","robots":{"index":"index","follow":"follow","max-snippet":"max-snippet:-1","max-image-preview":"max-image-preview:large","max-video-preview":"max-video-preview:-1"},"canonical":"https:\/\/terracotadoalgarve.com\/nl\/produto\/ref-605-gebogen-baksteen-voor-pilaarcoating\/","og_locale":"nl_NL","og_type":"article","og_title":"Ref 605: Gebogen Baksteen voor Pilaarcoating - Terracota do Algarve","og_description":"Naast dat het wordt gebruikt in de pilaarcoating, kan het worden gebruikt in bloembakken, kolommen, enz. Er zijn verschillende maten voor pilaren met verschillende diameters:  Ref 605A Gebogen Baksteen voor Pilaarcoating \u00f825 cm Ref 605B Gebogen Baksteen voor Pilaarcoating \u00f827 cm Ref 605C Gebogen Baksteen voor Pilaarcoating \u00f830 cm","og_url":"https:\/\/terracotadoalgarve.com\/nl\/produto\/ref-605-gebogen-baksteen-voor-pilaarcoating\/","og_site_name":"Terracota do Algarve","article_modified_time":"2022-05-24T08:29:30+00:00","og_image":[{"width":700,"height":525,"url":"https:\/\/terracotadoalgarve.com\/wp-content\/uploads\/2018\/11\/Ref-605-Tijolo-Curvo-para-Revestimentos.png","type":"image\/png"}],"twitter_card":"summary_large_image","schema":{"@context":"https:\/\/schema.org","@graph":[{"@type":"WebPage","@id":"https:\/\/terracotadoalgarve.com\/nl\/produto\/ref-605-gebogen-baksteen-voor-pilaarcoating\/","url":"https:\/\/terracotadoalgarve.com\/nl\/produto\/ref-605-gebogen-baksteen-voor-pilaarcoating\/","name":"Ref 605: Gebogen Baksteen voor Pilaarcoating - Terracota do Algarve","isPartOf":{"@id":"https:\/\/terracotadoalgarve.com\/nl\/#website"},"primaryImageOfPage":{"@id":"https:\/\/terracotadoalgarve.com\/nl\/produto\/ref-605-gebogen-baksteen-voor-pilaarcoating\/#primaryimage"},"image":{"@id":"https:\/\/terracotadoalgarve.com\/nl\/produto\/ref-605-gebogen-baksteen-voor-pilaarcoating\/#primaryimage"},"thumbnailUrl":"https:\/\/terracotadoalgarve.com\/wp-content\/uploads\/2018\/11\/Ref-605-Tijolo-Curvo-para-Revestimentos.png","datePublished":"2018-11-15T09:32:57+00:00","dateModified":"2022-05-24T08:29:30+00:00","breadcrumb":{"@id":"https:\/\/terracotadoalgarve.com\/nl\/produto\/ref-605-gebogen-baksteen-voor-pilaarcoating\/#breadcrumb"},"inLanguage":"nl-NL","potentialAction":[{"@type":"ReadAction","target":["https:\/\/terracotadoalgarve.com\/nl\/produto\/ref-605-gebogen-baksteen-voor-pilaarcoating\/"]}]},{"@type":"ImageObject","inLanguage":"nl-NL","@id":"https:\/\/terracotadoalgarve.com\/nl\/produto\/ref-605-gebogen-baksteen-voor-pilaarcoating\/#primaryimage","url":"https:\/\/terracotadoalgarve.com\/wp-content\/uploads\/2018\/11\/Ref-605-Tijolo-Curvo-para-Revestimentos.png","contentUrl":"https:\/\/terracotadoalgarve.com\/wp-content\/uploads\/2018\/11\/Ref-605-Tijolo-Curvo-para-Revestimentos.png","width":700,"height":525,"caption":"Ref 605 Tijolo Curvo para Revestimentos"},{"@type":"BreadcrumbList","@id":"https:\/\/terracotadoalgarve.com\/nl\/produto\/ref-605-gebogen-baksteen-voor-pilaarcoating\/#breadcrumb","itemListElement":[{"@type":"ListItem","position":1,"name":"Home","item":"https:\/\/terracotadoalgarve.com\/nl\/"},{"@type":"ListItem","position":2,"name":"Producten","item":"https:\/\/terracotadoalgarve.com\/nl\/shop\/"},{"@type":"ListItem","position":3,"name":"Ref 605: Gebogen Baksteen voor Pilaarcoating"}]},{"@type":"WebSite","@id":"https:\/\/terracotadoalgarve.com\/nl\/#website","url":"https:\/\/terracotadoalgarve.com\/nl\/","name":"Terracota do Algarve","description":"Terracota tiles, Hydraulic cement tiles, Glazed tiles","potentialAction":[{"@type":"SearchAction","target":{"@type":"EntryPoint","urlTemplate":"https:\/\/terracotadoalgarve.com\/nl\/?s={search_term_string}"},"query-input":{"@type":"PropertyValueSpecification","valueRequired":true,"valueName":"search_term_string"}}],"inLanguage":"nl-NL"}]}},"_links":{"self":[{"href":"https:\/\/terracotadoalgarve.com\/nl\/wp-json\/wp\/v2\/product\/17399","targetHints":{"allow":["GET"]}}],"collection":[{"href":"https:\/\/terracotadoalgarve.com\/nl\/wp-json\/wp\/v2\/product"}],"about":[{"href":"https:\/\/terracotadoalgarve.com\/nl\/wp-json\/wp\/v2\/types\/product"}],"replies":[{"embeddable":true,"href":"https:\/\/terracotadoalgarve.com\/nl\/wp-json\/wp\/v2\/comments?post=17399"}],"wp:featuredmedia":[{"embeddable":true,"href":"https:\/\/terracotadoalgarve.com\/nl\/wp-json\/wp\/v2\/media\/25910"}],"wp:attachment":[{"href":"https:\/\/terracotadoalgarve.com\/nl\/wp-json\/wp\/v2\/media?parent=17399"}],"wp:term":[{"taxonomy":"product_brand","embeddable":true,"href":"https:\/\/terracotadoalgarve.com\/nl\/wp-json\/wp\/v2\/product_brand?post=17399"},{"taxonomy":"product_cat","embeddable":true,"href":"https:\/\/terracotadoalgarve.com\/nl\/wp-json\/wp\/v2\/product_cat?post=17399"},{"taxonomy":"product_tag","embeddable":true,"href":"https:\/\/terracotadoalgarve.com\/nl\/wp-json\/wp\/v2\/product_tag?post=17399"}],"curies":[{"name":"wp","href":"https:\/\/api.w.org\/{rel}","templated":true}]}}