{"id":16700,"date":"2018-11-15T09:46:38","date_gmt":"2018-11-15T09:46:38","guid":{"rendered":"http:\/\/terracotadoalgarve.com\/product\/refa-315-ladrilho-15x15x2-cm-barro-natural\/"},"modified":"2022-06-12T14:47:21","modified_gmt":"2022-06-12T14:47:21","slug":"ref-315-fliese-15x15x2-cm-natuerlicher-lehm","status":"publish","type":"product","link":"https:\/\/terracotadoalgarve.com\/nl\/produto\/ref-315-fliese-15x15x2-cm-natuerlicher-lehm\/","title":{"rendered":"Ref 315 Fliese 15x15x2 cm, Nat\u00fcrlicher Lehm"},"content":{"rendered":"","protected":false},"excerpt":{"rendered":"<p>Vielseitige Fliese, kann auch mit 1,5 cm Dicke hergestellt werden. Wir haben glasierte Fliesen mit dem gleichen Ma\u00df, das mit dieser Fliese in den Fu\u00dfb\u00f6den und in den Abdeckungen kombiniert werden kann.<\/p>\n","protected":false},"featured_media":25899,"comment_status":"closed","ping_status":"closed","template":"","meta":[],"product_brand":[],"product_cat":[35],"product_tag":[],"class_list":{"0":"post-16700","1":"product","2":"type-product","3":"status-publish","4":"has-post-thumbnail","6":"product_cat-handgemaakt-terracotta","8":"first","9":"instock","10":"product-type-simple"},"yoast_head":"<!-- This site is optimized with the Yoast SEO plugin v26.9 - https:\/\/yoast.com\/product\/yoast-seo-wordpress\/ -->\n<title>Ref 315 Fliese 15x15x2 cm, Nat\u00fcrlicher Lehm - Terracota do Algarve<\/title>\n<meta name=\"robots\" content=\"index, follow, max-snippet:-1, max-image-preview:large, max-video-preview:-1\" \/>\n<link rel=\"canonical\" href=\"https:\/\/terracotadoalgarve.com\/nl\/produto\/ref-315-fliese-15x15x2-cm-natuerlicher-lehm\/\" \/>\n<meta property=\"og:locale\" content=\"nl_NL\" \/>\n<meta property=\"og:type\" content=\"article\" \/>\n<meta property=\"og:title\" content=\"Ref 315 Fliese 15x15x2 cm, Nat\u00fcrlicher Lehm - Terracota do Algarve\" \/>\n<meta property=\"og:description\" content=\"Vielseitige Fliese, kann auch mit 1,5 cm Dicke hergestellt werden. Wir haben glasierte Fliesen mit dem gleichen Ma\u00df, das mit dieser Fliese in den Fu\u00dfb\u00f6den und in den Abdeckungen kombiniert werden kann.\" \/>\n<meta property=\"og:url\" content=\"https:\/\/terracotadoalgarve.com\/nl\/produto\/ref-315-fliese-15x15x2-cm-natuerlicher-lehm\/\" \/>\n<meta property=\"og:site_name\" content=\"Terracota do Algarve\" \/>\n<meta property=\"article:modified_time\" content=\"2022-06-12T14:47:21+00:00\" \/>\n<meta property=\"og:image\" content=\"https:\/\/terracotadoalgarve.com\/wp-content\/uploads\/2018\/11\/Ref-315-Ladrilho-15x15x2cm-Barro-Natural-Aresta-viva-2.png\" \/>\n\t<meta property=\"og:image:width\" content=\"700\" \/>\n\t<meta property=\"og:image:height\" content=\"525\" \/>\n\t<meta property=\"og:image:type\" content=\"image\/png\" \/>\n<meta name=\"twitter:card\" content=\"summary_large_image\" \/>\n<script type=\"application\/ld+json\" class=\"yoast-schema-graph\">{\"@context\":\"https:\/\/schema.org\",\"@graph\":[{\"@type\":\"WebPage\",\"@id\":\"https:\/\/terracotadoalgarve.com\/nl\/produto\/ref-315-fliese-15x15x2-cm-natuerlicher-lehm\/\",\"url\":\"https:\/\/terracotadoalgarve.com\/nl\/produto\/ref-315-fliese-15x15x2-cm-natuerlicher-lehm\/\",\"name\":\"Ref 315 Fliese 15x15x2 cm, Nat\u00fcrlicher Lehm - Terracota do Algarve\",\"isPartOf\":{\"@id\":\"https:\/\/terracotadoalgarve.com\/nl\/#website\"},\"primaryImageOfPage\":{\"@id\":\"https:\/\/terracotadoalgarve.com\/nl\/produto\/ref-315-fliese-15x15x2-cm-natuerlicher-lehm\/#primaryimage\"},\"image\":{\"@id\":\"https:\/\/terracotadoalgarve.com\/nl\/produto\/ref-315-fliese-15x15x2-cm-natuerlicher-lehm\/#primaryimage\"},\"thumbnailUrl\":\"https:\/\/terracotadoalgarve.com\/wp-content\/uploads\/2018\/11\/Ref-315-Ladrilho-15x15x2cm-Barro-Natural-Aresta-viva-2.png\",\"datePublished\":\"2018-11-15T09:46:38+00:00\",\"dateModified\":\"2022-06-12T14:47:21+00:00\",\"breadcrumb\":{\"@id\":\"https:\/\/terracotadoalgarve.com\/nl\/produto\/ref-315-fliese-15x15x2-cm-natuerlicher-lehm\/#breadcrumb\"},\"inLanguage\":\"nl-NL\",\"potentialAction\":[{\"@type\":\"ReadAction\",\"target\":[\"https:\/\/terracotadoalgarve.com\/nl\/produto\/ref-315-fliese-15x15x2-cm-natuerlicher-lehm\/\"]}]},{\"@type\":\"ImageObject\",\"inLanguage\":\"nl-NL\",\"@id\":\"https:\/\/terracotadoalgarve.com\/nl\/produto\/ref-315-fliese-15x15x2-cm-natuerlicher-lehm\/#primaryimage\",\"url\":\"https:\/\/terracotadoalgarve.com\/wp-content\/uploads\/2018\/11\/Ref-315-Ladrilho-15x15x2cm-Barro-Natural-Aresta-viva-2.png\",\"contentUrl\":\"https:\/\/terracotadoalgarve.com\/wp-content\/uploads\/2018\/11\/Ref-315-Ladrilho-15x15x2cm-Barro-Natural-Aresta-viva-2.png\",\"width\":700,\"height\":525,\"caption\":\"Ref 315 Ladrilho 15x15x2cm Barro Natural Aresta viva 2\"},{\"@type\":\"BreadcrumbList\",\"@id\":\"https:\/\/terracotadoalgarve.com\/nl\/produto\/ref-315-fliese-15x15x2-cm-natuerlicher-lehm\/#breadcrumb\",\"itemListElement\":[{\"@type\":\"ListItem\",\"position\":1,\"name\":\"Home\",\"item\":\"https:\/\/terracotadoalgarve.com\/nl\/\"},{\"@type\":\"ListItem\",\"position\":2,\"name\":\"Producten\",\"item\":\"https:\/\/terracotadoalgarve.com\/nl\/shop\/\"},{\"@type\":\"ListItem\",\"position\":3,\"name\":\"Ref 315 Fliese 15x15x2 cm, Nat\u00fcrlicher Lehm\"}]},{\"@type\":\"WebSite\",\"@id\":\"https:\/\/terracotadoalgarve.com\/nl\/#website\",\"url\":\"https:\/\/terracotadoalgarve.com\/nl\/\",\"name\":\"Terracota do Algarve\",\"description\":\"Terracota tiles, Hydraulic cement tiles, Glazed tiles\",\"potentialAction\":[{\"@type\":\"SearchAction\",\"target\":{\"@type\":\"EntryPoint\",\"urlTemplate\":\"https:\/\/terracotadoalgarve.com\/nl\/?s={search_term_string}\"},\"query-input\":{\"@type\":\"PropertyValueSpecification\",\"valueRequired\":true,\"valueName\":\"search_term_string\"}}],\"inLanguage\":\"nl-NL\"}]}<\/script>\n<!-- \/ Yoast SEO plugin. -->","yoast_head_json":{"title":"Ref 315 Fliese 15x15x2 cm, Nat\u00fcrlicher Lehm - Terracota do Algarve","robots":{"index":"index","follow":"follow","max-snippet":"max-snippet:-1","max-image-preview":"max-image-preview:large","max-video-preview":"max-video-preview:-1"},"canonical":"https:\/\/terracotadoalgarve.com\/nl\/produto\/ref-315-fliese-15x15x2-cm-natuerlicher-lehm\/","og_locale":"nl_NL","og_type":"article","og_title":"Ref 315 Fliese 15x15x2 cm, Nat\u00fcrlicher Lehm - Terracota do Algarve","og_description":"Vielseitige Fliese, kann auch mit 1,5 cm Dicke hergestellt werden. Wir haben glasierte Fliesen mit dem gleichen Ma\u00df, das mit dieser Fliese in den Fu\u00dfb\u00f6den und in den Abdeckungen kombiniert werden kann.","og_url":"https:\/\/terracotadoalgarve.com\/nl\/produto\/ref-315-fliese-15x15x2-cm-natuerlicher-lehm\/","og_site_name":"Terracota do Algarve","article_modified_time":"2022-06-12T14:47:21+00:00","og_image":[{"width":700,"height":525,"url":"https:\/\/terracotadoalgarve.com\/wp-content\/uploads\/2018\/11\/Ref-315-Ladrilho-15x15x2cm-Barro-Natural-Aresta-viva-2.png","type":"image\/png"}],"twitter_card":"summary_large_image","schema":{"@context":"https:\/\/schema.org","@graph":[{"@type":"WebPage","@id":"https:\/\/terracotadoalgarve.com\/nl\/produto\/ref-315-fliese-15x15x2-cm-natuerlicher-lehm\/","url":"https:\/\/terracotadoalgarve.com\/nl\/produto\/ref-315-fliese-15x15x2-cm-natuerlicher-lehm\/","name":"Ref 315 Fliese 15x15x2 cm, Nat\u00fcrlicher Lehm - Terracota do Algarve","isPartOf":{"@id":"https:\/\/terracotadoalgarve.com\/nl\/#website"},"primaryImageOfPage":{"@id":"https:\/\/terracotadoalgarve.com\/nl\/produto\/ref-315-fliese-15x15x2-cm-natuerlicher-lehm\/#primaryimage"},"image":{"@id":"https:\/\/terracotadoalgarve.com\/nl\/produto\/ref-315-fliese-15x15x2-cm-natuerlicher-lehm\/#primaryimage"},"thumbnailUrl":"https:\/\/terracotadoalgarve.com\/wp-content\/uploads\/2018\/11\/Ref-315-Ladrilho-15x15x2cm-Barro-Natural-Aresta-viva-2.png","datePublished":"2018-11-15T09:46:38+00:00","dateModified":"2022-06-12T14:47:21+00:00","breadcrumb":{"@id":"https:\/\/terracotadoalgarve.com\/nl\/produto\/ref-315-fliese-15x15x2-cm-natuerlicher-lehm\/#breadcrumb"},"inLanguage":"nl-NL","potentialAction":[{"@type":"ReadAction","target":["https:\/\/terracotadoalgarve.com\/nl\/produto\/ref-315-fliese-15x15x2-cm-natuerlicher-lehm\/"]}]},{"@type":"ImageObject","inLanguage":"nl-NL","@id":"https:\/\/terracotadoalgarve.com\/nl\/produto\/ref-315-fliese-15x15x2-cm-natuerlicher-lehm\/#primaryimage","url":"https:\/\/terracotadoalgarve.com\/wp-content\/uploads\/2018\/11\/Ref-315-Ladrilho-15x15x2cm-Barro-Natural-Aresta-viva-2.png","contentUrl":"https:\/\/terracotadoalgarve.com\/wp-content\/uploads\/2018\/11\/Ref-315-Ladrilho-15x15x2cm-Barro-Natural-Aresta-viva-2.png","width":700,"height":525,"caption":"Ref 315 Ladrilho 15x15x2cm Barro Natural Aresta viva 2"},{"@type":"BreadcrumbList","@id":"https:\/\/terracotadoalgarve.com\/nl\/produto\/ref-315-fliese-15x15x2-cm-natuerlicher-lehm\/#breadcrumb","itemListElement":[{"@type":"ListItem","position":1,"name":"Home","item":"https:\/\/terracotadoalgarve.com\/nl\/"},{"@type":"ListItem","position":2,"name":"Producten","item":"https:\/\/terracotadoalgarve.com\/nl\/shop\/"},{"@type":"ListItem","position":3,"name":"Ref 315 Fliese 15x15x2 cm, Nat\u00fcrlicher Lehm"}]},{"@type":"WebSite","@id":"https:\/\/terracotadoalgarve.com\/nl\/#website","url":"https:\/\/terracotadoalgarve.com\/nl\/","name":"Terracota do Algarve","description":"Terracota tiles, Hydraulic cement tiles, Glazed tiles","potentialAction":[{"@type":"SearchAction","target":{"@type":"EntryPoint","urlTemplate":"https:\/\/terracotadoalgarve.com\/nl\/?s={search_term_string}"},"query-input":{"@type":"PropertyValueSpecification","valueRequired":true,"valueName":"search_term_string"}}],"inLanguage":"nl-NL"}]}},"_links":{"self":[{"href":"https:\/\/terracotadoalgarve.com\/nl\/wp-json\/wp\/v2\/product\/16700","targetHints":{"allow":["GET"]}}],"collection":[{"href":"https:\/\/terracotadoalgarve.com\/nl\/wp-json\/wp\/v2\/product"}],"about":[{"href":"https:\/\/terracotadoalgarve.com\/nl\/wp-json\/wp\/v2\/types\/product"}],"replies":[{"embeddable":true,"href":"https:\/\/terracotadoalgarve.com\/nl\/wp-json\/wp\/v2\/comments?post=16700"}],"wp:featuredmedia":[{"embeddable":true,"href":"https:\/\/terracotadoalgarve.com\/nl\/wp-json\/wp\/v2\/media\/25899"}],"wp:attachment":[{"href":"https:\/\/terracotadoalgarve.com\/nl\/wp-json\/wp\/v2\/media?parent=16700"}],"wp:term":[{"taxonomy":"product_brand","embeddable":true,"href":"https:\/\/terracotadoalgarve.com\/nl\/wp-json\/wp\/v2\/product_brand?post=16700"},{"taxonomy":"product_cat","embeddable":true,"href":"https:\/\/terracotadoalgarve.com\/nl\/wp-json\/wp\/v2\/product_cat?post=16700"},{"taxonomy":"product_tag","embeddable":true,"href":"https:\/\/terracotadoalgarve.com\/nl\/wp-json\/wp\/v2\/product_tag?post=16700"}],"curies":[{"name":"wp","href":"https:\/\/api.w.org\/{rel}","templated":true}]}}