{"id":26376,"date":"2021-10-25T16:50:36","date_gmt":"2021-10-25T16:50:36","guid":{"rendered":"https:\/\/terracotadoalgarve.com\/nl\/?page_id=26376"},"modified":"2022-05-09T19:22:14","modified_gmt":"2022-05-09T19:22:14","slug":"voordelen-van-de-hydraulische-mozaiek","status":"publish","type":"page","link":"https:\/\/terracotadoalgarve.com\/nl\/voordelen-van-de-hydraulische-mozaiek\/","title":{"rendered":"Voordelen van de hydraulische moza\u00efek"},"content":{"rendered":"<div class=\"wpb-content-wrapper\"><p>[vc_row el_position=&#8221;first last&#8221;][vc_column width=&#8221;1\/3&#8243;][vc_single_image image=&#8221;26372&#8243; img_size=&#8221;full&#8221;][\/vc_column][vc_column width=&#8221;2\/3&#8243;][vc_column_text el_position=&#8221;first last&#8221;]<\/p>\n<p style=\"text-align: left;\" align=\"center\"><b>Slijtageweerstand:<\/b><\/p>\n<p>Het cement is erg hard en de pigmentlaag is zeer diep (3-4 mm), zo verliezen de tegels niet zijn kwaliteit en decoratieve waarde door de erosie. Volgens deskundigen, deze zijn nog mooier door de jaren heen, omdat het geen druk\u00a0 productie is.<\/p>\n<p><b>Plasticiteit:<\/b><\/p>\n<p>Gemaakt met een basis van een mortel van cement, de hydraulische tegel volgt de vervormingen van de structuur van de beton (ontstaan door veranderingen omstandigheden, zoals dilatatie), en kan dus worden geplaatst zonder voegen. Met het minimum voeg zijn de mozaiek authentieke tapijten op de vloer.<\/p>\n<p><b>Vari\u00ebteit:<\/b><\/p>\n<p>Met moza\u00efek kun je verschillende soorten afwerking creeren (naturel, mat, glanzend, enz.), diverse ontwerpen (klassiek, hedendaags, vegetatie, geometrische, enz..) en diverse combinaties van materialen (hout, cement, gepolijst marmer, enz.)<\/p>\n<p><b>Veelzijdigheid:<\/b><\/p>\n<p>De hydraulische moza\u00efek combineert met andere soorten vloeren zoals hout, terracotta, steen, enz., waardoor tal van originele oplossingen zijn.<\/p>\n<p><b>Hydraulische moza\u00efek\u00a0<\/b><\/p>\n<p><b>Mediterrane tegels geproduceerd op bestelling\u00a0<\/b><\/p>\n<ul>\n<li>Een aantal tekeningen in de catalogus, traditionele en moderne<\/li>\n<li>Een gevarieerd palet van kleuren<\/li>\n<li>Creatie van uitvoeringen op aanvraag<\/li>\n<li>Formaat 10\u00d710 cm, 14\u00d728 cm, 20x20cm, 25\u00d725 cm, 30 x 30 cm- en plinten<\/li>\n<li>kwaliteit gewaarborgd door de methode van traditionele ambacht productie<\/li>\n<li>Levering van 6 tot 8 weken<\/li>\n<li>Aantrekkelijke prijzen<\/li>\n<li>Gladde moza\u00efeken: kleuren in alle formaten geproduceerd<\/li>\n<li>versierde tegels: kleur opties om te combineren met elk versierde model<\/li>\n<li>productie van specifieke kleuren voor speciale projecten (herstel, enz.)<\/li>\n<\/ul>\n<p>&nbsp;<\/p>\n<p><b>De traditionele kleuren, al getest, zorgen voor een maximale garantie voor stabiliteit en duurzaamheid.<\/b>[\/vc_column_text][\/vc_column][\/vc_row]<\/p>\n<\/div>","protected":false},"excerpt":{"rendered":"<p>[vc_row el_position=&#8221;first last&#8221;][vc_column width=&#8221;1\/3&#8243;][vc_single_image image=&#8221;26372&#8243; img_size=&#8221;full&#8221;][\/vc_column][vc_column width=&#8221;2\/3&#8243;][vc_column_text el_position=&#8221;first last&#8221;] Slijtageweerstand: Het cement is erg hard en de pigmentlaag is zeer diep (3-4 mm), zo verliezen de<span class=\"excerpt-hellip\"> [\u2026]<\/span><\/p>\n","protected":false},"author":1,"featured_media":0,"parent":0,"menu_order":0,"comment_status":"closed","ping_status":"closed","template":"","meta":{"footnotes":""},"class_list":["post-26376","page","type-page","status-publish","hentry"],"yoast_head":"<!-- This site is optimized with the Yoast SEO plugin v26.9 - https:\/\/yoast.com\/product\/yoast-seo-wordpress\/ -->\n<title>Voordelen van de hydraulische moza\u00efek - Terracota do Algarve<\/title>\n<meta name=\"robots\" content=\"index, follow, max-snippet:-1, max-image-preview:large, max-video-preview:-1\" \/>\n<link rel=\"canonical\" href=\"https:\/\/terracotadoalgarve.com\/nl\/voordelen-van-de-hydraulische-mozaiek\/\" \/>\n<meta property=\"og:locale\" content=\"nl_NL\" \/>\n<meta property=\"og:type\" content=\"article\" \/>\n<meta property=\"og:title\" content=\"Voordelen van de hydraulische moza\u00efek - Terracota do Algarve\" \/>\n<meta property=\"og:description\" content=\"[vc_row el_position=&#8221;first last&#8221;][vc_column width=&#8221;1\/3&#8243;][vc_single_image image=&#8221;26372&#8243; img_size=&#8221;full&#8221;][\/vc_column][vc_column width=&#8221;2\/3&#8243;][vc_column_text el_position=&#8221;first last&#8221;] Slijtageweerstand: Het cement is erg hard en de pigmentlaag is zeer diep (3-4 mm), zo verliezen de [\u2026]\" \/>\n<meta property=\"og:url\" content=\"https:\/\/terracotadoalgarve.com\/nl\/voordelen-van-de-hydraulische-mozaiek\/\" \/>\n<meta property=\"og:site_name\" content=\"Terracota do Algarve\" \/>\n<meta property=\"article:modified_time\" content=\"2022-05-09T19:22:14+00:00\" \/>\n<meta name=\"twitter:card\" content=\"summary_large_image\" \/>\n<meta name=\"twitter:label1\" content=\"Geschatte leestijd\" \/>\n\t<meta name=\"twitter:data1\" content=\"1 minuut\" \/>\n<script type=\"application\/ld+json\" class=\"yoast-schema-graph\">{\"@context\":\"https:\/\/schema.org\",\"@graph\":[{\"@type\":\"WebPage\",\"@id\":\"https:\/\/terracotadoalgarve.com\/nl\/voordelen-van-de-hydraulische-mozaiek\/\",\"url\":\"https:\/\/terracotadoalgarve.com\/nl\/voordelen-van-de-hydraulische-mozaiek\/\",\"name\":\"Voordelen van de hydraulische moza\u00efek - Terracota do Algarve\",\"isPartOf\":{\"@id\":\"https:\/\/terracotadoalgarve.com\/nl\/#website\"},\"datePublished\":\"2021-10-25T16:50:36+00:00\",\"dateModified\":\"2022-05-09T19:22:14+00:00\",\"breadcrumb\":{\"@id\":\"https:\/\/terracotadoalgarve.com\/nl\/voordelen-van-de-hydraulische-mozaiek\/#breadcrumb\"},\"inLanguage\":\"nl-NL\",\"potentialAction\":[{\"@type\":\"ReadAction\",\"target\":[\"https:\/\/terracotadoalgarve.com\/nl\/voordelen-van-de-hydraulische-mozaiek\/\"]}]},{\"@type\":\"BreadcrumbList\",\"@id\":\"https:\/\/terracotadoalgarve.com\/nl\/voordelen-van-de-hydraulische-mozaiek\/#breadcrumb\",\"itemListElement\":[{\"@type\":\"ListItem\",\"position\":1,\"name\":\"Home\",\"item\":\"https:\/\/terracotadoalgarve.com\/nl\/\"},{\"@type\":\"ListItem\",\"position\":2,\"name\":\"Voordelen van de hydraulische moza\u00efek\"}]},{\"@type\":\"WebSite\",\"@id\":\"https:\/\/terracotadoalgarve.com\/nl\/#website\",\"url\":\"https:\/\/terracotadoalgarve.com\/nl\/\",\"name\":\"Terracota do Algarve\",\"description\":\"Terracota tiles, Hydraulic cement tiles, Glazed tiles\",\"potentialAction\":[{\"@type\":\"SearchAction\",\"target\":{\"@type\":\"EntryPoint\",\"urlTemplate\":\"https:\/\/terracotadoalgarve.com\/nl\/?s={search_term_string}\"},\"query-input\":{\"@type\":\"PropertyValueSpecification\",\"valueRequired\":true,\"valueName\":\"search_term_string\"}}],\"inLanguage\":\"nl-NL\"}]}<\/script>\n<!-- \/ Yoast SEO plugin. -->","yoast_head_json":{"title":"Voordelen van de hydraulische moza\u00efek - Terracota do Algarve","robots":{"index":"index","follow":"follow","max-snippet":"max-snippet:-1","max-image-preview":"max-image-preview:large","max-video-preview":"max-video-preview:-1"},"canonical":"https:\/\/terracotadoalgarve.com\/nl\/voordelen-van-de-hydraulische-mozaiek\/","og_locale":"nl_NL","og_type":"article","og_title":"Voordelen van de hydraulische moza\u00efek - Terracota do Algarve","og_description":"[vc_row el_position=&#8221;first last&#8221;][vc_column width=&#8221;1\/3&#8243;][vc_single_image image=&#8221;26372&#8243; img_size=&#8221;full&#8221;][\/vc_column][vc_column width=&#8221;2\/3&#8243;][vc_column_text el_position=&#8221;first last&#8221;] Slijtageweerstand: Het cement is erg hard en de pigmentlaag is zeer diep (3-4 mm), zo verliezen de [\u2026]","og_url":"https:\/\/terracotadoalgarve.com\/nl\/voordelen-van-de-hydraulische-mozaiek\/","og_site_name":"Terracota do Algarve","article_modified_time":"2022-05-09T19:22:14+00:00","twitter_card":"summary_large_image","twitter_misc":{"Geschatte leestijd":"1 minuut"},"schema":{"@context":"https:\/\/schema.org","@graph":[{"@type":"WebPage","@id":"https:\/\/terracotadoalgarve.com\/nl\/voordelen-van-de-hydraulische-mozaiek\/","url":"https:\/\/terracotadoalgarve.com\/nl\/voordelen-van-de-hydraulische-mozaiek\/","name":"Voordelen van de hydraulische moza\u00efek - Terracota do Algarve","isPartOf":{"@id":"https:\/\/terracotadoalgarve.com\/nl\/#website"},"datePublished":"2021-10-25T16:50:36+00:00","dateModified":"2022-05-09T19:22:14+00:00","breadcrumb":{"@id":"https:\/\/terracotadoalgarve.com\/nl\/voordelen-van-de-hydraulische-mozaiek\/#breadcrumb"},"inLanguage":"nl-NL","potentialAction":[{"@type":"ReadAction","target":["https:\/\/terracotadoalgarve.com\/nl\/voordelen-van-de-hydraulische-mozaiek\/"]}]},{"@type":"BreadcrumbList","@id":"https:\/\/terracotadoalgarve.com\/nl\/voordelen-van-de-hydraulische-mozaiek\/#breadcrumb","itemListElement":[{"@type":"ListItem","position":1,"name":"Home","item":"https:\/\/terracotadoalgarve.com\/nl\/"},{"@type":"ListItem","position":2,"name":"Voordelen van de hydraulische moza\u00efek"}]},{"@type":"WebSite","@id":"https:\/\/terracotadoalgarve.com\/nl\/#website","url":"https:\/\/terracotadoalgarve.com\/nl\/","name":"Terracota do Algarve","description":"Terracota tiles, Hydraulic cement tiles, Glazed tiles","potentialAction":[{"@type":"SearchAction","target":{"@type":"EntryPoint","urlTemplate":"https:\/\/terracotadoalgarve.com\/nl\/?s={search_term_string}"},"query-input":{"@type":"PropertyValueSpecification","valueRequired":true,"valueName":"search_term_string"}}],"inLanguage":"nl-NL"}]}},"_links":{"self":[{"href":"https:\/\/terracotadoalgarve.com\/nl\/wp-json\/wp\/v2\/pages\/26376","targetHints":{"allow":["GET"]}}],"collection":[{"href":"https:\/\/terracotadoalgarve.com\/nl\/wp-json\/wp\/v2\/pages"}],"about":[{"href":"https:\/\/terracotadoalgarve.com\/nl\/wp-json\/wp\/v2\/types\/page"}],"author":[{"embeddable":true,"href":"https:\/\/terracotadoalgarve.com\/nl\/wp-json\/wp\/v2\/users\/1"}],"replies":[{"embeddable":true,"href":"https:\/\/terracotadoalgarve.com\/nl\/wp-json\/wp\/v2\/comments?post=26376"}],"version-history":[{"count":0,"href":"https:\/\/terracotadoalgarve.com\/nl\/wp-json\/wp\/v2\/pages\/26376\/revisions"}],"wp:attachment":[{"href":"https:\/\/terracotadoalgarve.com\/nl\/wp-json\/wp\/v2\/media?parent=26376"}],"curies":[{"name":"wp","href":"https:\/\/api.w.org\/{rel}","templated":true}]}}