{"id":26208,"date":"2021-10-25T07:29:28","date_gmt":"2021-10-25T07:29:28","guid":{"rendered":"https:\/\/terracotadoalgarve.com\/nl\/?page_id=26208"},"modified":"2022-05-09T18:45:44","modified_gmt":"2022-05-09T18:45:44","slug":"voordelen-van-terracotta","status":"publish","type":"page","link":"https:\/\/terracotadoalgarve.com\/nl\/voordelen-van-terracotta\/","title":{"rendered":"Voordelen van Terracotta"},"content":{"rendered":"<div class=\"wpb-content-wrapper\"><p>[vc_row][vc_column width=&#8221;1\/4&#8243;][vc_single_image image=&#8221;26209&#8243; img_size=&#8221;full&#8221;][\/vc_column][vc_column width=&#8221;3\/4&#8243;][vc_column_text]Bij het kiezen van een vloer heeft u vele opties, waaronder het terracotta tegels of de handgemaakte klei tegel. Verschillende factoren onderscheiden de\u00a0 terracotta vloer van de andere tegels, en hoewel het visuele effect, decoratieve resultaat is waar de meeste consumenten rekening mee houden de waarheid is dat de Terracotta een groot aantal voordelen heeft.<\/p>\n<p>De zogenaamde tegel is zeer veelzijdig en kan gebruikt worden zowel op terrassen en in woonkamers, slaapkamers, keukens, badkamers, elke kamer in uw huis. Het kan ook worden gecombineerd met hout, steen of andere materialen. Tot slot u fantasie heeft geen limiet.<\/p>\n<p>Hier zijn enkele voordelen van het gebruik:<\/p>\n<ul>\n<li>\n<h3>EENVOUDIG ONDERHOUD<\/h3>\n<\/li>\n<\/ul>\n<p>Eenmaal aangebracht en behandeld, de terracotta tegels vereist geen speciaal onderhoud, want het is waterdicht, zodat u gemakkelijk schoon kunt maken.<\/p>\n<ul>\n<li>\n<h3>VEELZIJDIGHEID<\/h3>\n<\/li>\n<\/ul>\n<p>De terracotta kan overal worden toegepast in het huis, of winkel, als\u00a0 vloer maar ook als wandbekleding, plafonds, werkbladen, muren, pilaren, als u maar de fantasie en creativiteit heeft.<\/p>\n<ul>\n<li>\n<h3>ORIGINALITEIT<\/h3>\n<\/li>\n<\/ul>\n<p>Als gevolg van het productieproces en het bakken, volledig met de hand, de tegels verschillen in kleurtoon en in afwerking, het cre\u00ebrt\u00a0 een zeer aangename vloer of als andere toepassing. Geen twee terracotta tegels zijn precies gelijk. Waardoor het nog niet mogelijk is om een industrieel product te creeren die deze materiaal kan innemen.<\/p>\n<ul>\n<li>\n<h3>DUURZAAMHEID EN WEERSTAND<\/h3>\n<\/li>\n<\/ul>\n<p>De oude Romeinen wisten al de voordelen van de terracotta klei in termen van duurzaamheid en deze eigenschap is niet verloren in de geschiedenis. De Terracotta is resistent tegen zonlicht, waardoor de kleur niet veranderd door de jaren heen, zelfs op plaatsen met een grote blootstelling aan het zonlicht. Het is resistent tegen schokken en temperatuurveranderingen. De keramische tegels zijn vuurvast waaronder in tegenstelling tot vloerbedekkingen, zoals hout, steen en andere\u00a0 van synthetische oorsprong.<\/p>\n<ul>\n<li>\n<h3>ANTI-SLIP<\/h3>\n<\/li>\n<\/ul>\n<p>Zeer nuttig op hellingen, trappen, in de buurt van een zwembad of op vloeren die\u00a0 worden bezocht door ouderen, kinderen of mensen met een soort van lichamelijke handicap.<\/p>\n<ul>\n<li>\n<h3>FLEXIBILITEIT IN ONTWERP EN MATEN<\/h3>\n<\/li>\n<\/ul>\n<p>Er zijn verschillende maten: 15\u00d715 cm, 20\u00d720 cm, 25\u00d725 cm, 30\u00d730 cm, 30\u00d715 cm, achthoekige, zeshoekige, enz. Het is zelfs mogelijk om andere maten of formaat te bestellen, om een geheel originele vloer te krijgen. Bovendien zijn er eindeloze combinaties die je kunt maken tussen verschillende soorten Terracottas.<\/p>\n<ul>\n<li>\n<h3>FLEXIBILITEIT IN ONTWERP EN MATEN<\/h3>\n<\/li>\n<\/ul>\n<p>Hoewel de keramiek bestendig is, is er nog de kans op beschadiging. Wanneer dit gebeurt, de reparatie is zeer eenvoudig en simpel: gewoon de beschadigde delen verwijderen, schoon maaken en een nieuwe weer terug zetten.\u00a0 Het voorkomt om een hele sector volledig te verwijderen als gevolg van een kleine reparatie zoals in de meeste vloeren. Het is belangrijk om te onthouden dat bij het maken van een nieuwe vloer,moet u\u00a0 paar stukken bewaren als u in de toekomst een reparatie moet doen.<\/p>\n<ul>\n<li>\n<h3>TOEKOMSTIGE INVESTERINGEN<\/h3>\n<\/li>\n<\/ul>\n<p>Hoewel de meeste vloeren, hoe modern ze ook zijn, verouden in termen van esthetiek door de jaren heen, de Terracotta om dat die klassiek en natuurlijke materiaal is\u00a0 blijft tijdloos. Dit is zeer belangrijk omdat het in tegenspraak is met de huidige trend van dalende huizenprijzen.<\/p>\n<ul>\n<li>\n<h3>NATUURLIJKE EN ECOLOGISCHE<\/h3>\n<\/li>\n<\/ul>\n<p>De terracotta tegels wordt gemaakt met een enkele grondstof: klei, natuurlijk en milieuvriendelijk met uitstekende eigenschappen. Tijdens de fabricage is geen vorming van toxische stoffen, zoals in grote fabrieken. Zo heeft u niet het risico van allergie\u00ebn door het gebruiken van deze materialen in de bouw en decoratie van uw huis.<\/p>\n<p>In de loop der millennia het eten werd gekookt en geserveerd in klei containers. Klei wordt ook gebruikt voor medicinale doeleinden en in vele schoonheidsbehandelingen.<\/p>\n<ul>\n<li>\n<h3>UITSTEKENDE THERMISCH GEDRAG<\/h3>\n<\/li>\n<\/ul>\n<p>De terracotta vloer cre\u00ebert lagere temperatuur binnen in het huis, waardoor meer comfort. Het keramische materiaal is geschikt voor vloerverwarming door zijn lage thermische uitzettingsco\u00ebffici\u00ebnt en de hoge warmteoverdrachtscapaciteit waardoor een aanzienlijke energiebesparing en een overeenkomstige besparing op energiefactuur.<\/p>\n<p>Waarom niet zo vloer van dit materiaal in u huis?\u00a0 deze heeft ons hele geschiedenis gevolgd.[\/vc_column_text][\/vc_column][\/vc_row]<\/p>\n<\/div>","protected":false},"excerpt":{"rendered":"<p>[vc_row][vc_column width=&#8221;1\/4&#8243;][vc_single_image image=&#8221;26209&#8243; img_size=&#8221;full&#8221;][\/vc_column][vc_column width=&#8221;3\/4&#8243;][vc_column_text]Bij het kiezen van een vloer heeft u vele opties, waaronder het terracotta tegels of de handgemaakte klei tegel. Verschillende factoren onderscheiden<span class=\"excerpt-hellip\"> [\u2026]<\/span><\/p>\n","protected":false},"author":1,"featured_media":0,"parent":0,"menu_order":0,"comment_status":"closed","ping_status":"closed","template":"","meta":{"footnotes":""},"class_list":["post-26208","page","type-page","status-publish","hentry"],"yoast_head":"<!-- This site is optimized with the Yoast SEO plugin v26.9 - https:\/\/yoast.com\/product\/yoast-seo-wordpress\/ -->\n<title>Voordelen van Terracotta - Terracota do Algarve<\/title>\n<meta name=\"robots\" content=\"index, follow, max-snippet:-1, max-image-preview:large, max-video-preview:-1\" \/>\n<link rel=\"canonical\" href=\"https:\/\/terracotadoalgarve.com\/nl\/voordelen-van-terracotta\/\" \/>\n<meta property=\"og:locale\" content=\"nl_NL\" \/>\n<meta property=\"og:type\" content=\"article\" \/>\n<meta property=\"og:title\" content=\"Voordelen van Terracotta - Terracota do Algarve\" \/>\n<meta property=\"og:description\" content=\"[vc_row][vc_column width=&#8221;1\/4&#8243;][vc_single_image image=&#8221;26209&#8243; img_size=&#8221;full&#8221;][\/vc_column][vc_column width=&#8221;3\/4&#8243;][vc_column_text]Bij het kiezen van een vloer heeft u vele opties, waaronder het terracotta tegels of de handgemaakte klei tegel. Verschillende factoren onderscheiden [\u2026]\" \/>\n<meta property=\"og:url\" content=\"https:\/\/terracotadoalgarve.com\/nl\/voordelen-van-terracotta\/\" \/>\n<meta property=\"og:site_name\" content=\"Terracota do Algarve\" \/>\n<meta property=\"article:modified_time\" content=\"2022-05-09T18:45:44+00:00\" \/>\n<meta name=\"twitter:card\" content=\"summary_large_image\" \/>\n<meta name=\"twitter:label1\" content=\"Geschatte leestijd\" \/>\n\t<meta name=\"twitter:data1\" content=\"3 minuten\" \/>\n<script type=\"application\/ld+json\" class=\"yoast-schema-graph\">{\"@context\":\"https:\/\/schema.org\",\"@graph\":[{\"@type\":\"WebPage\",\"@id\":\"https:\/\/terracotadoalgarve.com\/nl\/voordelen-van-terracotta\/\",\"url\":\"https:\/\/terracotadoalgarve.com\/nl\/voordelen-van-terracotta\/\",\"name\":\"Voordelen van Terracotta - Terracota do Algarve\",\"isPartOf\":{\"@id\":\"https:\/\/terracotadoalgarve.com\/nl\/#website\"},\"datePublished\":\"2021-10-25T07:29:28+00:00\",\"dateModified\":\"2022-05-09T18:45:44+00:00\",\"breadcrumb\":{\"@id\":\"https:\/\/terracotadoalgarve.com\/nl\/voordelen-van-terracotta\/#breadcrumb\"},\"inLanguage\":\"nl-NL\",\"potentialAction\":[{\"@type\":\"ReadAction\",\"target\":[\"https:\/\/terracotadoalgarve.com\/nl\/voordelen-van-terracotta\/\"]}]},{\"@type\":\"BreadcrumbList\",\"@id\":\"https:\/\/terracotadoalgarve.com\/nl\/voordelen-van-terracotta\/#breadcrumb\",\"itemListElement\":[{\"@type\":\"ListItem\",\"position\":1,\"name\":\"Home\",\"item\":\"https:\/\/terracotadoalgarve.com\/nl\/\"},{\"@type\":\"ListItem\",\"position\":2,\"name\":\"Voordelen van Terracotta\"}]},{\"@type\":\"WebSite\",\"@id\":\"https:\/\/terracotadoalgarve.com\/nl\/#website\",\"url\":\"https:\/\/terracotadoalgarve.com\/nl\/\",\"name\":\"Terracota do Algarve\",\"description\":\"Terracota tiles, Hydraulic cement tiles, Glazed tiles\",\"potentialAction\":[{\"@type\":\"SearchAction\",\"target\":{\"@type\":\"EntryPoint\",\"urlTemplate\":\"https:\/\/terracotadoalgarve.com\/nl\/?s={search_term_string}\"},\"query-input\":{\"@type\":\"PropertyValueSpecification\",\"valueRequired\":true,\"valueName\":\"search_term_string\"}}],\"inLanguage\":\"nl-NL\"}]}<\/script>\n<!-- \/ Yoast SEO plugin. -->","yoast_head_json":{"title":"Voordelen van Terracotta - Terracota do Algarve","robots":{"index":"index","follow":"follow","max-snippet":"max-snippet:-1","max-image-preview":"max-image-preview:large","max-video-preview":"max-video-preview:-1"},"canonical":"https:\/\/terracotadoalgarve.com\/nl\/voordelen-van-terracotta\/","og_locale":"nl_NL","og_type":"article","og_title":"Voordelen van Terracotta - Terracota do Algarve","og_description":"[vc_row][vc_column width=&#8221;1\/4&#8243;][vc_single_image image=&#8221;26209&#8243; img_size=&#8221;full&#8221;][\/vc_column][vc_column width=&#8221;3\/4&#8243;][vc_column_text]Bij het kiezen van een vloer heeft u vele opties, waaronder het terracotta tegels of de handgemaakte klei tegel. Verschillende factoren onderscheiden [\u2026]","og_url":"https:\/\/terracotadoalgarve.com\/nl\/voordelen-van-terracotta\/","og_site_name":"Terracota do Algarve","article_modified_time":"2022-05-09T18:45:44+00:00","twitter_card":"summary_large_image","twitter_misc":{"Geschatte leestijd":"3 minuten"},"schema":{"@context":"https:\/\/schema.org","@graph":[{"@type":"WebPage","@id":"https:\/\/terracotadoalgarve.com\/nl\/voordelen-van-terracotta\/","url":"https:\/\/terracotadoalgarve.com\/nl\/voordelen-van-terracotta\/","name":"Voordelen van Terracotta - Terracota do Algarve","isPartOf":{"@id":"https:\/\/terracotadoalgarve.com\/nl\/#website"},"datePublished":"2021-10-25T07:29:28+00:00","dateModified":"2022-05-09T18:45:44+00:00","breadcrumb":{"@id":"https:\/\/terracotadoalgarve.com\/nl\/voordelen-van-terracotta\/#breadcrumb"},"inLanguage":"nl-NL","potentialAction":[{"@type":"ReadAction","target":["https:\/\/terracotadoalgarve.com\/nl\/voordelen-van-terracotta\/"]}]},{"@type":"BreadcrumbList","@id":"https:\/\/terracotadoalgarve.com\/nl\/voordelen-van-terracotta\/#breadcrumb","itemListElement":[{"@type":"ListItem","position":1,"name":"Home","item":"https:\/\/terracotadoalgarve.com\/nl\/"},{"@type":"ListItem","position":2,"name":"Voordelen van Terracotta"}]},{"@type":"WebSite","@id":"https:\/\/terracotadoalgarve.com\/nl\/#website","url":"https:\/\/terracotadoalgarve.com\/nl\/","name":"Terracota do Algarve","description":"Terracota tiles, Hydraulic cement tiles, Glazed tiles","potentialAction":[{"@type":"SearchAction","target":{"@type":"EntryPoint","urlTemplate":"https:\/\/terracotadoalgarve.com\/nl\/?s={search_term_string}"},"query-input":{"@type":"PropertyValueSpecification","valueRequired":true,"valueName":"search_term_string"}}],"inLanguage":"nl-NL"}]}},"_links":{"self":[{"href":"https:\/\/terracotadoalgarve.com\/nl\/wp-json\/wp\/v2\/pages\/26208","targetHints":{"allow":["GET"]}}],"collection":[{"href":"https:\/\/terracotadoalgarve.com\/nl\/wp-json\/wp\/v2\/pages"}],"about":[{"href":"https:\/\/terracotadoalgarve.com\/nl\/wp-json\/wp\/v2\/types\/page"}],"author":[{"embeddable":true,"href":"https:\/\/terracotadoalgarve.com\/nl\/wp-json\/wp\/v2\/users\/1"}],"replies":[{"embeddable":true,"href":"https:\/\/terracotadoalgarve.com\/nl\/wp-json\/wp\/v2\/comments?post=26208"}],"version-history":[{"count":0,"href":"https:\/\/terracotadoalgarve.com\/nl\/wp-json\/wp\/v2\/pages\/26208\/revisions"}],"wp:attachment":[{"href":"https:\/\/terracotadoalgarve.com\/nl\/wp-json\/wp\/v2\/media?parent=26208"}],"curies":[{"name":"wp","href":"https:\/\/api.w.org\/{rel}","templated":true}]}}