{"id":17529,"date":"2018-11-15T09:47:38","date_gmt":"2018-11-15T09:47:38","guid":{"rendered":"http:\/\/terracotadoalgarve.com\/product\/zorkil-m26-detergente-concentrado-ph-neutro\/"},"modified":"2022-06-22T09:22:44","modified_gmt":"2022-06-22T09:22:44","slug":"zorkil-m26-detergente-concentrado-ph-neutro","status":"publish","type":"product","link":"https:\/\/terracotadoalgarve.com\/it\/produto\/zorkil-m26-detergente-concentrado-ph-neutro\/","title":{"rendered":"Zorkil-M26 Detergente Concentrado PH Neutro"},"content":{"rendered":"","protected":false},"excerpt":{"rendered":"<p><strong>Caratteristiche:<\/strong><\/p>\n<p>Detergente neutro concentrato per la pulizia di ogni tipo di superficie, formulato con materie prime altamente biodegradabili, il cui design \u00e8 stato basato su criteri ecologici.<\/p>\n<p>Prodotto sviluppato per la pulizia generale di tutti i tipi di superfici, anche le pi\u00f9 delicate, in tutto ci\u00f2 che riguarda l&#8217;industria alimentare come panetterie, conserviere, hotel in genere, centri commerciali, comunit\u00e0, ecc.<\/p>\n<p>Per la pulizia di pavimenti e rivestimenti in cotto, pietra, mosaico idraulico, ecc.<\/p>\n<ul>\n<li><strong>Presentazione:<\/strong> 1 Lt \/ 5 Lt \/ 10 Lt<\/li>\n<li><strong>fragranze:<\/strong> Arancio e Rose<\/li>\n<\/ul>\n<p><a href=\"https:\/\/terracotadoalgarve.com\/pdf\/Zorkil-M26-ficha-tecnica_PT.pdf\" target=\"_blank\" rel=\"noopener\">Informazioni tecniche<\/a><\/p>\n<div><\/div>\n<div><\/div>\n<div><\/div>\n","protected":false},"featured_media":25215,"comment_status":"closed","ping_status":"closed","template":"","meta":[],"product_brand":[],"product_cat":[42],"product_tag":[],"class_list":{"0":"post-17529","1":"product","2":"type-product","3":"status-publish","4":"has-post-thumbnail","6":"product_cat-prodotti-per-il-tratamento-della-terracotta","8":"first","9":"instock","10":"product-type-simple"},"yoast_head":"<!-- This site is optimized with the Yoast SEO plugin v26.9 - https:\/\/yoast.com\/product\/yoast-seo-wordpress\/ -->\n<title>Zorkil-M26 Detergente Concentrado PH Neutro - Terracota do Algarve<\/title>\n<meta name=\"robots\" content=\"index, follow, max-snippet:-1, max-image-preview:large, max-video-preview:-1\" \/>\n<link rel=\"canonical\" href=\"https:\/\/terracotadoalgarve.com\/it\/produto\/zorkil-m26-detergente-concentrado-ph-neutro\/\" \/>\n<meta property=\"og:locale\" content=\"it_IT\" \/>\n<meta property=\"og:type\" content=\"article\" \/>\n<meta property=\"og:title\" content=\"Zorkil-M26 Detergente Concentrado PH Neutro - Terracota do Algarve\" \/>\n<meta property=\"og:description\" content=\"Caratteristiche:  Detergente neutro concentrato per la pulizia di ogni tipo di superficie, formulato con materie prime altamente biodegradabili, il cui design \u00e8 stato basato su criteri ecologici.  Prodotto sviluppato per la pulizia generale di tutti i tipi di superfici, anche le pi\u00f9 delicate, in tutto ci\u00f2 che riguarda l&#039;industria alimentare come panetterie, conserviere, hotel in genere, centri commerciali, comunit\u00e0, ecc.  Per la pulizia di pavimenti e rivestimenti in cotto, pietra, mosaico idraulico, ecc.   Presentazione: 1 Lt \/ 5 Lt \/ 10 Lt  fragranze: Arancio e Rose  Informazioni tecniche\" \/>\n<meta property=\"og:url\" content=\"https:\/\/terracotadoalgarve.com\/it\/produto\/zorkil-m26-detergente-concentrado-ph-neutro\/\" \/>\n<meta property=\"og:site_name\" content=\"Terracota do Algarve\" \/>\n<meta property=\"article:modified_time\" content=\"2022-06-22T09:22:44+00:00\" \/>\n<meta property=\"og:image\" content=\"https:\/\/terracotadoalgarve.com\/wp-content\/uploads\/2018\/11\/Zorkil-M26_PNG-1.png\" \/>\n\t<meta property=\"og:image:width\" content=\"700\" \/>\n\t<meta property=\"og:image:height\" content=\"525\" \/>\n\t<meta property=\"og:image:type\" content=\"image\/png\" \/>\n<meta name=\"twitter:card\" content=\"summary_large_image\" \/>\n<script type=\"application\/ld+json\" class=\"yoast-schema-graph\">{\"@context\":\"https:\/\/schema.org\",\"@graph\":[{\"@type\":\"WebPage\",\"@id\":\"https:\/\/terracotadoalgarve.com\/it\/produto\/zorkil-m26-detergente-concentrado-ph-neutro\/\",\"url\":\"https:\/\/terracotadoalgarve.com\/it\/produto\/zorkil-m26-detergente-concentrado-ph-neutro\/\",\"name\":\"Zorkil-M26 Detergente Concentrado PH Neutro - Terracota do Algarve\",\"isPartOf\":{\"@id\":\"https:\/\/terracotadoalgarve.com\/it\/#website\"},\"primaryImageOfPage\":{\"@id\":\"https:\/\/terracotadoalgarve.com\/it\/produto\/zorkil-m26-detergente-concentrado-ph-neutro\/#primaryimage\"},\"image\":{\"@id\":\"https:\/\/terracotadoalgarve.com\/it\/produto\/zorkil-m26-detergente-concentrado-ph-neutro\/#primaryimage\"},\"thumbnailUrl\":\"https:\/\/terracotadoalgarve.com\/wp-content\/uploads\/2018\/11\/Zorkil-M26_PNG-1.png\",\"datePublished\":\"2018-11-15T09:47:38+00:00\",\"dateModified\":\"2022-06-22T09:22:44+00:00\",\"breadcrumb\":{\"@id\":\"https:\/\/terracotadoalgarve.com\/it\/produto\/zorkil-m26-detergente-concentrado-ph-neutro\/#breadcrumb\"},\"inLanguage\":\"it-IT\",\"potentialAction\":[{\"@type\":\"ReadAction\",\"target\":[\"https:\/\/terracotadoalgarve.com\/it\/produto\/zorkil-m26-detergente-concentrado-ph-neutro\/\"]}]},{\"@type\":\"ImageObject\",\"inLanguage\":\"it-IT\",\"@id\":\"https:\/\/terracotadoalgarve.com\/it\/produto\/zorkil-m26-detergente-concentrado-ph-neutro\/#primaryimage\",\"url\":\"https:\/\/terracotadoalgarve.com\/wp-content\/uploads\/2018\/11\/Zorkil-M26_PNG-1.png\",\"contentUrl\":\"https:\/\/terracotadoalgarve.com\/wp-content\/uploads\/2018\/11\/Zorkil-M26_PNG-1.png\",\"width\":700,\"height\":525,\"caption\":\"Zorkil M26 PNG 1\"},{\"@type\":\"BreadcrumbList\",\"@id\":\"https:\/\/terracotadoalgarve.com\/it\/produto\/zorkil-m26-detergente-concentrado-ph-neutro\/#breadcrumb\",\"itemListElement\":[{\"@type\":\"ListItem\",\"position\":1,\"name\":\"Home\",\"item\":\"https:\/\/terracotadoalgarve.com\/it\/\"},{\"@type\":\"ListItem\",\"position\":2,\"name\":\"Prodotti\",\"item\":\"https:\/\/terracotadoalgarve.com\/it\/shop\/\"},{\"@type\":\"ListItem\",\"position\":3,\"name\":\"Zorkil-M26 Detergente Concentrado PH Neutro\"}]},{\"@type\":\"WebSite\",\"@id\":\"https:\/\/terracotadoalgarve.com\/it\/#website\",\"url\":\"https:\/\/terracotadoalgarve.com\/it\/\",\"name\":\"Terracota do Algarve\",\"description\":\"Terracota tiles, Hydraulic cement tiles, Glazed tiles\",\"potentialAction\":[{\"@type\":\"SearchAction\",\"target\":{\"@type\":\"EntryPoint\",\"urlTemplate\":\"https:\/\/terracotadoalgarve.com\/it\/?s={search_term_string}\"},\"query-input\":{\"@type\":\"PropertyValueSpecification\",\"valueRequired\":true,\"valueName\":\"search_term_string\"}}],\"inLanguage\":\"it-IT\"}]}<\/script>\n<!-- \/ Yoast SEO plugin. -->","yoast_head_json":{"title":"Zorkil-M26 Detergente Concentrado PH Neutro - Terracota do Algarve","robots":{"index":"index","follow":"follow","max-snippet":"max-snippet:-1","max-image-preview":"max-image-preview:large","max-video-preview":"max-video-preview:-1"},"canonical":"https:\/\/terracotadoalgarve.com\/it\/produto\/zorkil-m26-detergente-concentrado-ph-neutro\/","og_locale":"it_IT","og_type":"article","og_title":"Zorkil-M26 Detergente Concentrado PH Neutro - Terracota do Algarve","og_description":"Caratteristiche:  Detergente neutro concentrato per la pulizia di ogni tipo di superficie, formulato con materie prime altamente biodegradabili, il cui design \u00e8 stato basato su criteri ecologici.  Prodotto sviluppato per la pulizia generale di tutti i tipi di superfici, anche le pi\u00f9 delicate, in tutto ci\u00f2 che riguarda l'industria alimentare come panetterie, conserviere, hotel in genere, centri commerciali, comunit\u00e0, ecc.  Per la pulizia di pavimenti e rivestimenti in cotto, pietra, mosaico idraulico, ecc.   Presentazione: 1 Lt \/ 5 Lt \/ 10 Lt  fragranze: Arancio e Rose  Informazioni tecniche","og_url":"https:\/\/terracotadoalgarve.com\/it\/produto\/zorkil-m26-detergente-concentrado-ph-neutro\/","og_site_name":"Terracota do Algarve","article_modified_time":"2022-06-22T09:22:44+00:00","og_image":[{"width":700,"height":525,"url":"https:\/\/terracotadoalgarve.com\/wp-content\/uploads\/2018\/11\/Zorkil-M26_PNG-1.png","type":"image\/png"}],"twitter_card":"summary_large_image","schema":{"@context":"https:\/\/schema.org","@graph":[{"@type":"WebPage","@id":"https:\/\/terracotadoalgarve.com\/it\/produto\/zorkil-m26-detergente-concentrado-ph-neutro\/","url":"https:\/\/terracotadoalgarve.com\/it\/produto\/zorkil-m26-detergente-concentrado-ph-neutro\/","name":"Zorkil-M26 Detergente Concentrado PH Neutro - Terracota do Algarve","isPartOf":{"@id":"https:\/\/terracotadoalgarve.com\/it\/#website"},"primaryImageOfPage":{"@id":"https:\/\/terracotadoalgarve.com\/it\/produto\/zorkil-m26-detergente-concentrado-ph-neutro\/#primaryimage"},"image":{"@id":"https:\/\/terracotadoalgarve.com\/it\/produto\/zorkil-m26-detergente-concentrado-ph-neutro\/#primaryimage"},"thumbnailUrl":"https:\/\/terracotadoalgarve.com\/wp-content\/uploads\/2018\/11\/Zorkil-M26_PNG-1.png","datePublished":"2018-11-15T09:47:38+00:00","dateModified":"2022-06-22T09:22:44+00:00","breadcrumb":{"@id":"https:\/\/terracotadoalgarve.com\/it\/produto\/zorkil-m26-detergente-concentrado-ph-neutro\/#breadcrumb"},"inLanguage":"it-IT","potentialAction":[{"@type":"ReadAction","target":["https:\/\/terracotadoalgarve.com\/it\/produto\/zorkil-m26-detergente-concentrado-ph-neutro\/"]}]},{"@type":"ImageObject","inLanguage":"it-IT","@id":"https:\/\/terracotadoalgarve.com\/it\/produto\/zorkil-m26-detergente-concentrado-ph-neutro\/#primaryimage","url":"https:\/\/terracotadoalgarve.com\/wp-content\/uploads\/2018\/11\/Zorkil-M26_PNG-1.png","contentUrl":"https:\/\/terracotadoalgarve.com\/wp-content\/uploads\/2018\/11\/Zorkil-M26_PNG-1.png","width":700,"height":525,"caption":"Zorkil M26 PNG 1"},{"@type":"BreadcrumbList","@id":"https:\/\/terracotadoalgarve.com\/it\/produto\/zorkil-m26-detergente-concentrado-ph-neutro\/#breadcrumb","itemListElement":[{"@type":"ListItem","position":1,"name":"Home","item":"https:\/\/terracotadoalgarve.com\/it\/"},{"@type":"ListItem","position":2,"name":"Prodotti","item":"https:\/\/terracotadoalgarve.com\/it\/shop\/"},{"@type":"ListItem","position":3,"name":"Zorkil-M26 Detergente Concentrado PH Neutro"}]},{"@type":"WebSite","@id":"https:\/\/terracotadoalgarve.com\/it\/#website","url":"https:\/\/terracotadoalgarve.com\/it\/","name":"Terracota do Algarve","description":"Terracota tiles, Hydraulic cement tiles, Glazed tiles","potentialAction":[{"@type":"SearchAction","target":{"@type":"EntryPoint","urlTemplate":"https:\/\/terracotadoalgarve.com\/it\/?s={search_term_string}"},"query-input":{"@type":"PropertyValueSpecification","valueRequired":true,"valueName":"search_term_string"}}],"inLanguage":"it-IT"}]}},"_links":{"self":[{"href":"https:\/\/terracotadoalgarve.com\/it\/wp-json\/wp\/v2\/product\/17529","targetHints":{"allow":["GET"]}}],"collection":[{"href":"https:\/\/terracotadoalgarve.com\/it\/wp-json\/wp\/v2\/product"}],"about":[{"href":"https:\/\/terracotadoalgarve.com\/it\/wp-json\/wp\/v2\/types\/product"}],"replies":[{"embeddable":true,"href":"https:\/\/terracotadoalgarve.com\/it\/wp-json\/wp\/v2\/comments?post=17529"}],"wp:featuredmedia":[{"embeddable":true,"href":"https:\/\/terracotadoalgarve.com\/it\/wp-json\/wp\/v2\/media\/25215"}],"wp:attachment":[{"href":"https:\/\/terracotadoalgarve.com\/it\/wp-json\/wp\/v2\/media?parent=17529"}],"wp:term":[{"taxonomy":"product_brand","embeddable":true,"href":"https:\/\/terracotadoalgarve.com\/it\/wp-json\/wp\/v2\/product_brand?post=17529"},{"taxonomy":"product_cat","embeddable":true,"href":"https:\/\/terracotadoalgarve.com\/it\/wp-json\/wp\/v2\/product_cat?post=17529"},{"taxonomy":"product_tag","embeddable":true,"href":"https:\/\/terracotadoalgarve.com\/it\/wp-json\/wp\/v2\/product_tag?post=17529"}],"curies":[{"name":"wp","href":"https:\/\/api.w.org\/{rel}","templated":true}]}}