{"id":17440,"date":"2018-11-15T09:32:57","date_gmt":"2018-11-15T09:32:57","guid":{"rendered":"http:\/\/terracotadoalgarve.com\/product\/refa-407-ladrilho-octogonal-aresta-viva\/"},"modified":"2022-06-14T07:43:32","modified_gmt":"2022-06-14T07:43:32","slug":"rif-407-piastrella-ottogonale-spigolo-vivo","status":"publish","type":"product","link":"https:\/\/terracotadoalgarve.com\/it\/produto\/rif-407-piastrella-ottogonale-spigolo-vivo\/","title":{"rendered":"Rif 407: Piastrella Ottogonale \u2013 Spigolo Vivo"},"content":{"rendered":"","protected":false},"excerpt":{"rendered":"<p>Piastrella con una forma meno comune, rende un pavimento molto bello e originale. Pu\u00f2 essere combinato con terracotta smaltata, pietra, legno o altri materiali, che crea un effetto molto interessante. \u00c8 prodotto nelle seguenti dimensioni:<\/p>\n<p>Rif 407A Piastrella Ottogonale 30\u00d730\u00d72 cm<br \/>\nRif 407B Piastrella Ottogonale 20\u00d720\u00d72 cm<br \/>\nRif 407C Piastrella Ottogonale 15x15x1,5 cm<\/p>\n","protected":false},"featured_media":25915,"comment_status":"closed","ping_status":"closed","template":"","meta":[],"product_brand":[],"product_cat":[35],"product_tag":[],"class_list":{"0":"post-17440","1":"product","2":"type-product","3":"status-publish","4":"has-post-thumbnail","6":"product_cat-pavimenti-in-cotto","8":"first","9":"instock","10":"product-type-simple"},"yoast_head":"<!-- This site is optimized with the Yoast SEO plugin v26.9 - https:\/\/yoast.com\/product\/yoast-seo-wordpress\/ -->\n<title>Rif 407: Piastrella Ottogonale \u2013 Spigolo Vivo - Terracota do Algarve<\/title>\n<meta name=\"robots\" content=\"index, follow, max-snippet:-1, max-image-preview:large, max-video-preview:-1\" \/>\n<link rel=\"canonical\" href=\"https:\/\/terracotadoalgarve.com\/it\/produto\/rif-407-piastrella-ottogonale-spigolo-vivo\/\" \/>\n<meta property=\"og:locale\" content=\"it_IT\" \/>\n<meta property=\"og:type\" content=\"article\" \/>\n<meta property=\"og:title\" content=\"Rif 407: Piastrella Ottogonale \u2013 Spigolo Vivo - Terracota do Algarve\" \/>\n<meta property=\"og:description\" content=\"Piastrella con una forma meno comune, rende un pavimento molto bello e originale. Pu\u00f2 essere combinato con terracotta smaltata, pietra, legno o altri materiali, che crea un effetto molto interessante. \u00c8 prodotto nelle seguenti dimensioni:  Rif 407A Piastrella Ottogonale 30\u00d730\u00d72 cm Rif 407B Piastrella Ottogonale 20\u00d720\u00d72 cm Rif 407C Piastrella Ottogonale 15x15x1,5 cm\" \/>\n<meta property=\"og:url\" content=\"https:\/\/terracotadoalgarve.com\/it\/produto\/rif-407-piastrella-ottogonale-spigolo-vivo\/\" \/>\n<meta property=\"og:site_name\" content=\"Terracota do Algarve\" \/>\n<meta property=\"article:modified_time\" content=\"2022-06-14T07:43:32+00:00\" \/>\n<meta property=\"og:image\" content=\"https:\/\/terracotadoalgarve.com\/wp-content\/uploads\/2018\/11\/Ref-407-ladrilho-octogonal-desenformado-a-areia-2.png\" \/>\n\t<meta property=\"og:image:width\" content=\"700\" \/>\n\t<meta property=\"og:image:height\" content=\"525\" \/>\n\t<meta property=\"og:image:type\" content=\"image\/png\" \/>\n<meta name=\"twitter:card\" content=\"summary_large_image\" \/>\n<script type=\"application\/ld+json\" class=\"yoast-schema-graph\">{\"@context\":\"https:\/\/schema.org\",\"@graph\":[{\"@type\":\"WebPage\",\"@id\":\"https:\/\/terracotadoalgarve.com\/it\/produto\/rif-407-piastrella-ottogonale-spigolo-vivo\/\",\"url\":\"https:\/\/terracotadoalgarve.com\/it\/produto\/rif-407-piastrella-ottogonale-spigolo-vivo\/\",\"name\":\"Rif 407: Piastrella Ottogonale \u2013 Spigolo Vivo - Terracota do Algarve\",\"isPartOf\":{\"@id\":\"https:\/\/terracotadoalgarve.com\/it\/#website\"},\"primaryImageOfPage\":{\"@id\":\"https:\/\/terracotadoalgarve.com\/it\/produto\/rif-407-piastrella-ottogonale-spigolo-vivo\/#primaryimage\"},\"image\":{\"@id\":\"https:\/\/terracotadoalgarve.com\/it\/produto\/rif-407-piastrella-ottogonale-spigolo-vivo\/#primaryimage\"},\"thumbnailUrl\":\"https:\/\/terracotadoalgarve.com\/wp-content\/uploads\/2018\/11\/Ref-407-ladrilho-octogonal-desenformado-a-areia-2.png\",\"datePublished\":\"2018-11-15T09:32:57+00:00\",\"dateModified\":\"2022-06-14T07:43:32+00:00\",\"breadcrumb\":{\"@id\":\"https:\/\/terracotadoalgarve.com\/it\/produto\/rif-407-piastrella-ottogonale-spigolo-vivo\/#breadcrumb\"},\"inLanguage\":\"it-IT\",\"potentialAction\":[{\"@type\":\"ReadAction\",\"target\":[\"https:\/\/terracotadoalgarve.com\/it\/produto\/rif-407-piastrella-ottogonale-spigolo-vivo\/\"]}]},{\"@type\":\"ImageObject\",\"inLanguage\":\"it-IT\",\"@id\":\"https:\/\/terracotadoalgarve.com\/it\/produto\/rif-407-piastrella-ottogonale-spigolo-vivo\/#primaryimage\",\"url\":\"https:\/\/terracotadoalgarve.com\/wp-content\/uploads\/2018\/11\/Ref-407-ladrilho-octogonal-desenformado-a-areia-2.png\",\"contentUrl\":\"https:\/\/terracotadoalgarve.com\/wp-content\/uploads\/2018\/11\/Ref-407-ladrilho-octogonal-desenformado-a-areia-2.png\",\"width\":700,\"height\":525,\"caption\":\"Ref 407 ladrilho octogonal desenformado a areia 2\"},{\"@type\":\"BreadcrumbList\",\"@id\":\"https:\/\/terracotadoalgarve.com\/it\/produto\/rif-407-piastrella-ottogonale-spigolo-vivo\/#breadcrumb\",\"itemListElement\":[{\"@type\":\"ListItem\",\"position\":1,\"name\":\"Home\",\"item\":\"https:\/\/terracotadoalgarve.com\/it\/\"},{\"@type\":\"ListItem\",\"position\":2,\"name\":\"Prodotti\",\"item\":\"https:\/\/terracotadoalgarve.com\/it\/shop\/\"},{\"@type\":\"ListItem\",\"position\":3,\"name\":\"Rif 407: Piastrella Ottogonale \u2013 Spigolo Vivo\"}]},{\"@type\":\"WebSite\",\"@id\":\"https:\/\/terracotadoalgarve.com\/it\/#website\",\"url\":\"https:\/\/terracotadoalgarve.com\/it\/\",\"name\":\"Terracota do Algarve\",\"description\":\"Terracota tiles, Hydraulic cement tiles, Glazed tiles\",\"potentialAction\":[{\"@type\":\"SearchAction\",\"target\":{\"@type\":\"EntryPoint\",\"urlTemplate\":\"https:\/\/terracotadoalgarve.com\/it\/?s={search_term_string}\"},\"query-input\":{\"@type\":\"PropertyValueSpecification\",\"valueRequired\":true,\"valueName\":\"search_term_string\"}}],\"inLanguage\":\"it-IT\"}]}<\/script>\n<!-- \/ Yoast SEO plugin. -->","yoast_head_json":{"title":"Rif 407: Piastrella Ottogonale \u2013 Spigolo Vivo - Terracota do Algarve","robots":{"index":"index","follow":"follow","max-snippet":"max-snippet:-1","max-image-preview":"max-image-preview:large","max-video-preview":"max-video-preview:-1"},"canonical":"https:\/\/terracotadoalgarve.com\/it\/produto\/rif-407-piastrella-ottogonale-spigolo-vivo\/","og_locale":"it_IT","og_type":"article","og_title":"Rif 407: Piastrella Ottogonale \u2013 Spigolo Vivo - Terracota do Algarve","og_description":"Piastrella con una forma meno comune, rende un pavimento molto bello e originale. Pu\u00f2 essere combinato con terracotta smaltata, pietra, legno o altri materiali, che crea un effetto molto interessante. \u00c8 prodotto nelle seguenti dimensioni:  Rif 407A Piastrella Ottogonale 30\u00d730\u00d72 cm Rif 407B Piastrella Ottogonale 20\u00d720\u00d72 cm Rif 407C Piastrella Ottogonale 15x15x1,5 cm","og_url":"https:\/\/terracotadoalgarve.com\/it\/produto\/rif-407-piastrella-ottogonale-spigolo-vivo\/","og_site_name":"Terracota do Algarve","article_modified_time":"2022-06-14T07:43:32+00:00","og_image":[{"width":700,"height":525,"url":"https:\/\/terracotadoalgarve.com\/wp-content\/uploads\/2018\/11\/Ref-407-ladrilho-octogonal-desenformado-a-areia-2.png","type":"image\/png"}],"twitter_card":"summary_large_image","schema":{"@context":"https:\/\/schema.org","@graph":[{"@type":"WebPage","@id":"https:\/\/terracotadoalgarve.com\/it\/produto\/rif-407-piastrella-ottogonale-spigolo-vivo\/","url":"https:\/\/terracotadoalgarve.com\/it\/produto\/rif-407-piastrella-ottogonale-spigolo-vivo\/","name":"Rif 407: Piastrella Ottogonale \u2013 Spigolo Vivo - Terracota do Algarve","isPartOf":{"@id":"https:\/\/terracotadoalgarve.com\/it\/#website"},"primaryImageOfPage":{"@id":"https:\/\/terracotadoalgarve.com\/it\/produto\/rif-407-piastrella-ottogonale-spigolo-vivo\/#primaryimage"},"image":{"@id":"https:\/\/terracotadoalgarve.com\/it\/produto\/rif-407-piastrella-ottogonale-spigolo-vivo\/#primaryimage"},"thumbnailUrl":"https:\/\/terracotadoalgarve.com\/wp-content\/uploads\/2018\/11\/Ref-407-ladrilho-octogonal-desenformado-a-areia-2.png","datePublished":"2018-11-15T09:32:57+00:00","dateModified":"2022-06-14T07:43:32+00:00","breadcrumb":{"@id":"https:\/\/terracotadoalgarve.com\/it\/produto\/rif-407-piastrella-ottogonale-spigolo-vivo\/#breadcrumb"},"inLanguage":"it-IT","potentialAction":[{"@type":"ReadAction","target":["https:\/\/terracotadoalgarve.com\/it\/produto\/rif-407-piastrella-ottogonale-spigolo-vivo\/"]}]},{"@type":"ImageObject","inLanguage":"it-IT","@id":"https:\/\/terracotadoalgarve.com\/it\/produto\/rif-407-piastrella-ottogonale-spigolo-vivo\/#primaryimage","url":"https:\/\/terracotadoalgarve.com\/wp-content\/uploads\/2018\/11\/Ref-407-ladrilho-octogonal-desenformado-a-areia-2.png","contentUrl":"https:\/\/terracotadoalgarve.com\/wp-content\/uploads\/2018\/11\/Ref-407-ladrilho-octogonal-desenformado-a-areia-2.png","width":700,"height":525,"caption":"Ref 407 ladrilho octogonal desenformado a areia 2"},{"@type":"BreadcrumbList","@id":"https:\/\/terracotadoalgarve.com\/it\/produto\/rif-407-piastrella-ottogonale-spigolo-vivo\/#breadcrumb","itemListElement":[{"@type":"ListItem","position":1,"name":"Home","item":"https:\/\/terracotadoalgarve.com\/it\/"},{"@type":"ListItem","position":2,"name":"Prodotti","item":"https:\/\/terracotadoalgarve.com\/it\/shop\/"},{"@type":"ListItem","position":3,"name":"Rif 407: Piastrella Ottogonale \u2013 Spigolo Vivo"}]},{"@type":"WebSite","@id":"https:\/\/terracotadoalgarve.com\/it\/#website","url":"https:\/\/terracotadoalgarve.com\/it\/","name":"Terracota do Algarve","description":"Terracota tiles, Hydraulic cement tiles, Glazed tiles","potentialAction":[{"@type":"SearchAction","target":{"@type":"EntryPoint","urlTemplate":"https:\/\/terracotadoalgarve.com\/it\/?s={search_term_string}"},"query-input":{"@type":"PropertyValueSpecification","valueRequired":true,"valueName":"search_term_string"}}],"inLanguage":"it-IT"}]}},"_links":{"self":[{"href":"https:\/\/terracotadoalgarve.com\/it\/wp-json\/wp\/v2\/product\/17440","targetHints":{"allow":["GET"]}}],"collection":[{"href":"https:\/\/terracotadoalgarve.com\/it\/wp-json\/wp\/v2\/product"}],"about":[{"href":"https:\/\/terracotadoalgarve.com\/it\/wp-json\/wp\/v2\/types\/product"}],"replies":[{"embeddable":true,"href":"https:\/\/terracotadoalgarve.com\/it\/wp-json\/wp\/v2\/comments?post=17440"}],"wp:featuredmedia":[{"embeddable":true,"href":"https:\/\/terracotadoalgarve.com\/it\/wp-json\/wp\/v2\/media\/25915"}],"wp:attachment":[{"href":"https:\/\/terracotadoalgarve.com\/it\/wp-json\/wp\/v2\/media?parent=17440"}],"wp:term":[{"taxonomy":"product_brand","embeddable":true,"href":"https:\/\/terracotadoalgarve.com\/it\/wp-json\/wp\/v2\/product_brand?post=17440"},{"taxonomy":"product_cat","embeddable":true,"href":"https:\/\/terracotadoalgarve.com\/it\/wp-json\/wp\/v2\/product_cat?post=17440"},{"taxonomy":"product_tag","embeddable":true,"href":"https:\/\/terracotadoalgarve.com\/it\/wp-json\/wp\/v2\/product_tag?post=17440"}],"curies":[{"name":"wp","href":"https:\/\/api.w.org\/{rel}","templated":true}]}}