{"id":16672,"date":"2018-11-15T09:46:38","date_gmt":"2018-11-15T09:46:38","guid":{"rendered":"http:\/\/terracotadoalgarve.com\/product\/refa-312-ladrilho-25x25x2-cm-com-riscas\/"},"modified":"2022-06-14T07:04:59","modified_gmt":"2022-06-14T07:04:59","slug":"rif-312-piastrella-25x25x2-cm-con-strisce","status":"publish","type":"product","link":"https:\/\/terracotadoalgarve.com\/it\/produto\/rif-312-piastrella-25x25x2-cm-con-strisce\/","title":{"rendered":"Rif 312: Piastrella 25\u00d725\u00d72 cm con Strisce"},"content":{"rendered":"","protected":false},"excerpt":{"rendered":"<div class=\"woocommerce-product-details__short-description\">\n<p>Questa \u00e8 una dimensione intermedia tra 20\u00d720 e 30\u00d730 Piastrelle di Santa Catarina, con una finitura a strisce fatta a mano con argilla pi\u00f9 leggera. \u00c8 una piastrella meno comune, quindi produciamo solo su ordinazione.<\/p>\n<\/div>\n","protected":false},"featured_media":25895,"comment_status":"closed","ping_status":"closed","template":"","meta":[],"product_brand":[],"product_cat":[35],"product_tag":[],"class_list":{"0":"post-16672","1":"product","2":"type-product","3":"status-publish","4":"has-post-thumbnail","6":"product_cat-pavimenti-in-cotto","8":"first","9":"instock","10":"product-type-simple"},"yoast_head":"<!-- This site is optimized with the Yoast SEO plugin v26.9 - https:\/\/yoast.com\/product\/yoast-seo-wordpress\/ -->\n<title>Rif 312: Piastrella 25\u00d725\u00d72 cm con Strisce - Terracota do Algarve<\/title>\n<meta name=\"robots\" content=\"index, follow, max-snippet:-1, max-image-preview:large, max-video-preview:-1\" \/>\n<link rel=\"canonical\" href=\"https:\/\/terracotadoalgarve.com\/it\/produto\/rif-312-piastrella-25x25x2-cm-con-strisce\/\" \/>\n<meta property=\"og:locale\" content=\"it_IT\" \/>\n<meta property=\"og:type\" content=\"article\" \/>\n<meta property=\"og:title\" content=\"Rif 312: Piastrella 25\u00d725\u00d72 cm con Strisce - Terracota do Algarve\" \/>\n<meta property=\"og:description\" content=\"Questa \u00e8 una dimensione intermedia tra 20\u00d720 e 30\u00d730 Piastrelle di Santa Catarina, con una finitura a strisce fatta a mano con argilla pi\u00f9 leggera. \u00c8 una piastrella meno comune, quindi produciamo solo su ordinazione.\" \/>\n<meta property=\"og:url\" content=\"https:\/\/terracotadoalgarve.com\/it\/produto\/rif-312-piastrella-25x25x2-cm-con-strisce\/\" \/>\n<meta property=\"og:site_name\" content=\"Terracota do Algarve\" \/>\n<meta property=\"article:modified_time\" content=\"2022-06-14T07:04:59+00:00\" \/>\n<meta property=\"og:image\" content=\"https:\/\/terracotadoalgarve.com\/wp-content\/uploads\/2018\/11\/Ref-312-Ladrilho-25x25x2-cm-com-riscas.png\" \/>\n\t<meta property=\"og:image:width\" content=\"700\" \/>\n\t<meta property=\"og:image:height\" content=\"525\" \/>\n\t<meta property=\"og:image:type\" content=\"image\/png\" \/>\n<meta name=\"twitter:card\" content=\"summary_large_image\" \/>\n<script type=\"application\/ld+json\" class=\"yoast-schema-graph\">{\"@context\":\"https:\/\/schema.org\",\"@graph\":[{\"@type\":\"WebPage\",\"@id\":\"https:\/\/terracotadoalgarve.com\/it\/produto\/rif-312-piastrella-25x25x2-cm-con-strisce\/\",\"url\":\"https:\/\/terracotadoalgarve.com\/it\/produto\/rif-312-piastrella-25x25x2-cm-con-strisce\/\",\"name\":\"Rif 312: Piastrella 25\u00d725\u00d72 cm con Strisce - Terracota do Algarve\",\"isPartOf\":{\"@id\":\"https:\/\/terracotadoalgarve.com\/it\/#website\"},\"primaryImageOfPage\":{\"@id\":\"https:\/\/terracotadoalgarve.com\/it\/produto\/rif-312-piastrella-25x25x2-cm-con-strisce\/#primaryimage\"},\"image\":{\"@id\":\"https:\/\/terracotadoalgarve.com\/it\/produto\/rif-312-piastrella-25x25x2-cm-con-strisce\/#primaryimage\"},\"thumbnailUrl\":\"https:\/\/terracotadoalgarve.com\/wp-content\/uploads\/2018\/11\/Ref-312-Ladrilho-25x25x2-cm-com-riscas.png\",\"datePublished\":\"2018-11-15T09:46:38+00:00\",\"dateModified\":\"2022-06-14T07:04:59+00:00\",\"breadcrumb\":{\"@id\":\"https:\/\/terracotadoalgarve.com\/it\/produto\/rif-312-piastrella-25x25x2-cm-con-strisce\/#breadcrumb\"},\"inLanguage\":\"it-IT\",\"potentialAction\":[{\"@type\":\"ReadAction\",\"target\":[\"https:\/\/terracotadoalgarve.com\/it\/produto\/rif-312-piastrella-25x25x2-cm-con-strisce\/\"]}]},{\"@type\":\"ImageObject\",\"inLanguage\":\"it-IT\",\"@id\":\"https:\/\/terracotadoalgarve.com\/it\/produto\/rif-312-piastrella-25x25x2-cm-con-strisce\/#primaryimage\",\"url\":\"https:\/\/terracotadoalgarve.com\/wp-content\/uploads\/2018\/11\/Ref-312-Ladrilho-25x25x2-cm-com-riscas.png\",\"contentUrl\":\"https:\/\/terracotadoalgarve.com\/wp-content\/uploads\/2018\/11\/Ref-312-Ladrilho-25x25x2-cm-com-riscas.png\",\"width\":700,\"height\":525,\"caption\":\"Ref 312 Ladrilho 25x25x2 cm com riscas\"},{\"@type\":\"BreadcrumbList\",\"@id\":\"https:\/\/terracotadoalgarve.com\/it\/produto\/rif-312-piastrella-25x25x2-cm-con-strisce\/#breadcrumb\",\"itemListElement\":[{\"@type\":\"ListItem\",\"position\":1,\"name\":\"Home\",\"item\":\"https:\/\/terracotadoalgarve.com\/it\/\"},{\"@type\":\"ListItem\",\"position\":2,\"name\":\"Prodotti\",\"item\":\"https:\/\/terracotadoalgarve.com\/it\/shop\/\"},{\"@type\":\"ListItem\",\"position\":3,\"name\":\"Rif 312: Piastrella 25\u00d725\u00d72 cm con Strisce\"}]},{\"@type\":\"WebSite\",\"@id\":\"https:\/\/terracotadoalgarve.com\/it\/#website\",\"url\":\"https:\/\/terracotadoalgarve.com\/it\/\",\"name\":\"Terracota do Algarve\",\"description\":\"Terracota tiles, Hydraulic cement tiles, Glazed tiles\",\"potentialAction\":[{\"@type\":\"SearchAction\",\"target\":{\"@type\":\"EntryPoint\",\"urlTemplate\":\"https:\/\/terracotadoalgarve.com\/it\/?s={search_term_string}\"},\"query-input\":{\"@type\":\"PropertyValueSpecification\",\"valueRequired\":true,\"valueName\":\"search_term_string\"}}],\"inLanguage\":\"it-IT\"}]}<\/script>\n<!-- \/ Yoast SEO plugin. -->","yoast_head_json":{"title":"Rif 312: Piastrella 25\u00d725\u00d72 cm con Strisce - Terracota do Algarve","robots":{"index":"index","follow":"follow","max-snippet":"max-snippet:-1","max-image-preview":"max-image-preview:large","max-video-preview":"max-video-preview:-1"},"canonical":"https:\/\/terracotadoalgarve.com\/it\/produto\/rif-312-piastrella-25x25x2-cm-con-strisce\/","og_locale":"it_IT","og_type":"article","og_title":"Rif 312: Piastrella 25\u00d725\u00d72 cm con Strisce - Terracota do Algarve","og_description":"Questa \u00e8 una dimensione intermedia tra 20\u00d720 e 30\u00d730 Piastrelle di Santa Catarina, con una finitura a strisce fatta a mano con argilla pi\u00f9 leggera. \u00c8 una piastrella meno comune, quindi produciamo solo su ordinazione.","og_url":"https:\/\/terracotadoalgarve.com\/it\/produto\/rif-312-piastrella-25x25x2-cm-con-strisce\/","og_site_name":"Terracota do Algarve","article_modified_time":"2022-06-14T07:04:59+00:00","og_image":[{"width":700,"height":525,"url":"https:\/\/terracotadoalgarve.com\/wp-content\/uploads\/2018\/11\/Ref-312-Ladrilho-25x25x2-cm-com-riscas.png","type":"image\/png"}],"twitter_card":"summary_large_image","schema":{"@context":"https:\/\/schema.org","@graph":[{"@type":"WebPage","@id":"https:\/\/terracotadoalgarve.com\/it\/produto\/rif-312-piastrella-25x25x2-cm-con-strisce\/","url":"https:\/\/terracotadoalgarve.com\/it\/produto\/rif-312-piastrella-25x25x2-cm-con-strisce\/","name":"Rif 312: Piastrella 25\u00d725\u00d72 cm con Strisce - Terracota do Algarve","isPartOf":{"@id":"https:\/\/terracotadoalgarve.com\/it\/#website"},"primaryImageOfPage":{"@id":"https:\/\/terracotadoalgarve.com\/it\/produto\/rif-312-piastrella-25x25x2-cm-con-strisce\/#primaryimage"},"image":{"@id":"https:\/\/terracotadoalgarve.com\/it\/produto\/rif-312-piastrella-25x25x2-cm-con-strisce\/#primaryimage"},"thumbnailUrl":"https:\/\/terracotadoalgarve.com\/wp-content\/uploads\/2018\/11\/Ref-312-Ladrilho-25x25x2-cm-com-riscas.png","datePublished":"2018-11-15T09:46:38+00:00","dateModified":"2022-06-14T07:04:59+00:00","breadcrumb":{"@id":"https:\/\/terracotadoalgarve.com\/it\/produto\/rif-312-piastrella-25x25x2-cm-con-strisce\/#breadcrumb"},"inLanguage":"it-IT","potentialAction":[{"@type":"ReadAction","target":["https:\/\/terracotadoalgarve.com\/it\/produto\/rif-312-piastrella-25x25x2-cm-con-strisce\/"]}]},{"@type":"ImageObject","inLanguage":"it-IT","@id":"https:\/\/terracotadoalgarve.com\/it\/produto\/rif-312-piastrella-25x25x2-cm-con-strisce\/#primaryimage","url":"https:\/\/terracotadoalgarve.com\/wp-content\/uploads\/2018\/11\/Ref-312-Ladrilho-25x25x2-cm-com-riscas.png","contentUrl":"https:\/\/terracotadoalgarve.com\/wp-content\/uploads\/2018\/11\/Ref-312-Ladrilho-25x25x2-cm-com-riscas.png","width":700,"height":525,"caption":"Ref 312 Ladrilho 25x25x2 cm com riscas"},{"@type":"BreadcrumbList","@id":"https:\/\/terracotadoalgarve.com\/it\/produto\/rif-312-piastrella-25x25x2-cm-con-strisce\/#breadcrumb","itemListElement":[{"@type":"ListItem","position":1,"name":"Home","item":"https:\/\/terracotadoalgarve.com\/it\/"},{"@type":"ListItem","position":2,"name":"Prodotti","item":"https:\/\/terracotadoalgarve.com\/it\/shop\/"},{"@type":"ListItem","position":3,"name":"Rif 312: Piastrella 25\u00d725\u00d72 cm con Strisce"}]},{"@type":"WebSite","@id":"https:\/\/terracotadoalgarve.com\/it\/#website","url":"https:\/\/terracotadoalgarve.com\/it\/","name":"Terracota do Algarve","description":"Terracota tiles, Hydraulic cement tiles, Glazed tiles","potentialAction":[{"@type":"SearchAction","target":{"@type":"EntryPoint","urlTemplate":"https:\/\/terracotadoalgarve.com\/it\/?s={search_term_string}"},"query-input":{"@type":"PropertyValueSpecification","valueRequired":true,"valueName":"search_term_string"}}],"inLanguage":"it-IT"}]}},"_links":{"self":[{"href":"https:\/\/terracotadoalgarve.com\/it\/wp-json\/wp\/v2\/product\/16672","targetHints":{"allow":["GET"]}}],"collection":[{"href":"https:\/\/terracotadoalgarve.com\/it\/wp-json\/wp\/v2\/product"}],"about":[{"href":"https:\/\/terracotadoalgarve.com\/it\/wp-json\/wp\/v2\/types\/product"}],"replies":[{"embeddable":true,"href":"https:\/\/terracotadoalgarve.com\/it\/wp-json\/wp\/v2\/comments?post=16672"}],"wp:featuredmedia":[{"embeddable":true,"href":"https:\/\/terracotadoalgarve.com\/it\/wp-json\/wp\/v2\/media\/25895"}],"wp:attachment":[{"href":"https:\/\/terracotadoalgarve.com\/it\/wp-json\/wp\/v2\/media?parent=16672"}],"wp:term":[{"taxonomy":"product_brand","embeddable":true,"href":"https:\/\/terracotadoalgarve.com\/it\/wp-json\/wp\/v2\/product_brand?post=16672"},{"taxonomy":"product_cat","embeddable":true,"href":"https:\/\/terracotadoalgarve.com\/it\/wp-json\/wp\/v2\/product_cat?post=16672"},{"taxonomy":"product_tag","embeddable":true,"href":"https:\/\/terracotadoalgarve.com\/it\/wp-json\/wp\/v2\/product_tag?post=16672"}],"curies":[{"name":"wp","href":"https:\/\/api.w.org\/{rel}","templated":true}]}}