{"id":14891,"date":"2018-11-15T09:27:04","date_gmt":"2018-11-15T09:27:04","guid":{"rendered":"http:\/\/terracotadoalgarve.com\/product\/weber-color-flex\/"},"modified":"2022-06-15T10:58:06","modified_gmt":"2022-06-15T10:58:06","slug":"weber-color-flex","status":"publish","type":"product","link":"https:\/\/terracotadoalgarve.com\/it\/produto\/weber-color-flex\/","title":{"rendered":"Weber.color flex"},"content":{"rendered":"","protected":false},"excerpt":{"rendered":"<p><strong>Caratteristiche:<\/strong><\/p>\n<p>Malta colorata con finitura sabbiata per la stuccatura di fughe con larghezza della fuga compresa tra 5 e 20 mm, per pavimenti e rivestimenti interni ed esterni. Stuccatura di fughe con finitura rustica per i seguenti tipi di pavimenti: ceramica, cotto o pietre naturali di ogni tipo in aree private o collettive e in aree ad alto traffico.<\/p>\n<p><strong>Presentazione:<\/strong><\/p>\n<ul>\n<li>Sacco 5 Kg \u2013 Cartone 4\u00d75 Kg (tutti i colori)<br \/>\nSacco da 25 Kg (Bianco, Grigio e Beige Chiaro)<\/li>\n<\/ul>\n<p><strong>Colori:\u00a0<\/strong>Disponibile in 30 colori classici e di tendenza (vedi cartella colori)<\/p>\n<p><strong>Resa:<\/strong> <a href=\"http:\/\/terracotadoalgarve.com\/wp-content\/uploads\/2016\/08\/ficha_tecnica_weber.pdf\" target=\"_blank\" rel=\"noopener\">vedi scheda tecnica<\/a><\/p>\n<p><strong>usi<\/strong><strong>\u00a0<\/strong><\/p>\n<ul>\n<li>Malta colorata con finitura sabbiata per la stuccatura di fughe con larghezza della fuga compresa tra 5 e 20 mm, per pavimenti e rivestimenti interni ed esterni. Stuccatura di fughe con finitura rustica per i seguenti tipi di pavimenti: ceramica, cotto o pietre naturali di ogni tipo in aree private o collettive e in aree ad alto traffico.<\/li>\n<\/ul>\n<p><strong>Composizione:<\/strong><\/p>\n<p>\u2013 Cemento, coadiuvanti organici ed inorganici e pigmenti minerali.<\/p>\n<p><strong>Supporto:<\/strong><\/p>\n<ul>\n<li>Malta cementizia.<\/li>\n<li>Tutti i tipi di ceramica e pietra naturale.<\/li>\n<\/ul>\n<p><strong>Benefici<\/strong><strong> :<\/strong><\/p>\n<ul>\n<li>Resistenza alla compressione <strong>28 giorni: \u2265 17 N\/mm2 (17 MPa)<\/strong><\/li>\n<li>Resistenza alla compressione dopo cicli di gelo-disgelo: <strong>\u2265 17 N\/mm2(17 MPa)<\/strong><\/li>\n<li>Resistenza alla flessione 28 giorni: <strong>\u2265 6,5 N\/mm2 (6,5 MPa)<\/strong><\/li>\n<li>Resistenza alla flessione dopo cicli di gelo-disgelo:<strong> \u2265 6,5 N\/mm2 (6,5 MPa)<\/strong><\/li>\n<li>Resistenza all&#8217;abrasione: <strong>1000 mm3<\/strong><\/li>\n<li>Ridotto assorbimento d&#8217;acqua dopo 30 minuti: <strong>\u2264 2g<\/strong><\/li>\n<li>Ridotto assorbimento d&#8217;acqua dopo 240 minuti: <strong>\u22645g<\/strong><\/li>\n<li>Ritiro libero: <strong>\u22642 mm\/m<\/strong><\/li>\n<li>COD Emissione: <strong>Classe A+<\/strong><\/li>\n<\/ul>\n<p>Os resultados foram obtidos em ensaios realizados em condi\u00e7\u00f5es normalizadas, e podem variar em fun\u00e7\u00e3o das condi\u00e7\u00f5es de aplica\u00e7\u00e3o.<\/p>\n<p><strong>Applicazione<\/strong><\/p>\n<ul>\n<li>Densit\u00e0 apparente della pasta: <strong>1,7 \u2013 1,9<\/strong><\/li>\n<li>Durata della deformazione: <strong>45 \u2013 60 minutos<\/strong><\/li>\n<li>Temperatura di applicazione: <strong>de + 5\u00baC a 30\u00baC<\/strong><\/li>\n<li>Tempo di attesa per l&#8217;uso a pavimento: <strong>24 horas<\/strong><\/li>\n<\/ul>\n<p>Questi tempi possono aumentare a basse temperature e diminuire a temperature pi\u00f9 elevate.<\/p>\n<p><strong>Preparazione e applicazione<\/strong><strong>\u00a0<\/strong><\/p>\n<p><strong>Applicazione del prodotto<\/strong><strong>\u00a0<\/strong><\/p>\n<p><strong>1<\/strong>-Impastare <strong>weber.color flex<\/strong>\u00a0con da 1,0 a 1,5 litri di acqua pulita per confezione da 5 kg fino ad ottenere un impasto omogeneo e senza grumi. Garantire la corretta dispersione del pigmento e l&#8217;omogeneit\u00e0 del colore.<\/p>\n<p><strong>2<\/strong>\u2013 Stuccare le fughe con frattazzo in gomma in diagonale, premendo bene fino a riempire completamente gli spazi liberi. Attendere che la malta perda la lucentezza superficiale (da 30 a 45 minuti circa) prima di pulirla con una spugna leggermente umida.<\/p>\n<p><strong>3<\/strong>\u2013 Effettuare la pulizia finale 24 ore dopo l&#8217;applicazione con un panno asciutto. La malta sar\u00e0 pronta per l&#8217;uso.<\/p>\n<p><strong>Commenti:<\/strong><\/p>\n<ul>\n<li>Quando l&#8217;incollaggio ceramico \u00e8 stato eseguito con malta epossidica, stuccare con <strong>color epoxy<\/strong>;<\/li>\n<li>Per il risanamento di fughe vecchie o degradate, utilizzare color slim;<\/li>\n<li>Non utilizzare acidi forti per pulire il <strong>color flex<\/strong>;<\/li>\n<li>L&#8217;applicazione di <strong>color flex<\/strong> su supporti umidi o in diversi spessori determiner\u00e0 variazioni di colore del giunto;<\/li>\n<li>La stuccatura delle fughe in luoghi con un elevato grado di richiesta chimica deve essere eseguita con resina epossidica colorata;<\/li>\n<li>I giunti di frazionamento o di dilatazione devono essere riempiti con <strong>flex PU<\/strong>.<\/li>\n<\/ul>\n<p><strong>Raccomandazioni<\/strong><strong>\u00a0<\/strong><\/p>\n<ul>\n<li>Non dimenticare di rimuovere i distanziatori dalle fughe prima di iniziare la stuccatura.<\/li>\n<li>Utilizzare solo la quantit\u00e0 di acqua indicata per impastare il prodotto. L&#8217;eccesso di acqua nell&#8217;impasto pu\u00f2 causare macchie nella malta.<\/li>\n<li>Non aggiungere mai acqua ad un prodotto che ha gi\u00e0 iniziato il processo di indurimento.<\/li>\n<li>Differenti spessori di applicazione possono causare lievi differenze di tono della malta.<\/li>\n<li>Non utilizzare acqua in eccesso per la pulizia in quanto pu\u00f2 causare dispersione del pigmento, carbonatazione o deposizione di sali sulla superficie della malta.<\/li>\n<li>Non utilizzare acidi forti per la pulizia.<\/li>\n<\/ul>\n<p><strong>Preparazione del supporto<\/strong><strong>\u00a0<\/strong><\/p>\n<ul>\n<li>Rimuovere la colla cementizia in eccesso dalle fughe prima della stuccatura. Attendere almeno 24-48 ore prima di iniziare a stuccare le fughe.<\/li>\n<li>Assicurarsi che le fughe siano pulite e asciutte, altrimenti si formano macchie di colore.<\/li>\n<li>Quando i pezzi ceramici sono porosi o levigati, \u00e8 necessario proteggerli con il liquido protettivo protettore 060 per evitare l&#8217;impregnazione del pigmento nei micropori del gres levigato.<\/li>\n<li>Effettuare un test preliminare per la verifica.<\/li>\n<li>Garantire uniformit\u00e0 nello spessore di applicazione dei giunti. In questo modo aumenta la durabilit\u00e0 della malta e i colori risultano pi\u00f9 omogenei.<\/li>\n<\/ul>\n<p><strong>Maggiori informazioni<\/strong><\/p>\n<p><strong>Colori<\/strong><strong>\u00a0<\/strong><\/p>\n<ul>\n<li>Disponibile in 30 colori classici e di tendenza (vedi cartella colori)<\/li>\n<\/ul>\n\n","protected":false},"featured_media":25218,"comment_status":"closed","ping_status":"closed","template":"","meta":[],"product_brand":[],"product_cat":[42],"product_tag":[],"class_list":{"0":"post-14891","1":"product","2":"type-product","3":"status-publish","4":"has-post-thumbnail","6":"product_cat-prodotti-per-il-tratamento-della-terracotta","8":"first","9":"instock","10":"product-type-simple"},"yoast_head":"<!-- This site is optimized with the Yoast SEO plugin v26.9 - https:\/\/yoast.com\/product\/yoast-seo-wordpress\/ -->\n<title>Weber.color flex - Terracota do Algarve<\/title>\n<meta name=\"robots\" content=\"index, follow, max-snippet:-1, max-image-preview:large, max-video-preview:-1\" \/>\n<link rel=\"canonical\" href=\"https:\/\/terracotadoalgarve.com\/it\/produto\/weber-color-flex\/\" \/>\n<meta property=\"og:locale\" content=\"it_IT\" \/>\n<meta property=\"og:type\" content=\"article\" \/>\n<meta property=\"og:title\" content=\"Weber.color flex - Terracota do Algarve\" \/>\n<meta property=\"og:description\" content=\"Caratteristiche:  Malta colorata con finitura sabbiata per la stuccatura di fughe con larghezza della fuga compresa tra 5 e 20 mm, per pavimenti e rivestimenti interni ed esterni. Stuccatura di fughe con finitura rustica per i seguenti tipi di pavimenti: ceramica, cotto o pietre naturali di ogni tipo in aree private o collettive e in aree ad alto traffico.  Presentazione:   Sacco 5 Kg \u2013 Cartone 4\u00d75 Kg (tutti i colori) Sacco da 25 Kg (Bianco, Grigio e Beige Chiaro)  Colori:\u00a0Disponibile in 30 colori classici e di tendenza (vedi cartella colori)  Resa: vedi scheda tecnica  usi\u00a0   Malta colorata con finitura sabbiata per la stuccatura di fughe con larghezza della fuga compresa tra 5 e 20 mm, per pavimenti e rivestimenti interni ed esterni. Stuccatura di fughe con finitura rustica per i seguenti tipi di pavimenti: ceramica, cotto o pietre naturali di ogni tipo in aree private o collettive e in aree ad alto traffico.  Composizione:  \u2013 Cemento, coadiuvanti organici ed inorganici e pigmenti minerali.  Supporto:   Malta cementizia.  Tutti i tipi di ceramica e pietra naturale.  Benefici :   Resistenza alla compressione 28 giorni: \u2265 17 N\/mm2 (17 MPa)  Resistenza alla compressione dopo cicli di gelo-disgelo: \u2265 17 N\/mm2(17 MPa)  Resistenza alla flessione 28 giorni: \u2265 6,5 N\/mm2 (6,5 MPa)  Resistenza alla flessione dopo cicli di gelo-disgelo: \u2265 6,5 N\/mm2 (6,5 MPa)  Resistenza all&#039;abrasione: 1000 mm3  Ridotto assorbimento d&#039;acqua dopo 30 minuti: \u2264 2g  Ridotto assorbimento d&#039;acqua dopo 240 minuti: \u22645g  Ritiro libero: \u22642 mm\/m  COD Emissione: Classe A+  Os resultados foram obtidos em ensaios realizados em condi\u00e7\u00f5es normalizadas, e podem variar em fun\u00e7\u00e3o das condi\u00e7\u00f5es de aplica\u00e7\u00e3o.  Applicazione   Densit\u00e0 apparente della pasta: 1,7 \u2013 1,9  Durata della deformazione: 45 \u2013 60 minutos  Temperatura di applicazione: de + 5\u00baC a 30\u00baC  Tempo di attesa per l&#039;uso a pavimento: 24 horas  Questi tempi possono aumentare a basse temperature e diminuire a temperature pi\u00f9 elevate.  Preparazione e applicazione\u00a0  Applicazione del prodotto\u00a0  1-Impastare weber.color flex\u00a0con da 1,0 a 1,5 litri di acqua pulita per confezione da 5 kg fino ad ottenere un impasto omogeneo e senza grumi. Garantire la corretta dispersione del pigmento e l&#039;omogeneit\u00e0 del colore.  2\u2013 Stuccare le fughe con frattazzo in gomma in diagonale, premendo bene fino a riempire completamente gli spazi liberi. Attendere che la malta perda la lucentezza superficiale (da 30 a 45 minuti circa) prima di pulirla con una spugna leggermente umida.  3\u2013 Effettuare la pulizia finale 24 ore dopo l&#039;applicazione con un panno asciutto. La malta sar\u00e0 pronta per l&#039;uso.  Commenti:   Quando l&#039;incollaggio ceramico \u00e8 stato eseguito con malta epossidica, stuccare con color epoxy;  Per il risanamento di fughe vecchie o degradate, utilizzare color slim;  Non utilizzare acidi forti per pulire il color flex;  L&#039;applicazione di color flex su supporti umidi o in diversi spessori determiner\u00e0 variazioni di colore del giunto;  La stuccatura delle fughe in luoghi con un elevato grado di richiesta chimica deve essere eseguita con resina epossidica colorata;  I giunti di frazionamento o di dilatazione devono essere riempiti con flex PU.  Raccomandazioni\u00a0   Non dimenticare di rimuovere i distanziatori dalle fughe prima di iniziare la stuccatura.  Utilizzare solo la quantit\u00e0 di acqua indicata per impastare il prodotto. L&#039;eccesso di acqua nell&#039;impasto pu\u00f2 causare macchie nella malta.  Non aggiungere mai acqua ad un prodotto che ha gi\u00e0 iniziato il processo di indurimento.  Differenti spessori di applicazione possono causare lievi differenze di tono della malta.  Non utilizzare acqua in eccesso per la pulizia in quanto pu\u00f2 causare dispersione del pigmento, carbonatazione o deposizione di sali sulla superficie della malta.  Non utilizzare acidi forti per la pulizia.  Preparazione del supporto\u00a0   Rimuovere la colla cementizia in eccesso dalle fughe prima della stuccatura. Attendere almeno 24-48 ore prima di iniziare a stuccare le fughe.  Assicurarsi che le fughe siano pulite e asciutte, altrimenti si formano macchie di colore.  Quando i pezzi ceramici sono porosi o levigati, \u00e8 necessario proteggerli con il liquido protettivo protettore 060 per evitare l&#039;impregnazione del pigmento nei micropori del gres levigato.  Effettuare un test preliminare per la verifica.  Garantire uniformit\u00e0 nello spessore di applicazione dei giunti. In questo modo aumenta la durabilit\u00e0 della malta e i colori risultano pi\u00f9 omogenei.  Maggiori informazioni  Colori\u00a0   Disponibile in 30 colori classici e di tendenza (vedi cartella colori)\" \/>\n<meta property=\"og:url\" content=\"https:\/\/terracotadoalgarve.com\/it\/produto\/weber-color-flex\/\" \/>\n<meta property=\"og:site_name\" content=\"Terracota do Algarve\" \/>\n<meta property=\"article:modified_time\" content=\"2022-06-15T10:58:06+00:00\" \/>\n<meta property=\"og:image\" content=\"https:\/\/terracotadoalgarve.com\/wp-content\/uploads\/2018\/11\/weber_color_flex-2.png\" \/>\n\t<meta property=\"og:image:width\" content=\"350\" \/>\n\t<meta property=\"og:image:height\" content=\"262\" \/>\n\t<meta property=\"og:image:type\" content=\"image\/png\" \/>\n<meta name=\"twitter:card\" content=\"summary_large_image\" \/>\n<script type=\"application\/ld+json\" class=\"yoast-schema-graph\">{\"@context\":\"https:\/\/schema.org\",\"@graph\":[{\"@type\":\"WebPage\",\"@id\":\"https:\/\/terracotadoalgarve.com\/it\/produto\/weber-color-flex\/\",\"url\":\"https:\/\/terracotadoalgarve.com\/it\/produto\/weber-color-flex\/\",\"name\":\"Weber.color flex - Terracota do Algarve\",\"isPartOf\":{\"@id\":\"https:\/\/terracotadoalgarve.com\/it\/#website\"},\"primaryImageOfPage\":{\"@id\":\"https:\/\/terracotadoalgarve.com\/it\/produto\/weber-color-flex\/#primaryimage\"},\"image\":{\"@id\":\"https:\/\/terracotadoalgarve.com\/it\/produto\/weber-color-flex\/#primaryimage\"},\"thumbnailUrl\":\"https:\/\/terracotadoalgarve.com\/wp-content\/uploads\/2018\/11\/weber_color_flex-2.png\",\"datePublished\":\"2018-11-15T09:27:04+00:00\",\"dateModified\":\"2022-06-15T10:58:06+00:00\",\"breadcrumb\":{\"@id\":\"https:\/\/terracotadoalgarve.com\/it\/produto\/weber-color-flex\/#breadcrumb\"},\"inLanguage\":\"it-IT\",\"potentialAction\":[{\"@type\":\"ReadAction\",\"target\":[\"https:\/\/terracotadoalgarve.com\/it\/produto\/weber-color-flex\/\"]}]},{\"@type\":\"ImageObject\",\"inLanguage\":\"it-IT\",\"@id\":\"https:\/\/terracotadoalgarve.com\/it\/produto\/weber-color-flex\/#primaryimage\",\"url\":\"https:\/\/terracotadoalgarve.com\/wp-content\/uploads\/2018\/11\/weber_color_flex-2.png\",\"contentUrl\":\"https:\/\/terracotadoalgarve.com\/wp-content\/uploads\/2018\/11\/weber_color_flex-2.png\",\"width\":350,\"height\":262,\"caption\":\"weber color flex 2\"},{\"@type\":\"BreadcrumbList\",\"@id\":\"https:\/\/terracotadoalgarve.com\/it\/produto\/weber-color-flex\/#breadcrumb\",\"itemListElement\":[{\"@type\":\"ListItem\",\"position\":1,\"name\":\"Home\",\"item\":\"https:\/\/terracotadoalgarve.com\/it\/\"},{\"@type\":\"ListItem\",\"position\":2,\"name\":\"Prodotti\",\"item\":\"https:\/\/terracotadoalgarve.com\/it\/shop\/\"},{\"@type\":\"ListItem\",\"position\":3,\"name\":\"Weber.color flex\"}]},{\"@type\":\"WebSite\",\"@id\":\"https:\/\/terracotadoalgarve.com\/it\/#website\",\"url\":\"https:\/\/terracotadoalgarve.com\/it\/\",\"name\":\"Terracota do Algarve\",\"description\":\"Terracota tiles, Hydraulic cement tiles, Glazed tiles\",\"potentialAction\":[{\"@type\":\"SearchAction\",\"target\":{\"@type\":\"EntryPoint\",\"urlTemplate\":\"https:\/\/terracotadoalgarve.com\/it\/?s={search_term_string}\"},\"query-input\":{\"@type\":\"PropertyValueSpecification\",\"valueRequired\":true,\"valueName\":\"search_term_string\"}}],\"inLanguage\":\"it-IT\"}]}<\/script>\n<!-- \/ Yoast SEO plugin. -->","yoast_head_json":{"title":"Weber.color flex - Terracota do Algarve","robots":{"index":"index","follow":"follow","max-snippet":"max-snippet:-1","max-image-preview":"max-image-preview:large","max-video-preview":"max-video-preview:-1"},"canonical":"https:\/\/terracotadoalgarve.com\/it\/produto\/weber-color-flex\/","og_locale":"it_IT","og_type":"article","og_title":"Weber.color flex - Terracota do Algarve","og_description":"Caratteristiche:  Malta colorata con finitura sabbiata per la stuccatura di fughe con larghezza della fuga compresa tra 5 e 20 mm, per pavimenti e rivestimenti interni ed esterni. Stuccatura di fughe con finitura rustica per i seguenti tipi di pavimenti: ceramica, cotto o pietre naturali di ogni tipo in aree private o collettive e in aree ad alto traffico.  Presentazione:   Sacco 5 Kg \u2013 Cartone 4\u00d75 Kg (tutti i colori) Sacco da 25 Kg (Bianco, Grigio e Beige Chiaro)  Colori:\u00a0Disponibile in 30 colori classici e di tendenza (vedi cartella colori)  Resa: vedi scheda tecnica  usi\u00a0   Malta colorata con finitura sabbiata per la stuccatura di fughe con larghezza della fuga compresa tra 5 e 20 mm, per pavimenti e rivestimenti interni ed esterni. Stuccatura di fughe con finitura rustica per i seguenti tipi di pavimenti: ceramica, cotto o pietre naturali di ogni tipo in aree private o collettive e in aree ad alto traffico.  Composizione:  \u2013 Cemento, coadiuvanti organici ed inorganici e pigmenti minerali.  Supporto:   Malta cementizia.  Tutti i tipi di ceramica e pietra naturale.  Benefici :   Resistenza alla compressione 28 giorni: \u2265 17 N\/mm2 (17 MPa)  Resistenza alla compressione dopo cicli di gelo-disgelo: \u2265 17 N\/mm2(17 MPa)  Resistenza alla flessione 28 giorni: \u2265 6,5 N\/mm2 (6,5 MPa)  Resistenza alla flessione dopo cicli di gelo-disgelo: \u2265 6,5 N\/mm2 (6,5 MPa)  Resistenza all'abrasione: 1000 mm3  Ridotto assorbimento d'acqua dopo 30 minuti: \u2264 2g  Ridotto assorbimento d'acqua dopo 240 minuti: \u22645g  Ritiro libero: \u22642 mm\/m  COD Emissione: Classe A+  Os resultados foram obtidos em ensaios realizados em condi\u00e7\u00f5es normalizadas, e podem variar em fun\u00e7\u00e3o das condi\u00e7\u00f5es de aplica\u00e7\u00e3o.  Applicazione   Densit\u00e0 apparente della pasta: 1,7 \u2013 1,9  Durata della deformazione: 45 \u2013 60 minutos  Temperatura di applicazione: de + 5\u00baC a 30\u00baC  Tempo di attesa per l'uso a pavimento: 24 horas  Questi tempi possono aumentare a basse temperature e diminuire a temperature pi\u00f9 elevate.  Preparazione e applicazione\u00a0  Applicazione del prodotto\u00a0  1-Impastare weber.color flex\u00a0con da 1,0 a 1,5 litri di acqua pulita per confezione da 5 kg fino ad ottenere un impasto omogeneo e senza grumi. Garantire la corretta dispersione del pigmento e l'omogeneit\u00e0 del colore.  2\u2013 Stuccare le fughe con frattazzo in gomma in diagonale, premendo bene fino a riempire completamente gli spazi liberi. Attendere che la malta perda la lucentezza superficiale (da 30 a 45 minuti circa) prima di pulirla con una spugna leggermente umida.  3\u2013 Effettuare la pulizia finale 24 ore dopo l'applicazione con un panno asciutto. La malta sar\u00e0 pronta per l'uso.  Commenti:   Quando l'incollaggio ceramico \u00e8 stato eseguito con malta epossidica, stuccare con color epoxy;  Per il risanamento di fughe vecchie o degradate, utilizzare color slim;  Non utilizzare acidi forti per pulire il color flex;  L'applicazione di color flex su supporti umidi o in diversi spessori determiner\u00e0 variazioni di colore del giunto;  La stuccatura delle fughe in luoghi con un elevato grado di richiesta chimica deve essere eseguita con resina epossidica colorata;  I giunti di frazionamento o di dilatazione devono essere riempiti con flex PU.  Raccomandazioni\u00a0   Non dimenticare di rimuovere i distanziatori dalle fughe prima di iniziare la stuccatura.  Utilizzare solo la quantit\u00e0 di acqua indicata per impastare il prodotto. L'eccesso di acqua nell'impasto pu\u00f2 causare macchie nella malta.  Non aggiungere mai acqua ad un prodotto che ha gi\u00e0 iniziato il processo di indurimento.  Differenti spessori di applicazione possono causare lievi differenze di tono della malta.  Non utilizzare acqua in eccesso per la pulizia in quanto pu\u00f2 causare dispersione del pigmento, carbonatazione o deposizione di sali sulla superficie della malta.  Non utilizzare acidi forti per la pulizia.  Preparazione del supporto\u00a0   Rimuovere la colla cementizia in eccesso dalle fughe prima della stuccatura. Attendere almeno 24-48 ore prima di iniziare a stuccare le fughe.  Assicurarsi che le fughe siano pulite e asciutte, altrimenti si formano macchie di colore.  Quando i pezzi ceramici sono porosi o levigati, \u00e8 necessario proteggerli con il liquido protettivo protettore 060 per evitare l'impregnazione del pigmento nei micropori del gres levigato.  Effettuare un test preliminare per la verifica.  Garantire uniformit\u00e0 nello spessore di applicazione dei giunti. In questo modo aumenta la durabilit\u00e0 della malta e i colori risultano pi\u00f9 omogenei.  Maggiori informazioni  Colori\u00a0   Disponibile in 30 colori classici e di tendenza (vedi cartella colori)","og_url":"https:\/\/terracotadoalgarve.com\/it\/produto\/weber-color-flex\/","og_site_name":"Terracota do Algarve","article_modified_time":"2022-06-15T10:58:06+00:00","og_image":[{"width":350,"height":262,"url":"https:\/\/terracotadoalgarve.com\/wp-content\/uploads\/2018\/11\/weber_color_flex-2.png","type":"image\/png"}],"twitter_card":"summary_large_image","schema":{"@context":"https:\/\/schema.org","@graph":[{"@type":"WebPage","@id":"https:\/\/terracotadoalgarve.com\/it\/produto\/weber-color-flex\/","url":"https:\/\/terracotadoalgarve.com\/it\/produto\/weber-color-flex\/","name":"Weber.color flex - Terracota do Algarve","isPartOf":{"@id":"https:\/\/terracotadoalgarve.com\/it\/#website"},"primaryImageOfPage":{"@id":"https:\/\/terracotadoalgarve.com\/it\/produto\/weber-color-flex\/#primaryimage"},"image":{"@id":"https:\/\/terracotadoalgarve.com\/it\/produto\/weber-color-flex\/#primaryimage"},"thumbnailUrl":"https:\/\/terracotadoalgarve.com\/wp-content\/uploads\/2018\/11\/weber_color_flex-2.png","datePublished":"2018-11-15T09:27:04+00:00","dateModified":"2022-06-15T10:58:06+00:00","breadcrumb":{"@id":"https:\/\/terracotadoalgarve.com\/it\/produto\/weber-color-flex\/#breadcrumb"},"inLanguage":"it-IT","potentialAction":[{"@type":"ReadAction","target":["https:\/\/terracotadoalgarve.com\/it\/produto\/weber-color-flex\/"]}]},{"@type":"ImageObject","inLanguage":"it-IT","@id":"https:\/\/terracotadoalgarve.com\/it\/produto\/weber-color-flex\/#primaryimage","url":"https:\/\/terracotadoalgarve.com\/wp-content\/uploads\/2018\/11\/weber_color_flex-2.png","contentUrl":"https:\/\/terracotadoalgarve.com\/wp-content\/uploads\/2018\/11\/weber_color_flex-2.png","width":350,"height":262,"caption":"weber color flex 2"},{"@type":"BreadcrumbList","@id":"https:\/\/terracotadoalgarve.com\/it\/produto\/weber-color-flex\/#breadcrumb","itemListElement":[{"@type":"ListItem","position":1,"name":"Home","item":"https:\/\/terracotadoalgarve.com\/it\/"},{"@type":"ListItem","position":2,"name":"Prodotti","item":"https:\/\/terracotadoalgarve.com\/it\/shop\/"},{"@type":"ListItem","position":3,"name":"Weber.color flex"}]},{"@type":"WebSite","@id":"https:\/\/terracotadoalgarve.com\/it\/#website","url":"https:\/\/terracotadoalgarve.com\/it\/","name":"Terracota do Algarve","description":"Terracota tiles, Hydraulic cement tiles, Glazed tiles","potentialAction":[{"@type":"SearchAction","target":{"@type":"EntryPoint","urlTemplate":"https:\/\/terracotadoalgarve.com\/it\/?s={search_term_string}"},"query-input":{"@type":"PropertyValueSpecification","valueRequired":true,"valueName":"search_term_string"}}],"inLanguage":"it-IT"}]}},"_links":{"self":[{"href":"https:\/\/terracotadoalgarve.com\/it\/wp-json\/wp\/v2\/product\/14891","targetHints":{"allow":["GET"]}}],"collection":[{"href":"https:\/\/terracotadoalgarve.com\/it\/wp-json\/wp\/v2\/product"}],"about":[{"href":"https:\/\/terracotadoalgarve.com\/it\/wp-json\/wp\/v2\/types\/product"}],"replies":[{"embeddable":true,"href":"https:\/\/terracotadoalgarve.com\/it\/wp-json\/wp\/v2\/comments?post=14891"}],"wp:featuredmedia":[{"embeddable":true,"href":"https:\/\/terracotadoalgarve.com\/it\/wp-json\/wp\/v2\/media\/25218"}],"wp:attachment":[{"href":"https:\/\/terracotadoalgarve.com\/it\/wp-json\/wp\/v2\/media?parent=14891"}],"wp:term":[{"taxonomy":"product_brand","embeddable":true,"href":"https:\/\/terracotadoalgarve.com\/it\/wp-json\/wp\/v2\/product_brand?post=14891"},{"taxonomy":"product_cat","embeddable":true,"href":"https:\/\/terracotadoalgarve.com\/it\/wp-json\/wp\/v2\/product_cat?post=14891"},{"taxonomy":"product_tag","embeddable":true,"href":"https:\/\/terracotadoalgarve.com\/it\/wp-json\/wp\/v2\/product_tag?post=14891"}],"curies":[{"name":"wp","href":"https:\/\/api.w.org\/{rel}","templated":true}]}}