{"id":26420,"date":"2021-10-25T19:59:49","date_gmt":"2021-10-25T19:59:49","guid":{"rendered":"https:\/\/terracotadoalgarve.com\/it\/?page_id=26420"},"modified":"2022-05-30T10:21:51","modified_gmt":"2022-05-30T10:21:51","slug":"domande-comuni","status":"publish","type":"page","link":"https:\/\/terracotadoalgarve.com\/it\/domande-comuni\/","title":{"rendered":"Domande Comuni"},"content":{"rendered":"<div class=\"wpb-content-wrapper\"><p>[vc_row full_height=&#8221;yes&#8221; columns_placement=&#8221;top&#8221;][vc_column width=&#8221;1\/2&#8243;][vc_toggle title=&#8221;Perch\u00e9 ci sono differenze cos\u00ec nette nei prezzi delle piastrelle? &#8220;]La differenza di prezzo tra la piastrella 20&#215;20 cm e la piastrella 30&#215;15 cm \u00e8 dovuta al fatto che il costo di produzione della piastrella 20&#215;20 cm \u00e8 superiore di circa il 60% rispetto al costo di produzione della piastrella 30&#215;15 cm. Ci\u00f2 \u00e8 dovuto principalmente a quanto segue:<br \/>\n&lt;ul&gt;<br \/>\n&lt;li&gt;Le piastrelle 30&#215;15 cm vengono formate manualmente a coppie in doppi stampi mentre le piastrelle 20&#215;20 cm vengono stampate singolarmente, una ad una. Questo lavoro viene svolto da squadre di due persone, che alla fine della giornata sono in grado di produrre il doppio delle piastrelle 30&#215;15 cm rispetto a 20&#215;20 cm.&lt;\/li&gt;<br \/>\n&lt;li&gt;Durante la fase di essiccazione le piastrelle quadrate 20&#215;20 cm tendono a fessurarsi pi\u00f9 di quelle rettangolari 30&#215;15 cm, il che provoca maggiori perdite.&lt;\/li&gt;<br \/>\n&lt;li&gt;Quando le piastrelle sono cotte in forno, le piastrelle quadrate 20&#215;20 cm subiranno pi\u00f9 perdite delle altre poich\u00e9 alcune di esse si deformano.&lt;\/li&gt;<br \/>\n&lt;\/ul&gt;<br \/>\nPer questi motivi il prezzo della piastrella 20&#215;20 cm \u00e8 sempre superiore al prezzo della piastrella 30&#215;15 cm, sebbene il margine di guadagno sia uguale o addirittura inferiore. Allo stesso modo, piastrelle con altre misure hanno costi di produzione diversi, con la piastrella 30&#215;15 cm che ha i costi di produzione pi\u00f9 bassi.<\/p>\n<p>Nel caso di piastrelle 30&#215;30 cm, 40&#215;40 cm e 50&#215;50 cm il prezzo aumenta a seconda del formato, pi\u00f9 grande \u00e8 la piastrella pi\u00f9 \u00e8 probabile che si deformi e si rompa sia in fase di asciugatura che durante la cottura.[\/vc_toggle][vc_toggle title=&#8221;Come vengono confezionate le piastrelle? &#8220;]Le piastrelle vengono selezionate e posizionate su pallet in modo che non si rompano durante il trasporto. Il pallet viene quindi avvolto in film estensibile per una maggiore protezione.<\/p>\n<p>Quando sono destinate ad altri paesi, le piastrelle vengono poste in cassette di legno di circa 30 m2 ciascuna. Sono disposti in strati con cartone spesso tra ogni strato per proteggere le piastrelle durante il viaggio. Attualmente, le scatole sono state sostituite da staffe angolari poste su tutti i lati dei pallet. Nelle diverse volte che abbiamo venduto fuori dal Portogallo, non ci sono mai stati problemi.[\/vc_toggle][vc_toggle title=&#8221;Qual \u00e8 la differenza tra le piastrelle deformate dalla sabbia e deformate dall&#8217;acqua? &#8220;]Entrambi sono prodotti con la stessa materia prima, cotti nello stesso forno e hanno approssimativamente la stessa tonalit\u00e0 e forza. La principale differenza tra piastrelle deformate dall&#8217;acqua e piastrelle deformate dalla sabbia \u00e8 che le prime hanno bordi leggermente arrotondati mentre le seconde hanno bordi taglienti. Inoltre le piastrelle deformate all&#8217;acqua (chiamate anche \u201cfiletti\u201d) subiscono un processo di selezione pi\u00f9 rigoroso e poich\u00e9 hanno i bordi arrotondati \/ arrotondati, consentono una migliore finitura. Questo tipo di piastrella \u00e8 esclusivo di Terracota do Algarve.[\/vc_toggle][vc_toggle title=&#8221;Perch\u00e9 ci sono differenze colori tra le piastrelle? &#8220;]A causa del nostro processo di lavorazione artigianale e della cottura in forno a legna, ci sono sempre delle differenze di colore tra i vari pezzi, e non \u00e8 possibile ottenere un colore omogeneo. Quindi, sebbene possiamo produrre pavimenti con un colore pi\u00f9 chiaro in generale, ci saranno sempre pi\u00f9 pezzi rosa \/ rossastri. Sono proprio queste sfumature di colori che ci distinguono dalle grandi fabbriche di produzione industriale di massa.<\/p>\n<p>Da segnalare che le varie foto dei nostri prodotti in terracotta manuale trovate sul sito sono state scattate da tempo e con attrezzature diverse, motivo per cui difficilmente traducono il vero colore del prodotto.[\/vc_toggle][vc_toggle title=&#8221;Come reagiscono le piastrelle alle temperature negative? &#8220;]Nei paesi pi\u00f9 freddi, le piastrelle in cotto manuale vengono utilizzate principalmente negli interni. Tutte le nostre piastrelle sono realizzate con lo stesso processo, quindi hanno tutte lo stesso comportamento in relazione al ghiaccio. Per resistere al gelo con ghiaccio inferiore a -5 \u00b0, \u00e8 necessario sigillare le piastrelle dopo la posa. Se le piastrelle non sono sigillate, assorbiranno l&#8217;acqua, l&#8217;acqua potrebbe congelarsi e causare danni.[\/vc_toggle][vc_toggle title=&#8221;La piastrella\/mattone sostiene il passaggio\/il peso dei veicoli? &#8220;]Tutti i nostri pavimenti manuali in cotto possono essere utilizzati sia all&#8217;interno che all&#8217;esterno. Sono abbastanza resistenti da sostenere un&#8217;auto, e per questo \u00e8 importante che le piastrelle siano applicate su una buona base di posa. Si consiglia che questo sottofondo sia un massetto opportunamente regolarizzato e consolidato, che risulti ben asciutto e dove la piastrella dovr\u00e0 essere applicata con collante cementizio.[\/vc_toggle][vc_toggle title=&#8221;Qual \u00e8 la fuga minima consigliata tra le piastrelle? &#8220;]Si consiglia una fuga minima di almeno 3 o 4 mm. Questo perch\u00e9 i nostri pavimenti e rivestimenti sono realizzati a mano e quindi ci sono piccole differenze di dimensione tra i vari pezzi (fino a 2 o 3 mm). Il giunto serve proprio per colmare queste differenze e ottenere una buona finitura. Ci sono per\u00f2 clienti che hanno gi\u00e0 applicato le nostre piastrelle a fughe quasi chiuse (addossate tra loro), ma per questo \u00e8 necessario che il lavoro venga svolto da un bravo capomastro. In ogni caso, si consiglia prima di iniziare a mettere \/ incollare le piastrelle, fare una prova di almeno un metro quadrato con il minimo giunto desiderato per vedere se \u00e8 possibile eseguire il lavoro in questo modo.[\/vc_toggle][vc_toggle title=&#8221;La durata delle piastrelle dipende dal trattamento? &#8220;]La durata delle piastrelle manuali in terracotta non dipende dal trattamento. Ci\u00f2 che \u00e8 essenziale perch\u00e9 durino centinaia di anni o pi\u00f9 \u00e8 la qualit\u00e0 della materia prima utilizzata (l&#8217;argilla) e la buona cottura che garantisce la resistenza della terracotta. \u00c8 inoltre fondamentale che la pulizia quotidiana venga effettuata con detergenti idonei, preferibilmente a PH neutro. Va sempre evitato l&#8217;utilizzo di prodotti abrasivi oa base acida che possono danneggiare la piastrella.[\/vc_toggle][vc_toggle title=&#8221;Le piastrelle devono essere sempre trattate? &#8220;]Le piastrelle non devono essere trattate obbligatoriamente, il trattamento sia interno che esterno viene fatto solo per proteggere le piastrelle dalla comparsa di eventuali macchie di grasso, olio, vino, ecc. Tuttavia, si consiglia il trattamento in cucine, sale da pranzo, vicino ai barbecue, ecc.<\/p>\n<p>Il trattamento pu\u00f2 durare dai 4 agli 8 anni a seconda del prodotto applicato, dell&#8217;intensit\u00e0 e del modo in cui viene utilizzato il pavimento e della frequenza delle pulizie \/ lavaggi.<\/p>\n<p>Da notare che all&#8217;esterno su terrazzi scoperti l&#8217;ideale \u00e8 lasciare le piastrelle al naturale, senza trattamento. Se scegli di fare il trattamento, \u00e8 essenziale che il pavimento sia completamente asciutto in modo che all&#8217;interno non rimanga umidit\u00e0.[\/vc_toggle][vc_toggle title=&#8221;Il cotto pu\u00f2 essere applicato su altri pavimenti e rivestimenti, in particolare superfici vetrate? &#8220;]Normalmente, quando il cotto viene posizionato su un massetto, viene utilizzato il cemento adesivo convenzionale. Se si intende posizionare il cotto su piastrelle o su un altro pavimento \/ rivestimento smaltato, \u00e8 necessario utilizzare una colla speciale. Questo perch\u00e9 la piastrella esistente, soprattutto se smaltata, non permette l&#8217;assorbimento d&#8217;acqua, il che rende pi\u00f9 difficile l&#8217;incollaggio. La colla che consigliamo per queste situazioni \u00e8 &lt;strong&gt;weber.fix premium&lt;\/strong&gt;, che \u00e8 una colla con ottime prestazioni.[\/vc_toggle][\/vc_column][vc_column width=&#8221;1\/2&#8221;][vc_toggle title=&#8221;Qual&#8217;\u00e8 la differenza tra &#8220;Ladrilho&#8220; e &#8220;Tijoleira&#8220;? &#8220;]Quando si tratta di pavimenti e rivestimenti in cotto manuale, &#8220;Ladrilho&#8221; e &#8220;Tijoleira&#8221; sono esattamente la stessa cosa. Il termine pi\u00f9 utilizzato varia a seconda della regione, con zone in cui vengono utilizzate anche le parole \u201cBaldosa\u201d o \u201cMosaico\u201d per designare le tessere di argilla. In Algarve, dove ci troviamo, la parola pi\u00f9 usata rimane ancora \u201cLadrilho\u201d.[\/vc_toggle][vc_toggle title=&#8221;Esistono piastrelle diverse per l&#8217;interno e l&#8217;esterno? &#8220;]Tutte le piastrelle in cotto manuale possono essere utilizzate sia all&#8217;interno che all&#8217;esterno. Solo il tipo di trattamento da applicare successivamente varia a seconda di dove vengono posizionate le piastrelle: esistono prodotti specifici per il trattamento all&#8217;interno e altri per l&#8217;esterno.[\/vc_toggle][vc_toggle title=&#8221;Perch\u00e9 alcune piastrelle si consumano pi\u00f9 velocemente di altre? &#8220;]Questa situazione si verifica talvolta sulle isole e lungo la costa quando non \u00e8 presente un buon isolamento del fondo piastrellato (massetto), consentendo il passaggio di umidit\u00e0 e salnitro che contribuiscono al pi\u00f9 rapido deterioramento del pavimento. Sulle piastrelle possono anche apparire macchie bianche, segno della presenza di umidit\u00e0.<\/p>\n<p>Ci\u00f2 accade talvolta anche con la pietra naturale e altri materiali naturali che, per le loro caratteristiche, finiscono per essere pi\u00f9 vulnerabili.[\/vc_toggle][vc_toggle title=&#8221;Come avviene il trasporto e la consegna degli ordini? &#8220;]Alcuni dei nostri clienti, aziende o privati, trasportano essi stessi il materiale. Ogni volta che il cliente lo richiede, il trasporto e la consegna degli ordini \u00e8 assicurato da corrieri di nostra fiducia. Quando citiamo, possiamo anche fare un preventivo per il trasporto del materiale. Il cliente decide quindi se accettare il preventivo con consegna inclusa o se si tratta del trasporto stesso.[\/vc_toggle][vc_toggle title=&#8221;\u00c8 richiesto un anticipo al momento dell&#8217;ordine? &#8220;]Per alcuni materiali chiediamo un premio \/ anticipo prima di procedere con la produzione. \u00c8 il caso dei mosaici idraulici in cui \u00e8 sempre richiesto un premio con conferma d&#8217;ordine in quanto si tratta di un prodotto che viene realizzato nei colori scelti dal cliente ed \u00e8 destinato solo a quel cliente. Nel caso del cotto manuale, chiediamo solo un anticipo per la produzione di grandi quantit\u00e0 o quando si tratta di una piastrella di diversa dimensione o forma prodotta appositamente per uno specifico cliente.[\/vc_toggle][vc_toggle title=&#8221;Perch\u00e9 i prezzi dei mosaici idraulici variano?&#8221;]I prezzi dei diversi modelli di mosaico idraulico variano a seconda della complessit\u00e0 del modello in questione, che aumenta il costo del lavoro con la produzione. Resta quindi inteso che il mosaico a tinta unita, monocolore, oppure un mosaico a disegno semplice a due colori, ha un prezzo notevolmente inferiore rispetto a un mosaico a motivo pi\u00f9 complesso e con 4 o 5 colori diversi.[\/vc_toggle][vc_toggle title=&#8221;Per quanto riguarda i Mosaici Idraulici, \u00e8 possibile realizzare modelli diversi da quelli presentati nel sito? &#8220;]S\u00ec, \u00e8 possibile realizzare nuovi modelli di mosaici idraulici. Tuttavia, per questo \u00e8 necessario ordinare un nuovo stampo da un artigiano che costa circa 400,00 \u20ac + IVA o poco pi\u00f9 (il prezzo varia a seconda del modello) e impiega circa 30 giorni affinch\u00e9 sia \u200b\u200bpronto. Il tempo di consegna aumenta cos\u00ec da circa 60 a 90 giorni dalla data di conferma dell&#8217;ordine. Inoltre, procediamo con l&#8217;ordine solo dopo il pagamento del 50% del suo valore pi\u00f9 il costo del nuovo stampo. Se il cliente \u00e8 disposto a sostenere questo costo e ad attendere almeno 60 giorni prima che i mosaici siano pronti, \u00e8 possibile produrre quasi tutti i modelli di mosaico.[\/vc_toggle][vc_toggle title=&#8221;Come viene calcolato il prezzo dei mosaici quando si tratta di lavori di patchwork? &#8220;]Il prezzo del Mosaico Idraulico in patchwork, se ordinato dal catalogo, \u00e8 di 150 \u20ac \/ mq + IVA, che corrisponde al prezzo del modello di mosaico pi\u00f9 costoso che abbiamo aumentato del 20%. Se il patchwork viene creato dai resti di mosaici che abbiamo a disposizione, il prezzo \u00e8 di 75,00 \u20ac \/ mq + IVA. Questa differenza di prezzo \u00e8 dovuta alla logistica necessaria per produrre solo pochi mosaici di ogni modello, in vari colori, fino al raggiungimento della quantit\u00e0 desiderata, mentre i resti dei mosaici sono gi\u00e0 in stock.[\/vc_toggle][\/vc_column][\/vc_row]<\/p>\n<\/div>","protected":false},"excerpt":{"rendered":"<p>[vc_row full_height=&#8221;yes&#8221; columns_placement=&#8221;top&#8221;][vc_column width=&#8221;1\/2&#8243;][vc_toggle title=&#8221;Perch\u00e9 ci sono differenze cos\u00ec nette nei prezzi delle piastrelle? &#8220;]La differenza di prezzo tra la piastrella 20&#215;20 cm e la piastrella<span class=\"excerpt-hellip\"> [\u2026]<\/span><\/p>\n","protected":false},"author":1,"featured_media":0,"parent":0,"menu_order":0,"comment_status":"closed","ping_status":"closed","template":"","meta":{"footnotes":""},"class_list":["post-26420","page","type-page","status-publish","hentry"],"yoast_head":"<!-- This site is optimized with the Yoast SEO plugin v26.9 - https:\/\/yoast.com\/product\/yoast-seo-wordpress\/ -->\n<title>Domande Comuni - Terracota do Algarve<\/title>\n<meta name=\"robots\" content=\"index, follow, max-snippet:-1, max-image-preview:large, max-video-preview:-1\" \/>\n<link rel=\"canonical\" href=\"https:\/\/terracotadoalgarve.com\/it\/domande-comuni\/\" \/>\n<meta property=\"og:locale\" content=\"it_IT\" \/>\n<meta property=\"og:type\" content=\"article\" \/>\n<meta property=\"og:title\" content=\"Domande Comuni - Terracota do Algarve\" \/>\n<meta property=\"og:description\" content=\"[vc_row full_height=&#8221;yes&#8221; columns_placement=&#8221;top&#8221;][vc_column width=&#8221;1\/2&#8243;][vc_toggle title=&#8221;Perch\u00e9 ci sono differenze cos\u00ec nette nei prezzi delle piastrelle? &#8220;]La differenza di prezzo tra la piastrella 20&#215;20 cm e la piastrella [\u2026]\" \/>\n<meta property=\"og:url\" content=\"https:\/\/terracotadoalgarve.com\/it\/domande-comuni\/\" \/>\n<meta property=\"og:site_name\" content=\"Terracota do Algarve\" \/>\n<meta property=\"article:modified_time\" content=\"2022-05-30T10:21:51+00:00\" \/>\n<meta name=\"twitter:card\" content=\"summary_large_image\" \/>\n<meta name=\"twitter:label1\" content=\"Tempo di lettura stimato\" \/>\n\t<meta name=\"twitter:data1\" content=\"9 minuti\" \/>\n<script type=\"application\/ld+json\" class=\"yoast-schema-graph\">{\"@context\":\"https:\/\/schema.org\",\"@graph\":[{\"@type\":\"WebPage\",\"@id\":\"https:\/\/terracotadoalgarve.com\/it\/domande-comuni\/\",\"url\":\"https:\/\/terracotadoalgarve.com\/it\/domande-comuni\/\",\"name\":\"Domande Comuni - Terracota do Algarve\",\"isPartOf\":{\"@id\":\"https:\/\/terracotadoalgarve.com\/it\/#website\"},\"datePublished\":\"2021-10-25T19:59:49+00:00\",\"dateModified\":\"2022-05-30T10:21:51+00:00\",\"breadcrumb\":{\"@id\":\"https:\/\/terracotadoalgarve.com\/it\/domande-comuni\/#breadcrumb\"},\"inLanguage\":\"it-IT\",\"potentialAction\":[{\"@type\":\"ReadAction\",\"target\":[\"https:\/\/terracotadoalgarve.com\/it\/domande-comuni\/\"]}]},{\"@type\":\"BreadcrumbList\",\"@id\":\"https:\/\/terracotadoalgarve.com\/it\/domande-comuni\/#breadcrumb\",\"itemListElement\":[{\"@type\":\"ListItem\",\"position\":1,\"name\":\"Home\",\"item\":\"https:\/\/terracotadoalgarve.com\/it\/\"},{\"@type\":\"ListItem\",\"position\":2,\"name\":\"Domande Comuni\"}]},{\"@type\":\"WebSite\",\"@id\":\"https:\/\/terracotadoalgarve.com\/it\/#website\",\"url\":\"https:\/\/terracotadoalgarve.com\/it\/\",\"name\":\"Terracota do Algarve\",\"description\":\"Terracota tiles, Hydraulic cement tiles, Glazed tiles\",\"potentialAction\":[{\"@type\":\"SearchAction\",\"target\":{\"@type\":\"EntryPoint\",\"urlTemplate\":\"https:\/\/terracotadoalgarve.com\/it\/?s={search_term_string}\"},\"query-input\":{\"@type\":\"PropertyValueSpecification\",\"valueRequired\":true,\"valueName\":\"search_term_string\"}}],\"inLanguage\":\"it-IT\"}]}<\/script>\n<!-- \/ Yoast SEO plugin. -->","yoast_head_json":{"title":"Domande Comuni - Terracota do Algarve","robots":{"index":"index","follow":"follow","max-snippet":"max-snippet:-1","max-image-preview":"max-image-preview:large","max-video-preview":"max-video-preview:-1"},"canonical":"https:\/\/terracotadoalgarve.com\/it\/domande-comuni\/","og_locale":"it_IT","og_type":"article","og_title":"Domande Comuni - Terracota do Algarve","og_description":"[vc_row full_height=&#8221;yes&#8221; columns_placement=&#8221;top&#8221;][vc_column width=&#8221;1\/2&#8243;][vc_toggle title=&#8221;Perch\u00e9 ci sono differenze cos\u00ec nette nei prezzi delle piastrelle? &#8220;]La differenza di prezzo tra la piastrella 20&#215;20 cm e la piastrella [\u2026]","og_url":"https:\/\/terracotadoalgarve.com\/it\/domande-comuni\/","og_site_name":"Terracota do Algarve","article_modified_time":"2022-05-30T10:21:51+00:00","twitter_card":"summary_large_image","twitter_misc":{"Tempo di lettura stimato":"9 minuti"},"schema":{"@context":"https:\/\/schema.org","@graph":[{"@type":"WebPage","@id":"https:\/\/terracotadoalgarve.com\/it\/domande-comuni\/","url":"https:\/\/terracotadoalgarve.com\/it\/domande-comuni\/","name":"Domande Comuni - Terracota do Algarve","isPartOf":{"@id":"https:\/\/terracotadoalgarve.com\/it\/#website"},"datePublished":"2021-10-25T19:59:49+00:00","dateModified":"2022-05-30T10:21:51+00:00","breadcrumb":{"@id":"https:\/\/terracotadoalgarve.com\/it\/domande-comuni\/#breadcrumb"},"inLanguage":"it-IT","potentialAction":[{"@type":"ReadAction","target":["https:\/\/terracotadoalgarve.com\/it\/domande-comuni\/"]}]},{"@type":"BreadcrumbList","@id":"https:\/\/terracotadoalgarve.com\/it\/domande-comuni\/#breadcrumb","itemListElement":[{"@type":"ListItem","position":1,"name":"Home","item":"https:\/\/terracotadoalgarve.com\/it\/"},{"@type":"ListItem","position":2,"name":"Domande Comuni"}]},{"@type":"WebSite","@id":"https:\/\/terracotadoalgarve.com\/it\/#website","url":"https:\/\/terracotadoalgarve.com\/it\/","name":"Terracota do Algarve","description":"Terracota tiles, Hydraulic cement tiles, Glazed tiles","potentialAction":[{"@type":"SearchAction","target":{"@type":"EntryPoint","urlTemplate":"https:\/\/terracotadoalgarve.com\/it\/?s={search_term_string}"},"query-input":{"@type":"PropertyValueSpecification","valueRequired":true,"valueName":"search_term_string"}}],"inLanguage":"it-IT"}]}},"_links":{"self":[{"href":"https:\/\/terracotadoalgarve.com\/it\/wp-json\/wp\/v2\/pages\/26420","targetHints":{"allow":["GET"]}}],"collection":[{"href":"https:\/\/terracotadoalgarve.com\/it\/wp-json\/wp\/v2\/pages"}],"about":[{"href":"https:\/\/terracotadoalgarve.com\/it\/wp-json\/wp\/v2\/types\/page"}],"author":[{"embeddable":true,"href":"https:\/\/terracotadoalgarve.com\/it\/wp-json\/wp\/v2\/users\/1"}],"replies":[{"embeddable":true,"href":"https:\/\/terracotadoalgarve.com\/it\/wp-json\/wp\/v2\/comments?post=26420"}],"version-history":[{"count":0,"href":"https:\/\/terracotadoalgarve.com\/it\/wp-json\/wp\/v2\/pages\/26420\/revisions"}],"wp:attachment":[{"href":"https:\/\/terracotadoalgarve.com\/it\/wp-json\/wp\/v2\/media?parent=26420"}],"curies":[{"name":"wp","href":"https:\/\/api.w.org\/{rel}","templated":true}]}}