{"id":26376,"date":"2021-10-25T16:50:36","date_gmt":"2021-10-25T16:50:36","guid":{"rendered":"https:\/\/terracotadoalgarve.com\/it\/?page_id=26376"},"modified":"2022-06-09T20:14:56","modified_gmt":"2022-06-09T20:14:56","slug":"vantaggi-del-mosaico-idraulico","status":"publish","type":"page","link":"https:\/\/terracotadoalgarve.com\/it\/vantaggi-del-mosaico-idraulico\/","title":{"rendered":"Vantaggi del Mosaico Idraulico"},"content":{"rendered":"<div class=\"wpb-content-wrapper\"><p>[vc_row el_position=&#8221;first last&#8221;][vc_column width=&#8221;1\/3&#8243;][vc_single_image image=&#8221;26372&#8243; img_size=&#8221;full&#8221;][\/vc_column][vc_column width=&#8221;2\/3&#8243;][vc_column_text el_position=&#8221;first last&#8221;]<b>Resistente all\u2019usura:<\/b><\/p>\n<p>il cemento \u00e8 molto duro e lo strato pigmentato \u00e8 molto profondo (3-4 mm), cosicch\u00e8 l\u2019erosione non rovina le qualit\u00e0 tecniche e decorative delle piastrelle. Secondo gli esperti, queste diventano ancora pi\u00f9 belle con gli anni grazie alla produzione senza stampa.<\/p>\n<p><b>Plasticit\u00e0:<\/b><\/p>\n<p>prodotti con una base di cemento e malta, i mosaici idraulici seguono le deformazioni della struttura del calcestruzzo (originate dai cambiamenti climatici, come dilatazioni), permettendo di essere posizionati senza giunture. E\u2019 con il minimo spazio di giuntura che si creano autentici design di tappeti sul pavimento.<\/p>\n<p><b>Variet\u00e0:<\/b><\/p>\n<p>i mosaici possono avere diversi tipi di finitura (naturale, opaca, lucida, etc.), molti design (classico, contemporaneo, pianta, geometrico, etc.) e varie combinazioni di materiali (legno, cemento, marmo lucido etc..).<\/p>\n<p><b>Versatilit\u00e0:<\/b><\/p>\n<p>il mosaico idraulico si combina con altri tipi di pavimento \u00a0come legno, terracotta, pietra, etc., dando luogo a numerose soluzioni originali.<\/p>\n<p><b>Mosaico idraulico<\/b><\/p>\n<p><b>Piastrelle mediterranee prodotte su richiesta<\/b><\/p>\n<ul>\n<li>Numerosi design in catalogo, tradizionali e contemporanei<\/li>\n<li>Un\u2019ampia palette di colori<\/li>\n<li>Creazione di design su richiesta<\/li>\n<li>Formati 10\u00d710 cm, 14\u00d728 cm, 20\u00d720 cm, 25\u00d725 cm, 30\u00d730 cm e battiscopa<\/li>\n<li>Qualit\u00e0 assicurata attraverso produzione svolta secondo il metodo artigianale tradizionale<\/li>\n<li>Consegna tra le 6 e le 8 settimane<\/li>\n<li>Prezzi competitivi<\/li>\n<li>Mosaici raffinati: scelta di colore per tutti i formati prodotti<\/li>\n<li>Mosaici decorati: scelta di colore combinabile con qualsiasi fantasia di decoro<\/li>\n<li>Produzione di specifici colori per progetti speciali (ristoranti, etc.)<\/li>\n<\/ul>\n<p><b>I colori tradizionali, gi\u00e0 testati meticolosamente, offrono la massima stabilit\u00e0 e durabilit\u00e0.<\/b>[\/vc_column_text][\/vc_column][\/vc_row]<\/p>\n<\/div>","protected":false},"excerpt":{"rendered":"<p>[vc_row el_position=&#8221;first last&#8221;][vc_column width=&#8221;1\/3&#8243;][vc_single_image image=&#8221;26372&#8243; img_size=&#8221;full&#8221;][\/vc_column][vc_column width=&#8221;2\/3&#8243;][vc_column_text el_position=&#8221;first last&#8221;]Resistente all\u2019usura: il cemento \u00e8 molto duro e lo strato pigmentato \u00e8 molto profondo (3-4 mm), cosicch\u00e8 l\u2019erosione<span class=\"excerpt-hellip\"> [\u2026]<\/span><\/p>\n","protected":false},"author":1,"featured_media":0,"parent":0,"menu_order":0,"comment_status":"closed","ping_status":"closed","template":"","meta":{"footnotes":""},"class_list":["post-26376","page","type-page","status-publish","hentry"],"yoast_head":"<!-- This site is optimized with the Yoast SEO plugin v26.9 - https:\/\/yoast.com\/product\/yoast-seo-wordpress\/ -->\n<title>Vantaggi del Mosaico Idraulico - Terracota do Algarve<\/title>\n<meta name=\"robots\" content=\"index, follow, max-snippet:-1, max-image-preview:large, max-video-preview:-1\" \/>\n<link rel=\"canonical\" href=\"https:\/\/terracotadoalgarve.com\/it\/vantaggi-del-mosaico-idraulico\/\" \/>\n<meta property=\"og:locale\" content=\"it_IT\" \/>\n<meta property=\"og:type\" content=\"article\" \/>\n<meta property=\"og:title\" content=\"Vantaggi del Mosaico Idraulico - Terracota do Algarve\" \/>\n<meta property=\"og:description\" content=\"[vc_row el_position=&#8221;first last&#8221;][vc_column width=&#8221;1\/3&#8243;][vc_single_image image=&#8221;26372&#8243; img_size=&#8221;full&#8221;][\/vc_column][vc_column width=&#8221;2\/3&#8243;][vc_column_text el_position=&#8221;first last&#8221;]Resistente all\u2019usura: il cemento \u00e8 molto duro e lo strato pigmentato \u00e8 molto profondo (3-4 mm), cosicch\u00e8 l\u2019erosione [\u2026]\" \/>\n<meta property=\"og:url\" content=\"https:\/\/terracotadoalgarve.com\/it\/vantaggi-del-mosaico-idraulico\/\" \/>\n<meta property=\"og:site_name\" content=\"Terracota do Algarve\" \/>\n<meta property=\"article:modified_time\" content=\"2022-06-09T20:14:56+00:00\" \/>\n<meta name=\"twitter:card\" content=\"summary_large_image\" \/>\n<meta name=\"twitter:label1\" content=\"Tempo di lettura stimato\" \/>\n\t<meta name=\"twitter:data1\" content=\"1 minuto\" \/>\n<script type=\"application\/ld+json\" class=\"yoast-schema-graph\">{\"@context\":\"https:\/\/schema.org\",\"@graph\":[{\"@type\":\"WebPage\",\"@id\":\"https:\/\/terracotadoalgarve.com\/it\/vantaggi-del-mosaico-idraulico\/\",\"url\":\"https:\/\/terracotadoalgarve.com\/it\/vantaggi-del-mosaico-idraulico\/\",\"name\":\"Vantaggi del Mosaico Idraulico - Terracota do Algarve\",\"isPartOf\":{\"@id\":\"https:\/\/terracotadoalgarve.com\/it\/#website\"},\"datePublished\":\"2021-10-25T16:50:36+00:00\",\"dateModified\":\"2022-06-09T20:14:56+00:00\",\"breadcrumb\":{\"@id\":\"https:\/\/terracotadoalgarve.com\/it\/vantaggi-del-mosaico-idraulico\/#breadcrumb\"},\"inLanguage\":\"it-IT\",\"potentialAction\":[{\"@type\":\"ReadAction\",\"target\":[\"https:\/\/terracotadoalgarve.com\/it\/vantaggi-del-mosaico-idraulico\/\"]}]},{\"@type\":\"BreadcrumbList\",\"@id\":\"https:\/\/terracotadoalgarve.com\/it\/vantaggi-del-mosaico-idraulico\/#breadcrumb\",\"itemListElement\":[{\"@type\":\"ListItem\",\"position\":1,\"name\":\"Home\",\"item\":\"https:\/\/terracotadoalgarve.com\/it\/\"},{\"@type\":\"ListItem\",\"position\":2,\"name\":\"Vantaggi del Mosaico Idraulico\"}]},{\"@type\":\"WebSite\",\"@id\":\"https:\/\/terracotadoalgarve.com\/it\/#website\",\"url\":\"https:\/\/terracotadoalgarve.com\/it\/\",\"name\":\"Terracota do Algarve\",\"description\":\"Terracota tiles, Hydraulic cement tiles, Glazed tiles\",\"potentialAction\":[{\"@type\":\"SearchAction\",\"target\":{\"@type\":\"EntryPoint\",\"urlTemplate\":\"https:\/\/terracotadoalgarve.com\/it\/?s={search_term_string}\"},\"query-input\":{\"@type\":\"PropertyValueSpecification\",\"valueRequired\":true,\"valueName\":\"search_term_string\"}}],\"inLanguage\":\"it-IT\"}]}<\/script>\n<!-- \/ Yoast SEO plugin. -->","yoast_head_json":{"title":"Vantaggi del Mosaico Idraulico - Terracota do Algarve","robots":{"index":"index","follow":"follow","max-snippet":"max-snippet:-1","max-image-preview":"max-image-preview:large","max-video-preview":"max-video-preview:-1"},"canonical":"https:\/\/terracotadoalgarve.com\/it\/vantaggi-del-mosaico-idraulico\/","og_locale":"it_IT","og_type":"article","og_title":"Vantaggi del Mosaico Idraulico - Terracota do Algarve","og_description":"[vc_row el_position=&#8221;first last&#8221;][vc_column width=&#8221;1\/3&#8243;][vc_single_image image=&#8221;26372&#8243; img_size=&#8221;full&#8221;][\/vc_column][vc_column width=&#8221;2\/3&#8243;][vc_column_text el_position=&#8221;first last&#8221;]Resistente all\u2019usura: il cemento \u00e8 molto duro e lo strato pigmentato \u00e8 molto profondo (3-4 mm), cosicch\u00e8 l\u2019erosione [\u2026]","og_url":"https:\/\/terracotadoalgarve.com\/it\/vantaggi-del-mosaico-idraulico\/","og_site_name":"Terracota do Algarve","article_modified_time":"2022-06-09T20:14:56+00:00","twitter_card":"summary_large_image","twitter_misc":{"Tempo di lettura stimato":"1 minuto"},"schema":{"@context":"https:\/\/schema.org","@graph":[{"@type":"WebPage","@id":"https:\/\/terracotadoalgarve.com\/it\/vantaggi-del-mosaico-idraulico\/","url":"https:\/\/terracotadoalgarve.com\/it\/vantaggi-del-mosaico-idraulico\/","name":"Vantaggi del Mosaico Idraulico - Terracota do Algarve","isPartOf":{"@id":"https:\/\/terracotadoalgarve.com\/it\/#website"},"datePublished":"2021-10-25T16:50:36+00:00","dateModified":"2022-06-09T20:14:56+00:00","breadcrumb":{"@id":"https:\/\/terracotadoalgarve.com\/it\/vantaggi-del-mosaico-idraulico\/#breadcrumb"},"inLanguage":"it-IT","potentialAction":[{"@type":"ReadAction","target":["https:\/\/terracotadoalgarve.com\/it\/vantaggi-del-mosaico-idraulico\/"]}]},{"@type":"BreadcrumbList","@id":"https:\/\/terracotadoalgarve.com\/it\/vantaggi-del-mosaico-idraulico\/#breadcrumb","itemListElement":[{"@type":"ListItem","position":1,"name":"Home","item":"https:\/\/terracotadoalgarve.com\/it\/"},{"@type":"ListItem","position":2,"name":"Vantaggi del Mosaico Idraulico"}]},{"@type":"WebSite","@id":"https:\/\/terracotadoalgarve.com\/it\/#website","url":"https:\/\/terracotadoalgarve.com\/it\/","name":"Terracota do Algarve","description":"Terracota tiles, Hydraulic cement tiles, Glazed tiles","potentialAction":[{"@type":"SearchAction","target":{"@type":"EntryPoint","urlTemplate":"https:\/\/terracotadoalgarve.com\/it\/?s={search_term_string}"},"query-input":{"@type":"PropertyValueSpecification","valueRequired":true,"valueName":"search_term_string"}}],"inLanguage":"it-IT"}]}},"_links":{"self":[{"href":"https:\/\/terracotadoalgarve.com\/it\/wp-json\/wp\/v2\/pages\/26376","targetHints":{"allow":["GET"]}}],"collection":[{"href":"https:\/\/terracotadoalgarve.com\/it\/wp-json\/wp\/v2\/pages"}],"about":[{"href":"https:\/\/terracotadoalgarve.com\/it\/wp-json\/wp\/v2\/types\/page"}],"author":[{"embeddable":true,"href":"https:\/\/terracotadoalgarve.com\/it\/wp-json\/wp\/v2\/users\/1"}],"replies":[{"embeddable":true,"href":"https:\/\/terracotadoalgarve.com\/it\/wp-json\/wp\/v2\/comments?post=26376"}],"version-history":[{"count":0,"href":"https:\/\/terracotadoalgarve.com\/it\/wp-json\/wp\/v2\/pages\/26376\/revisions"}],"wp:attachment":[{"href":"https:\/\/terracotadoalgarve.com\/it\/wp-json\/wp\/v2\/media?parent=26376"}],"curies":[{"name":"wp","href":"https:\/\/api.w.org\/{rel}","templated":true}]}}