{"id":26353,"date":"2021-10-25T16:48:23","date_gmt":"2021-10-25T16:48:23","guid":{"rendered":"https:\/\/terracotadoalgarve.com\/it\/?page_id=26353"},"modified":"2022-06-09T20:13:47","modified_gmt":"2022-06-09T20:13:47","slug":"storia-delle-piastrelle-in-cemento","status":"publish","type":"page","link":"https:\/\/terracotadoalgarve.com\/it\/storia-delle-piastrelle-in-cemento\/","title":{"rendered":"Storia delle Piastrelle in Cemento"},"content":{"rendered":"<div class=\"wpb-content-wrapper\"><p>[vc_row][vc_column width=&#8221;1\/3&#8243;][vc_single_image image=&#8221;26354&#8243; img_size=&#8221;full&#8221;][\/vc_column][vc_column width=&#8221;2\/3&#8243;][vc_column_text]Infatti, non \u00e8 possibile produrre instrustrialmente un mosaico\u00a0 che abbia le caratteristiche di un mosaico fatto a mano: i colori, la finitura opaca e la superficie levigata sono ineguagliabili. Questi pezzi sono marcati dagli artigiani affinch\u00e8 non ci siano due mosaici uguali. Si tratta di un vecchio prodotto, a met\u00e0 tra l\u2019artigianato e l\u2019industria, ma in grado di creare meraviglia per gli occhi. \u00a0Le piastrelle idrauliche sono fatte a mano e per queste ragioni hanno le loro proprie caratteristiche.<\/p>\n<p>Oltre alla materialit\u00e0, cio che \u00e8 anche molto interessante dei mosaici idraulici \u00e8 la loro espressivit\u00e0, la loro urbanit\u00e0.<\/p>\n<p>I mosaici sono presenti in mercati, chiese, ospedali, musei, palazzi, case. Li vediamo spesso in stanze, camere da letto, bagni, cucine e balconi, talvolta creando autentici tappeti in appartamenti e villette di citt\u00e0.<\/p>\n<p>In effetti, \u00e8 un pavimento democratico che racconta una storia.[\/vc_column_text][\/vc_column][\/vc_row][vc_row][vc_column width=&#8221;1\/3&#8243;][vc_single_image image=&#8221;26355&#8243; img_size=&#8221;full&#8221;][\/vc_column][vc_column width=&#8221;2\/3&#8243;][vc_column_text]Infatti, non \u00e8 possibile produrre instrustrialmente un mosaico\u00a0 che abbia le caratteristiche di un mosaico fatto a mano: i colori, la finitura opaca e la superficie levigata sono ineguagliabili. Questi pezzi sono marcati dagli artigiani affinch\u00e8 non ci siano due mosaici uguali. Si tratta di un vecchio prodotto, a met\u00e0 tra l\u2019artigianato e l\u2019industria, ma in grado di creare meraviglia per gli occhi. \u00a0Le piastrelle idrauliche sono fatte a mano e per queste ragioni hanno le loro proprie caratteristiche.<\/p>\n<p>Oltre alla materialit\u00e0, cio che \u00e8 anche molto interessante dei mosaici idraulici \u00e8 la loro espressivit\u00e0, la loro urbanit\u00e0.<\/p>\n<p>I mosaici sono presenti in mercati, chiese, ospedali, musei, palazzi, case. Li vediamo spesso in stanze, camere da letto, bagni, cucine e balconi, talvolta creando autentici tappeti in appartamenti e villette di citt\u00e0.<\/p>\n<p>In effetti, \u00e8 un pavimento democratico che racconta una storia.[\/vc_column_text][\/vc_column][\/vc_row]<\/p>\n<\/div>","protected":false},"excerpt":{"rendered":"<p>[vc_row][vc_column width=&#8221;1\/3&#8243;][vc_single_image image=&#8221;26354&#8243; img_size=&#8221;full&#8221;][\/vc_column][vc_column width=&#8221;2\/3&#8243;][vc_column_text]Infatti, non \u00e8 possibile produrre instrustrialmente un mosaico\u00a0 che abbia le caratteristiche di un mosaico fatto a mano: i colori, la finitura<span class=\"excerpt-hellip\"> [\u2026]<\/span><\/p>\n","protected":false},"author":1,"featured_media":0,"parent":0,"menu_order":0,"comment_status":"closed","ping_status":"closed","template":"","meta":{"footnotes":""},"class_list":["post-26353","page","type-page","status-publish","hentry"],"yoast_head":"<!-- This site is optimized with the Yoast SEO plugin v26.9 - https:\/\/yoast.com\/product\/yoast-seo-wordpress\/ -->\n<title>Storia delle Piastrelle in Cemento - Terracota do Algarve<\/title>\n<meta name=\"robots\" content=\"index, follow, max-snippet:-1, max-image-preview:large, max-video-preview:-1\" \/>\n<link rel=\"canonical\" href=\"https:\/\/terracotadoalgarve.com\/it\/storia-delle-piastrelle-in-cemento\/\" \/>\n<meta property=\"og:locale\" content=\"it_IT\" \/>\n<meta property=\"og:type\" content=\"article\" \/>\n<meta property=\"og:title\" content=\"Storia delle Piastrelle in Cemento - Terracota do Algarve\" \/>\n<meta property=\"og:description\" content=\"[vc_row][vc_column width=&#8221;1\/3&#8243;][vc_single_image image=&#8221;26354&#8243; img_size=&#8221;full&#8221;][\/vc_column][vc_column width=&#8221;2\/3&#8243;][vc_column_text]Infatti, non \u00e8 possibile produrre instrustrialmente un mosaico\u00a0 che abbia le caratteristiche di un mosaico fatto a mano: i colori, la finitura [\u2026]\" \/>\n<meta property=\"og:url\" content=\"https:\/\/terracotadoalgarve.com\/it\/storia-delle-piastrelle-in-cemento\/\" \/>\n<meta property=\"og:site_name\" content=\"Terracota do Algarve\" \/>\n<meta property=\"article:modified_time\" content=\"2022-06-09T20:13:47+00:00\" \/>\n<meta name=\"twitter:card\" content=\"summary_large_image\" \/>\n<meta name=\"twitter:label1\" content=\"Tempo di lettura stimato\" \/>\n\t<meta name=\"twitter:data1\" content=\"2 minuti\" \/>\n<script type=\"application\/ld+json\" class=\"yoast-schema-graph\">{\"@context\":\"https:\/\/schema.org\",\"@graph\":[{\"@type\":\"WebPage\",\"@id\":\"https:\/\/terracotadoalgarve.com\/it\/storia-delle-piastrelle-in-cemento\/\",\"url\":\"https:\/\/terracotadoalgarve.com\/it\/storia-delle-piastrelle-in-cemento\/\",\"name\":\"Storia delle Piastrelle in Cemento - Terracota do Algarve\",\"isPartOf\":{\"@id\":\"https:\/\/terracotadoalgarve.com\/it\/#website\"},\"datePublished\":\"2021-10-25T16:48:23+00:00\",\"dateModified\":\"2022-06-09T20:13:47+00:00\",\"breadcrumb\":{\"@id\":\"https:\/\/terracotadoalgarve.com\/it\/storia-delle-piastrelle-in-cemento\/#breadcrumb\"},\"inLanguage\":\"it-IT\",\"potentialAction\":[{\"@type\":\"ReadAction\",\"target\":[\"https:\/\/terracotadoalgarve.com\/it\/storia-delle-piastrelle-in-cemento\/\"]}]},{\"@type\":\"BreadcrumbList\",\"@id\":\"https:\/\/terracotadoalgarve.com\/it\/storia-delle-piastrelle-in-cemento\/#breadcrumb\",\"itemListElement\":[{\"@type\":\"ListItem\",\"position\":1,\"name\":\"Home\",\"item\":\"https:\/\/terracotadoalgarve.com\/it\/\"},{\"@type\":\"ListItem\",\"position\":2,\"name\":\"Storia delle Piastrelle in Cemento\"}]},{\"@type\":\"WebSite\",\"@id\":\"https:\/\/terracotadoalgarve.com\/it\/#website\",\"url\":\"https:\/\/terracotadoalgarve.com\/it\/\",\"name\":\"Terracota do Algarve\",\"description\":\"Terracota tiles, Hydraulic cement tiles, Glazed tiles\",\"potentialAction\":[{\"@type\":\"SearchAction\",\"target\":{\"@type\":\"EntryPoint\",\"urlTemplate\":\"https:\/\/terracotadoalgarve.com\/it\/?s={search_term_string}\"},\"query-input\":{\"@type\":\"PropertyValueSpecification\",\"valueRequired\":true,\"valueName\":\"search_term_string\"}}],\"inLanguage\":\"it-IT\"}]}<\/script>\n<!-- \/ Yoast SEO plugin. -->","yoast_head_json":{"title":"Storia delle Piastrelle in Cemento - Terracota do Algarve","robots":{"index":"index","follow":"follow","max-snippet":"max-snippet:-1","max-image-preview":"max-image-preview:large","max-video-preview":"max-video-preview:-1"},"canonical":"https:\/\/terracotadoalgarve.com\/it\/storia-delle-piastrelle-in-cemento\/","og_locale":"it_IT","og_type":"article","og_title":"Storia delle Piastrelle in Cemento - Terracota do Algarve","og_description":"[vc_row][vc_column width=&#8221;1\/3&#8243;][vc_single_image image=&#8221;26354&#8243; img_size=&#8221;full&#8221;][\/vc_column][vc_column width=&#8221;2\/3&#8243;][vc_column_text]Infatti, non \u00e8 possibile produrre instrustrialmente un mosaico\u00a0 che abbia le caratteristiche di un mosaico fatto a mano: i colori, la finitura [\u2026]","og_url":"https:\/\/terracotadoalgarve.com\/it\/storia-delle-piastrelle-in-cemento\/","og_site_name":"Terracota do Algarve","article_modified_time":"2022-06-09T20:13:47+00:00","twitter_card":"summary_large_image","twitter_misc":{"Tempo di lettura stimato":"2 minuti"},"schema":{"@context":"https:\/\/schema.org","@graph":[{"@type":"WebPage","@id":"https:\/\/terracotadoalgarve.com\/it\/storia-delle-piastrelle-in-cemento\/","url":"https:\/\/terracotadoalgarve.com\/it\/storia-delle-piastrelle-in-cemento\/","name":"Storia delle Piastrelle in Cemento - Terracota do Algarve","isPartOf":{"@id":"https:\/\/terracotadoalgarve.com\/it\/#website"},"datePublished":"2021-10-25T16:48:23+00:00","dateModified":"2022-06-09T20:13:47+00:00","breadcrumb":{"@id":"https:\/\/terracotadoalgarve.com\/it\/storia-delle-piastrelle-in-cemento\/#breadcrumb"},"inLanguage":"it-IT","potentialAction":[{"@type":"ReadAction","target":["https:\/\/terracotadoalgarve.com\/it\/storia-delle-piastrelle-in-cemento\/"]}]},{"@type":"BreadcrumbList","@id":"https:\/\/terracotadoalgarve.com\/it\/storia-delle-piastrelle-in-cemento\/#breadcrumb","itemListElement":[{"@type":"ListItem","position":1,"name":"Home","item":"https:\/\/terracotadoalgarve.com\/it\/"},{"@type":"ListItem","position":2,"name":"Storia delle Piastrelle in Cemento"}]},{"@type":"WebSite","@id":"https:\/\/terracotadoalgarve.com\/it\/#website","url":"https:\/\/terracotadoalgarve.com\/it\/","name":"Terracota do Algarve","description":"Terracota tiles, Hydraulic cement tiles, Glazed tiles","potentialAction":[{"@type":"SearchAction","target":{"@type":"EntryPoint","urlTemplate":"https:\/\/terracotadoalgarve.com\/it\/?s={search_term_string}"},"query-input":{"@type":"PropertyValueSpecification","valueRequired":true,"valueName":"search_term_string"}}],"inLanguage":"it-IT"}]}},"_links":{"self":[{"href":"https:\/\/terracotadoalgarve.com\/it\/wp-json\/wp\/v2\/pages\/26353","targetHints":{"allow":["GET"]}}],"collection":[{"href":"https:\/\/terracotadoalgarve.com\/it\/wp-json\/wp\/v2\/pages"}],"about":[{"href":"https:\/\/terracotadoalgarve.com\/it\/wp-json\/wp\/v2\/types\/page"}],"author":[{"embeddable":true,"href":"https:\/\/terracotadoalgarve.com\/it\/wp-json\/wp\/v2\/users\/1"}],"replies":[{"embeddable":true,"href":"https:\/\/terracotadoalgarve.com\/it\/wp-json\/wp\/v2\/comments?post=26353"}],"version-history":[{"count":0,"href":"https:\/\/terracotadoalgarve.com\/it\/wp-json\/wp\/v2\/pages\/26353\/revisions"}],"wp:attachment":[{"href":"https:\/\/terracotadoalgarve.com\/it\/wp-json\/wp\/v2\/media?parent=26353"}],"curies":[{"name":"wp","href":"https:\/\/api.w.org\/{rel}","templated":true}]}}