{"id":26339,"date":"2021-10-25T15:56:00","date_gmt":"2021-10-25T15:56:00","guid":{"rendered":"https:\/\/terracotadoalgarve.com\/it\/?page_id=26339"},"modified":"2022-06-09T20:11:28","modified_gmt":"2022-06-09T20:11:28","slug":"applicazione-di-tegola-di-santa-catarina","status":"publish","type":"page","link":"https:\/\/terracotadoalgarve.com\/it\/applicazione-di-tegola-di-santa-catarina\/","title":{"rendered":"Applicazione di Tegola di Santa Catarina"},"content":{"rendered":"<div class=\"wpb-content-wrapper\"><p>[vc_row][vc_column width=&#8221;1\/5&#8243; offset=&#8221;vc_hidden-sm vc_hidden-xs&#8221;][vc_single_image image=&#8221;26340&#8243; img_size=&#8221;full&#8221; add_caption=&#8221;yes&#8221;][vc_single_image image=&#8221;26341&#8243; img_size=&#8221;full&#8221; add_caption=&#8221;yes&#8221;][vc_single_image image=&#8221;26342&#8243; img_size=&#8221;full&#8221; add_caption=&#8221;yes&#8221;][vc_single_image image=&#8221;26343&#8243; img_size=&#8221;full&#8221; add_caption=&#8221;yes&#8221;][vc_single_image image=&#8221;26344&#8243; img_size=&#8221;full&#8221; add_caption=&#8221;yes&#8221;][vc_single_image image=&#8221;26345&#8243; img_size=&#8221;full&#8221; add_caption=&#8221;yes&#8221;][vc_single_image image=&#8221;26346&#8243; img_size=&#8221;full&#8221; add_caption=&#8221;yes&#8221;][\/vc_column][vc_column width=&#8221;4\/5&#8243;][vc_column_text]La tegola Santa Catarina non \u00e8 una tegola adatta, \u00e8 una tegola molto semplice, che richiede una particolare attenzione al momento della sua applicazione. Al momento la tegola Santa Catarina nella maggior parte dei casi viene applicata direttamente su una sottotegola o su una superficie adeguatamente isolata. In questo modo la copertura \u00e8 totalmente protetta dalla pioggia e dall\u2019umidit\u00e0.<\/p>\n<p>Tuttavia, l\u2019applicazione della tegola deve rispettare alcuni aspetti:<\/p>\n<p>L\u2019applicazione inizia con la tegola inferiori (canali); in base alla forma del tetto pu\u00f2 essere pi\u00f9 comodo posizionare la fila centrale invece della riga pi\u00f9 a destra, come mostrato nella\u00a0<strong>figura 1<\/strong>.<\/p>\n<p>La posa dei tetti (tegole superiori) avviene secondo lo schema illustrato in\u00a0<strong>figura 2<\/strong>: le tessere vengono applicate da destra a sinistra e dal basso verso l\u2019alto. Questo \u00e8 il modo pi\u00f9 appropriato per procedere, consentendo lievi modifiche e allo stesso tempo capire come si svilupper\u00e0 la copertura. L\u2019applicazione della tegola in questo modo facilita l\u2019allineamento delle varie file, in base al modo in cui si sviluppa il tetto.<\/p>\n<p>Va notato che nel caso di tetti con pendenze superiori al 30% e \/ o esposti a forti venti, le tegola devono essere fissate alla base in un rapporto di 1 tegola a 4. Se la pendenza \u00e8 superiore al 40% tutte le tegole devono essere corrette.<\/p>\n<p>Il fissaggio pu\u00f2 essere fatto con morsetti, viti autofilettanti, colla o cemento, a seconda del tipo di supporto. Tuttavia si consiglia il fissaggio con una malta debole, preparata come segue: per ogni m3 di sabbia asciutta utilizzare:<\/p>\n<ul>\n<li>250 \u2013 350 kg di calce idraulica o<\/li>\n<li>150 kg di cemento e 175 \u2013 225 kg di calce idraulica<\/li>\n<\/ul>\n<p>Nota: la vite o il fissaggio dell\u2019unghia richiede che la piastrella abbia un pre-foro, che normalmente non \u00e8 presente nella Tegola Santa Catarina.<\/p>\n<p><strong>Tetto Ridge<\/strong><\/p>\n<p>\u00c8 la tegola che chiude il tetto, applicata nell\u2019unione di due pendenze e fissata con la malta, secondo la<strong>\u00a0figura 3<\/strong>.<\/p>\n<p><strong>Bordo del tetto<br \/>\n<\/strong><br \/>\nLe tegole gronda (copertine e bocchelli), sono applicati in cappetta o parete, con malta. \u00c8 importante rispettare quanto segue:<\/p>\n<ul>\n<li>Pendenza che le parti devono avere rispetto al piano orizzontale del coperchio, minimo 4% \u2013\u00a0<strong>Figura 4<\/strong>.<\/li>\n<li>Dimensione libera dei tegola, ovvero dimensione che non deve essere supportata sul telaio \/ parete, massimo 2\/3 della lunghezza del bordo.<\/li>\n<li>Esecuzione di fori di ventilazione che consentono la ventilazione del cerchio, come mostrato nelle seguenti figure \u2013\u00a0<strong>Figure 5 e 6<\/strong>.<\/li>\n<\/ul>\n<p><strong>Grondaia<\/strong><\/p>\n<p>\u00c8 la convergenza di due filoni, diventando cos\u00ec un\u2019area di copertura compromessa, quando eseguita in modo errato. L\u2019esecuzione di una grondaia richiede l\u2019uso di volant metallici, fasce di asfalto o altri materiali sintetici, che sono supportati sul profilo, di solito eseguiti in malta.<br \/>\nParticolare importanza dovrebbe essere data ai seguenti 3 principi nel caso di aree sensibili:<\/p>\n<p>1 \u00b0 Taglio delle piastrelle, in modo da coprire la grondaia di almeno 8 cm, secondo la\u00a0<strong>figura 7<\/strong>.<br \/>\n2 \u00b0 materiale applicato per l\u2019esecuzione della grondaia: il materiale da utilizzare nella grondaia deve garantire una lunga durata. In generale, vengono utilizzati materiali metallici o sintetici, sia autoleganti che non.<br \/>\n3. Metodo di applicazione del materiale: poich\u00e9 si tratta di un\u2019area critica, \u00e8 necessario prestare particolare attenzione all\u2019applicazione del materiale, altrimenti non sar\u00e0 possibile smaltire efficacemente l\u2019acqua in quest\u2019area.[\/vc_column_text][vc_row_inner][vc_column_inner offset=&#8221;vc_hidden-lg vc_hidden-md&#8221;][vc_single_image image=&#8221;23328&#8243; img_size=&#8221;full&#8221; add_caption=&#8221;yes&#8221;][vc_single_image image=&#8221;23336&#8243; img_size=&#8221;full&#8221; add_caption=&#8221;yes&#8221;][vc_single_image image=&#8221;23344&#8243; img_size=&#8221;full&#8221; add_caption=&#8221;yes&#8221;][vc_single_image image=&#8221;23352&#8243; img_size=&#8221;full&#8221; add_caption=&#8221;yes&#8221;][vc_single_image image=&#8221;23368&#8243; img_size=&#8221;full&#8221; add_caption=&#8221;yes&#8221;][vc_single_image image=&#8221;23376&#8243; img_size=&#8221;full&#8221; add_caption=&#8221;yes&#8221;][vc_single_image image=&#8221;23360&#8243; img_size=&#8221;full&#8221; add_caption=&#8221;yes&#8221;][\/vc_column_inner][\/vc_row_inner][\/vc_column][\/vc_row]<\/p>\n<\/div>","protected":false},"excerpt":{"rendered":"<p>[vc_row][vc_column width=&#8221;1\/5&#8243; offset=&#8221;vc_hidden-sm vc_hidden-xs&#8221;][vc_single_image image=&#8221;26340&#8243; img_size=&#8221;full&#8221; add_caption=&#8221;yes&#8221;][vc_single_image image=&#8221;26341&#8243; img_size=&#8221;full&#8221; add_caption=&#8221;yes&#8221;][vc_single_image image=&#8221;26342&#8243; img_size=&#8221;full&#8221; add_caption=&#8221;yes&#8221;][vc_single_image image=&#8221;26343&#8243; img_size=&#8221;full&#8221; add_caption=&#8221;yes&#8221;][vc_single_image image=&#8221;26344&#8243; img_size=&#8221;full&#8221; add_caption=&#8221;yes&#8221;][vc_single_image image=&#8221;26345&#8243; img_size=&#8221;full&#8221; add_caption=&#8221;yes&#8221;][vc_single_image image=&#8221;26346&#8243; img_size=&#8221;full&#8221; add_caption=&#8221;yes&#8221;][\/vc_column][vc_column width=&#8221;4\/5&#8243;][vc_column_text]La<span class=\"excerpt-hellip\"> [\u2026]<\/span><\/p>\n","protected":false},"author":1,"featured_media":0,"parent":0,"menu_order":0,"comment_status":"closed","ping_status":"closed","template":"","meta":{"footnotes":""},"class_list":["post-26339","page","type-page","status-publish","hentry"],"yoast_head":"<!-- This site is optimized with the Yoast SEO plugin v26.9 - https:\/\/yoast.com\/product\/yoast-seo-wordpress\/ -->\n<title>Applicazione di Tegola di Santa Catarina - Terracota do Algarve<\/title>\n<meta name=\"robots\" content=\"index, follow, max-snippet:-1, max-image-preview:large, max-video-preview:-1\" \/>\n<link rel=\"canonical\" href=\"https:\/\/terracotadoalgarve.com\/it\/applicazione-di-tegola-di-santa-catarina\/\" \/>\n<meta property=\"og:locale\" content=\"it_IT\" \/>\n<meta property=\"og:type\" content=\"article\" \/>\n<meta property=\"og:title\" content=\"Applicazione di Tegola di Santa Catarina - Terracota do Algarve\" \/>\n<meta property=\"og:description\" content=\"[vc_row][vc_column width=&#8221;1\/5&#8243; offset=&#8221;vc_hidden-sm vc_hidden-xs&#8221;][vc_single_image image=&#8221;26340&#8243; img_size=&#8221;full&#8221; add_caption=&#8221;yes&#8221;][vc_single_image image=&#8221;26341&#8243; img_size=&#8221;full&#8221; add_caption=&#8221;yes&#8221;][vc_single_image image=&#8221;26342&#8243; img_size=&#8221;full&#8221; add_caption=&#8221;yes&#8221;][vc_single_image image=&#8221;26343&#8243; img_size=&#8221;full&#8221; add_caption=&#8221;yes&#8221;][vc_single_image image=&#8221;26344&#8243; img_size=&#8221;full&#8221; add_caption=&#8221;yes&#8221;][vc_single_image image=&#8221;26345&#8243; img_size=&#8221;full&#8221; add_caption=&#8221;yes&#8221;][vc_single_image image=&#8221;26346&#8243; img_size=&#8221;full&#8221; add_caption=&#8221;yes&#8221;][\/vc_column][vc_column width=&#8221;4\/5&#8243;][vc_column_text]La [\u2026]\" \/>\n<meta property=\"og:url\" content=\"https:\/\/terracotadoalgarve.com\/it\/applicazione-di-tegola-di-santa-catarina\/\" \/>\n<meta property=\"og:site_name\" content=\"Terracota do Algarve\" \/>\n<meta property=\"article:modified_time\" content=\"2022-06-09T20:11:28+00:00\" \/>\n<meta name=\"twitter:card\" content=\"summary_large_image\" \/>\n<meta name=\"twitter:label1\" content=\"Tempo di lettura stimato\" \/>\n\t<meta name=\"twitter:data1\" content=\"4 minuti\" \/>\n<script type=\"application\/ld+json\" class=\"yoast-schema-graph\">{\"@context\":\"https:\/\/schema.org\",\"@graph\":[{\"@type\":\"WebPage\",\"@id\":\"https:\/\/terracotadoalgarve.com\/it\/applicazione-di-tegola-di-santa-catarina\/\",\"url\":\"https:\/\/terracotadoalgarve.com\/it\/applicazione-di-tegola-di-santa-catarina\/\",\"name\":\"Applicazione di Tegola di Santa Catarina - Terracota do Algarve\",\"isPartOf\":{\"@id\":\"https:\/\/terracotadoalgarve.com\/it\/#website\"},\"datePublished\":\"2021-10-25T15:56:00+00:00\",\"dateModified\":\"2022-06-09T20:11:28+00:00\",\"breadcrumb\":{\"@id\":\"https:\/\/terracotadoalgarve.com\/it\/applicazione-di-tegola-di-santa-catarina\/#breadcrumb\"},\"inLanguage\":\"it-IT\",\"potentialAction\":[{\"@type\":\"ReadAction\",\"target\":[\"https:\/\/terracotadoalgarve.com\/it\/applicazione-di-tegola-di-santa-catarina\/\"]}]},{\"@type\":\"BreadcrumbList\",\"@id\":\"https:\/\/terracotadoalgarve.com\/it\/applicazione-di-tegola-di-santa-catarina\/#breadcrumb\",\"itemListElement\":[{\"@type\":\"ListItem\",\"position\":1,\"name\":\"Home\",\"item\":\"https:\/\/terracotadoalgarve.com\/it\/\"},{\"@type\":\"ListItem\",\"position\":2,\"name\":\"Applicazione di Tegola di Santa Catarina\"}]},{\"@type\":\"WebSite\",\"@id\":\"https:\/\/terracotadoalgarve.com\/it\/#website\",\"url\":\"https:\/\/terracotadoalgarve.com\/it\/\",\"name\":\"Terracota do Algarve\",\"description\":\"Terracota tiles, Hydraulic cement tiles, Glazed tiles\",\"potentialAction\":[{\"@type\":\"SearchAction\",\"target\":{\"@type\":\"EntryPoint\",\"urlTemplate\":\"https:\/\/terracotadoalgarve.com\/it\/?s={search_term_string}\"},\"query-input\":{\"@type\":\"PropertyValueSpecification\",\"valueRequired\":true,\"valueName\":\"search_term_string\"}}],\"inLanguage\":\"it-IT\"}]}<\/script>\n<!-- \/ Yoast SEO plugin. -->","yoast_head_json":{"title":"Applicazione di Tegola di Santa Catarina - Terracota do Algarve","robots":{"index":"index","follow":"follow","max-snippet":"max-snippet:-1","max-image-preview":"max-image-preview:large","max-video-preview":"max-video-preview:-1"},"canonical":"https:\/\/terracotadoalgarve.com\/it\/applicazione-di-tegola-di-santa-catarina\/","og_locale":"it_IT","og_type":"article","og_title":"Applicazione di Tegola di Santa Catarina - Terracota do Algarve","og_description":"[vc_row][vc_column width=&#8221;1\/5&#8243; offset=&#8221;vc_hidden-sm vc_hidden-xs&#8221;][vc_single_image image=&#8221;26340&#8243; img_size=&#8221;full&#8221; add_caption=&#8221;yes&#8221;][vc_single_image image=&#8221;26341&#8243; img_size=&#8221;full&#8221; add_caption=&#8221;yes&#8221;][vc_single_image image=&#8221;26342&#8243; img_size=&#8221;full&#8221; add_caption=&#8221;yes&#8221;][vc_single_image image=&#8221;26343&#8243; img_size=&#8221;full&#8221; add_caption=&#8221;yes&#8221;][vc_single_image image=&#8221;26344&#8243; img_size=&#8221;full&#8221; add_caption=&#8221;yes&#8221;][vc_single_image image=&#8221;26345&#8243; img_size=&#8221;full&#8221; add_caption=&#8221;yes&#8221;][vc_single_image image=&#8221;26346&#8243; img_size=&#8221;full&#8221; add_caption=&#8221;yes&#8221;][\/vc_column][vc_column width=&#8221;4\/5&#8243;][vc_column_text]La [\u2026]","og_url":"https:\/\/terracotadoalgarve.com\/it\/applicazione-di-tegola-di-santa-catarina\/","og_site_name":"Terracota do Algarve","article_modified_time":"2022-06-09T20:11:28+00:00","twitter_card":"summary_large_image","twitter_misc":{"Tempo di lettura stimato":"4 minuti"},"schema":{"@context":"https:\/\/schema.org","@graph":[{"@type":"WebPage","@id":"https:\/\/terracotadoalgarve.com\/it\/applicazione-di-tegola-di-santa-catarina\/","url":"https:\/\/terracotadoalgarve.com\/it\/applicazione-di-tegola-di-santa-catarina\/","name":"Applicazione di Tegola di Santa Catarina - Terracota do Algarve","isPartOf":{"@id":"https:\/\/terracotadoalgarve.com\/it\/#website"},"datePublished":"2021-10-25T15:56:00+00:00","dateModified":"2022-06-09T20:11:28+00:00","breadcrumb":{"@id":"https:\/\/terracotadoalgarve.com\/it\/applicazione-di-tegola-di-santa-catarina\/#breadcrumb"},"inLanguage":"it-IT","potentialAction":[{"@type":"ReadAction","target":["https:\/\/terracotadoalgarve.com\/it\/applicazione-di-tegola-di-santa-catarina\/"]}]},{"@type":"BreadcrumbList","@id":"https:\/\/terracotadoalgarve.com\/it\/applicazione-di-tegola-di-santa-catarina\/#breadcrumb","itemListElement":[{"@type":"ListItem","position":1,"name":"Home","item":"https:\/\/terracotadoalgarve.com\/it\/"},{"@type":"ListItem","position":2,"name":"Applicazione di Tegola di Santa Catarina"}]},{"@type":"WebSite","@id":"https:\/\/terracotadoalgarve.com\/it\/#website","url":"https:\/\/terracotadoalgarve.com\/it\/","name":"Terracota do Algarve","description":"Terracota tiles, Hydraulic cement tiles, Glazed tiles","potentialAction":[{"@type":"SearchAction","target":{"@type":"EntryPoint","urlTemplate":"https:\/\/terracotadoalgarve.com\/it\/?s={search_term_string}"},"query-input":{"@type":"PropertyValueSpecification","valueRequired":true,"valueName":"search_term_string"}}],"inLanguage":"it-IT"}]}},"_links":{"self":[{"href":"https:\/\/terracotadoalgarve.com\/it\/wp-json\/wp\/v2\/pages\/26339","targetHints":{"allow":["GET"]}}],"collection":[{"href":"https:\/\/terracotadoalgarve.com\/it\/wp-json\/wp\/v2\/pages"}],"about":[{"href":"https:\/\/terracotadoalgarve.com\/it\/wp-json\/wp\/v2\/types\/page"}],"author":[{"embeddable":true,"href":"https:\/\/terracotadoalgarve.com\/it\/wp-json\/wp\/v2\/users\/1"}],"replies":[{"embeddable":true,"href":"https:\/\/terracotadoalgarve.com\/it\/wp-json\/wp\/v2\/comments?post=26339"}],"version-history":[{"count":0,"href":"https:\/\/terracotadoalgarve.com\/it\/wp-json\/wp\/v2\/pages\/26339\/revisions"}],"wp:attachment":[{"href":"https:\/\/terracotadoalgarve.com\/it\/wp-json\/wp\/v2\/media?parent=26339"}],"curies":[{"name":"wp","href":"https:\/\/api.w.org\/{rel}","templated":true}]}}