{"id":26333,"date":"2021-10-25T11:30:42","date_gmt":"2021-10-25T11:30:42","guid":{"rendered":"https:\/\/terracotadoalgarve.com\/it\/?page_id=26333"},"modified":"2022-06-09T20:10:23","modified_gmt":"2022-06-09T20:10:23","slug":"perche-scegliere-tegole-di-argilla","status":"publish","type":"page","link":"https:\/\/terracotadoalgarve.com\/it\/perche-scegliere-tegole-di-argilla\/","title":{"rendered":"Perch\u00e8 scegliere tegole di argilla?"},"content":{"rendered":"<div class=\"wpb-content-wrapper\"><p>[vc_row][vc_column width=&#8221;1\/3&#8243;][vc_single_image image=&#8221;26335&#8243; img_size=&#8221;full&#8221;][vc_single_image image=&#8221;26336&#8243; img_size=&#8221;full&#8221;][\/vc_column][vc_column width=&#8221;2\/3&#8243;][vc_column_text]In un sondaggio conciliare sulle Tegole in Argilla per Tetti, il 99% degli ufficiali per la conservazione del territorio, progettisti, architetti, costruttori, ispettori e appaltatori, hanno concordato che le tegole di argilla hanno migliorato l\u2019ambiente costruttivo dato il riconoscimento al 95% che si tratta di prodotti di costruzione sostenibili. Scegliere queste tegole influenzer\u00e0 sia il carattere sia il valore della tua casa.<\/p>\n<p><strong>Resistenza e Durabilit\u00e0:<\/strong><\/p>\n<p>Le tegole in argilla Santa Catarina offrono resistenza e durabilit\u00e0 superiore a qualsiasi altro rivestimento per tetti. Ci sono numerosi esempi di tetti con tegole in argilla che sono ancora immacolati dopo pi\u00f9 di 100 anni. La permanenza del colore utilizzando colori cotti naturalmente garantisce che il tetto non sembrer\u00e0 mai sbiadito e con il tempo migliorer\u00e0 e si attenuer\u00e0.<\/p>\n<p><strong>Colore:<\/strong><\/p>\n<p>La stupefacente bellezza delle tegole in argilla dipende dall\u2019estetica. L\u2019ampia gamma di colori cotti naturalmente dal rosso al marrone al blu pu\u00f2 essere imitata ma mai riprodotta con colori artificiali. La permanenza dei colori artificiali non \u00e8 garantita.<\/p>\n<p><strong>Versatilit\u00e0:<\/strong><\/p>\n<p>La piccolo dimensione delle tegole Santa Catarina offre versatilit\u00e0 agli archittetti che possono cos\u00ec disegnare tetti di qualsiasi tipologia. Tegole di grosso formato non offrono questa flessibilit\u00e0.<\/p>\n<p><strong>Eredit\u00e0:<\/strong><\/p>\n<p>Le tegole in argilla sono una parte importante dell\u2019eredit\u00e0 architettonica portoghese ed europea. Progettisti ed architteti desiderano preservare questo carattere regionale distinto.<br \/>\n\u2022 Sostenibilit\u00e0:<br \/>\nLe tegole in argilla Santa Catarina sono un prodotto sostenibile, la longevit\u00e0 dell\u2019argilla significa che l\u2019energia e i materiali grezzi utilizzati nella produzione sono compensate durante l\u2019intera vita del tetto, che nel caso della maggior parte dei tetti in argilla \u00e8 di oltre 100 anni.<\/p>\n<p><strong>Ricorda:<\/strong><\/p>\n<p>La bellezza del colore naturale dell\u2019argilla \u00e8 insuperabile.<br \/>\nLe piastrelle di argilla si attenuano e migliorano con il tempo. I colori artificiali delle tegole di cemento tendono a sbiadiarsi (basta guardare a tetti in cemento di 20-30 anni in confronto a quelli in argilla).[\/vc_column_text][\/vc_column][\/vc_row]<\/p>\n<\/div>","protected":false},"excerpt":{"rendered":"<p>[vc_row][vc_column width=&#8221;1\/3&#8243;][vc_single_image image=&#8221;26335&#8243; img_size=&#8221;full&#8221;][vc_single_image image=&#8221;26336&#8243; img_size=&#8221;full&#8221;][\/vc_column][vc_column width=&#8221;2\/3&#8243;][vc_column_text]In un sondaggio conciliare sulle Tegole in Argilla per Tetti, il 99% degli ufficiali per la conservazione del territorio, progettisti,<span class=\"excerpt-hellip\"> [\u2026]<\/span><\/p>\n","protected":false},"author":1,"featured_media":0,"parent":0,"menu_order":0,"comment_status":"closed","ping_status":"closed","template":"","meta":{"footnotes":""},"class_list":["post-26333","page","type-page","status-publish","hentry"],"yoast_head":"<!-- This site is optimized with the Yoast SEO plugin v26.9 - https:\/\/yoast.com\/product\/yoast-seo-wordpress\/ -->\n<title>Perch\u00e8 scegliere tegole di argilla? - Terracota do Algarve<\/title>\n<meta name=\"robots\" content=\"index, follow, max-snippet:-1, max-image-preview:large, max-video-preview:-1\" \/>\n<link rel=\"canonical\" href=\"https:\/\/terracotadoalgarve.com\/it\/perche-scegliere-tegole-di-argilla\/\" \/>\n<meta property=\"og:locale\" content=\"it_IT\" \/>\n<meta property=\"og:type\" content=\"article\" \/>\n<meta property=\"og:title\" content=\"Perch\u00e8 scegliere tegole di argilla? - Terracota do Algarve\" \/>\n<meta property=\"og:description\" content=\"[vc_row][vc_column width=&#8221;1\/3&#8243;][vc_single_image image=&#8221;26335&#8243; img_size=&#8221;full&#8221;][vc_single_image image=&#8221;26336&#8243; img_size=&#8221;full&#8221;][\/vc_column][vc_column width=&#8221;2\/3&#8243;][vc_column_text]In un sondaggio conciliare sulle Tegole in Argilla per Tetti, il 99% degli ufficiali per la conservazione del territorio, progettisti, [\u2026]\" \/>\n<meta property=\"og:url\" content=\"https:\/\/terracotadoalgarve.com\/it\/perche-scegliere-tegole-di-argilla\/\" \/>\n<meta property=\"og:site_name\" content=\"Terracota do Algarve\" \/>\n<meta property=\"article:modified_time\" content=\"2022-06-09T20:10:23+00:00\" \/>\n<meta name=\"twitter:card\" content=\"summary_large_image\" \/>\n<meta name=\"twitter:label1\" content=\"Tempo di lettura stimato\" \/>\n\t<meta name=\"twitter:data1\" content=\"2 minuti\" \/>\n<script type=\"application\/ld+json\" class=\"yoast-schema-graph\">{\"@context\":\"https:\/\/schema.org\",\"@graph\":[{\"@type\":\"WebPage\",\"@id\":\"https:\/\/terracotadoalgarve.com\/it\/perche-scegliere-tegole-di-argilla\/\",\"url\":\"https:\/\/terracotadoalgarve.com\/it\/perche-scegliere-tegole-di-argilla\/\",\"name\":\"Perch\u00e8 scegliere tegole di argilla? - Terracota do Algarve\",\"isPartOf\":{\"@id\":\"https:\/\/terracotadoalgarve.com\/it\/#website\"},\"datePublished\":\"2021-10-25T11:30:42+00:00\",\"dateModified\":\"2022-06-09T20:10:23+00:00\",\"breadcrumb\":{\"@id\":\"https:\/\/terracotadoalgarve.com\/it\/perche-scegliere-tegole-di-argilla\/#breadcrumb\"},\"inLanguage\":\"it-IT\",\"potentialAction\":[{\"@type\":\"ReadAction\",\"target\":[\"https:\/\/terracotadoalgarve.com\/it\/perche-scegliere-tegole-di-argilla\/\"]}]},{\"@type\":\"BreadcrumbList\",\"@id\":\"https:\/\/terracotadoalgarve.com\/it\/perche-scegliere-tegole-di-argilla\/#breadcrumb\",\"itemListElement\":[{\"@type\":\"ListItem\",\"position\":1,\"name\":\"Home\",\"item\":\"https:\/\/terracotadoalgarve.com\/it\/\"},{\"@type\":\"ListItem\",\"position\":2,\"name\":\"Perch\u00e8 scegliere tegole di argilla?\"}]},{\"@type\":\"WebSite\",\"@id\":\"https:\/\/terracotadoalgarve.com\/it\/#website\",\"url\":\"https:\/\/terracotadoalgarve.com\/it\/\",\"name\":\"Terracota do Algarve\",\"description\":\"Terracota tiles, Hydraulic cement tiles, Glazed tiles\",\"potentialAction\":[{\"@type\":\"SearchAction\",\"target\":{\"@type\":\"EntryPoint\",\"urlTemplate\":\"https:\/\/terracotadoalgarve.com\/it\/?s={search_term_string}\"},\"query-input\":{\"@type\":\"PropertyValueSpecification\",\"valueRequired\":true,\"valueName\":\"search_term_string\"}}],\"inLanguage\":\"it-IT\"}]}<\/script>\n<!-- \/ Yoast SEO plugin. -->","yoast_head_json":{"title":"Perch\u00e8 scegliere tegole di argilla? - Terracota do Algarve","robots":{"index":"index","follow":"follow","max-snippet":"max-snippet:-1","max-image-preview":"max-image-preview:large","max-video-preview":"max-video-preview:-1"},"canonical":"https:\/\/terracotadoalgarve.com\/it\/perche-scegliere-tegole-di-argilla\/","og_locale":"it_IT","og_type":"article","og_title":"Perch\u00e8 scegliere tegole di argilla? - Terracota do Algarve","og_description":"[vc_row][vc_column width=&#8221;1\/3&#8243;][vc_single_image image=&#8221;26335&#8243; img_size=&#8221;full&#8221;][vc_single_image image=&#8221;26336&#8243; img_size=&#8221;full&#8221;][\/vc_column][vc_column width=&#8221;2\/3&#8243;][vc_column_text]In un sondaggio conciliare sulle Tegole in Argilla per Tetti, il 99% degli ufficiali per la conservazione del territorio, progettisti, [\u2026]","og_url":"https:\/\/terracotadoalgarve.com\/it\/perche-scegliere-tegole-di-argilla\/","og_site_name":"Terracota do Algarve","article_modified_time":"2022-06-09T20:10:23+00:00","twitter_card":"summary_large_image","twitter_misc":{"Tempo di lettura stimato":"2 minuti"},"schema":{"@context":"https:\/\/schema.org","@graph":[{"@type":"WebPage","@id":"https:\/\/terracotadoalgarve.com\/it\/perche-scegliere-tegole-di-argilla\/","url":"https:\/\/terracotadoalgarve.com\/it\/perche-scegliere-tegole-di-argilla\/","name":"Perch\u00e8 scegliere tegole di argilla? - Terracota do Algarve","isPartOf":{"@id":"https:\/\/terracotadoalgarve.com\/it\/#website"},"datePublished":"2021-10-25T11:30:42+00:00","dateModified":"2022-06-09T20:10:23+00:00","breadcrumb":{"@id":"https:\/\/terracotadoalgarve.com\/it\/perche-scegliere-tegole-di-argilla\/#breadcrumb"},"inLanguage":"it-IT","potentialAction":[{"@type":"ReadAction","target":["https:\/\/terracotadoalgarve.com\/it\/perche-scegliere-tegole-di-argilla\/"]}]},{"@type":"BreadcrumbList","@id":"https:\/\/terracotadoalgarve.com\/it\/perche-scegliere-tegole-di-argilla\/#breadcrumb","itemListElement":[{"@type":"ListItem","position":1,"name":"Home","item":"https:\/\/terracotadoalgarve.com\/it\/"},{"@type":"ListItem","position":2,"name":"Perch\u00e8 scegliere tegole di argilla?"}]},{"@type":"WebSite","@id":"https:\/\/terracotadoalgarve.com\/it\/#website","url":"https:\/\/terracotadoalgarve.com\/it\/","name":"Terracota do Algarve","description":"Terracota tiles, Hydraulic cement tiles, Glazed tiles","potentialAction":[{"@type":"SearchAction","target":{"@type":"EntryPoint","urlTemplate":"https:\/\/terracotadoalgarve.com\/it\/?s={search_term_string}"},"query-input":{"@type":"PropertyValueSpecification","valueRequired":true,"valueName":"search_term_string"}}],"inLanguage":"it-IT"}]}},"_links":{"self":[{"href":"https:\/\/terracotadoalgarve.com\/it\/wp-json\/wp\/v2\/pages\/26333","targetHints":{"allow":["GET"]}}],"collection":[{"href":"https:\/\/terracotadoalgarve.com\/it\/wp-json\/wp\/v2\/pages"}],"about":[{"href":"https:\/\/terracotadoalgarve.com\/it\/wp-json\/wp\/v2\/types\/page"}],"author":[{"embeddable":true,"href":"https:\/\/terracotadoalgarve.com\/it\/wp-json\/wp\/v2\/users\/1"}],"replies":[{"embeddable":true,"href":"https:\/\/terracotadoalgarve.com\/it\/wp-json\/wp\/v2\/comments?post=26333"}],"version-history":[{"count":0,"href":"https:\/\/terracotadoalgarve.com\/it\/wp-json\/wp\/v2\/pages\/26333\/revisions"}],"wp:attachment":[{"href":"https:\/\/terracotadoalgarve.com\/it\/wp-json\/wp\/v2\/media?parent=26333"}],"curies":[{"name":"wp","href":"https:\/\/api.w.org\/{rel}","templated":true}]}}