{"id":26299,"date":"2021-10-25T10:38:32","date_gmt":"2021-10-25T10:38:32","guid":{"rendered":"https:\/\/terracotadoalgarve.com\/it\/?page_id=26299"},"modified":"2022-06-09T20:08:15","modified_gmt":"2022-06-09T20:08:15","slug":"processo-di-produzione","status":"publish","type":"page","link":"https:\/\/terracotadoalgarve.com\/it\/processo-di-produzione\/","title":{"rendered":"Processo di Produzione"},"content":{"rendered":"<div class=\"wpb-content-wrapper\"><p>[vc_row][vc_column width=&#8221;1\/3&#8243;][vc_video link=&#8221;https:\/\/www.youtube.com\/watch?v=yzL2zGJva5o&#8221;][\/vc_column][vc_column width=&#8221;2\/3&#8243;][vc_column_text]<\/p>\n<div class=\"wpb_text_column wpb_content_element \">\n<div class=\"wpb_wrapper\">\n<p>Nel nostro caso specifico, la Terracotta \u00e8 prodotta a mano per mantenere le caratteristiche originali del prodotto. La produzione attraversa diverse fasi che cercheremo di spiegare in dettaglio.<\/p>\n<\/div>\n<\/div>\n<div class=\"wpb_text_column wpb_content_element \">\n<div class=\"wpb_wrapper\">\n<h3>Estrazione dell\u2019argilla<\/h3>\n<p>Vengono estratti due tipi di argilla, rossa e bianca, che sono combinate nella giusta proporzione e rappresenteranno il materiale grezzo utilizzato nelle piastrelle ed altri prodotti. Durante il processo di estrazione dobbiamo pulire con attenzione attorno la vena di argilla per essere sicuri che non sia contaminata con pietre, terra o altri materiali che potrebbero danneggiare la sua qualit\u00e0. Entrambi i tipi di argilla, rossa e bianca, sono trasportati su camion alla fabbrica e conservate in due lotti separati, e mischiate solo al tempo della preparazione della miscela. Questo perch\u00e8 non utilizziamo sempre la stessa quantit\u00e0 di una e dell\u2019altra, ma dipende dal tipo di Terracotta che vogliamo produrre e che tipo di risultato finale vogliamo ottenere, etc.<em><b>\u00a0<\/b><\/em><\/p>\n<h3>Preparazione della miscela<\/h3>\n<p>L\u2019argilla viene prima mescolata nella giusta proporzione, prima di essere sbriciolata e spezzettata, fino a raggiungere una consistenza simile alla plastilina. La miscela viene quindi lasciata a riposare per qualche tempo per farle ottenere una consistenza migliore, cos\u00ec che pu\u00f2 successivamente essere modellata in varie forme e dimensioni. Questa \u00e8 l\u2019unica fase in cui i macchinari vengono utilizzati per facilitare il processo. Fino a pochi anni fa, tutto il lavoro era fatto preparando la miscela esclusivamente a mano, \u00a0che oltre ad essere un lavoro molto duro, era diventato anche troppo costoso.<\/p>\n<h3>Modellare la\u00a0Terracotta<\/h3>\n<p>Da qui il nostro processo di produzione inizia a differire, siccome le piastrelle, mattoni ed altri pezzi decorative sono tutti modellati a mano, uno ad uno, per dare ad ogni pezzo un aspetto unico. Abbiamo sempre due modi diversi di produrre la terracotta, che essenzialmente dipendono dal modo in cui vogliamo rimuovere la pasta dallo stampo: rimozione con sabbia o acqua. La maggior parte della terracotta che produciamo ha una finitura naturale, che significa che ha il colore originale della pasta modellata. Tuttavia, le piastrelle chiamate \u201cSanta Catarina\u201d sono rifinite con argilla bianca, nella forma di strisce verticali fatte dalle dita della persona che le modellano al momento. Durante la fase di modanatura il lavoro viene eseguito da gruppi di due persone: uno da la forma alla terracotta e uno che si occupa della finitura e la mette ad asciugare.<\/p>\n<h3>Asciugatura<\/h3>\n<p>L\u2019argilla ha bisogno di essere completamente asciutta prima di essere messa in forno. Il tempo di asciugatura pu\u00f2 essere di una settimana durante l\u2019estate e di pi\u00f9 di un mese in inverno. Questo perch\u00e8 l\u2019asciugatura si svolge naturalmente a temperature ambiente. In questa fase alcune parti possono spaccarsi o deformarsi se si verifica una grossa variazione di temperatura. Questo succede specialmente con i pezzi pi\u00f9 larghi: terracotta 40\u00d740 cm e 30\u00d730 cm.<\/p>\n<h3>Cottura<\/h3>\n<p>Dopo essersi asciugata, la terracotta viene messa nel forno dove viene posizionata su fornaci a strati: in fondo alla fornace viene posizionato il mattone \u201ctijolo burro\u201d, poi le piastrelle dalle varie forme e dimensioni, e infine in cima i pezzi e le piastrelle pi\u00f9 piccolo. Dopo qualche ora di preriscaldamento, le piastrelle vengono cotte lentamente nel forno, per pi\u00f9 di 30 ore, assumento una tinta naturale. La fornace \u00e8 alimentata da legno, segatura e sansa.<\/p>\n<h3>Rimozione dal forno e immagazzinaggio<\/h3>\n<p>Dopo che il processo di cottura \u00e8 terminato \u00e8 necessario aspettare da quattro a cinque giorni perch\u00e8 il forno si raffreddi, solo allora possiamo rimuovere i pezzi. L\u2019intero processo \u00e8 fatto manualmente: il materiale \u00e8 rimosso dal forno, separato, selezionato e posizionato su bancali. La terracotta \u00e8 pronta per il cliente!<\/p>\n<p>Cos\u00ec otteniamo una pavimentazione leggermente rosea, possibile solo attraverso la combinazione di materiali grezzi eccellenti e di un processo manuale, capace di ispirare naturalezza e accoglienza in casa tua.<\/p>\n<p>Otteniamo una sfumatura leggermente rosea, possibile combinando materiale grezzo eccellente con un processo di produzione su scala capace di ispirare un ambiente naturale e accogliente nelle vostre case.<\/p>\n<\/div>\n<\/div>\n<p>[\/vc_column_text][vc_gallery type=&#8221;flexslider_slide&#8221; interval=&#8221;3&#8243; images=&#8221;26301,26302,26303,26304,26305,26306,26307,26308,26309,26310,26311,26312,26313,26314,26315,26316,26317,26318,26319,26320&#8243;][\/vc_column][\/vc_row]<\/p>\n<\/div>","protected":false},"excerpt":{"rendered":"<p>[vc_row][vc_column width=&#8221;1\/3&#8243;][vc_video link=&#8221;https:\/\/www.youtube.com\/watch?v=yzL2zGJva5o&#8221;][\/vc_column][vc_column width=&#8221;2\/3&#8243;][vc_column_text] Nel nostro caso specifico, la Terracotta \u00e8 prodotta a mano per mantenere le caratteristiche originali del prodotto. La produzione attraversa diverse fasi<span class=\"excerpt-hellip\"> [\u2026]<\/span><\/p>\n","protected":false},"author":1,"featured_media":0,"parent":0,"menu_order":0,"comment_status":"closed","ping_status":"closed","template":"","meta":{"footnotes":""},"class_list":["post-26299","page","type-page","status-publish","hentry"],"yoast_head":"<!-- This site is optimized with the Yoast SEO plugin v26.9 - https:\/\/yoast.com\/product\/yoast-seo-wordpress\/ -->\n<title>Processo di Produzione - Terracota do Algarve<\/title>\n<meta name=\"robots\" content=\"index, follow, max-snippet:-1, max-image-preview:large, max-video-preview:-1\" \/>\n<link rel=\"canonical\" href=\"https:\/\/terracotadoalgarve.com\/it\/processo-di-produzione\/\" \/>\n<meta property=\"og:locale\" content=\"it_IT\" \/>\n<meta property=\"og:type\" content=\"article\" \/>\n<meta property=\"og:title\" content=\"Processo di Produzione - Terracota do Algarve\" \/>\n<meta property=\"og:description\" content=\"[vc_row][vc_column width=&#8221;1\/3&#8243;][vc_video link=&#8221;https:\/\/www.youtube.com\/watch?v=yzL2zGJva5o&#8221;][\/vc_column][vc_column width=&#8221;2\/3&#8243;][vc_column_text] Nel nostro caso specifico, la Terracotta \u00e8 prodotta a mano per mantenere le caratteristiche originali del prodotto. La produzione attraversa diverse fasi [\u2026]\" \/>\n<meta property=\"og:url\" content=\"https:\/\/terracotadoalgarve.com\/it\/processo-di-produzione\/\" \/>\n<meta property=\"og:site_name\" content=\"Terracota do Algarve\" \/>\n<meta property=\"article:modified_time\" content=\"2022-06-09T20:08:15+00:00\" \/>\n<meta name=\"twitter:card\" content=\"summary_large_image\" \/>\n<meta name=\"twitter:label1\" content=\"Tempo di lettura stimato\" \/>\n\t<meta name=\"twitter:data1\" content=\"3 minuti\" \/>\n<script type=\"application\/ld+json\" class=\"yoast-schema-graph\">{\"@context\":\"https:\/\/schema.org\",\"@graph\":[{\"@type\":\"WebPage\",\"@id\":\"https:\/\/terracotadoalgarve.com\/it\/processo-di-produzione\/\",\"url\":\"https:\/\/terracotadoalgarve.com\/it\/processo-di-produzione\/\",\"name\":\"Processo di Produzione - Terracota do Algarve\",\"isPartOf\":{\"@id\":\"https:\/\/terracotadoalgarve.com\/it\/#website\"},\"datePublished\":\"2021-10-25T10:38:32+00:00\",\"dateModified\":\"2022-06-09T20:08:15+00:00\",\"breadcrumb\":{\"@id\":\"https:\/\/terracotadoalgarve.com\/it\/processo-di-produzione\/#breadcrumb\"},\"inLanguage\":\"it-IT\",\"potentialAction\":[{\"@type\":\"ReadAction\",\"target\":[\"https:\/\/terracotadoalgarve.com\/it\/processo-di-produzione\/\"]}]},{\"@type\":\"BreadcrumbList\",\"@id\":\"https:\/\/terracotadoalgarve.com\/it\/processo-di-produzione\/#breadcrumb\",\"itemListElement\":[{\"@type\":\"ListItem\",\"position\":1,\"name\":\"Home\",\"item\":\"https:\/\/terracotadoalgarve.com\/it\/\"},{\"@type\":\"ListItem\",\"position\":2,\"name\":\"Processo di Produzione\"}]},{\"@type\":\"WebSite\",\"@id\":\"https:\/\/terracotadoalgarve.com\/it\/#website\",\"url\":\"https:\/\/terracotadoalgarve.com\/it\/\",\"name\":\"Terracota do Algarve\",\"description\":\"Terracota tiles, Hydraulic cement tiles, Glazed tiles\",\"potentialAction\":[{\"@type\":\"SearchAction\",\"target\":{\"@type\":\"EntryPoint\",\"urlTemplate\":\"https:\/\/terracotadoalgarve.com\/it\/?s={search_term_string}\"},\"query-input\":{\"@type\":\"PropertyValueSpecification\",\"valueRequired\":true,\"valueName\":\"search_term_string\"}}],\"inLanguage\":\"it-IT\"}]}<\/script>\n<!-- \/ Yoast SEO plugin. -->","yoast_head_json":{"title":"Processo di Produzione - Terracota do Algarve","robots":{"index":"index","follow":"follow","max-snippet":"max-snippet:-1","max-image-preview":"max-image-preview:large","max-video-preview":"max-video-preview:-1"},"canonical":"https:\/\/terracotadoalgarve.com\/it\/processo-di-produzione\/","og_locale":"it_IT","og_type":"article","og_title":"Processo di Produzione - Terracota do Algarve","og_description":"[vc_row][vc_column width=&#8221;1\/3&#8243;][vc_video link=&#8221;https:\/\/www.youtube.com\/watch?v=yzL2zGJva5o&#8221;][\/vc_column][vc_column width=&#8221;2\/3&#8243;][vc_column_text] Nel nostro caso specifico, la Terracotta \u00e8 prodotta a mano per mantenere le caratteristiche originali del prodotto. La produzione attraversa diverse fasi [\u2026]","og_url":"https:\/\/terracotadoalgarve.com\/it\/processo-di-produzione\/","og_site_name":"Terracota do Algarve","article_modified_time":"2022-06-09T20:08:15+00:00","twitter_card":"summary_large_image","twitter_misc":{"Tempo di lettura stimato":"3 minuti"},"schema":{"@context":"https:\/\/schema.org","@graph":[{"@type":"WebPage","@id":"https:\/\/terracotadoalgarve.com\/it\/processo-di-produzione\/","url":"https:\/\/terracotadoalgarve.com\/it\/processo-di-produzione\/","name":"Processo di Produzione - Terracota do Algarve","isPartOf":{"@id":"https:\/\/terracotadoalgarve.com\/it\/#website"},"datePublished":"2021-10-25T10:38:32+00:00","dateModified":"2022-06-09T20:08:15+00:00","breadcrumb":{"@id":"https:\/\/terracotadoalgarve.com\/it\/processo-di-produzione\/#breadcrumb"},"inLanguage":"it-IT","potentialAction":[{"@type":"ReadAction","target":["https:\/\/terracotadoalgarve.com\/it\/processo-di-produzione\/"]}]},{"@type":"BreadcrumbList","@id":"https:\/\/terracotadoalgarve.com\/it\/processo-di-produzione\/#breadcrumb","itemListElement":[{"@type":"ListItem","position":1,"name":"Home","item":"https:\/\/terracotadoalgarve.com\/it\/"},{"@type":"ListItem","position":2,"name":"Processo di Produzione"}]},{"@type":"WebSite","@id":"https:\/\/terracotadoalgarve.com\/it\/#website","url":"https:\/\/terracotadoalgarve.com\/it\/","name":"Terracota do Algarve","description":"Terracota tiles, Hydraulic cement tiles, Glazed tiles","potentialAction":[{"@type":"SearchAction","target":{"@type":"EntryPoint","urlTemplate":"https:\/\/terracotadoalgarve.com\/it\/?s={search_term_string}"},"query-input":{"@type":"PropertyValueSpecification","valueRequired":true,"valueName":"search_term_string"}}],"inLanguage":"it-IT"}]}},"_links":{"self":[{"href":"https:\/\/terracotadoalgarve.com\/it\/wp-json\/wp\/v2\/pages\/26299","targetHints":{"allow":["GET"]}}],"collection":[{"href":"https:\/\/terracotadoalgarve.com\/it\/wp-json\/wp\/v2\/pages"}],"about":[{"href":"https:\/\/terracotadoalgarve.com\/it\/wp-json\/wp\/v2\/types\/page"}],"author":[{"embeddable":true,"href":"https:\/\/terracotadoalgarve.com\/it\/wp-json\/wp\/v2\/users\/1"}],"replies":[{"embeddable":true,"href":"https:\/\/terracotadoalgarve.com\/it\/wp-json\/wp\/v2\/comments?post=26299"}],"version-history":[{"count":0,"href":"https:\/\/terracotadoalgarve.com\/it\/wp-json\/wp\/v2\/pages\/26299\/revisions"}],"wp:attachment":[{"href":"https:\/\/terracotadoalgarve.com\/it\/wp-json\/wp\/v2\/media?parent=26299"}],"curies":[{"name":"wp","href":"https:\/\/api.w.org\/{rel}","templated":true}]}}