{"id":26295,"date":"2021-10-25T10:31:05","date_gmt":"2021-10-25T10:31:05","guid":{"rendered":"https:\/\/terracotadoalgarve.com\/it\/?page_id=26295"},"modified":"2022-06-09T20:07:11","modified_gmt":"2022-06-09T20:07:11","slug":"breve-riassunto-della-storia-della-ceramica","status":"publish","type":"page","link":"https:\/\/terracotadoalgarve.com\/it\/breve-riassunto-della-storia-della-ceramica\/","title":{"rendered":"Breve riassunto della storia della ceramica"},"content":{"rendered":"<div class=\"wpb-content-wrapper\"><p>[vc_row][vc_column width=&#8221;1\/4&#8243;][vc_single_image image=&#8221;26296&#8243; img_size=&#8221;full&#8221;][vc_single_image image=&#8221;26297&#8243; img_size=&#8221;full&#8221;][\/vc_column][vc_column width=&#8221;3\/4&#8243;][vc_column_text]<\/p>\n<div class=\"wpb_text_column wpb_content_element \">\n<div class=\"wpb_wrapper\">\n<p>Il vocabolo ceramica divarica dal vocabolo greco \u201d KERAMIKE\u201d che significa argilla e serve a nominare un assieme di attivit\u00e0 volte all\u00b4elaborazione di oggetti a partire dall\u00b4argilla stessa.<br \/>\nCi\u00f2 \u00e8 reso possibile grazie alle propriet\u00e0 contenutesi nell\u00b4argilla che la rendono assai flessibile e manipolabile, in modo da acquisire la resistenza e la durezza necessarie mediante un\u00b4adeguata cottura.<\/p>\n<\/div>\n<\/div>\n<div class=\"wpb_text_column wpb_content_element \">\n<div class=\"wpb_wrapper\">\n<p>La ceramica gi\u00e0 esisteva prima che arrivassero i romani, per\u00f2 sono stati loro,,, e pi\u00f9 tardi gli Arabi, a far sviluppare quest\u00b4attivit\u00e0. Infatti furono gli Arabi che introdussero la maggior parte delle tecniche utilizzate nel processo di lavorazione della ceramica, fatto sta che queste tecniche continuano ad essere utilizzate nella produzione di oggetti e materiali.<\/p>\n<\/div>\n<\/div>\n<p>[\/vc_column_text][\/vc_column][\/vc_row]<\/p>\n<\/div>","protected":false},"excerpt":{"rendered":"<p>[vc_row][vc_column width=&#8221;1\/4&#8243;][vc_single_image image=&#8221;26296&#8243; img_size=&#8221;full&#8221;][vc_single_image image=&#8221;26297&#8243; img_size=&#8221;full&#8221;][\/vc_column][vc_column width=&#8221;3\/4&#8243;][vc_column_text] Il vocabolo ceramica divarica dal vocabolo greco \u201d KERAMIKE\u201d che significa argilla e serve a nominare un assieme di<span class=\"excerpt-hellip\"> [\u2026]<\/span><\/p>\n","protected":false},"author":1,"featured_media":0,"parent":0,"menu_order":0,"comment_status":"closed","ping_status":"closed","template":"","meta":{"footnotes":""},"class_list":["post-26295","page","type-page","status-publish","hentry"],"yoast_head":"<!-- This site is optimized with the Yoast SEO plugin v26.9 - https:\/\/yoast.com\/product\/yoast-seo-wordpress\/ -->\n<title>Breve riassunto della storia della ceramica - Terracota do Algarve<\/title>\n<meta name=\"robots\" content=\"index, follow, max-snippet:-1, max-image-preview:large, max-video-preview:-1\" \/>\n<link rel=\"canonical\" href=\"https:\/\/terracotadoalgarve.com\/it\/breve-riassunto-della-storia-della-ceramica\/\" \/>\n<meta property=\"og:locale\" content=\"it_IT\" \/>\n<meta property=\"og:type\" content=\"article\" \/>\n<meta property=\"og:title\" content=\"Breve riassunto della storia della ceramica - Terracota do Algarve\" \/>\n<meta property=\"og:description\" content=\"[vc_row][vc_column width=&#8221;1\/4&#8243;][vc_single_image image=&#8221;26296&#8243; img_size=&#8221;full&#8221;][vc_single_image image=&#8221;26297&#8243; img_size=&#8221;full&#8221;][\/vc_column][vc_column width=&#8221;3\/4&#8243;][vc_column_text] Il vocabolo ceramica divarica dal vocabolo greco \u201d KERAMIKE\u201d che significa argilla e serve a nominare un assieme di [\u2026]\" \/>\n<meta property=\"og:url\" content=\"https:\/\/terracotadoalgarve.com\/it\/breve-riassunto-della-storia-della-ceramica\/\" \/>\n<meta property=\"og:site_name\" content=\"Terracota do Algarve\" \/>\n<meta property=\"article:modified_time\" content=\"2022-06-09T20:07:11+00:00\" \/>\n<meta name=\"twitter:card\" content=\"summary_large_image\" \/>\n<meta name=\"twitter:label1\" content=\"Tempo di lettura stimato\" \/>\n\t<meta name=\"twitter:data1\" content=\"1 minuto\" \/>\n<script type=\"application\/ld+json\" class=\"yoast-schema-graph\">{\"@context\":\"https:\/\/schema.org\",\"@graph\":[{\"@type\":\"WebPage\",\"@id\":\"https:\/\/terracotadoalgarve.com\/it\/breve-riassunto-della-storia-della-ceramica\/\",\"url\":\"https:\/\/terracotadoalgarve.com\/it\/breve-riassunto-della-storia-della-ceramica\/\",\"name\":\"Breve riassunto della storia della ceramica - Terracota do Algarve\",\"isPartOf\":{\"@id\":\"https:\/\/terracotadoalgarve.com\/it\/#website\"},\"datePublished\":\"2021-10-25T10:31:05+00:00\",\"dateModified\":\"2022-06-09T20:07:11+00:00\",\"breadcrumb\":{\"@id\":\"https:\/\/terracotadoalgarve.com\/it\/breve-riassunto-della-storia-della-ceramica\/#breadcrumb\"},\"inLanguage\":\"it-IT\",\"potentialAction\":[{\"@type\":\"ReadAction\",\"target\":[\"https:\/\/terracotadoalgarve.com\/it\/breve-riassunto-della-storia-della-ceramica\/\"]}]},{\"@type\":\"BreadcrumbList\",\"@id\":\"https:\/\/terracotadoalgarve.com\/it\/breve-riassunto-della-storia-della-ceramica\/#breadcrumb\",\"itemListElement\":[{\"@type\":\"ListItem\",\"position\":1,\"name\":\"Home\",\"item\":\"https:\/\/terracotadoalgarve.com\/it\/\"},{\"@type\":\"ListItem\",\"position\":2,\"name\":\"Breve riassunto della storia della ceramica\"}]},{\"@type\":\"WebSite\",\"@id\":\"https:\/\/terracotadoalgarve.com\/it\/#website\",\"url\":\"https:\/\/terracotadoalgarve.com\/it\/\",\"name\":\"Terracota do Algarve\",\"description\":\"Terracota tiles, Hydraulic cement tiles, Glazed tiles\",\"potentialAction\":[{\"@type\":\"SearchAction\",\"target\":{\"@type\":\"EntryPoint\",\"urlTemplate\":\"https:\/\/terracotadoalgarve.com\/it\/?s={search_term_string}\"},\"query-input\":{\"@type\":\"PropertyValueSpecification\",\"valueRequired\":true,\"valueName\":\"search_term_string\"}}],\"inLanguage\":\"it-IT\"}]}<\/script>\n<!-- \/ Yoast SEO plugin. -->","yoast_head_json":{"title":"Breve riassunto della storia della ceramica - Terracota do Algarve","robots":{"index":"index","follow":"follow","max-snippet":"max-snippet:-1","max-image-preview":"max-image-preview:large","max-video-preview":"max-video-preview:-1"},"canonical":"https:\/\/terracotadoalgarve.com\/it\/breve-riassunto-della-storia-della-ceramica\/","og_locale":"it_IT","og_type":"article","og_title":"Breve riassunto della storia della ceramica - Terracota do Algarve","og_description":"[vc_row][vc_column width=&#8221;1\/4&#8243;][vc_single_image image=&#8221;26296&#8243; img_size=&#8221;full&#8221;][vc_single_image image=&#8221;26297&#8243; img_size=&#8221;full&#8221;][\/vc_column][vc_column width=&#8221;3\/4&#8243;][vc_column_text] Il vocabolo ceramica divarica dal vocabolo greco \u201d KERAMIKE\u201d che significa argilla e serve a nominare un assieme di [\u2026]","og_url":"https:\/\/terracotadoalgarve.com\/it\/breve-riassunto-della-storia-della-ceramica\/","og_site_name":"Terracota do Algarve","article_modified_time":"2022-06-09T20:07:11+00:00","twitter_card":"summary_large_image","twitter_misc":{"Tempo di lettura stimato":"1 minuto"},"schema":{"@context":"https:\/\/schema.org","@graph":[{"@type":"WebPage","@id":"https:\/\/terracotadoalgarve.com\/it\/breve-riassunto-della-storia-della-ceramica\/","url":"https:\/\/terracotadoalgarve.com\/it\/breve-riassunto-della-storia-della-ceramica\/","name":"Breve riassunto della storia della ceramica - Terracota do Algarve","isPartOf":{"@id":"https:\/\/terracotadoalgarve.com\/it\/#website"},"datePublished":"2021-10-25T10:31:05+00:00","dateModified":"2022-06-09T20:07:11+00:00","breadcrumb":{"@id":"https:\/\/terracotadoalgarve.com\/it\/breve-riassunto-della-storia-della-ceramica\/#breadcrumb"},"inLanguage":"it-IT","potentialAction":[{"@type":"ReadAction","target":["https:\/\/terracotadoalgarve.com\/it\/breve-riassunto-della-storia-della-ceramica\/"]}]},{"@type":"BreadcrumbList","@id":"https:\/\/terracotadoalgarve.com\/it\/breve-riassunto-della-storia-della-ceramica\/#breadcrumb","itemListElement":[{"@type":"ListItem","position":1,"name":"Home","item":"https:\/\/terracotadoalgarve.com\/it\/"},{"@type":"ListItem","position":2,"name":"Breve riassunto della storia della ceramica"}]},{"@type":"WebSite","@id":"https:\/\/terracotadoalgarve.com\/it\/#website","url":"https:\/\/terracotadoalgarve.com\/it\/","name":"Terracota do Algarve","description":"Terracota tiles, Hydraulic cement tiles, Glazed tiles","potentialAction":[{"@type":"SearchAction","target":{"@type":"EntryPoint","urlTemplate":"https:\/\/terracotadoalgarve.com\/it\/?s={search_term_string}"},"query-input":{"@type":"PropertyValueSpecification","valueRequired":true,"valueName":"search_term_string"}}],"inLanguage":"it-IT"}]}},"_links":{"self":[{"href":"https:\/\/terracotadoalgarve.com\/it\/wp-json\/wp\/v2\/pages\/26295","targetHints":{"allow":["GET"]}}],"collection":[{"href":"https:\/\/terracotadoalgarve.com\/it\/wp-json\/wp\/v2\/pages"}],"about":[{"href":"https:\/\/terracotadoalgarve.com\/it\/wp-json\/wp\/v2\/types\/page"}],"author":[{"embeddable":true,"href":"https:\/\/terracotadoalgarve.com\/it\/wp-json\/wp\/v2\/users\/1"}],"replies":[{"embeddable":true,"href":"https:\/\/terracotadoalgarve.com\/it\/wp-json\/wp\/v2\/comments?post=26295"}],"version-history":[{"count":0,"href":"https:\/\/terracotadoalgarve.com\/it\/wp-json\/wp\/v2\/pages\/26295\/revisions"}],"wp:attachment":[{"href":"https:\/\/terracotadoalgarve.com\/it\/wp-json\/wp\/v2\/media?parent=26295"}],"curies":[{"name":"wp","href":"https:\/\/api.w.org\/{rel}","templated":true}]}}