{"id":26208,"date":"2021-10-25T07:29:28","date_gmt":"2021-10-25T07:29:28","guid":{"rendered":"https:\/\/terracotadoalgarve.com\/it\/?page_id=26208"},"modified":"2022-06-09T20:06:24","modified_gmt":"2022-06-09T20:06:24","slug":"benefici-e-vantaggi-del-cotto","status":"publish","type":"page","link":"https:\/\/terracotadoalgarve.com\/it\/benefici-e-vantaggi-del-cotto\/","title":{"rendered":"Benefici e vantaggi del Cotto"},"content":{"rendered":"<div class=\"wpb-content-wrapper\"><p>[vc_row][vc_column width=&#8221;1\/4&#8243;][vc_single_image image=&#8221;26209&#8243; img_size=&#8221;full&#8221;][\/vc_column][vc_column width=&#8221;3\/4&#8243;][vc_column_text]<\/p>\n<p style=\"text-align: left;\" align=\"center\">Quando si sceglie un piano ha molte opzioni, tra cui le piastrelle di\u00a0<strong>terracotta o manuale<\/strong>. Diversi fattori distinguono da altri tipi di pavimenti in cotto, e anche se l\u2019effetto visivo, risultato decorativo \u00e8 uno che la maggior parte dei consumatori tenere conto, la verit\u00e0 \u00e8 che il cotto ha molti vantaggi.<\/p>\n<p>La piastrella cosiddetta \u00e8 molto versatile e pu\u00f2 essere utilizzato sia sui terrazzi e nei salotti, camere da letto, cucine, bagni, ogni stanza della vostra casa. Pu\u00f2 anche essere combinato con pietra, legno o altri materiali. Infine, il limite \u00e8 la vostra immaginazione.<\/p>\n<p>Di seguito sono riportati alcuni benefici e vantaggi del suo utilizzo:<\/p>\n<ul>\n<li>\n<h3>FACILIT\u00c0 DI MANUTENZIONE<\/h3>\n<\/li>\n<\/ul>\n<p>Una volta applicato e trattati, la tegola di terracotta non richiede alcuna manutenzione particolare, dato che \u00e8 impermeabile, consentendo una facile pulizia.<\/p>\n<ul>\n<li>\n<h3>VERSATILIT\u00c0<\/h3>\n<\/li>\n<\/ul>\n<p>Il pavimento in cotto pu\u00f2 essere applicato in qualsiasi punto della casa o locali commerciali, nonch\u00e9 per pareti, soffitti, controsoffitti, pareti, pilastri, quello che la vostra immaginazione e creativit\u00e0.<\/p>\n<ul>\n<li>\n<h3>DUREVOLEZZA E RESISTENZA<\/h3>\n<\/li>\n<\/ul>\n<p>Gli antichi romani conoscevano i benefici della\u00a0<strong>terracotta<\/strong>, in termini di longevit\u00e0 e di tale caratteristica si \u00e8 persa nel corso della storia. In effetti, la terracotta \u00e8 resistente alla luce solare, mantenendo il suo colore inalterato nel corso degli anni, anche in luoghi di grande esposizione. E \u2018resistente a urti e sbalzi di temperatura. Le piastrelle di ceramica sono anche a prova di fuoco, a differenza di come pavimenti in legno, pietra e altri di origine sintetica.<\/p>\n<ul>\n<li>\n<h3>ANTI-SCIVOLO<\/h3>\n<\/li>\n<\/ul>\n<p>Molto utile su rampe, scale, nei pressi di una piscina o su superfici frequentate da anziani, bambini o persone con qualche tipo di disabilit\u00e0 motoria.<\/p>\n<ul>\n<li>\n<h3>FLESSIBILIT\u00c0 NEL DESIGN E DIMENSIONI<\/h3>\n<\/li>\n<\/ul>\n<p>Ci sono una variet\u00e0 di formati: 15\u00d715 cm, 20\u00d720 cm, cm 25\u00d725, cm 30\u00d730, cm 30\u00d715, ottagonale, esagonale, ecc Potrebbe anche essere possibile misurare o per un diverso formato, al fine di ottenere un pavimento completamente originale, come ogni client. Inoltre sono infinite combinazioni che possono essere fatte tra diversi tipi di terracotta.<\/p>\n<ul>\n<li>\n<h3>FACILE DA RIPARARE<\/h3>\n<\/li>\n<\/ul>\n<p>Anche se la ceramica \u00e8 robusto, c\u2019\u00e8 ancora la possibilit\u00e0 di danni. Quando questo accade, la loro riparazione \u00e8 molto semplice e amichevole: basta rimuovere le parti danneggiate, pulito e re-post di quelli nuovi. Non lasciare rimuovere un intero settore a causa di un accordo di poco, come nel caso della maggior parte dei ponti. E \u2018importante ricordare che quando si effettua una terra nuova, dovrebbe essere con alcuni pezzi da usare in future riparazioni o modifiche.<\/p>\n<ul>\n<li>\n<h3>INVESTIMENTO PER IL FUTURO<\/h3>\n<\/li>\n<\/ul>\n<p>Mentre la maggior parte dei ponti, tuttavia essi sono moderni, sono obsoleti in termini di estetica nel corso degli anni, la terracotta per essere un classico, materiale naturale risulta essere senza tempo. Questo \u00e8 molto importante perch\u00e9 contraddice l\u2019attuale tendenza dei valori a casa in declino.<\/p>\n<ul>\n<li>\n<h3>NATURALE ED ECOLOGICO<\/h3>\n<\/li>\n<\/ul>\n<p>La tegola in cotto viene fatto manualmente o con un unico materiale: creta o argilla, naturale e rispettoso dell\u2019ambiente con le propriet\u00e0 eccellenti. Per millenni i cibi venivano cotti e serviti in contenitori di creta. Clay \u00e8 utilizzato anche per scopi medicinali e in vari trattamenti estetici. Quindi nessun rischio di allergie per i materiali usati nella costruzione e decorazione della vostra casa.<\/p>\n<p>Perch\u00e9 non hanno il pavimento della sua casa fatta di questo materiale che ci ha accompagnato tutta la nostra storia?[\/vc_column_text][\/vc_column][\/vc_row]<\/p>\n<\/div>","protected":false},"excerpt":{"rendered":"<p>[vc_row][vc_column width=&#8221;1\/4&#8243;][vc_single_image image=&#8221;26209&#8243; img_size=&#8221;full&#8221;][\/vc_column][vc_column width=&#8221;3\/4&#8243;][vc_column_text] Quando si sceglie un piano ha molte opzioni, tra cui le piastrelle di\u00a0terracotta o manuale. Diversi fattori distinguono da altri tipi<span class=\"excerpt-hellip\"> [\u2026]<\/span><\/p>\n","protected":false},"author":1,"featured_media":0,"parent":0,"menu_order":0,"comment_status":"closed","ping_status":"closed","template":"","meta":{"footnotes":""},"class_list":["post-26208","page","type-page","status-publish","hentry"],"yoast_head":"<!-- This site is optimized with the Yoast SEO plugin v26.9 - https:\/\/yoast.com\/product\/yoast-seo-wordpress\/ -->\n<title>Benefici e vantaggi del Cotto - Terracota do Algarve<\/title>\n<meta name=\"robots\" content=\"index, follow, max-snippet:-1, max-image-preview:large, max-video-preview:-1\" \/>\n<link rel=\"canonical\" href=\"https:\/\/terracotadoalgarve.com\/it\/benefici-e-vantaggi-del-cotto\/\" \/>\n<meta property=\"og:locale\" content=\"it_IT\" \/>\n<meta property=\"og:type\" content=\"article\" \/>\n<meta property=\"og:title\" content=\"Benefici e vantaggi del Cotto - Terracota do Algarve\" \/>\n<meta property=\"og:description\" content=\"[vc_row][vc_column width=&#8221;1\/4&#8243;][vc_single_image image=&#8221;26209&#8243; img_size=&#8221;full&#8221;][\/vc_column][vc_column width=&#8221;3\/4&#8243;][vc_column_text] Quando si sceglie un piano ha molte opzioni, tra cui le piastrelle di\u00a0terracotta o manuale. Diversi fattori distinguono da altri tipi [\u2026]\" \/>\n<meta property=\"og:url\" content=\"https:\/\/terracotadoalgarve.com\/it\/benefici-e-vantaggi-del-cotto\/\" \/>\n<meta property=\"og:site_name\" content=\"Terracota do Algarve\" \/>\n<meta property=\"article:modified_time\" content=\"2022-06-09T20:06:24+00:00\" \/>\n<meta name=\"twitter:card\" content=\"summary_large_image\" \/>\n<meta name=\"twitter:label1\" content=\"Tempo di lettura stimato\" \/>\n\t<meta name=\"twitter:data1\" content=\"3 minuti\" \/>\n<script type=\"application\/ld+json\" class=\"yoast-schema-graph\">{\"@context\":\"https:\/\/schema.org\",\"@graph\":[{\"@type\":\"WebPage\",\"@id\":\"https:\/\/terracotadoalgarve.com\/it\/benefici-e-vantaggi-del-cotto\/\",\"url\":\"https:\/\/terracotadoalgarve.com\/it\/benefici-e-vantaggi-del-cotto\/\",\"name\":\"Benefici e vantaggi del Cotto - Terracota do Algarve\",\"isPartOf\":{\"@id\":\"https:\/\/terracotadoalgarve.com\/it\/#website\"},\"datePublished\":\"2021-10-25T07:29:28+00:00\",\"dateModified\":\"2022-06-09T20:06:24+00:00\",\"breadcrumb\":{\"@id\":\"https:\/\/terracotadoalgarve.com\/it\/benefici-e-vantaggi-del-cotto\/#breadcrumb\"},\"inLanguage\":\"it-IT\",\"potentialAction\":[{\"@type\":\"ReadAction\",\"target\":[\"https:\/\/terracotadoalgarve.com\/it\/benefici-e-vantaggi-del-cotto\/\"]}]},{\"@type\":\"BreadcrumbList\",\"@id\":\"https:\/\/terracotadoalgarve.com\/it\/benefici-e-vantaggi-del-cotto\/#breadcrumb\",\"itemListElement\":[{\"@type\":\"ListItem\",\"position\":1,\"name\":\"Home\",\"item\":\"https:\/\/terracotadoalgarve.com\/it\/\"},{\"@type\":\"ListItem\",\"position\":2,\"name\":\"Benefici e vantaggi del Cotto\"}]},{\"@type\":\"WebSite\",\"@id\":\"https:\/\/terracotadoalgarve.com\/it\/#website\",\"url\":\"https:\/\/terracotadoalgarve.com\/it\/\",\"name\":\"Terracota do Algarve\",\"description\":\"Terracota tiles, Hydraulic cement tiles, Glazed tiles\",\"potentialAction\":[{\"@type\":\"SearchAction\",\"target\":{\"@type\":\"EntryPoint\",\"urlTemplate\":\"https:\/\/terracotadoalgarve.com\/it\/?s={search_term_string}\"},\"query-input\":{\"@type\":\"PropertyValueSpecification\",\"valueRequired\":true,\"valueName\":\"search_term_string\"}}],\"inLanguage\":\"it-IT\"}]}<\/script>\n<!-- \/ Yoast SEO plugin. -->","yoast_head_json":{"title":"Benefici e vantaggi del Cotto - Terracota do Algarve","robots":{"index":"index","follow":"follow","max-snippet":"max-snippet:-1","max-image-preview":"max-image-preview:large","max-video-preview":"max-video-preview:-1"},"canonical":"https:\/\/terracotadoalgarve.com\/it\/benefici-e-vantaggi-del-cotto\/","og_locale":"it_IT","og_type":"article","og_title":"Benefici e vantaggi del Cotto - Terracota do Algarve","og_description":"[vc_row][vc_column width=&#8221;1\/4&#8243;][vc_single_image image=&#8221;26209&#8243; img_size=&#8221;full&#8221;][\/vc_column][vc_column width=&#8221;3\/4&#8243;][vc_column_text] Quando si sceglie un piano ha molte opzioni, tra cui le piastrelle di\u00a0terracotta o manuale. Diversi fattori distinguono da altri tipi [\u2026]","og_url":"https:\/\/terracotadoalgarve.com\/it\/benefici-e-vantaggi-del-cotto\/","og_site_name":"Terracota do Algarve","article_modified_time":"2022-06-09T20:06:24+00:00","twitter_card":"summary_large_image","twitter_misc":{"Tempo di lettura stimato":"3 minuti"},"schema":{"@context":"https:\/\/schema.org","@graph":[{"@type":"WebPage","@id":"https:\/\/terracotadoalgarve.com\/it\/benefici-e-vantaggi-del-cotto\/","url":"https:\/\/terracotadoalgarve.com\/it\/benefici-e-vantaggi-del-cotto\/","name":"Benefici e vantaggi del Cotto - Terracota do Algarve","isPartOf":{"@id":"https:\/\/terracotadoalgarve.com\/it\/#website"},"datePublished":"2021-10-25T07:29:28+00:00","dateModified":"2022-06-09T20:06:24+00:00","breadcrumb":{"@id":"https:\/\/terracotadoalgarve.com\/it\/benefici-e-vantaggi-del-cotto\/#breadcrumb"},"inLanguage":"it-IT","potentialAction":[{"@type":"ReadAction","target":["https:\/\/terracotadoalgarve.com\/it\/benefici-e-vantaggi-del-cotto\/"]}]},{"@type":"BreadcrumbList","@id":"https:\/\/terracotadoalgarve.com\/it\/benefici-e-vantaggi-del-cotto\/#breadcrumb","itemListElement":[{"@type":"ListItem","position":1,"name":"Home","item":"https:\/\/terracotadoalgarve.com\/it\/"},{"@type":"ListItem","position":2,"name":"Benefici e vantaggi del Cotto"}]},{"@type":"WebSite","@id":"https:\/\/terracotadoalgarve.com\/it\/#website","url":"https:\/\/terracotadoalgarve.com\/it\/","name":"Terracota do Algarve","description":"Terracota tiles, Hydraulic cement tiles, Glazed tiles","potentialAction":[{"@type":"SearchAction","target":{"@type":"EntryPoint","urlTemplate":"https:\/\/terracotadoalgarve.com\/it\/?s={search_term_string}"},"query-input":{"@type":"PropertyValueSpecification","valueRequired":true,"valueName":"search_term_string"}}],"inLanguage":"it-IT"}]}},"_links":{"self":[{"href":"https:\/\/terracotadoalgarve.com\/it\/wp-json\/wp\/v2\/pages\/26208","targetHints":{"allow":["GET"]}}],"collection":[{"href":"https:\/\/terracotadoalgarve.com\/it\/wp-json\/wp\/v2\/pages"}],"about":[{"href":"https:\/\/terracotadoalgarve.com\/it\/wp-json\/wp\/v2\/types\/page"}],"author":[{"embeddable":true,"href":"https:\/\/terracotadoalgarve.com\/it\/wp-json\/wp\/v2\/users\/1"}],"replies":[{"embeddable":true,"href":"https:\/\/terracotadoalgarve.com\/it\/wp-json\/wp\/v2\/comments?post=26208"}],"version-history":[{"count":0,"href":"https:\/\/terracotadoalgarve.com\/it\/wp-json\/wp\/v2\/pages\/26208\/revisions"}],"wp:attachment":[{"href":"https:\/\/terracotadoalgarve.com\/it\/wp-json\/wp\/v2\/media?parent=26208"}],"curies":[{"name":"wp","href":"https:\/\/api.w.org\/{rel}","templated":true}]}}