{"id":25848,"date":"2021-10-24T15:26:04","date_gmt":"2021-10-24T15:26:04","guid":{"rendered":"https:\/\/terracotadoalgarve.com\/it\/?page_id=25848"},"modified":"2022-05-30T11:39:09","modified_gmt":"2022-05-30T11:39:09","slug":"decorazione-rustica","status":"publish","type":"page","link":"https:\/\/terracotadoalgarve.com\/it\/decorazione-rustica\/","title":{"rendered":"Decorazione Rustica"},"content":{"rendered":"<div class=\"wpb-content-wrapper\"><p>[vc_row][vc_column width=&#8221;1\/3&#8243;][vc_single_image image=&#8221;25850&#8243; img_size=&#8221;full&#8221;][\/vc_column][vc_column width=&#8221;2\/3&#8243;][vc_column_text]<\/p>\n<div>Quando costruiamo una casa o la sua ristrutturazione, la decorazione deve sempre essere pensata dall\u2019inizio del lavoro. Nel caso delle case tradizionali \/ classiche, non \u00e8 solo l\u2019architettura che conta, essendo fondamentale completarlo con mobili rustici e altri accessori capaci di creare l\u2019ambiente desiderato. Una casa rustica deve essere confortevole e funzionale, offrendoci momenti di pace e relax ed essere quindi la scelta giusta per le vacanze o per l\u2019alloggio permanente. La nostra casa dice molto di noi, e la decorazione \u00e8 un riflesso della nostra personalit\u00e0 materializzata nel nostro spazio quotidiano.<\/div>\n<div>\n<p>Decorare le case \u00e8 un compito difficile. Pertanto, in modo da non avere problemi sia nella costruzione che nella decorazione, devi essere attento a tutti i dettagli, cercando sempre di trovare idee di decorazione originale, per non essere solo un\u2019altra casa, come tante altre. Il modo pi\u00f9 semplice per ottenere risultati \u00e8 attraverso un decoratore professionista, tuttavia, i decoratori buoni sono molto costosi e non tutti noi siamo in grado di permetterci cos\u00ec tanti soldi. Quindi, con un po \u2018di ricerca e creativit\u00e0, possiamo ottenere lo stesso risultato e ancora imparare qualcosa su di esso.<\/p>\n<\/div>\n<div>\n<p>Qui vi forniremo alcuni suggerimenti e idee per facilitare il vostro lavoro, sia sulla costruzione o ristrutturazione della casa, o sulla sua decorazione, dopo che i lavori sono stati completati. I fattori importanti nella scelta della decorazione giusta sono: colori, mobili, elementi decorativi, illuminazione, ecc. Tutto deve essere secondo l\u2019architettura della casa e ci\u00f2 che si desidera che il risultato finale sia. \u00c8 anche molto importante scegliere i materiali da costruzione da utilizzare: pavimenti, coperture, rivestimenti, ecc.<\/p>\n<\/div>\n<div>Quando \u00e8 il momento di arredare la casa, hai due possibilit\u00e0: utilizzare vecchi mobili, ben mantenuti o restaurati, oppure optare per mobili nuovi, di tipo rustico. La prima opzione ha il vantaggio di acquistare mobili originali e con loro un po \u2018di storia. Nelle case di campagna, la decorazione deve essere in accordo con l\u2019ambiente circostante: i materiali e le decorazioni devono essere correlati all\u2019ambiente che circonda la casa.<\/div>\n<p>[\/vc_column_text][\/vc_column][\/vc_row][vc_row][vc_column width=&#8221;1\/3&#8243;][vc_single_image image=&#8221;25851&#8243; img_size=&#8221;full&#8221;][\/vc_column][vc_column width=&#8221;2\/3&#8243;][vc_column_text]Anche l\u2019illuminazione \u00e8 molto importante per creare ambienti piacevoli. La decorazione rustica consente una grande variet\u00e0 di scelta in lampade e apparecchi di illuminazione, fornendo una piacevole sensazione a coloro che si trovano nello spazio illuminato. Le lampade possono assumere molte forme, ma idealizzano sempre una lampada realizzata con materiali tradizionali come tessuto, ferro, legno o terracotta.<\/p>\n<p>Per mantenere lo spirito decorativo rustico, le stanze dovrebbero essere decorate con legno o possibilmente in ferro battuto. Anche i tessuti naturali si adattano molto bene a questo tipo di decorazione. Le tende delle case tipiche non devono essere stravaganti, devono essere fatte con tessuti e canne semplici, al fine di ottenere un effetto elegante e contestualizzato. Le tende possono assumere molte forme e colori, ci\u00f2 che determina la scelta \u00e8 il tuo gusto personale. Coperte, tappeti e parquet nelle camere sono l\u2019immagine di marca nelle case rustiche. Poltrone e poggiapiedi offrono un ulteriore comfort.<\/p>\n<p>\u00c8 possibile utilizzare una vecchia cassettiera per creare un mobile da toilette, rimuovere la parte superiore e posizionare un piano in legno, pietra naturale o addirittura vetro. \u00c8 a tua discrezione. L\u2019uso di vecchie ruote per creare un tavolino \u00e8 un\u2019idea originale e perfettamente incorniciata nel concetto di decorazione rustica. Usando un piede in legno e un piano in vetro, il risultato \u00e8 molto buono.<\/p>\n<p>I caminetti sono uno dei segni distintivi delle case rustiche, essendo una \u201cSalamandra\u201d anche una buona soluzione. L\u2019ideale \u00e8 avere divani o puf nelle vicinanze, perch\u00e9 maggiore \u00e8 il comfort vicino al camino, pi\u00f9 tempo si vuole trascorrere accanto ad esso. I cuscini per sedie in vimini sono una buona soluzione per il comfort: puoi usare tessuti di vari colori. Tieni sempre un piccolo spazio per la legna da ardere. Il comfort offerto da un caminetto naturale attrae lunghe ore di conversazione nella notte nelle fredde giornate invernali.<\/p>\n<p>Una cucina tradizionale pu\u00f2 offrire tutto il comfort di una cucina moderna, basta avere gli utensili giusti. I controsoffitti della cucina assumono una nuova dimensione in questo tipo di decorazione e spesso vedrai molti utensili appesi lungo le pareti. Le tazze appese all\u2019interno e sotto i mobili sospesi rendono l\u2019arredamento ancora pi\u00f9 rustico. Creare un piano cucina in questo tipo di casa \u00e8 facile, basta idealizzarlo e costruirlo con materiali nel contesto: puoi giocare con panche alte per creare uno spazio piacevole per bere qualcosa o anche per stare con gli amici pi\u00f9 cari, prendendo del tempo insieme mentre godendo la tua casa.<\/p>\n<p>La particolarit\u00e0 della decorazione \u00e8 di usare tutto ci\u00f2 che ci circonda: a volte sono i pezzi pi\u00f9 semplici che si distinguono. Ecco alcune soluzioni creative con buoni effetti: cestini, aquiloni, panche e appendini in legno sono facili da ottenere e indubbiamente danno fascino all\u2019arredamento di una casa.<\/p>\n<p>L\u2019arredamento rustico pu\u00f2 essere fonte di ispirazione anche per gli edifici pi\u00f9 moderni. Decorare una casa rustica, oltre ad essere divertente, ci aiuta ad avvicinarci alle nostre origini. Queste case sono l\u2019ideale per chi cerca la freschezza in estate e il calore in inverno: le case in pietra e cotto hanno questa particolarit\u00e0.<\/p>\n<p>I gradini possono essere decorati con arazzi o rivestimenti in moquette, ottimi per chi ama camminare a piedi nudi in giro per casa. Non preoccuparti se il tuo figlio minore cammina a piedi nudi, con i tappeti \u00e8 improbabile che si stia stancando. Su superfici troppo levigate, si consiglia di posizionare tappetini antiscivolo, quindi non c\u2019\u00e8 rischio che il tappeto scivoli sotto i piedi.<\/p>\n<p>Un altro componente interessante di una casa rustica \u00e8 il giardino, perch\u00e9 poche sono le case di citt\u00e0 con un giardino in armonia con la natura. Usa panche di legno, appendi un altalena su un albero, fai panchine in pietra o usa tronchi d\u2019albero per creare panchine e sedie, ecc. Anche i legni pi\u00f9 sconnessi prendono vita dopo essere stati trattati.<\/p>\n<p>In breve, usa tutto ci\u00f2 che ti circonda e ricorda che una casa rustica \u00e8 tutto ci\u00f2 che una casa di citt\u00e0 non pu\u00f2 essere.[\/vc_column_text][\/vc_column][\/vc_row]<\/p>\n<\/div>","protected":false},"excerpt":{"rendered":"<p>[vc_row][vc_column width=&#8221;1\/3&#8243;][vc_single_image image=&#8221;25850&#8243; img_size=&#8221;full&#8221;][\/vc_column][vc_column width=&#8221;2\/3&#8243;][vc_column_text] Quando costruiamo una casa o la sua ristrutturazione, la decorazione deve sempre essere pensata dall\u2019inizio del lavoro. Nel caso delle case<span class=\"excerpt-hellip\"> [\u2026]<\/span><\/p>\n","protected":false},"author":1,"featured_media":0,"parent":0,"menu_order":0,"comment_status":"closed","ping_status":"closed","template":"","meta":{"footnotes":""},"class_list":["post-25848","page","type-page","status-publish","hentry"],"yoast_head":"<!-- This site is optimized with the Yoast SEO plugin v26.9 - https:\/\/yoast.com\/product\/yoast-seo-wordpress\/ -->\n<title>Decorazione Rustica - Terracota do Algarve<\/title>\n<meta name=\"robots\" content=\"index, follow, max-snippet:-1, max-image-preview:large, max-video-preview:-1\" \/>\n<link rel=\"canonical\" href=\"https:\/\/terracotadoalgarve.com\/it\/decorazione-rustica\/\" \/>\n<meta property=\"og:locale\" content=\"it_IT\" \/>\n<meta property=\"og:type\" content=\"article\" \/>\n<meta property=\"og:title\" content=\"Decorazione Rustica - Terracota do Algarve\" \/>\n<meta property=\"og:description\" content=\"[vc_row][vc_column width=&#8221;1\/3&#8243;][vc_single_image image=&#8221;25850&#8243; img_size=&#8221;full&#8221;][\/vc_column][vc_column width=&#8221;2\/3&#8243;][vc_column_text] Quando costruiamo una casa o la sua ristrutturazione, la decorazione deve sempre essere pensata dall\u2019inizio del lavoro. Nel caso delle case [\u2026]\" \/>\n<meta property=\"og:url\" content=\"https:\/\/terracotadoalgarve.com\/it\/decorazione-rustica\/\" \/>\n<meta property=\"og:site_name\" content=\"Terracota do Algarve\" \/>\n<meta property=\"article:modified_time\" content=\"2022-05-30T11:39:09+00:00\" \/>\n<meta name=\"twitter:card\" content=\"summary_large_image\" \/>\n<meta name=\"twitter:label1\" content=\"Tempo di lettura stimato\" \/>\n\t<meta name=\"twitter:data1\" content=\"6 minuti\" \/>\n<script type=\"application\/ld+json\" class=\"yoast-schema-graph\">{\"@context\":\"https:\/\/schema.org\",\"@graph\":[{\"@type\":\"WebPage\",\"@id\":\"https:\/\/terracotadoalgarve.com\/it\/decorazione-rustica\/\",\"url\":\"https:\/\/terracotadoalgarve.com\/it\/decorazione-rustica\/\",\"name\":\"Decorazione Rustica - Terracota do Algarve\",\"isPartOf\":{\"@id\":\"https:\/\/terracotadoalgarve.com\/it\/#website\"},\"datePublished\":\"2021-10-24T15:26:04+00:00\",\"dateModified\":\"2022-05-30T11:39:09+00:00\",\"breadcrumb\":{\"@id\":\"https:\/\/terracotadoalgarve.com\/it\/decorazione-rustica\/#breadcrumb\"},\"inLanguage\":\"it-IT\",\"potentialAction\":[{\"@type\":\"ReadAction\",\"target\":[\"https:\/\/terracotadoalgarve.com\/it\/decorazione-rustica\/\"]}]},{\"@type\":\"BreadcrumbList\",\"@id\":\"https:\/\/terracotadoalgarve.com\/it\/decorazione-rustica\/#breadcrumb\",\"itemListElement\":[{\"@type\":\"ListItem\",\"position\":1,\"name\":\"Home\",\"item\":\"https:\/\/terracotadoalgarve.com\/it\/\"},{\"@type\":\"ListItem\",\"position\":2,\"name\":\"Decorazione Rustica\"}]},{\"@type\":\"WebSite\",\"@id\":\"https:\/\/terracotadoalgarve.com\/it\/#website\",\"url\":\"https:\/\/terracotadoalgarve.com\/it\/\",\"name\":\"Terracota do Algarve\",\"description\":\"Terracota tiles, Hydraulic cement tiles, Glazed tiles\",\"potentialAction\":[{\"@type\":\"SearchAction\",\"target\":{\"@type\":\"EntryPoint\",\"urlTemplate\":\"https:\/\/terracotadoalgarve.com\/it\/?s={search_term_string}\"},\"query-input\":{\"@type\":\"PropertyValueSpecification\",\"valueRequired\":true,\"valueName\":\"search_term_string\"}}],\"inLanguage\":\"it-IT\"}]}<\/script>\n<!-- \/ Yoast SEO plugin. -->","yoast_head_json":{"title":"Decorazione Rustica - Terracota do Algarve","robots":{"index":"index","follow":"follow","max-snippet":"max-snippet:-1","max-image-preview":"max-image-preview:large","max-video-preview":"max-video-preview:-1"},"canonical":"https:\/\/terracotadoalgarve.com\/it\/decorazione-rustica\/","og_locale":"it_IT","og_type":"article","og_title":"Decorazione Rustica - Terracota do Algarve","og_description":"[vc_row][vc_column width=&#8221;1\/3&#8243;][vc_single_image image=&#8221;25850&#8243; img_size=&#8221;full&#8221;][\/vc_column][vc_column width=&#8221;2\/3&#8243;][vc_column_text] Quando costruiamo una casa o la sua ristrutturazione, la decorazione deve sempre essere pensata dall\u2019inizio del lavoro. Nel caso delle case [\u2026]","og_url":"https:\/\/terracotadoalgarve.com\/it\/decorazione-rustica\/","og_site_name":"Terracota do Algarve","article_modified_time":"2022-05-30T11:39:09+00:00","twitter_card":"summary_large_image","twitter_misc":{"Tempo di lettura stimato":"6 minuti"},"schema":{"@context":"https:\/\/schema.org","@graph":[{"@type":"WebPage","@id":"https:\/\/terracotadoalgarve.com\/it\/decorazione-rustica\/","url":"https:\/\/terracotadoalgarve.com\/it\/decorazione-rustica\/","name":"Decorazione Rustica - Terracota do Algarve","isPartOf":{"@id":"https:\/\/terracotadoalgarve.com\/it\/#website"},"datePublished":"2021-10-24T15:26:04+00:00","dateModified":"2022-05-30T11:39:09+00:00","breadcrumb":{"@id":"https:\/\/terracotadoalgarve.com\/it\/decorazione-rustica\/#breadcrumb"},"inLanguage":"it-IT","potentialAction":[{"@type":"ReadAction","target":["https:\/\/terracotadoalgarve.com\/it\/decorazione-rustica\/"]}]},{"@type":"BreadcrumbList","@id":"https:\/\/terracotadoalgarve.com\/it\/decorazione-rustica\/#breadcrumb","itemListElement":[{"@type":"ListItem","position":1,"name":"Home","item":"https:\/\/terracotadoalgarve.com\/it\/"},{"@type":"ListItem","position":2,"name":"Decorazione Rustica"}]},{"@type":"WebSite","@id":"https:\/\/terracotadoalgarve.com\/it\/#website","url":"https:\/\/terracotadoalgarve.com\/it\/","name":"Terracota do Algarve","description":"Terracota tiles, Hydraulic cement tiles, Glazed tiles","potentialAction":[{"@type":"SearchAction","target":{"@type":"EntryPoint","urlTemplate":"https:\/\/terracotadoalgarve.com\/it\/?s={search_term_string}"},"query-input":{"@type":"PropertyValueSpecification","valueRequired":true,"valueName":"search_term_string"}}],"inLanguage":"it-IT"}]}},"_links":{"self":[{"href":"https:\/\/terracotadoalgarve.com\/it\/wp-json\/wp\/v2\/pages\/25848","targetHints":{"allow":["GET"]}}],"collection":[{"href":"https:\/\/terracotadoalgarve.com\/it\/wp-json\/wp\/v2\/pages"}],"about":[{"href":"https:\/\/terracotadoalgarve.com\/it\/wp-json\/wp\/v2\/types\/page"}],"author":[{"embeddable":true,"href":"https:\/\/terracotadoalgarve.com\/it\/wp-json\/wp\/v2\/users\/1"}],"replies":[{"embeddable":true,"href":"https:\/\/terracotadoalgarve.com\/it\/wp-json\/wp\/v2\/comments?post=25848"}],"version-history":[{"count":0,"href":"https:\/\/terracotadoalgarve.com\/it\/wp-json\/wp\/v2\/pages\/25848\/revisions"}],"wp:attachment":[{"href":"https:\/\/terracotadoalgarve.com\/it\/wp-json\/wp\/v2\/media?parent=25848"}],"curies":[{"name":"wp","href":"https:\/\/api.w.org\/{rel}","templated":true}]}}