{"id":27118,"date":"2023-07-12T09:31:24","date_gmt":"2023-07-12T09:31:24","guid":{"rendered":"https:\/\/terracotadoalgarve.com\/fr\/produto\/ref-201-carreau-santa-catarina-30x15-cm-avec-rayures-copy\/"},"modified":"2023-07-12T11:54:08","modified_gmt":"2023-07-12T11:54:08","slug":"ref-470-terre-cuite-alcazar-croix-etoile-10x10-cm","status":"publish","type":"product","link":"https:\/\/terracotadoalgarve.com\/fr\/produto\/ref-470-terre-cuite-alcazar-croix-etoile-10x10-cm\/","title":{"rendered":"R\u00e9f 470 : Terre cuite Alcazar Croix + \u00c9toile 10&#215;10 cm"},"content":{"rendered":"","protected":false},"excerpt":{"rendered":"<p>Petit carreau mesurant environ 10&#215;10 cm en forme d&rsquo;\u00e9toile d&rsquo;Alcazar. Avec une inspiration marocaine et des tons clairs, il ajoute une touche sp\u00e9ciale \u00e0 votre d\u00e9coration int\u00e9rieure.<\/p>\n","protected":false},"featured_media":27120,"comment_status":"closed","ping_status":"closed","template":"","meta":{"_monsterinsights_skip_tracking":false,"_monsterinsights_sitenote_active":false,"_monsterinsights_sitenote_note":"","_monsterinsights_sitenote_category":0},"product_brand":[],"product_cat":[35],"product_tag":[],"class_list":{"0":"post-27118","1":"product","2":"type-product","3":"status-publish","4":"has-post-thumbnail","6":"product_cat-carreaux-en-terre-cuite","8":"first","9":"instock","10":"product-type-simple"},"_links":{"self":[{"href":"https:\/\/terracotadoalgarve.com\/fr\/wp-json\/wp\/v2\/product\/27118","targetHints":{"allow":["GET"]}}],"collection":[{"href":"https:\/\/terracotadoalgarve.com\/fr\/wp-json\/wp\/v2\/product"}],"about":[{"href":"https:\/\/terracotadoalgarve.com\/fr\/wp-json\/wp\/v2\/types\/product"}],"replies":[{"embeddable":true,"href":"https:\/\/terracotadoalgarve.com\/fr\/wp-json\/wp\/v2\/comments?post=27118"}],"wp:featuredmedia":[{"embeddable":true,"href":"https:\/\/terracotadoalgarve.com\/fr\/wp-json\/wp\/v2\/media\/27120"}],"wp:attachment":[{"href":"https:\/\/terracotadoalgarve.com\/fr\/wp-json\/wp\/v2\/media?parent=27118"}],"wp:term":[{"taxonomy":"product_brand","embeddable":true,"href":"https:\/\/terracotadoalgarve.com\/fr\/wp-json\/wp\/v2\/product_brand?post=27118"},{"taxonomy":"product_cat","embeddable":true,"href":"https:\/\/terracotadoalgarve.com\/fr\/wp-json\/wp\/v2\/product_cat?post=27118"},{"taxonomy":"product_tag","embeddable":true,"href":"https:\/\/terracotadoalgarve.com\/fr\/wp-json\/wp\/v2\/product_tag?post=27118"}],"curies":[{"name":"wp","href":"https:\/\/api.w.org\/{rel}","templated":true}]}}