{"id":26639,"date":"2021-10-30T09:57:39","date_gmt":"2021-10-30T09:57:39","guid":{"rendered":"https:\/\/terracotadoalgarve.com\/fr\/?post_type=product&#038;p=26639"},"modified":"2022-06-13T11:13:27","modified_gmt":"2022-06-13T11:13:27","slug":"sellador-vs-vernis-luminosite-reduite","status":"publish","type":"product","link":"https:\/\/terracotadoalgarve.com\/fr\/produto\/sellador-vs-vernis-luminosite-reduite\/","title":{"rendered":"SELLADOR VS Vernis Luminosit\u00e9 r\u00e9duite"},"content":{"rendered":"","protected":false},"excerpt":{"rendered":"<p><strong>Caract\u00e9ristiques:<\/strong><\/p>\n<p>Scellant incolore \u00e0 base de solvant pour sceller, prot\u00e9ger et compacter les sols. Scellant contre l&rsquo;eau, les huiles et les graisses, les emp\u00eachant de p\u00e9n\u00e9trer les surfaces poreuses (terre cuite, brique, tuile, pierre naturelle, etc.).<\/p>\n<p>Il est essentiel que le sol soit tr\u00e8s sec et propre de la poussi\u00e8re, de la salet\u00e9, des d\u00e9bris<\/p>\n<p>de ciment, etc. Il ne doit pas \u00eatre appliqu\u00e9 \u00e0 l&rsquo;ext\u00e9rieur par temps humide ou pluvieux. Convient pour l&rsquo;int\u00e9rieur et l&rsquo;ext\u00e9rieur. Pour plus d&rsquo;efficacit\u00e9, appliquez deux couches.<\/p>\n<ul>\n<li><strong>Pr\u00e9sentation:<\/strong> 1 L \/ 5 L \/ 10 L<\/li>\n<li><strong>Couleur:<\/strong> Transparente<\/li>\n<li><strong>Usage:<\/strong> jusqu\u2019a 8 m2\/Litre (1 couche)<\/li>\n<\/ul>\n<p><a href=\"https:\/\/terracotadoalgarve.com\/wp-content\/uploads\/2021\/10\/SELLADOR-VS.pdf\" target=\"_blank\" rel=\"noopener\">Fiche technique<\/a><\/p>\n","protected":false},"featured_media":26640,"comment_status":"closed","ping_status":"closed","template":"","meta":{"_monsterinsights_skip_tracking":false,"_monsterinsights_sitenote_active":false,"_monsterinsights_sitenote_note":"","_monsterinsights_sitenote_category":0},"product_brand":[],"product_cat":[42],"product_tag":[],"class_list":{"0":"post-26639","1":"product","2":"type-product","3":"status-publish","4":"has-post-thumbnail","6":"product_cat-produits-pour-lentretien","8":"first","9":"instock","10":"product-type-simple"},"_links":{"self":[{"href":"https:\/\/terracotadoalgarve.com\/fr\/wp-json\/wp\/v2\/product\/26639","targetHints":{"allow":["GET"]}}],"collection":[{"href":"https:\/\/terracotadoalgarve.com\/fr\/wp-json\/wp\/v2\/product"}],"about":[{"href":"https:\/\/terracotadoalgarve.com\/fr\/wp-json\/wp\/v2\/types\/product"}],"replies":[{"embeddable":true,"href":"https:\/\/terracotadoalgarve.com\/fr\/wp-json\/wp\/v2\/comments?post=26639"}],"wp:featuredmedia":[{"embeddable":true,"href":"https:\/\/terracotadoalgarve.com\/fr\/wp-json\/wp\/v2\/media\/26640"}],"wp:attachment":[{"href":"https:\/\/terracotadoalgarve.com\/fr\/wp-json\/wp\/v2\/media?parent=26639"}],"wp:term":[{"taxonomy":"product_brand","embeddable":true,"href":"https:\/\/terracotadoalgarve.com\/fr\/wp-json\/wp\/v2\/product_brand?post=26639"},{"taxonomy":"product_cat","embeddable":true,"href":"https:\/\/terracotadoalgarve.com\/fr\/wp-json\/wp\/v2\/product_cat?post=26639"},{"taxonomy":"product_tag","embeddable":true,"href":"https:\/\/terracotadoalgarve.com\/fr\/wp-json\/wp\/v2\/product_tag?post=26639"}],"curies":[{"name":"wp","href":"https:\/\/api.w.org\/{rel}","templated":true}]}}