{"id":25182,"date":"2020-10-05T10:20:38","date_gmt":"2020-10-05T09:20:38","guid":{"rendered":"http:\/\/terracotadoalgarve.com\/produto\/ref-315r-ladrilho-15x15x2-cm-rustico\/"},"modified":"2022-03-21T09:50:13","modified_gmt":"2022-03-21T09:50:13","slug":"ref-315r-carreau-15x15x2-cm-rustique","status":"publish","type":"product","link":"https:\/\/terracotadoalgarve.com\/fr\/produto\/ref-315r-carreau-15x15x2-cm-rustique\/","title":{"rendered":"Ref 315R Carreau 15x15x2 cm Rustique"},"content":{"rendered":"","protected":false},"excerpt":{"rendered":"<p>C\u2019est un carreau avec une finition de surface l\u00e9g\u00e8rement plus irr\u00e9guli\u00e8re et \u00e9galement une couleur plus rouge\u00e2tre. C\u2019est le choix id\u00e9al pour ceux qui veulent un sol rustique et traditionnel.<\/p>\n","protected":false},"featured_media":25929,"comment_status":"closed","ping_status":"closed","template":"","meta":{"_monsterinsights_skip_tracking":false,"_monsterinsights_sitenote_active":false,"_monsterinsights_sitenote_note":"","_monsterinsights_sitenote_category":0},"product_brand":[],"product_cat":[35],"product_tag":[],"class_list":{"0":"post-25182","1":"product","2":"type-product","3":"status-publish","4":"has-post-thumbnail","6":"product_cat-carreaux-en-terre-cuite","8":"first","9":"instock","10":"product-type-simple"},"_links":{"self":[{"href":"https:\/\/terracotadoalgarve.com\/fr\/wp-json\/wp\/v2\/product\/25182","targetHints":{"allow":["GET"]}}],"collection":[{"href":"https:\/\/terracotadoalgarve.com\/fr\/wp-json\/wp\/v2\/product"}],"about":[{"href":"https:\/\/terracotadoalgarve.com\/fr\/wp-json\/wp\/v2\/types\/product"}],"replies":[{"embeddable":true,"href":"https:\/\/terracotadoalgarve.com\/fr\/wp-json\/wp\/v2\/comments?post=25182"}],"wp:featuredmedia":[{"embeddable":true,"href":"https:\/\/terracotadoalgarve.com\/fr\/wp-json\/wp\/v2\/media\/25929"}],"wp:attachment":[{"href":"https:\/\/terracotadoalgarve.com\/fr\/wp-json\/wp\/v2\/media?parent=25182"}],"wp:term":[{"taxonomy":"product_brand","embeddable":true,"href":"https:\/\/terracotadoalgarve.com\/fr\/wp-json\/wp\/v2\/product_brand?post=25182"},{"taxonomy":"product_cat","embeddable":true,"href":"https:\/\/terracotadoalgarve.com\/fr\/wp-json\/wp\/v2\/product_cat?post=25182"},{"taxonomy":"product_tag","embeddable":true,"href":"https:\/\/terracotadoalgarve.com\/fr\/wp-json\/wp\/v2\/product_tag?post=25182"}],"curies":[{"name":"wp","href":"https:\/\/api.w.org\/{rel}","templated":true}]}}