{"id":17600,"date":"2018-11-15T09:24:33","date_gmt":"2018-11-15T09:24:33","guid":{"rendered":"http:\/\/terracotadoalgarve.com\/product\/zorcons-lf-plus-limpeza-e-renovacao-de-superficies\/"},"modified":"2022-06-22T08:43:11","modified_gmt":"2022-06-22T08:43:11","slug":"zorcons-lf-plus-nettoyage-et-renovation-de-surfaces","status":"publish","type":"product","link":"https:\/\/terracotadoalgarve.com\/fr\/produto\/zorcons-lf-plus-nettoyage-et-renovation-de-surfaces\/","title":{"rendered":"Zorcons-LF-PLUS Nettoyage Et R\u00e9novation De Surfaces"},"content":{"rendered":"","protected":false},"excerpt":{"rendered":"<p><strong>Caract\u00e9ristiques:<\/strong><\/p>\n<p>Produit acide concentr\u00e9 pour le nettoyage et la r\u00e9novation des surfaces.<br \/>\nFormul\u00e9 \u00e0 base d\u2019acides inorganiques, d\u2019ingr\u00e9dients actifs et d\u2019hydratants \u00e0 effet synergique.<\/p>\n<p>Pour l\u2019\u00e9limination efficace de la salet\u00e9 de l\u2019environnement, du calcaire, oxyde, d\u00e9p\u00f4ts organiques, mousses, fongus et algues. Convient aux sols fa\u00e7ades et surfaces de ciment en g\u00e9n\u00e9ral, pierre, c\u00e9ramique, terre cuite, etc.<\/p>\n<p>Facile \u00e0 appliquer et rapide \u00e0 nettoyer.<\/p>\n<ul>\n<li><strong>Pr\u00e9sentation:<\/strong>\u00a01 Lt \/ 5 Lt\/10Lt<\/li>\n<\/ul>\n<p><a href=\"http:\/\/terracotadoalgarve.com\/wp-content\/uploads\/2016\/10\/ZORCONS-LF-PLUS_-ficha-tecnica_PT.pdf\" target=\"_blank\" rel=\"noopener\">Fiche technique<\/a><\/p>\n","protected":false},"featured_media":25216,"comment_status":"closed","ping_status":"closed","template":"","meta":{"_monsterinsights_skip_tracking":false,"_monsterinsights_sitenote_active":false,"_monsterinsights_sitenote_note":"","_monsterinsights_sitenote_category":0},"product_brand":[],"product_cat":[42],"product_tag":[],"class_list":{"0":"post-17600","1":"product","2":"type-product","3":"status-publish","4":"has-post-thumbnail","6":"product_cat-produits-pour-lentretien","8":"first","9":"instock","10":"product-type-simple"},"_links":{"self":[{"href":"https:\/\/terracotadoalgarve.com\/fr\/wp-json\/wp\/v2\/product\/17600","targetHints":{"allow":["GET"]}}],"collection":[{"href":"https:\/\/terracotadoalgarve.com\/fr\/wp-json\/wp\/v2\/product"}],"about":[{"href":"https:\/\/terracotadoalgarve.com\/fr\/wp-json\/wp\/v2\/types\/product"}],"replies":[{"embeddable":true,"href":"https:\/\/terracotadoalgarve.com\/fr\/wp-json\/wp\/v2\/comments?post=17600"}],"wp:featuredmedia":[{"embeddable":true,"href":"https:\/\/terracotadoalgarve.com\/fr\/wp-json\/wp\/v2\/media\/25216"}],"wp:attachment":[{"href":"https:\/\/terracotadoalgarve.com\/fr\/wp-json\/wp\/v2\/media?parent=17600"}],"wp:term":[{"taxonomy":"product_brand","embeddable":true,"href":"https:\/\/terracotadoalgarve.com\/fr\/wp-json\/wp\/v2\/product_brand?post=17600"},{"taxonomy":"product_cat","embeddable":true,"href":"https:\/\/terracotadoalgarve.com\/fr\/wp-json\/wp\/v2\/product_cat?post=17600"},{"taxonomy":"product_tag","embeddable":true,"href":"https:\/\/terracotadoalgarve.com\/fr\/wp-json\/wp\/v2\/product_tag?post=17600"}],"curies":[{"name":"wp","href":"https:\/\/api.w.org\/{rel}","templated":true}]}}