{"id":17592,"date":"2018-11-15T09:25:09","date_gmt":"2018-11-15T09:25:09","guid":{"rendered":"http:\/\/terracotadoalgarve.com\/product\/zorpit-bar-verniz-acrilico-para-o-chao\/"},"modified":"2022-06-09T12:40:33","modified_gmt":"2022-06-09T12:40:33","slug":"zorpit-bar-vernis-acrylique-transparent","status":"publish","type":"product","link":"https:\/\/terracotadoalgarve.com\/fr\/produto\/zorpit-bar-vernis-acrylique-transparent\/","title":{"rendered":"Zorpit-bar Vernis Acrylique Transparent"},"content":{"rendered":"","protected":false},"excerpt":{"rendered":"<p><strong>Caract\u00e9ristiques<\/strong>:<\/p>\n<p>Vernis fait \u00e0 partir de r\u00e9sines acryliques de haute r\u00e9sistance, qui donne aux carreaux une protection extraordinaire.<\/p>\n<p>Quand appliqu\u00e9 \u00e0 la terre cuite, nous permet de forme constante un entretien facile et protecteur.<br \/>\nPoss\u00e8de un aspect excellent, id\u00e9al non-seulement pour les sols en terre cuite, mais aussi pour les entrep\u00f4ts industriels, garages, loges etc.<\/p>\n<p>Sa r\u00e9sistance aux intemp\u00e9ries permet son emploi dans l\u2019ext\u00e9rieur.<\/p>\n<ul>\n<li><strong>Pr\u00e9sentation<\/strong>: 1 Lt. \/ 5 Lt. \/ 15 Lt.<\/li>\n<li><strong>Couleur:<\/strong>\u00a0Transparent<\/li>\n<li><strong>Usage:<\/strong>\u00a0jusqu\u2019a 12 m2\/Litre<\/li>\n<\/ul>\n<div>\n<p><a href=\"https:\/\/terracotadoalgarve.com\/wp-content\/uploads\/2018\/11\/Zorpit-BAR-ficha-tecnica_EN.pdf\" target=\"_blank\" rel=\"noopener\">Fiche technique<\/a><\/p>\n<\/div>\n<div><\/div>\n<div><\/div>\n","protected":false},"featured_media":25212,"comment_status":"closed","ping_status":"closed","template":"","meta":{"_monsterinsights_skip_tracking":false,"_monsterinsights_sitenote_active":false,"_monsterinsights_sitenote_note":"","_monsterinsights_sitenote_category":0},"product_brand":[],"product_cat":[42],"product_tag":[],"class_list":{"0":"post-17592","1":"product","2":"type-product","3":"status-publish","4":"has-post-thumbnail","6":"product_cat-produits-pour-lentretien","8":"first","9":"instock","10":"product-type-simple"},"_links":{"self":[{"href":"https:\/\/terracotadoalgarve.com\/fr\/wp-json\/wp\/v2\/product\/17592","targetHints":{"allow":["GET"]}}],"collection":[{"href":"https:\/\/terracotadoalgarve.com\/fr\/wp-json\/wp\/v2\/product"}],"about":[{"href":"https:\/\/terracotadoalgarve.com\/fr\/wp-json\/wp\/v2\/types\/product"}],"replies":[{"embeddable":true,"href":"https:\/\/terracotadoalgarve.com\/fr\/wp-json\/wp\/v2\/comments?post=17592"}],"wp:featuredmedia":[{"embeddable":true,"href":"https:\/\/terracotadoalgarve.com\/fr\/wp-json\/wp\/v2\/media\/25212"}],"wp:attachment":[{"href":"https:\/\/terracotadoalgarve.com\/fr\/wp-json\/wp\/v2\/media?parent=17592"}],"wp:term":[{"taxonomy":"product_brand","embeddable":true,"href":"https:\/\/terracotadoalgarve.com\/fr\/wp-json\/wp\/v2\/product_brand?post=17592"},{"taxonomy":"product_cat","embeddable":true,"href":"https:\/\/terracotadoalgarve.com\/fr\/wp-json\/wp\/v2\/product_cat?post=17592"},{"taxonomy":"product_tag","embeddable":true,"href":"https:\/\/terracotadoalgarve.com\/fr\/wp-json\/wp\/v2\/product_tag?post=17592"}],"curies":[{"name":"wp","href":"https:\/\/api.w.org\/{rel}","templated":true}]}}