{"id":17584,"date":"2018-11-15T09:25:09","date_gmt":"2018-11-15T09:25:09","guid":{"rendered":"http:\/\/terracotadoalgarve.com\/product\/cera-acrilica-r-cerex-mosaico-incolor\/"},"modified":"2022-06-22T08:47:01","modified_gmt":"2022-06-22T08:47:01","slug":"cire-acrylique-incolore-r-cerex","status":"publish","type":"product","link":"https:\/\/terracotadoalgarve.com\/fr\/produto\/cire-acrylique-incolore-r-cerex\/","title":{"rendered":"Cire Acrylique Incolore R-cerex"},"content":{"rendered":"","protected":false},"excerpt":{"rendered":"<p><strong>Caract\u00e9ristiques:<\/strong><\/p>\n<p>Donne aux Surfaces un \u00e9clat imm\u00e9diat et durable, sans effort et avec une grande facilit\u00e9 d\u2019entretien. Ce produit est antid\u00e9rapant, et prot\u00e8ge les surfaces de l\u2019utilisation. Peut \u00eatre lav\u00e9 avec un d\u00e9tergent doux. Applicable dans les tuiles en terre cuite, briques, vinyle, marbre et autres pierres diverses.<\/p>\n<ul>\n<li><strong>Pr\u00e9sentation:<\/strong>\u00a01 Lt. \/ 5 Lt. \/ 25 Lt.<\/li>\n<li><strong>Couleur:<\/strong>\u00a0Incolore ou rouge<\/li>\n<li><strong>Usage:<\/strong>\u00a0Jusqu\u2019\u00e0 35m2\/Litro (2 couches)<\/li>\n<\/ul>\n<div>\n<p><a href=\"https:\/\/terracotadoalgarve.com\/pdf\/Cera-Acrilica-Ficha-Tecnica_FR.pdf\" target=\"_blank\" rel=\"noopener\">Fiche technique<\/a><\/p>\n<\/div>\n","protected":false},"featured_media":25214,"comment_status":"closed","ping_status":"closed","template":"","meta":{"_monsterinsights_skip_tracking":false,"_monsterinsights_sitenote_active":false,"_monsterinsights_sitenote_note":"","_monsterinsights_sitenote_category":0},"product_brand":[],"product_cat":[42],"product_tag":[],"class_list":{"0":"post-17584","1":"product","2":"type-product","3":"status-publish","4":"has-post-thumbnail","6":"product_cat-produits-pour-lentretien","8":"first","9":"instock","10":"product-type-simple"},"_links":{"self":[{"href":"https:\/\/terracotadoalgarve.com\/fr\/wp-json\/wp\/v2\/product\/17584","targetHints":{"allow":["GET"]}}],"collection":[{"href":"https:\/\/terracotadoalgarve.com\/fr\/wp-json\/wp\/v2\/product"}],"about":[{"href":"https:\/\/terracotadoalgarve.com\/fr\/wp-json\/wp\/v2\/types\/product"}],"replies":[{"embeddable":true,"href":"https:\/\/terracotadoalgarve.com\/fr\/wp-json\/wp\/v2\/comments?post=17584"}],"wp:featuredmedia":[{"embeddable":true,"href":"https:\/\/terracotadoalgarve.com\/fr\/wp-json\/wp\/v2\/media\/25214"}],"wp:attachment":[{"href":"https:\/\/terracotadoalgarve.com\/fr\/wp-json\/wp\/v2\/media?parent=17584"}],"wp:term":[{"taxonomy":"product_brand","embeddable":true,"href":"https:\/\/terracotadoalgarve.com\/fr\/wp-json\/wp\/v2\/product_brand?post=17584"},{"taxonomy":"product_cat","embeddable":true,"href":"https:\/\/terracotadoalgarve.com\/fr\/wp-json\/wp\/v2\/product_cat?post=17584"},{"taxonomy":"product_tag","embeddable":true,"href":"https:\/\/terracotadoalgarve.com\/fr\/wp-json\/wp\/v2\/product_tag?post=17584"}],"curies":[{"name":"wp","href":"https:\/\/api.w.org\/{rel}","templated":true}]}}