{"id":17575,"date":"2018-11-15T09:25:09","date_gmt":"2018-11-15T09:25:09","guid":{"rendered":"http:\/\/terracotadoalgarve.com\/product\/kreidezeit-azeite-natural\/"},"modified":"2022-05-24T09:35:58","modified_gmt":"2022-05-24T09:35:58","slug":"kreidezeit-huile-dure-pour-sols","status":"publish","type":"product","link":"https:\/\/terracotadoalgarve.com\/fr\/produto\/kreidezeit-huile-dure-pour-sols\/","title":{"rendered":"Kreidezeit \u2013 Huile Dure Pour Sols"},"content":{"rendered":"","protected":false},"excerpt":{"rendered":"<p><strong>Caract\u00e9ristiques<\/strong>:<\/p>\n<p>L\u2019huile dure Kreidezeit pour sols p\u00e9n\u00e8tre profond\u00e9ment dans les surfaces, a une performance \u00e9lev\u00e9e et forme une impr\u00e9gnation r\u00e9sistante qui densifie les surfaces. Ce produit poss\u00e8de une capacit\u00e9 de diffusion, est hydrofuge et anti-salissants. Produite \u00e0 partir de produits naturels renouvelables.<br \/>\nSe compose surtout d\u2019huile de lin.<\/p>\n<ul>\n<li><strong>Pr\u00e9sentation<\/strong>: 0,75 L\/2,5 L\/10 Lt\/20 L<\/li>\n<li><strong>Couleur:<\/strong>\u00a0Sombre<\/li>\n<li><strong>Usage:<\/strong>\u00a0jusqu\u2019a 12m2\/Litre<\/li>\n<\/ul>\n<div>\n<p><a href=\"http:\/\/terracotadoalgarve.com\/wp-content\/uploads\/2016\/08\/Oleo-Duro-ficha-tecnica_PT.pdf\" target=\"_blank\" rel=\"noopener\">Fiche technique<\/a><\/p>\n<\/div>\n<div><\/div>\n","protected":false},"featured_media":25213,"comment_status":"closed","ping_status":"closed","template":"","meta":{"_monsterinsights_skip_tracking":false,"_monsterinsights_sitenote_active":false,"_monsterinsights_sitenote_note":"","_monsterinsights_sitenote_category":0},"product_brand":[],"product_cat":[42],"product_tag":[],"class_list":{"0":"post-17575","1":"product","2":"type-product","3":"status-publish","4":"has-post-thumbnail","6":"product_cat-produits-pour-lentretien","8":"first","9":"instock","10":"product-type-simple"},"_links":{"self":[{"href":"https:\/\/terracotadoalgarve.com\/fr\/wp-json\/wp\/v2\/product\/17575","targetHints":{"allow":["GET"]}}],"collection":[{"href":"https:\/\/terracotadoalgarve.com\/fr\/wp-json\/wp\/v2\/product"}],"about":[{"href":"https:\/\/terracotadoalgarve.com\/fr\/wp-json\/wp\/v2\/types\/product"}],"replies":[{"embeddable":true,"href":"https:\/\/terracotadoalgarve.com\/fr\/wp-json\/wp\/v2\/comments?post=17575"}],"wp:featuredmedia":[{"embeddable":true,"href":"https:\/\/terracotadoalgarve.com\/fr\/wp-json\/wp\/v2\/media\/25213"}],"wp:attachment":[{"href":"https:\/\/terracotadoalgarve.com\/fr\/wp-json\/wp\/v2\/media?parent=17575"}],"wp:term":[{"taxonomy":"product_brand","embeddable":true,"href":"https:\/\/terracotadoalgarve.com\/fr\/wp-json\/wp\/v2\/product_brand?post=17575"},{"taxonomy":"product_cat","embeddable":true,"href":"https:\/\/terracotadoalgarve.com\/fr\/wp-json\/wp\/v2\/product_cat?post=17575"},{"taxonomy":"product_tag","embeddable":true,"href":"https:\/\/terracotadoalgarve.com\/fr\/wp-json\/wp\/v2\/product_tag?post=17575"}],"curies":[{"name":"wp","href":"https:\/\/api.w.org\/{rel}","templated":true}]}}