{"id":17568,"date":"2018-11-15T09:25:14","date_gmt":"2018-11-15T09:25:14","guid":{"rendered":"http:\/\/terracotadoalgarve.com\/product\/zorpit-pgm-oleofugante-transparente\/"},"modified":"2022-06-14T09:59:39","modified_gmt":"2022-06-14T09:59:39","slug":"gm-protector-20-oleofugant-transparent","status":"publish","type":"product","link":"https:\/\/terracotadoalgarve.com\/fr\/produto\/gm-protector-20-oleofugant-transparent\/","title":{"rendered":"GM PROTECTOR 20 Oleofugant Transparent"},"content":{"rendered":"","protected":false},"excerpt":{"rendered":"<p><strong>Caract\u00e9ristiques:<\/strong><\/p>\n<p>Produit liquide avec des propri\u00e9t\u00e9s imperm\u00e9ables \u00e0 l\u2019eau et \u00e0 l\u2019huile pour le traitement des surfaces min\u00e9rales,\u00a0<strong>pierres naturelles (granit et marbre) et la terre cuite<\/strong>. Prot\u00e8ge efficacement le sol en terre cuite et autres de taches d\u2019huile, de vin, de graisse, etc. Se pr\u00e9sente sous forme liquide, p\u00e9n\u00e8tre dans les pores du mat\u00e9riel et s\u00e8che en profondeur assurant ainsi un isolement d\u00e9finitif. Donne \u00e0 la surface une teinte uniforme, renfor\u00e7ant sa beaut\u00e9. Comme ce produit est transparent, il ne modifie pas l\u2019aspect naturel des mat\u00e9riaux.<\/p>\n<ul>\n<li><strong>Pr\u00e9sentation<\/strong>: 1 Lt. \/ 5 Lt.\/10 Lt.<\/li>\n<li><strong>Couleur:<\/strong>\u00a0Transparent<\/li>\n<li><strong>Usage:<\/strong>\u00a0jusqu\u2019a\u00a010m2\/Litre<\/li>\n<\/ul>\n<div>\n<p><a href=\"http:\/\/terracotadoalgarve.com\/wp-content\/uploads\/2016\/12\/Zorpit-PGM_ficha_tecnica_EN.pdf\" target=\"_blank\" rel=\"noopener\">Fiche technique<\/a><\/p>\n<\/div>\n","protected":false},"featured_media":25211,"comment_status":"closed","ping_status":"closed","template":"","meta":{"_monsterinsights_skip_tracking":false,"_monsterinsights_sitenote_active":false,"_monsterinsights_sitenote_note":"","_monsterinsights_sitenote_category":0},"product_brand":[],"product_cat":[42],"product_tag":[],"class_list":{"0":"post-17568","1":"product","2":"type-product","3":"status-publish","4":"has-post-thumbnail","6":"product_cat-produits-pour-lentretien","8":"first","9":"instock","10":"product-type-simple"},"_links":{"self":[{"href":"https:\/\/terracotadoalgarve.com\/fr\/wp-json\/wp\/v2\/product\/17568","targetHints":{"allow":["GET"]}}],"collection":[{"href":"https:\/\/terracotadoalgarve.com\/fr\/wp-json\/wp\/v2\/product"}],"about":[{"href":"https:\/\/terracotadoalgarve.com\/fr\/wp-json\/wp\/v2\/types\/product"}],"replies":[{"embeddable":true,"href":"https:\/\/terracotadoalgarve.com\/fr\/wp-json\/wp\/v2\/comments?post=17568"}],"wp:featuredmedia":[{"embeddable":true,"href":"https:\/\/terracotadoalgarve.com\/fr\/wp-json\/wp\/v2\/media\/25211"}],"wp:attachment":[{"href":"https:\/\/terracotadoalgarve.com\/fr\/wp-json\/wp\/v2\/media?parent=17568"}],"wp:term":[{"taxonomy":"product_brand","embeddable":true,"href":"https:\/\/terracotadoalgarve.com\/fr\/wp-json\/wp\/v2\/product_brand?post=17568"},{"taxonomy":"product_cat","embeddable":true,"href":"https:\/\/terracotadoalgarve.com\/fr\/wp-json\/wp\/v2\/product_cat?post=17568"},{"taxonomy":"product_tag","embeddable":true,"href":"https:\/\/terracotadoalgarve.com\/fr\/wp-json\/wp\/v2\/product_tag?post=17568"}],"curies":[{"name":"wp","href":"https:\/\/api.w.org\/{rel}","templated":true}]}}