{"id":17560,"date":"2018-11-15T09:25:14","date_gmt":"2018-11-15T09:25:14","guid":{"rendered":"http:\/\/terracotadoalgarve.com\/product\/zorpit-twall-isolante-transparente\/"},"modified":"2022-06-14T09:55:09","modified_gmt":"2022-06-14T09:55:09","slug":"hydrofuge-transparent-hidrofort","status":"publish","type":"product","link":"https:\/\/terracotadoalgarve.com\/fr\/produto\/hydrofuge-transparent-hidrofort\/","title":{"rendered":"Hydrofuge Transparent HIDROFORT"},"content":{"rendered":"","protected":false},"excerpt":{"rendered":"<p><strong>Caract\u00e9ristiques:<\/strong><\/p>\n<div>\n<p>Produit con\u00e7u pour l\u2019imperm\u00e9abilisation et isolement de mat\u00e9riels poreux comme le carreau, la tuile, la Pierre naturelle, le b\u00e9ton, la brique etc..<\/p>\n<p>\u00c9vite l\u2019humidit\u00e9 et la p\u00e9n\u00e9tration de salet\u00e9s et graisses qui provoquent des taches difficiles de nettoyer. Ce produit vient sous la forme liquide, p\u00e9n\u00e8tre les pores du mat\u00e9riel et s\u00e8che assurant un isolement d\u00e9finitif. Ce produit donne une tonalit\u00e9 uniforme \u00e0 la surface, renfor\u00e7ant sa beaut\u00e9. Comme ce produit est transparent, il n\u2019alt\u00e8re pas l\u2019aspect naturel des mat\u00e9riaux<\/p>\n<ul>\n<li><strong>Pr\u00e9sentation:<\/strong>\u00a01 Lt. \/ 5 Lt \/ 10 Lt.<\/li>\n<li><strong>Couleur:<\/strong>\u00a0Transparent<\/li>\n<li><strong>Usage:<\/strong>\u00a0jusqu\u2019a 10 m2\/Litre<\/li>\n<\/ul>\n<p><a href=\"http:\/\/terracotadoalgarve.com\/wp-content\/uploads\/2016\/12\/Zorpit-TWALL_ficha_tecnica_EN.pdf\" target=\"_blank\" rel=\"noopener\">Fiche technique<\/a><\/p>\n<\/div>\n<div><\/div>\n<div><\/div>\n","protected":false},"featured_media":25210,"comment_status":"closed","ping_status":"closed","template":"","meta":{"_monsterinsights_skip_tracking":false,"_monsterinsights_sitenote_active":false,"_monsterinsights_sitenote_note":"","_monsterinsights_sitenote_category":0},"product_brand":[],"product_cat":[42],"product_tag":[],"class_list":{"0":"post-17560","1":"product","2":"type-product","3":"status-publish","4":"has-post-thumbnail","6":"product_cat-produits-pour-lentretien","8":"first","9":"instock","10":"product-type-simple"},"_links":{"self":[{"href":"https:\/\/terracotadoalgarve.com\/fr\/wp-json\/wp\/v2\/product\/17560","targetHints":{"allow":["GET"]}}],"collection":[{"href":"https:\/\/terracotadoalgarve.com\/fr\/wp-json\/wp\/v2\/product"}],"about":[{"href":"https:\/\/terracotadoalgarve.com\/fr\/wp-json\/wp\/v2\/types\/product"}],"replies":[{"embeddable":true,"href":"https:\/\/terracotadoalgarve.com\/fr\/wp-json\/wp\/v2\/comments?post=17560"}],"wp:featuredmedia":[{"embeddable":true,"href":"https:\/\/terracotadoalgarve.com\/fr\/wp-json\/wp\/v2\/media\/25210"}],"wp:attachment":[{"href":"https:\/\/terracotadoalgarve.com\/fr\/wp-json\/wp\/v2\/media?parent=17560"}],"wp:term":[{"taxonomy":"product_brand","embeddable":true,"href":"https:\/\/terracotadoalgarve.com\/fr\/wp-json\/wp\/v2\/product_brand?post=17560"},{"taxonomy":"product_cat","embeddable":true,"href":"https:\/\/terracotadoalgarve.com\/fr\/wp-json\/wp\/v2\/product_cat?post=17560"},{"taxonomy":"product_tag","embeddable":true,"href":"https:\/\/terracotadoalgarve.com\/fr\/wp-json\/wp\/v2\/product_tag?post=17560"}],"curies":[{"name":"wp","href":"https:\/\/api.w.org\/{rel}","templated":true}]}}