{"id":17552,"date":"2018-11-15T09:27:04","date_gmt":"2018-11-15T09:27:04","guid":{"rendered":"http:\/\/terracotadoalgarve.com\/product\/siril-desincrustante-profissional\/"},"modified":"2022-06-22T08:44:38","modified_gmt":"2022-06-22T08:44:38","slug":"siril-desincrustant","status":"publish","type":"product","link":"https:\/\/terracotadoalgarve.com\/fr\/produto\/siril-desincrustant\/","title":{"rendered":"SIRIL desincrustant"},"content":{"rendered":"","protected":false},"excerpt":{"rendered":"<p><strong>Caract\u00e9ristiques:<\/strong><\/p>\n<p>Produit con\u00e7u pour le nettoyage des d\u00e9chets de ciment, de calcaire, rouille et salet\u00e9s sur les surfaces de\u00a0<strong>carreaux, de mosa\u00efques<\/strong>, en pierre, en marbre. Excellent pour la r\u00e9cup\u00e9ration d\u2019anciennes pierres, et l\u2019\u00e9limination de d\u00e9p\u00f4ts de calcaire dans les toilettes, robinets, etc \u2026<\/p>\n<p><strong>Pr\u00e9sentation:<\/strong>\u00a01 Lt. \/ 5 Lt. \/ 25 Lt<\/p>\n<p><a href=\"https:\/\/terracotadoalgarve.com\/pdf\/SIRIL_Profissional_ficha_tecnica_EN.pdf\" target=\"_blank\" rel=\"noopener\">Fiche technique<\/a><\/p>\n","protected":false},"featured_media":25209,"comment_status":"closed","ping_status":"closed","template":"","meta":{"_monsterinsights_skip_tracking":false,"_monsterinsights_sitenote_active":false,"_monsterinsights_sitenote_note":"","_monsterinsights_sitenote_category":0},"product_brand":[],"product_cat":[42],"product_tag":[],"class_list":{"0":"post-17552","1":"product","2":"type-product","3":"status-publish","4":"has-post-thumbnail","6":"product_cat-produits-pour-lentretien","8":"first","9":"instock","10":"product-type-simple"},"_links":{"self":[{"href":"https:\/\/terracotadoalgarve.com\/fr\/wp-json\/wp\/v2\/product\/17552","targetHints":{"allow":["GET"]}}],"collection":[{"href":"https:\/\/terracotadoalgarve.com\/fr\/wp-json\/wp\/v2\/product"}],"about":[{"href":"https:\/\/terracotadoalgarve.com\/fr\/wp-json\/wp\/v2\/types\/product"}],"replies":[{"embeddable":true,"href":"https:\/\/terracotadoalgarve.com\/fr\/wp-json\/wp\/v2\/comments?post=17552"}],"wp:featuredmedia":[{"embeddable":true,"href":"https:\/\/terracotadoalgarve.com\/fr\/wp-json\/wp\/v2\/media\/25209"}],"wp:attachment":[{"href":"https:\/\/terracotadoalgarve.com\/fr\/wp-json\/wp\/v2\/media?parent=17552"}],"wp:term":[{"taxonomy":"product_brand","embeddable":true,"href":"https:\/\/terracotadoalgarve.com\/fr\/wp-json\/wp\/v2\/product_brand?post=17552"},{"taxonomy":"product_cat","embeddable":true,"href":"https:\/\/terracotadoalgarve.com\/fr\/wp-json\/wp\/v2\/product_cat?post=17552"},{"taxonomy":"product_tag","embeddable":true,"href":"https:\/\/terracotadoalgarve.com\/fr\/wp-json\/wp\/v2\/product_tag?post=17552"}],"curies":[{"name":"wp","href":"https:\/\/api.w.org\/{rel}","templated":true}]}}