{"id":17543,"date":"2018-11-15T09:27:04","date_gmt":"2018-11-15T09:27:04","guid":{"rendered":"http:\/\/terracotadoalgarve.com\/product\/removedor-de-cera-r-descerex\/"},"modified":"2022-06-22T08:48:11","modified_gmt":"2022-06-22T08:48:11","slug":"decapant-de-cire-r-descerex","status":"publish","type":"product","link":"https:\/\/terracotadoalgarve.com\/fr\/produto\/decapant-de-cire-r-descerex\/","title":{"rendered":"D\u00e9capant De Cire R-descerex"},"content":{"rendered":"","protected":false},"excerpt":{"rendered":"<p><strong>Caract\u00e9ristiques:<\/strong><\/p>\n<p>Retire la cire acrylique et planchers conventionnels, des meubles, des tableaux de bord et en g\u00e9n\u00e9ral sur toutes les surfaces qui peuvent \u00eatre mouill\u00e9s. Efficace avec tuiles, briques, bois, rev\u00eatements plastiques, etc., Les laissant parfaitement propres et d\u00e9graiss\u00e9es. Il peut \u00eatre appliqu\u00e9 manuellement ou \u00e0 la machine \u00e0 laver a contr\u00f4l\u00e9 la mousse.<\/p>\n<ul>\n<li><strong>Pr\u00e9sentation:<\/strong>\u00a01 Lt. \/ 5 Lt. \/ 25 Lt.<\/li>\n<\/ul>\n<p><a href=\"https:\/\/terracotadoalgarve.com\/pdf\/Ficha-Tecnica-Removedor-de-Cera_FR.pdf\" target=\"_blank\" rel=\"noopener\">Fiche technique<\/a><\/p>\n","protected":false},"featured_media":25217,"comment_status":"closed","ping_status":"closed","template":"","meta":{"_monsterinsights_skip_tracking":false,"_monsterinsights_sitenote_active":false,"_monsterinsights_sitenote_note":"","_monsterinsights_sitenote_category":0},"product_brand":[],"product_cat":[42],"product_tag":[],"class_list":{"0":"post-17543","1":"product","2":"type-product","3":"status-publish","4":"has-post-thumbnail","6":"product_cat-produits-pour-lentretien","8":"first","9":"instock","10":"product-type-simple"},"_links":{"self":[{"href":"https:\/\/terracotadoalgarve.com\/fr\/wp-json\/wp\/v2\/product\/17543","targetHints":{"allow":["GET"]}}],"collection":[{"href":"https:\/\/terracotadoalgarve.com\/fr\/wp-json\/wp\/v2\/product"}],"about":[{"href":"https:\/\/terracotadoalgarve.com\/fr\/wp-json\/wp\/v2\/types\/product"}],"replies":[{"embeddable":true,"href":"https:\/\/terracotadoalgarve.com\/fr\/wp-json\/wp\/v2\/comments?post=17543"}],"wp:featuredmedia":[{"embeddable":true,"href":"https:\/\/terracotadoalgarve.com\/fr\/wp-json\/wp\/v2\/media\/25217"}],"wp:attachment":[{"href":"https:\/\/terracotadoalgarve.com\/fr\/wp-json\/wp\/v2\/media?parent=17543"}],"wp:term":[{"taxonomy":"product_brand","embeddable":true,"href":"https:\/\/terracotadoalgarve.com\/fr\/wp-json\/wp\/v2\/product_brand?post=17543"},{"taxonomy":"product_cat","embeddable":true,"href":"https:\/\/terracotadoalgarve.com\/fr\/wp-json\/wp\/v2\/product_cat?post=17543"},{"taxonomy":"product_tag","embeddable":true,"href":"https:\/\/terracotadoalgarve.com\/fr\/wp-json\/wp\/v2\/product_tag?post=17543"}],"curies":[{"name":"wp","href":"https:\/\/api.w.org\/{rel}","templated":true}]}}