{"id":17529,"date":"2018-11-15T09:47:38","date_gmt":"2018-11-15T09:47:38","guid":{"rendered":"http:\/\/terracotadoalgarve.com\/product\/zorkil-m26-detergente-concentrado-ph-neutro\/"},"modified":"2022-06-13T11:26:54","modified_gmt":"2022-06-13T11:26:54","slug":"zorkil-m26-detergent-concentre-ph-neutre","status":"publish","type":"product","link":"https:\/\/terracotadoalgarve.com\/fr\/produto\/zorkil-m26-detergent-concentre-ph-neutre\/","title":{"rendered":"Zorkil-M26 D\u00e9tergent Concentr\u00e9 Ph Neutre"},"content":{"rendered":"","protected":false},"excerpt":{"rendered":"<p><strong>Caract\u00e9ristiques:<\/strong><\/p>\n<div>\n<p>D\u00e9tergent neutre concentr\u00e9 pour le nettoyage de tous types de surfaces,<br \/>\n\u00e0 base de mati\u00e8res premi\u00e8res hautement biod\u00e9gradables, dont la conception est bas\u00e9e sur des crit\u00e8res \u00e9cologiques.<\/p>\n<p>Produit d\u00e9velopp\u00e9 pour le nettoyage g\u00e9n\u00e9ral de tous types de surfaces, y compris les plus d\u00e9licats, dans tout ce qui est li\u00e9 \u00e0 l\u2019industrie des boulangeries, conserveries, h\u00f4tellerie en g\u00e9n\u00e9ral, centres commerciaux, collectivit\u00e9s, etc.<\/p>\n<p>Pour le nettoyage des sols et des rev\u00eatements en terre cuite, pierre, mosa\u00efque hydraulique, etc.<\/p>\n<ul>\n<li><strong>Pr\u00e9sentation:<\/strong>\u00a01 Lt \/ 5 Lt\/ 10 Lt<\/li>\n<li><strong>Fragrances:<\/strong>\u00a0Orange et Roses<\/li>\n<\/ul>\n<p><a href=\"http:\/\/terracotadoalgarve.com\/wp-content\/uploads\/2016\/10\/Zorkil-M26-ficha-tecnica_PT.pdf\" target=\"_blank\" rel=\"noopener\">Fiche technique<\/a><\/p>\n<\/div>\n<div><\/div>\n<div><\/div>\n","protected":false},"featured_media":25215,"comment_status":"closed","ping_status":"closed","template":"","meta":{"_monsterinsights_skip_tracking":false,"_monsterinsights_sitenote_active":false,"_monsterinsights_sitenote_note":"","_monsterinsights_sitenote_category":0},"product_brand":[],"product_cat":[42],"product_tag":[],"class_list":{"0":"post-17529","1":"product","2":"type-product","3":"status-publish","4":"has-post-thumbnail","6":"product_cat-produits-pour-lentretien","8":"first","9":"instock","10":"product-type-simple"},"_links":{"self":[{"href":"https:\/\/terracotadoalgarve.com\/fr\/wp-json\/wp\/v2\/product\/17529","targetHints":{"allow":["GET"]}}],"collection":[{"href":"https:\/\/terracotadoalgarve.com\/fr\/wp-json\/wp\/v2\/product"}],"about":[{"href":"https:\/\/terracotadoalgarve.com\/fr\/wp-json\/wp\/v2\/types\/product"}],"replies":[{"embeddable":true,"href":"https:\/\/terracotadoalgarve.com\/fr\/wp-json\/wp\/v2\/comments?post=17529"}],"wp:featuredmedia":[{"embeddable":true,"href":"https:\/\/terracotadoalgarve.com\/fr\/wp-json\/wp\/v2\/media\/25215"}],"wp:attachment":[{"href":"https:\/\/terracotadoalgarve.com\/fr\/wp-json\/wp\/v2\/media?parent=17529"}],"wp:term":[{"taxonomy":"product_brand","embeddable":true,"href":"https:\/\/terracotadoalgarve.com\/fr\/wp-json\/wp\/v2\/product_brand?post=17529"},{"taxonomy":"product_cat","embeddable":true,"href":"https:\/\/terracotadoalgarve.com\/fr\/wp-json\/wp\/v2\/product_cat?post=17529"},{"taxonomy":"product_tag","embeddable":true,"href":"https:\/\/terracotadoalgarve.com\/fr\/wp-json\/wp\/v2\/product_tag?post=17529"}],"curies":[{"name":"wp","href":"https:\/\/api.w.org\/{rel}","templated":true}]}}