{"id":17520,"date":"2018-11-15T09:55:20","date_gmt":"2018-11-15T09:55:20","guid":{"rendered":"http:\/\/terracotadoalgarve.com\/product\/refa-503-rodapes-terracota-20x10-cm\/"},"modified":"2022-03-21T09:44:52","modified_gmt":"2022-03-21T09:44:52","slug":"ref-503-plinthe-carreau-20x10-cm","status":"publish","type":"product","link":"https:\/\/terracotadoalgarve.com\/fr\/produto\/ref-503-plinthe-carreau-20x10-cm\/","title":{"rendered":"R\u00e9f. 503: Plinthe\/Carreau 20\u00d710 cm"},"content":{"rendered":"","protected":false},"excerpt":{"rendered":"<p>Peut-\u00eatre aussi utilis\u00e9e pour d\u00e9corations et rev\u00eatements. Il est fabriqu\u00e9 avec les finitions suivantes:<\/p>\n<p>R\u00e9f 503 Plinthe\/Carreau 20\u00d710 cm avec rayures<br \/>\nR\u00e9f 503A Plinthe\/Carreau 20\u00d710 cm argile naturelle<br \/>\nR\u00e9f 503B Plinthe 20x10x2 cm avec le Bord Arrondi<\/p>\n","protected":false},"featured_media":25925,"comment_status":"closed","ping_status":"closed","template":"","meta":{"_monsterinsights_skip_tracking":false,"_monsterinsights_sitenote_active":false,"_monsterinsights_sitenote_note":"","_monsterinsights_sitenote_category":0},"product_brand":[],"product_cat":[35],"product_tag":[],"class_list":{"0":"post-17520","1":"product","2":"type-product","3":"status-publish","4":"has-post-thumbnail","6":"product_cat-carreaux-en-terre-cuite","8":"first","9":"instock","10":"product-type-simple"},"_links":{"self":[{"href":"https:\/\/terracotadoalgarve.com\/fr\/wp-json\/wp\/v2\/product\/17520","targetHints":{"allow":["GET"]}}],"collection":[{"href":"https:\/\/terracotadoalgarve.com\/fr\/wp-json\/wp\/v2\/product"}],"about":[{"href":"https:\/\/terracotadoalgarve.com\/fr\/wp-json\/wp\/v2\/types\/product"}],"replies":[{"embeddable":true,"href":"https:\/\/terracotadoalgarve.com\/fr\/wp-json\/wp\/v2\/comments?post=17520"}],"wp:featuredmedia":[{"embeddable":true,"href":"https:\/\/terracotadoalgarve.com\/fr\/wp-json\/wp\/v2\/media\/25925"}],"wp:attachment":[{"href":"https:\/\/terracotadoalgarve.com\/fr\/wp-json\/wp\/v2\/media?parent=17520"}],"wp:term":[{"taxonomy":"product_brand","embeddable":true,"href":"https:\/\/terracotadoalgarve.com\/fr\/wp-json\/wp\/v2\/product_brand?post=17520"},{"taxonomy":"product_cat","embeddable":true,"href":"https:\/\/terracotadoalgarve.com\/fr\/wp-json\/wp\/v2\/product_cat?post=17520"},{"taxonomy":"product_tag","embeddable":true,"href":"https:\/\/terracotadoalgarve.com\/fr\/wp-json\/wp\/v2\/product_tag?post=17520"}],"curies":[{"name":"wp","href":"https:\/\/api.w.org\/{rel}","templated":true}]}}