{"id":17512,"date":"2018-11-15T09:55:20","date_gmt":"2018-11-15T09:55:20","guid":{"rendered":"http:\/\/terracotadoalgarve.com\/product\/refa-502-rodapes-terracota-40x10x25-cm\/"},"modified":"2022-03-21T09:43:22","modified_gmt":"2022-03-21T09:43:22","slug":"refa-502-plinthe-carreau-40x10x25-cm","status":"publish","type":"product","link":"https:\/\/terracotadoalgarve.com\/fr\/produto\/refa-502-plinthe-carreau-40x10x25-cm\/","title":{"rendered":"Ref\u00aa 502: Plinthe\/Carreau 40X10X2,5 cm"},"content":{"rendered":"","protected":false},"excerpt":{"rendered":"<p>Peut \u00eatre utilis\u00e9 comme rev\u00eatement ou d\u00e9coration.<\/p>\n","protected":false},"featured_media":25924,"comment_status":"closed","ping_status":"closed","template":"","meta":{"_monsterinsights_skip_tracking":false,"_monsterinsights_sitenote_active":false,"_monsterinsights_sitenote_note":"","_monsterinsights_sitenote_category":0},"product_brand":[],"product_cat":[35],"product_tag":[],"class_list":{"0":"post-17512","1":"product","2":"type-product","3":"status-publish","4":"has-post-thumbnail","6":"product_cat-carreaux-en-terre-cuite","8":"first","9":"instock","10":"product-type-simple"},"_links":{"self":[{"href":"https:\/\/terracotadoalgarve.com\/fr\/wp-json\/wp\/v2\/product\/17512","targetHints":{"allow":["GET"]}}],"collection":[{"href":"https:\/\/terracotadoalgarve.com\/fr\/wp-json\/wp\/v2\/product"}],"about":[{"href":"https:\/\/terracotadoalgarve.com\/fr\/wp-json\/wp\/v2\/types\/product"}],"replies":[{"embeddable":true,"href":"https:\/\/terracotadoalgarve.com\/fr\/wp-json\/wp\/v2\/comments?post=17512"}],"wp:featuredmedia":[{"embeddable":true,"href":"https:\/\/terracotadoalgarve.com\/fr\/wp-json\/wp\/v2\/media\/25924"}],"wp:attachment":[{"href":"https:\/\/terracotadoalgarve.com\/fr\/wp-json\/wp\/v2\/media?parent=17512"}],"wp:term":[{"taxonomy":"product_brand","embeddable":true,"href":"https:\/\/terracotadoalgarve.com\/fr\/wp-json\/wp\/v2\/product_brand?post=17512"},{"taxonomy":"product_cat","embeddable":true,"href":"https:\/\/terracotadoalgarve.com\/fr\/wp-json\/wp\/v2\/product_cat?post=17512"},{"taxonomy":"product_tag","embeddable":true,"href":"https:\/\/terracotadoalgarve.com\/fr\/wp-json\/wp\/v2\/product_tag?post=17512"}],"curies":[{"name":"wp","href":"https:\/\/api.w.org\/{rel}","templated":true}]}}