{"id":17504,"date":"2018-11-15T09:55:40","date_gmt":"2018-11-15T09:55:40","guid":{"rendered":"http:\/\/terracotadoalgarve.com\/product\/refa-501-rodapes-terracota-30x75-cm\/"},"modified":"2022-03-21T09:41:26","modified_gmt":"2022-03-21T09:41:26","slug":"ref-501-plinthe-carreau-30x75-cm","status":"publish","type":"product","link":"https:\/\/terracotadoalgarve.com\/fr\/produto\/ref-501-plinthe-carreau-30x75-cm\/","title":{"rendered":"R\u00e9f. 501: Plinthe\/Carreau 30\u00d77,5 cm"},"content":{"rendered":"","protected":false},"excerpt":{"rendered":"<p>Peut-\u00eatre aussi utilis\u00e9e pour d\u00e9corations et rev\u00eatements. Il est fabriqu\u00e9 avec les finitions suivantes:<\/p>\n<p>R\u00e9f 501 Plinthe\/Carreau 30\u00d77,5 cm avec rayures<br \/>\nR\u00e9f 501A Plinthe\/Carreau 30\u00d77,5 cm argile naturelle<br \/>\nR\u00e9f 501B Plinthe 30\u00d77,5\u00d72 cm avec le Bord Arrondi<\/p>\n","protected":false},"featured_media":25923,"comment_status":"closed","ping_status":"closed","template":"","meta":{"_monsterinsights_skip_tracking":false,"_monsterinsights_sitenote_active":false,"_monsterinsights_sitenote_note":"","_monsterinsights_sitenote_category":0},"product_brand":[],"product_cat":[35],"product_tag":[],"class_list":{"0":"post-17504","1":"product","2":"type-product","3":"status-publish","4":"has-post-thumbnail","6":"product_cat-carreaux-en-terre-cuite","8":"first","9":"instock","10":"product-type-simple"},"_links":{"self":[{"href":"https:\/\/terracotadoalgarve.com\/fr\/wp-json\/wp\/v2\/product\/17504","targetHints":{"allow":["GET"]}}],"collection":[{"href":"https:\/\/terracotadoalgarve.com\/fr\/wp-json\/wp\/v2\/product"}],"about":[{"href":"https:\/\/terracotadoalgarve.com\/fr\/wp-json\/wp\/v2\/types\/product"}],"replies":[{"embeddable":true,"href":"https:\/\/terracotadoalgarve.com\/fr\/wp-json\/wp\/v2\/comments?post=17504"}],"wp:featuredmedia":[{"embeddable":true,"href":"https:\/\/terracotadoalgarve.com\/fr\/wp-json\/wp\/v2\/media\/25923"}],"wp:attachment":[{"href":"https:\/\/terracotadoalgarve.com\/fr\/wp-json\/wp\/v2\/media?parent=17504"}],"wp:term":[{"taxonomy":"product_brand","embeddable":true,"href":"https:\/\/terracotadoalgarve.com\/fr\/wp-json\/wp\/v2\/product_brand?post=17504"},{"taxonomy":"product_cat","embeddable":true,"href":"https:\/\/terracotadoalgarve.com\/fr\/wp-json\/wp\/v2\/product_cat?post=17504"},{"taxonomy":"product_tag","embeddable":true,"href":"https:\/\/terracotadoalgarve.com\/fr\/wp-json\/wp\/v2\/product_tag?post=17504"}],"curies":[{"name":"wp","href":"https:\/\/api.w.org\/{rel}","templated":true}]}}