{"id":17472,"date":"2018-11-15T09:27:39","date_gmt":"2018-11-15T09:27:39","guid":{"rendered":"http:\/\/terracotadoalgarve.com\/product\/refa-420-tijoleira-30x30x3\/"},"modified":"2022-03-21T09:34:29","modified_gmt":"2022-03-21T09:34:29","slug":"ref-420-carreau-30x30x3cm-demoule-a-leau","status":"publish","type":"product","link":"https:\/\/terracotadoalgarve.com\/fr\/produto\/ref-420-carreau-30x30x3cm-demoule-a-leau\/","title":{"rendered":"Ref. 420 Carreau 30\u00d730x3cm d\u00e9moul\u00e9 \u00e0 l\u2019eau"},"content":{"rendered":"","protected":false},"excerpt":{"rendered":"<p>C\u2019est un carreau tr\u00e8s robuste et compacte, d\u00e9moul\u00e9 \u00e0 l\u2019eau, avec trois bords arrondis et un cot\u00e9 rond. C\u2019est une pi\u00e8ce id\u00e9ale pour utiliser sur les escaliers, les comptoirs, les balcons ou les bords de la piscine. Nous avons \u00e9galement un carreau du m\u00eame type pour une utilisation sur les coins afin d\u2019achever un bon r\u00e9sultat (Ref 421).<\/p>\n","protected":false},"featured_media":25919,"comment_status":"closed","ping_status":"closed","template":"","meta":{"_monsterinsights_skip_tracking":false,"_monsterinsights_sitenote_active":false,"_monsterinsights_sitenote_note":"","_monsterinsights_sitenote_category":0},"product_brand":[],"product_cat":[35],"product_tag":[],"class_list":{"0":"post-17472","1":"product","2":"type-product","3":"status-publish","4":"has-post-thumbnail","6":"product_cat-carreaux-en-terre-cuite","8":"first","9":"instock","10":"product-type-simple"},"_links":{"self":[{"href":"https:\/\/terracotadoalgarve.com\/fr\/wp-json\/wp\/v2\/product\/17472","targetHints":{"allow":["GET"]}}],"collection":[{"href":"https:\/\/terracotadoalgarve.com\/fr\/wp-json\/wp\/v2\/product"}],"about":[{"href":"https:\/\/terracotadoalgarve.com\/fr\/wp-json\/wp\/v2\/types\/product"}],"replies":[{"embeddable":true,"href":"https:\/\/terracotadoalgarve.com\/fr\/wp-json\/wp\/v2\/comments?post=17472"}],"wp:featuredmedia":[{"embeddable":true,"href":"https:\/\/terracotadoalgarve.com\/fr\/wp-json\/wp\/v2\/media\/25919"}],"wp:attachment":[{"href":"https:\/\/terracotadoalgarve.com\/fr\/wp-json\/wp\/v2\/media?parent=17472"}],"wp:term":[{"taxonomy":"product_brand","embeddable":true,"href":"https:\/\/terracotadoalgarve.com\/fr\/wp-json\/wp\/v2\/product_brand?post=17472"},{"taxonomy":"product_cat","embeddable":true,"href":"https:\/\/terracotadoalgarve.com\/fr\/wp-json\/wp\/v2\/product_cat?post=17472"},{"taxonomy":"product_tag","embeddable":true,"href":"https:\/\/terracotadoalgarve.com\/fr\/wp-json\/wp\/v2\/product_tag?post=17472"}],"curies":[{"name":"wp","href":"https:\/\/api.w.org\/{rel}","templated":true}]}}