{"id":17456,"date":"2018-11-15T09:30:06","date_gmt":"2018-11-15T09:30:06","guid":{"rendered":"http:\/\/terracotadoalgarve.com\/product\/refa-409-ladrilho-hexagonal-irregular-aresta-viva\/"},"modified":"2022-05-02T03:55:40","modified_gmt":"2022-05-02T03:55:40","slug":"ref-409-carreau-hexagone-irregulier-aretes-vives","status":"publish","type":"product","link":"https:\/\/terracotadoalgarve.com\/fr\/produto\/ref-409-carreau-hexagone-irregulier-aretes-vives\/","title":{"rendered":"R\u00e9f 409: Carreau Hexagone Irr\u00e9gulier \u2013 Ar\u00eates vives"},"content":{"rendered":"","protected":false},"excerpt":{"rendered":"<p>Disponible uniquement sur demande, ils peuvent \u00eatre utilis\u00e9s seuls ou combin\u00e9s avec autres carreaux. Ils peuvent \u00e9galement \u00eatre combin\u00e9s avec des carreaux en terre cuite vitr\u00e9e carr\u00e9e, de la pierre, du bois ou d\u2019autres mat\u00e9riaux, ce qui cr\u00e9e un effet tr\u00e8s int\u00e9ressant. Peut \u00eatre fabriqu\u00e9 avec les tailles suivantes:<\/p>\n<p>R\u00e9f. 409A Carreau Hexagone Irr\u00e9gulier 20 cm<br \/>\nR\u00e9f. 409B Carreau Hexagone Irr\u00e9gulier 15 cm<br \/>\nR\u00e9f. 409C Carreau Hexagone Irr\u00e9gulier 10 cm<\/p>\n","protected":false},"featured_media":25917,"comment_status":"closed","ping_status":"closed","template":"","meta":{"_monsterinsights_skip_tracking":false,"_monsterinsights_sitenote_active":false,"_monsterinsights_sitenote_note":"","_monsterinsights_sitenote_category":0},"product_brand":[],"product_cat":[35],"product_tag":[],"class_list":{"0":"post-17456","1":"product","2":"type-product","3":"status-publish","4":"has-post-thumbnail","6":"product_cat-carreaux-en-terre-cuite","8":"first","9":"instock","10":"product-type-simple"},"_links":{"self":[{"href":"https:\/\/terracotadoalgarve.com\/fr\/wp-json\/wp\/v2\/product\/17456","targetHints":{"allow":["GET"]}}],"collection":[{"href":"https:\/\/terracotadoalgarve.com\/fr\/wp-json\/wp\/v2\/product"}],"about":[{"href":"https:\/\/terracotadoalgarve.com\/fr\/wp-json\/wp\/v2\/types\/product"}],"replies":[{"embeddable":true,"href":"https:\/\/terracotadoalgarve.com\/fr\/wp-json\/wp\/v2\/comments?post=17456"}],"wp:featuredmedia":[{"embeddable":true,"href":"https:\/\/terracotadoalgarve.com\/fr\/wp-json\/wp\/v2\/media\/25917"}],"wp:attachment":[{"href":"https:\/\/terracotadoalgarve.com\/fr\/wp-json\/wp\/v2\/media?parent=17456"}],"wp:term":[{"taxonomy":"product_brand","embeddable":true,"href":"https:\/\/terracotadoalgarve.com\/fr\/wp-json\/wp\/v2\/product_brand?post=17456"},{"taxonomy":"product_cat","embeddable":true,"href":"https:\/\/terracotadoalgarve.com\/fr\/wp-json\/wp\/v2\/product_cat?post=17456"},{"taxonomy":"product_tag","embeddable":true,"href":"https:\/\/terracotadoalgarve.com\/fr\/wp-json\/wp\/v2\/product_tag?post=17456"}],"curies":[{"name":"wp","href":"https:\/\/api.w.org\/{rel}","templated":true}]}}