{"id":17440,"date":"2018-11-15T09:32:57","date_gmt":"2018-11-15T09:32:57","guid":{"rendered":"http:\/\/terracotadoalgarve.com\/product\/refa-407-ladrilho-octogonal-aresta-viva\/"},"modified":"2022-03-21T09:22:34","modified_gmt":"2022-03-21T09:22:34","slug":"ref-407-carreau-octogonal-aretes-vives","status":"publish","type":"product","link":"https:\/\/terracotadoalgarve.com\/fr\/produto\/ref-407-carreau-octogonal-aretes-vives\/","title":{"rendered":"R\u00e9f. 407: Carreau Octogonal \u2013 Ar\u00eates Vives"},"content":{"rendered":"","protected":false},"excerpt":{"rendered":"<p>Carreau avec une forme moins habituelle, donnant a beau sol et originel. Peut-\u00eatre combin\u00e9 avec des \u00e9l\u00e9ments en terre cuite vitrifi\u00e9e, des \u00e9l\u00e9ments en pierre, ou avec d\u2019autres mat\u00e9riels, donnant un effet tr\u00e8s int\u00e9ressant. Peut \u00eatre fabriqu\u00e9 avec les tailles suivantes:<\/p>\n<p>R\u00e9f. 407A Carreau Octogonal 30x30x2 cm<br \/>\nR\u00e9f. 407B Carreau Octogonal 20x20x2 cm<br \/>\nR\u00e9f. 407C Carreau Octogonal 15x15x1,5 cm<\/p>\n","protected":false},"featured_media":25915,"comment_status":"closed","ping_status":"closed","template":"","meta":{"_monsterinsights_skip_tracking":false,"_monsterinsights_sitenote_active":false,"_monsterinsights_sitenote_note":"","_monsterinsights_sitenote_category":0},"product_brand":[],"product_cat":[35],"product_tag":[],"class_list":{"0":"post-17440","1":"product","2":"type-product","3":"status-publish","4":"has-post-thumbnail","6":"product_cat-carreaux-en-terre-cuite","8":"first","9":"instock","10":"product-type-simple"},"_links":{"self":[{"href":"https:\/\/terracotadoalgarve.com\/fr\/wp-json\/wp\/v2\/product\/17440","targetHints":{"allow":["GET"]}}],"collection":[{"href":"https:\/\/terracotadoalgarve.com\/fr\/wp-json\/wp\/v2\/product"}],"about":[{"href":"https:\/\/terracotadoalgarve.com\/fr\/wp-json\/wp\/v2\/types\/product"}],"replies":[{"embeddable":true,"href":"https:\/\/terracotadoalgarve.com\/fr\/wp-json\/wp\/v2\/comments?post=17440"}],"wp:featuredmedia":[{"embeddable":true,"href":"https:\/\/terracotadoalgarve.com\/fr\/wp-json\/wp\/v2\/media\/25915"}],"wp:attachment":[{"href":"https:\/\/terracotadoalgarve.com\/fr\/wp-json\/wp\/v2\/media?parent=17440"}],"wp:term":[{"taxonomy":"product_brand","embeddable":true,"href":"https:\/\/terracotadoalgarve.com\/fr\/wp-json\/wp\/v2\/product_brand?post=17440"},{"taxonomy":"product_cat","embeddable":true,"href":"https:\/\/terracotadoalgarve.com\/fr\/wp-json\/wp\/v2\/product_cat?post=17440"},{"taxonomy":"product_tag","embeddable":true,"href":"https:\/\/terracotadoalgarve.com\/fr\/wp-json\/wp\/v2\/product_tag?post=17440"}],"curies":[{"name":"wp","href":"https:\/\/api.w.org\/{rel}","templated":true}]}}