{"id":17423,"date":"2018-11-15T09:55:40","date_gmt":"2018-11-15T09:55:40","guid":{"rendered":"http:\/\/terracotadoalgarve.com\/product\/refa-404-tijoleira-40x40x25-cm-barro-natural-aresta-viva\/"},"modified":"2024-09-10T12:09:40","modified_gmt":"2024-09-10T12:09:40","slug":"ref-404-carreau-40x40x25-cm-argile-naturelle-aretes-vives","status":"publish","type":"product","link":"https:\/\/terracotadoalgarve.com\/fr\/produto\/ref-404-carreau-40x40x25-cm-argile-naturelle-aretes-vives\/","title":{"rendered":"Ref. 404: Carreau 40\u00d740\u00d72,5 cm Argile naturelle \u2013 Ar\u00eates vives"},"content":{"rendered":"<div id='wpcp-517f6c45eb0da934aa3b3a79efebf36c' class='wpcp-container'><div id='UseyourDrive' class=' gallery  wpcp-has-scroll-to-top' data-module-id='wpcp-517f6c45eb0da934aa3b3a79efebf36c' style='display:none'><noscript><div class='UseyourDrive-nojsmessage'>Pour visualiser ce contenu, vous devez activer JavaScript dans votre navigateur.<br\/><a href='http:\/\/www.enable-javascript.com\/' target='_blank'>Pour cela, suivez ces instructions<\/a>.<\/div><\/noscript><div class='wpcp-module UseyourDrive wpcp-gallery jsdisabled'  id='UseyourDrive-517f6c45eb0da934aa3b3a79efebf36c' data-token='517f6c45eb0da934aa3b3a79efebf36c' data-account-id='110759019842783483711' data-id='' data-org-id='' data-path='bnVsbA==' data-org-path='bnVsbA==' data-source='98c5cf45bbf4babab73aa94f40772cce' data-sort='name:asc' data-list='gallery' data-query='' data-lightboxnav='1' data-lightboxthumbs='1' data-lightboxopen='0' data-targetheight='300' data-slideshow='0' data-pausetime='5000'><div class=\"wpcp-browser-container wpcp-browser-tree--init wpcp-no-tree wpcp-browser--init\" style=\"width:100%;max-width:100%;\">\r\n    <div class=\"wpcp-browser-container-tree\" data-show-tree='0'>\r\n        <div class=\"nav-header\">\r\n            <a class=\"nav-tree-toggle entry-info-button\" tabindex=\"0\" title=\"Afficher l&#039;arborescence des dossiers\">\r\n                <i class=\"eva eva-arrowhead-left-outline\"><\/i>\r\n            <\/a>\r\n        <\/div>\r\n        <div class=\"wpcp-browser-tree\"><\/div>\r\n    <\/div>\r\n    <div class=\"wpcp-browser-container-content\">\r\n        <div class=\"nav-header nav-header-has-breadcrumb nav-header-onhover\">            <a class=\"nav-home entry-info-button\" title=\"Retournez au dossier de d\u00e9part\" tabindex=\"0\">\r\n                <i class=\"eva eva-home-outline\"><\/i>\r\n            <\/a>\r\n            <div class=\"nav-title\">Chargement...<\/div>\r\n                        <a class=\"nav-search entry-info-button\" tabindex=\"0\">\r\n                <i class=\"eva eva-search\"><\/i>\r\n            <\/a>\r\n\r\n            <div class=\"tippy-content-holder search-wrapper\">\r\n                <a class=\"search-icon search-submit\" href=\"javascript:;\"><i class=\"eva eva-search\"><\/i><\/a>\r\n                <input class=\"search-input\" name=\"q\" type=\"search\" autocomplete=\"off\" size=\"40\" aria-label=\"Rechercher\" placeholder=\"Rechercher des fichiers\" \/>\r\n                <a class=\"search-remove\" href=\"javascript:;\" title=\"Effacer\"><i class=\"eva eva-close\"><\/i><\/a>\r\n            <\/div>\r\n            \r\n            <a class=\"nav-sort entry-info-button\" title=\"Options de Tri\">\r\n                <i class=\"eva eva-options\"><\/i>\r\n            <\/a>\r\n            <div class=\"tippy-content-holder sort-div\">\r\n                <ul class='nav-sorting-list'>\r\n                    <li><a class=\"nav-sorting-field nav-name sort-selected\" data-field=\"name\" title=\"Nom\">\r\n                            Nom                        <\/a>\r\n                    <\/li>\r\n                    <li><a class=\"nav-sorting-field nav-size \" data-field=\"size\" title=\"Taille\">\r\n                            Taille                        <\/a>\r\n                    <\/li>\r\n                    <li><a class=\"nav-sorting-field nav-modified \" data-field=\"modified\" title=\"Modifi\u00e9\">\r\n                            Modifi\u00e9                        <\/a>\r\n                    <\/li>\r\n                    <li><a class=\"nav-sorting-field nav-created \" data-field=\"created\" title=\"Date de cr\u00e9ation\">\r\n                            Date de cr\u00e9ation                        <\/a>\r\n                    <\/li>\r\n                    <li class=\"list-separator\">&nbsp;<\/li>\r\n                    <li><a class=\"nav-sorting-order nav-asc sort-selected\" data-order=\"asc\" title=\"Ascendant\">\r\n                            Ascendant                        <\/a>\r\n                    <\/li>\r\n                    <li><a class=\"nav-sorting-order nav-desc \" data-order=\"desc\" title=\"Descendant\">\r\n                            Descendant                        <\/a>\r\n                    <\/li>\r\n                <\/ul>\r\n            <\/div>\r\n\r\n            <a class=\"nav-gear entry-info-button\" title=\"Plus d&#039;actions\">\r\n                <i class=\"eva eva-more-vertical-outline\"><\/i>\r\n            <\/a>\r\n            <div class=\"tippy-content-holder gear-div\" data-token=\"517f6c45eb0da934aa3b3a79efebf36c\">\r\n                <ul>\r\n                                        <li class='gear-menu-no-options' style=\"display: none\"><a><i class='eva eva-info-outline eva-lg'><\/i>Pas d&#039;options...<\/a><\/li>\r\n                <\/ul>\r\n            <\/div>\r\n                        <a class=\"nav-refresh entry-info-button\" title=\"Rafra\u00eechir\">\r\n                <i class=\"eva eva-sync\"><\/i>\r\n            <\/a>\r\n                    <\/div>        <div class=\"wpcp-container-content\">\r\n            <div class=\"loading initialize\">                <svg class=\"loader-spinner\" viewBox=\"25 25 50 50\">\r\n                    <circle class=\"path\" cx=\"50\" cy=\"50\" r=\"20\" fill=\"none\" stroke-width=\"3\" stroke-miterlimit=\"10\"><\/circle>\r\n                <\/svg>\r\n                            <\/div>\r\n            <div class=\"ajax-filelist\" style=\"\">\r\n                <div class='images image-collage'>\r\n                    \r\n<div class=\"image-container entry\">\r\n    <a>\r\n        <img loading=\"lazy\" decoding=\"async\" class=\"skeleton skeleton-gallery-img\" alt=\"\" src=\"data:image\/png;base64,iVBORw0KGgoAAAANSUhEUgAAAAEAAAABCAYAAAAfFcSJAAAAC0lEQVQYV2NgAAIAAAUAAarVyFEAAAAASUVORK5CYII=\" width=\"534\" height=\"300\" style=\"width:534px !important;height:300px !important; \">\r\n    <\/a>\r\n<\/div>\r\n\r\n<div class=\"image-container entry\">\r\n    <a>\r\n        <img loading=\"lazy\" decoding=\"async\" class=\"skeleton skeleton-gallery-img\" alt=\"\" src=\"data:image\/png;base64,iVBORw0KGgoAAAANSUhEUgAAAAEAAAABCAYAAAAfFcSJAAAAC0lEQVQYV2NgAAIAAAUAAarVyFEAAAAASUVORK5CYII=\" width=\"399\" height=\"300\" style=\"width:399px !important;height:300px !important; \">\r\n    <\/a>\r\n<\/div>\r\n\r\n<div class=\"image-container entry\">\r\n    <a>\r\n        <img loading=\"lazy\" decoding=\"async\" class=\"skeleton skeleton-gallery-img\" alt=\"\" src=\"data:image\/png;base64,iVBORw0KGgoAAAANSUhEUgAAAAEAAAABCAYAAAAfFcSJAAAAC0lEQVQYV2NgAAIAAAUAAarVyFEAAAAASUVORK5CYII=\" width=\"534\" height=\"300\" style=\"width:534px !important;height:300px !important; \">\r\n    <\/a>\r\n<\/div>\r\n\r\n<div class=\"image-container entry\">\r\n    <a>\r\n        <img loading=\"lazy\" decoding=\"async\" class=\"skeleton skeleton-gallery-img\" alt=\"\" src=\"data:image\/png;base64,iVBORw0KGgoAAAANSUhEUgAAAAEAAAABCAYAAAAfFcSJAAAAC0lEQVQYV2NgAAIAAAUAAarVyFEAAAAASUVORK5CYII=\" width=\"169\" height=\"300\" style=\"width:169px !important;height:300px !important; \">\r\n    <\/a>\r\n<\/div>\r\n\r\n<div class=\"image-container entry\">\r\n    <a>\r\n        <img loading=\"lazy\" decoding=\"async\" class=\"skeleton skeleton-gallery-img\" alt=\"\" src=\"data:image\/png;base64,iVBORw0KGgoAAAANSUhEUgAAAAEAAAABCAYAAAAfFcSJAAAAC0lEQVQYV2NgAAIAAAUAAarVyFEAAAAASUVORK5CYII=\" width=\"169\" height=\"300\" style=\"width:169px !important;height:300px !important; \">\r\n    <\/a>\r\n<\/div>\r\n                <\/div>\r\n            <\/div>\r\n\r\n            <div class=\"scroll-to-top\">\r\n                <button class=\"scroll-to-top-action button button-round-icon secondary button-round-icon-lg button-shadow-3\" type=\"button\" title=\"D\u00e9filer vers le haut\" aria-expanded=\"false\"><i class=\"eva eva-arrow-upward-outline eva-2x\"><\/i><\/button>\r\n                            <\/div>\r\n        <\/div>\r\n    <\/div>\r\n<\/div>\r\n<style>\r\n<\/style><\/div><\/div><div class='wpcp-module-script'><script type='text\/javascript'>if (typeof(jQuery) !== 'undefined' && typeof(jQuery.cp) !== 'undefined' && typeof(jQuery.cp.UseyourDrive) === 'function') { jQuery('#UseyourDrive-517f6c45eb0da934aa3b3a79efebf36c').UseyourDrive(UseyourDrive_vars); };<\/script><\/div><\/div>\n","protected":false},"excerpt":{"rendered":"<p>Appropri\u00e9s pour de tr\u00e8s grands espaces. Fabriqu\u00e9 sur commande.<\/p>\n","protected":false},"featured_media":25913,"comment_status":"closed","ping_status":"closed","template":"","meta":{"_monsterinsights_skip_tracking":false,"_monsterinsights_sitenote_active":false,"_monsterinsights_sitenote_note":"","_monsterinsights_sitenote_category":0},"product_brand":[],"product_cat":[35],"product_tag":[],"class_list":{"0":"post-17423","1":"product","2":"type-product","3":"status-publish","4":"has-post-thumbnail","6":"product_cat-carreaux-en-terre-cuite","8":"first","9":"instock","10":"product-type-simple"},"_links":{"self":[{"href":"https:\/\/terracotadoalgarve.com\/fr\/wp-json\/wp\/v2\/product\/17423","targetHints":{"allow":["GET"]}}],"collection":[{"href":"https:\/\/terracotadoalgarve.com\/fr\/wp-json\/wp\/v2\/product"}],"about":[{"href":"https:\/\/terracotadoalgarve.com\/fr\/wp-json\/wp\/v2\/types\/product"}],"replies":[{"embeddable":true,"href":"https:\/\/terracotadoalgarve.com\/fr\/wp-json\/wp\/v2\/comments?post=17423"}],"wp:featuredmedia":[{"embeddable":true,"href":"https:\/\/terracotadoalgarve.com\/fr\/wp-json\/wp\/v2\/media\/25913"}],"wp:attachment":[{"href":"https:\/\/terracotadoalgarve.com\/fr\/wp-json\/wp\/v2\/media?parent=17423"}],"wp:term":[{"taxonomy":"product_brand","embeddable":true,"href":"https:\/\/terracotadoalgarve.com\/fr\/wp-json\/wp\/v2\/product_brand?post=17423"},{"taxonomy":"product_cat","embeddable":true,"href":"https:\/\/terracotadoalgarve.com\/fr\/wp-json\/wp\/v2\/product_cat?post=17423"},{"taxonomy":"product_tag","embeddable":true,"href":"https:\/\/terracotadoalgarve.com\/fr\/wp-json\/wp\/v2\/product_tag?post=17423"}],"curies":[{"name":"wp","href":"https:\/\/api.w.org\/{rel}","templated":true}]}}