{"id":17415,"date":"2018-11-15T09:57:50","date_gmt":"2018-11-15T09:57:50","guid":{"rendered":"http:\/\/terracotadoalgarve.com\/product\/refa-204-tijoleira-38x19x23-cm-barro-natural-aresta-viva\/"},"modified":"2022-06-12T15:21:14","modified_gmt":"2022-06-12T15:21:14","slug":"ref-204-carreau-38x19x23-cm-argile-naturelle-aretes-vives","status":"publish","type":"product","link":"https:\/\/terracotadoalgarve.com\/fr\/produto\/ref-204-carreau-38x19x23-cm-argile-naturelle-aretes-vives\/","title":{"rendered":"Ref 204: Carreau 38x19x2,3 cm argile naturelle Ar\u00eates Vives"},"content":{"rendered":"","protected":false},"excerpt":{"rendered":"<p>C\u2019est le plus grand carreau rectangulaire que nous ayons, indiqu\u00e9e pour les grandes surfaces et les plafonds muraux. \u00c9galement utilis\u00e9 comme cadre avec Ref 404.<\/p>\n","protected":false},"featured_media":25912,"comment_status":"closed","ping_status":"closed","template":"","meta":{"_monsterinsights_skip_tracking":false,"_monsterinsights_sitenote_active":false,"_monsterinsights_sitenote_note":"","_monsterinsights_sitenote_category":0},"product_brand":[],"product_cat":[35],"product_tag":[],"class_list":{"0":"post-17415","1":"product","2":"type-product","3":"status-publish","4":"has-post-thumbnail","6":"product_cat-carreaux-en-terre-cuite","8":"first","9":"instock","10":"product-type-simple"},"_links":{"self":[{"href":"https:\/\/terracotadoalgarve.com\/fr\/wp-json\/wp\/v2\/product\/17415","targetHints":{"allow":["GET"]}}],"collection":[{"href":"https:\/\/terracotadoalgarve.com\/fr\/wp-json\/wp\/v2\/product"}],"about":[{"href":"https:\/\/terracotadoalgarve.com\/fr\/wp-json\/wp\/v2\/types\/product"}],"replies":[{"embeddable":true,"href":"https:\/\/terracotadoalgarve.com\/fr\/wp-json\/wp\/v2\/comments?post=17415"}],"wp:featuredmedia":[{"embeddable":true,"href":"https:\/\/terracotadoalgarve.com\/fr\/wp-json\/wp\/v2\/media\/25912"}],"wp:attachment":[{"href":"https:\/\/terracotadoalgarve.com\/fr\/wp-json\/wp\/v2\/media?parent=17415"}],"wp:term":[{"taxonomy":"product_brand","embeddable":true,"href":"https:\/\/terracotadoalgarve.com\/fr\/wp-json\/wp\/v2\/product_brand?post=17415"},{"taxonomy":"product_cat","embeddable":true,"href":"https:\/\/terracotadoalgarve.com\/fr\/wp-json\/wp\/v2\/product_cat?post=17415"},{"taxonomy":"product_tag","embeddable":true,"href":"https:\/\/terracotadoalgarve.com\/fr\/wp-json\/wp\/v2\/product_tag?post=17415"}],"curies":[{"name":"wp","href":"https:\/\/api.w.org\/{rel}","templated":true}]}}