{"id":17407,"date":"2018-11-15T09:47:38","date_gmt":"2018-11-15T09:47:38","guid":{"rendered":"http:\/\/terracotadoalgarve.com\/product\/ref-606-meio-tijolo-burro-canto-l\/"},"modified":"2022-06-12T15:16:47","modified_gmt":"2022-06-12T15:16:47","slug":"ref-606-%c2%bd-brique-type-burro-coin-l","status":"publish","type":"product","link":"https:\/\/terracotadoalgarve.com\/fr\/produto\/ref-606-%c2%bd-brique-type-burro-coin-l\/","title":{"rendered":"Ref 606: \u00bd Brique Type \u201cBurro\u201d Coin L"},"content":{"rendered":"","protected":false},"excerpt":{"rendered":"<p>Con\u00e7u pour \u00eatre utilis\u00e9 avec R\u00e9f 602 afin de fournir une meilleure finition dans les coins. Prend en charge les temp\u00e9ratures \u00e9lev\u00e9es, peut \u00eatre utilis\u00e9 dans les foyers, les grils, les barbecues ou toute autre situation dans laquelle il y a un contact direct avec le feu.<\/p>\n","protected":false},"featured_media":25911,"comment_status":"closed","ping_status":"closed","template":"","meta":{"_monsterinsights_skip_tracking":false,"_monsterinsights_sitenote_active":false,"_monsterinsights_sitenote_note":"","_monsterinsights_sitenote_category":0},"product_brand":[],"product_cat":[35],"product_tag":[],"class_list":{"0":"post-17407","1":"product","2":"type-product","3":"status-publish","4":"has-post-thumbnail","6":"product_cat-carreaux-en-terre-cuite","8":"first","9":"instock","10":"product-type-simple"},"_links":{"self":[{"href":"https:\/\/terracotadoalgarve.com\/fr\/wp-json\/wp\/v2\/product\/17407","targetHints":{"allow":["GET"]}}],"collection":[{"href":"https:\/\/terracotadoalgarve.com\/fr\/wp-json\/wp\/v2\/product"}],"about":[{"href":"https:\/\/terracotadoalgarve.com\/fr\/wp-json\/wp\/v2\/types\/product"}],"replies":[{"embeddable":true,"href":"https:\/\/terracotadoalgarve.com\/fr\/wp-json\/wp\/v2\/comments?post=17407"}],"wp:featuredmedia":[{"embeddable":true,"href":"https:\/\/terracotadoalgarve.com\/fr\/wp-json\/wp\/v2\/media\/25911"}],"wp:attachment":[{"href":"https:\/\/terracotadoalgarve.com\/fr\/wp-json\/wp\/v2\/media?parent=17407"}],"wp:term":[{"taxonomy":"product_brand","embeddable":true,"href":"https:\/\/terracotadoalgarve.com\/fr\/wp-json\/wp\/v2\/product_brand?post=17407"},{"taxonomy":"product_cat","embeddable":true,"href":"https:\/\/terracotadoalgarve.com\/fr\/wp-json\/wp\/v2\/product_cat?post=17407"},{"taxonomy":"product_tag","embeddable":true,"href":"https:\/\/terracotadoalgarve.com\/fr\/wp-json\/wp\/v2\/product_tag?post=17407"}],"curies":[{"name":"wp","href":"https:\/\/api.w.org\/{rel}","templated":true}]}}