{"id":17399,"date":"2018-11-15T09:32:57","date_gmt":"2018-11-15T09:32:57","guid":{"rendered":"http:\/\/terracotadoalgarve.com\/product\/refa-605-tijolo-curvo-para-revestimento-de-pilares-redondos\/"},"modified":"2022-04-02T03:38:33","modified_gmt":"2022-04-02T03:38:33","slug":"ref-605-plaquettes-courbes-pour-revetements-de-colonnes","status":"publish","type":"product","link":"https:\/\/terracotadoalgarve.com\/fr\/produto\/ref-605-plaquettes-courbes-pour-revetements-de-colonnes\/","title":{"rendered":"R\u00e9f. 605: Plaquettes courbes pour rev\u00eatements de colonnes"},"content":{"rendered":"","protected":false},"excerpt":{"rendered":"<p>En dehors des rev\u00eatements de colonnes, ces plaquettes peuvent aussi \u00eatre utilis\u00e9es pour d\u2019autres types de d\u00e9corations. Il existe une gamme de tailles pour les colonnes de diam\u00e8tres diff\u00e9rents:<\/p>\n<p>Ref 605A Plaquettes pour Rev\u00eatement de Colonnes \u00f825 cm<br \/>\nRef 605B Plaquettes pour Rev\u00eatement de Colonnes \u00f827 cm<br \/>\nRef 605C Plaquettes pour Rev\u00eatement de Colonnes \u00f830 cm<\/p>\n","protected":false},"featured_media":25910,"comment_status":"closed","ping_status":"closed","template":"","meta":{"_monsterinsights_skip_tracking":false,"_monsterinsights_sitenote_active":false,"_monsterinsights_sitenote_note":"","_monsterinsights_sitenote_category":0},"product_brand":[],"product_cat":[35],"product_tag":[],"class_list":{"0":"post-17399","1":"product","2":"type-product","3":"status-publish","4":"has-post-thumbnail","6":"product_cat-carreaux-en-terre-cuite","8":"first","9":"instock","10":"product-type-simple"},"_links":{"self":[{"href":"https:\/\/terracotadoalgarve.com\/fr\/wp-json\/wp\/v2\/product\/17399","targetHints":{"allow":["GET"]}}],"collection":[{"href":"https:\/\/terracotadoalgarve.com\/fr\/wp-json\/wp\/v2\/product"}],"about":[{"href":"https:\/\/terracotadoalgarve.com\/fr\/wp-json\/wp\/v2\/types\/product"}],"replies":[{"embeddable":true,"href":"https:\/\/terracotadoalgarve.com\/fr\/wp-json\/wp\/v2\/comments?post=17399"}],"wp:featuredmedia":[{"embeddable":true,"href":"https:\/\/terracotadoalgarve.com\/fr\/wp-json\/wp\/v2\/media\/25910"}],"wp:attachment":[{"href":"https:\/\/terracotadoalgarve.com\/fr\/wp-json\/wp\/v2\/media?parent=17399"}],"wp:term":[{"taxonomy":"product_brand","embeddable":true,"href":"https:\/\/terracotadoalgarve.com\/fr\/wp-json\/wp\/v2\/product_brand?post=17399"},{"taxonomy":"product_cat","embeddable":true,"href":"https:\/\/terracotadoalgarve.com\/fr\/wp-json\/wp\/v2\/product_cat?post=17399"},{"taxonomy":"product_tag","embeddable":true,"href":"https:\/\/terracotadoalgarve.com\/fr\/wp-json\/wp\/v2\/product_tag?post=17399"}],"curies":[{"name":"wp","href":"https:\/\/api.w.org\/{rel}","templated":true}]}}