{"id":17391,"date":"2018-11-15T09:32:57","date_gmt":"2018-11-15T09:32:57","guid":{"rendered":"http:\/\/terracotadoalgarve.com\/product\/refa-604-pecas-para-revestimentos-20x5x1-cm\/"},"modified":"2025-03-12T12:20:26","modified_gmt":"2025-03-12T12:20:26","slug":"ref-604-plaquettes-20x5x1-cm","status":"publish","type":"product","link":"https:\/\/terracotadoalgarve.com\/fr\/produto\/ref-604-plaquettes-20x5x1-cm\/","title":{"rendered":"Ref. 604: Plaquettes 20x5x1.2 cm"},"content":{"rendered":"","protected":false},"excerpt":{"rendered":"<p>C\u2019est le rev\u00eatement le plus l\u00e9ger, donc id\u00e9al pour plafonds ou zones o\u00f9 le poids est un probl\u00e8me. Peut \u00eatre appliqu\u00e9e sans joints parce que cette plaquette est tr\u00e8s mince.<\/p>\n","protected":false},"featured_media":25909,"comment_status":"closed","ping_status":"closed","template":"","meta":{"_monsterinsights_skip_tracking":false,"_monsterinsights_sitenote_active":false,"_monsterinsights_sitenote_note":"","_monsterinsights_sitenote_category":0},"product_brand":[],"product_cat":[35],"product_tag":[],"class_list":{"0":"post-17391","1":"product","2":"type-product","3":"status-publish","4":"has-post-thumbnail","6":"product_cat-carreaux-en-terre-cuite","8":"first","9":"instock","10":"product-type-simple"},"_links":{"self":[{"href":"https:\/\/terracotadoalgarve.com\/fr\/wp-json\/wp\/v2\/product\/17391","targetHints":{"allow":["GET"]}}],"collection":[{"href":"https:\/\/terracotadoalgarve.com\/fr\/wp-json\/wp\/v2\/product"}],"about":[{"href":"https:\/\/terracotadoalgarve.com\/fr\/wp-json\/wp\/v2\/types\/product"}],"replies":[{"embeddable":true,"href":"https:\/\/terracotadoalgarve.com\/fr\/wp-json\/wp\/v2\/comments?post=17391"}],"wp:featuredmedia":[{"embeddable":true,"href":"https:\/\/terracotadoalgarve.com\/fr\/wp-json\/wp\/v2\/media\/25909"}],"wp:attachment":[{"href":"https:\/\/terracotadoalgarve.com\/fr\/wp-json\/wp\/v2\/media?parent=17391"}],"wp:term":[{"taxonomy":"product_brand","embeddable":true,"href":"https:\/\/terracotadoalgarve.com\/fr\/wp-json\/wp\/v2\/product_brand?post=17391"},{"taxonomy":"product_cat","embeddable":true,"href":"https:\/\/terracotadoalgarve.com\/fr\/wp-json\/wp\/v2\/product_cat?post=17391"},{"taxonomy":"product_tag","embeddable":true,"href":"https:\/\/terracotadoalgarve.com\/fr\/wp-json\/wp\/v2\/product_tag?post=17391"}],"curies":[{"name":"wp","href":"https:\/\/api.w.org\/{rel}","templated":true}]}}