{"id":17373,"date":"2018-11-15T09:37:00","date_gmt":"2018-11-15T09:37:00","guid":{"rendered":"http:\/\/terracotadoalgarve.com\/product\/refa-602-1-2-tijolo-burro-20x5x4-cm\/"},"modified":"2022-04-02T03:33:31","modified_gmt":"2022-04-02T03:33:31","slug":"ref-602-%c2%bd-brique-type-burro-20x5x4-cm","status":"publish","type":"product","link":"https:\/\/terracotadoalgarve.com\/fr\/produto\/ref-602-%c2%bd-brique-type-burro-20x5x4-cm\/","title":{"rendered":"Ref. 602: \u00bd Brique type \u201cBurro\u201d 20x5x4 cm"},"content":{"rendered":"","protected":false},"excerpt":{"rendered":"<p>Comme les briques type Burro, peut \u00eatre utilis\u00e9 pour rev\u00eatements et d\u00e9corations, avec l\u2019avantage d\u2019occuper moins d\u2019espace et d\u2019\u00eatre plus \u00e9conomique.<\/p>\n","protected":false},"featured_media":25907,"comment_status":"closed","ping_status":"closed","template":"","meta":{"_monsterinsights_skip_tracking":false,"_monsterinsights_sitenote_active":false,"_monsterinsights_sitenote_note":"","_monsterinsights_sitenote_category":0},"product_brand":[],"product_cat":[35],"product_tag":[],"class_list":{"0":"post-17373","1":"product","2":"type-product","3":"status-publish","4":"has-post-thumbnail","6":"product_cat-carreaux-en-terre-cuite","8":"first","9":"instock","10":"product-type-simple"},"_links":{"self":[{"href":"https:\/\/terracotadoalgarve.com\/fr\/wp-json\/wp\/v2\/product\/17373","targetHints":{"allow":["GET"]}}],"collection":[{"href":"https:\/\/terracotadoalgarve.com\/fr\/wp-json\/wp\/v2\/product"}],"about":[{"href":"https:\/\/terracotadoalgarve.com\/fr\/wp-json\/wp\/v2\/types\/product"}],"replies":[{"embeddable":true,"href":"https:\/\/terracotadoalgarve.com\/fr\/wp-json\/wp\/v2\/comments?post=17373"}],"wp:featuredmedia":[{"embeddable":true,"href":"https:\/\/terracotadoalgarve.com\/fr\/wp-json\/wp\/v2\/media\/25907"}],"wp:attachment":[{"href":"https:\/\/terracotadoalgarve.com\/fr\/wp-json\/wp\/v2\/media?parent=17373"}],"wp:term":[{"taxonomy":"product_brand","embeddable":true,"href":"https:\/\/terracotadoalgarve.com\/fr\/wp-json\/wp\/v2\/product_brand?post=17373"},{"taxonomy":"product_cat","embeddable":true,"href":"https:\/\/terracotadoalgarve.com\/fr\/wp-json\/wp\/v2\/product_cat?post=17373"},{"taxonomy":"product_tag","embeddable":true,"href":"https:\/\/terracotadoalgarve.com\/fr\/wp-json\/wp\/v2\/product_tag?post=17373"}],"curies":[{"name":"wp","href":"https:\/\/api.w.org\/{rel}","templated":true}]}}