{"id":16742,"date":"2018-11-15T09:47:38","date_gmt":"2018-11-15T09:47:38","guid":{"rendered":"http:\/\/terracotadoalgarve.com\/product\/ref-600-tijolo-burro-30x15x4-cm\/"},"modified":"2022-06-12T15:01:50","modified_gmt":"2022-06-12T15:01:50","slug":"ref-600-brique-burro-30x15x4-cm","status":"publish","type":"product","link":"https:\/\/terracotadoalgarve.com\/fr\/produto\/ref-600-brique-burro-30x15x4-cm\/","title":{"rendered":"Ref 600 Brique \u201cBurro\u201d 30x15x4 cm"},"content":{"rendered":"","protected":false},"excerpt":{"rendered":"<p>Il est la plus grande brique que nous avons. R\u00e9sistant \u00e0 hautes temp\u00e9ratures, peut \u00eatre utilis\u00e9 dans les foyers, barbecues, ou pour toute autre utilisation o\u00f9 il y a un contact direct avec le feu. Il est \u00e9galement utilis\u00e9 dans des d\u00f4mes, des arches, des parterres, jardini\u00e8res ou pour tapisser les murs. Tr\u00e8s r\u00e9sistant.<\/p>\n","protected":false},"featured_media":25905,"comment_status":"closed","ping_status":"closed","template":"","meta":{"_monsterinsights_skip_tracking":false,"_monsterinsights_sitenote_active":false,"_monsterinsights_sitenote_note":"","_monsterinsights_sitenote_category":0},"product_brand":[],"product_cat":[35],"product_tag":[],"class_list":{"0":"post-16742","1":"product","2":"type-product","3":"status-publish","4":"has-post-thumbnail","6":"product_cat-carreaux-en-terre-cuite","8":"first","9":"instock","10":"product-type-simple"},"_links":{"self":[{"href":"https:\/\/terracotadoalgarve.com\/fr\/wp-json\/wp\/v2\/product\/16742","targetHints":{"allow":["GET"]}}],"collection":[{"href":"https:\/\/terracotadoalgarve.com\/fr\/wp-json\/wp\/v2\/product"}],"about":[{"href":"https:\/\/terracotadoalgarve.com\/fr\/wp-json\/wp\/v2\/types\/product"}],"replies":[{"embeddable":true,"href":"https:\/\/terracotadoalgarve.com\/fr\/wp-json\/wp\/v2\/comments?post=16742"}],"wp:featuredmedia":[{"embeddable":true,"href":"https:\/\/terracotadoalgarve.com\/fr\/wp-json\/wp\/v2\/media\/25905"}],"wp:attachment":[{"href":"https:\/\/terracotadoalgarve.com\/fr\/wp-json\/wp\/v2\/media?parent=16742"}],"wp:term":[{"taxonomy":"product_brand","embeddable":true,"href":"https:\/\/terracotadoalgarve.com\/fr\/wp-json\/wp\/v2\/product_brand?post=16742"},{"taxonomy":"product_cat","embeddable":true,"href":"https:\/\/terracotadoalgarve.com\/fr\/wp-json\/wp\/v2\/product_cat?post=16742"},{"taxonomy":"product_tag","embeddable":true,"href":"https:\/\/terracotadoalgarve.com\/fr\/wp-json\/wp\/v2\/product_tag?post=16742"}],"curies":[{"name":"wp","href":"https:\/\/api.w.org\/{rel}","templated":true}]}}