{"id":16728,"date":"2018-11-15T09:56:29","date_gmt":"2018-11-15T09:56:29","guid":{"rendered":"http:\/\/terracotadoalgarve.com\/product\/refa-406-ladrilho-terracota-do-algarve-25x25-cm-aresta-boleada\/"},"modified":"2022-03-20T09:29:06","modified_gmt":"2022-03-20T09:29:06","slug":"ref-406-carreau-terracota-do-algarve-25x25-cm-bord-arrondi","status":"publish","type":"product","link":"https:\/\/terracotadoalgarve.com\/fr\/produto\/ref-406-carreau-terracota-do-algarve-25x25-cm-bord-arrondi\/","title":{"rendered":"Ref. 406: Carreau \u201cTerracota do Algarve\u201d 25\u00d725 cm Bord Arrondi"},"content":{"rendered":"","protected":false},"excerpt":{"rendered":"<p>C\u2019est une taille interm\u00e9diaire entre 20\u00d720 et 30\u00d730, pour ceux qui veulent une chauss\u00e9e plus originale. Fabriqu\u00e9 sur commande.<\/p>\n","protected":false},"featured_media":25903,"comment_status":"closed","ping_status":"closed","template":"","meta":{"_monsterinsights_skip_tracking":false,"_monsterinsights_sitenote_active":false,"_monsterinsights_sitenote_note":"","_monsterinsights_sitenote_category":0},"product_brand":[],"product_cat":[35],"product_tag":[],"class_list":{"0":"post-16728","1":"product","2":"type-product","3":"status-publish","4":"has-post-thumbnail","6":"product_cat-carreaux-en-terre-cuite","8":"first","9":"instock","10":"product-type-simple"},"_links":{"self":[{"href":"https:\/\/terracotadoalgarve.com\/fr\/wp-json\/wp\/v2\/product\/16728","targetHints":{"allow":["GET"]}}],"collection":[{"href":"https:\/\/terracotadoalgarve.com\/fr\/wp-json\/wp\/v2\/product"}],"about":[{"href":"https:\/\/terracotadoalgarve.com\/fr\/wp-json\/wp\/v2\/types\/product"}],"replies":[{"embeddable":true,"href":"https:\/\/terracotadoalgarve.com\/fr\/wp-json\/wp\/v2\/comments?post=16728"}],"wp:featuredmedia":[{"embeddable":true,"href":"https:\/\/terracotadoalgarve.com\/fr\/wp-json\/wp\/v2\/media\/25903"}],"wp:attachment":[{"href":"https:\/\/terracotadoalgarve.com\/fr\/wp-json\/wp\/v2\/media?parent=16728"}],"wp:term":[{"taxonomy":"product_brand","embeddable":true,"href":"https:\/\/terracotadoalgarve.com\/fr\/wp-json\/wp\/v2\/product_brand?post=16728"},{"taxonomy":"product_cat","embeddable":true,"href":"https:\/\/terracotadoalgarve.com\/fr\/wp-json\/wp\/v2\/product_cat?post=16728"},{"taxonomy":"product_tag","embeddable":true,"href":"https:\/\/terracotadoalgarve.com\/fr\/wp-json\/wp\/v2\/product_tag?post=16728"}],"curies":[{"name":"wp","href":"https:\/\/api.w.org\/{rel}","templated":true}]}}