{"id":16721,"date":"2018-11-15T09:44:37","date_gmt":"2018-11-15T09:44:37","guid":{"rendered":"http:\/\/terracotadoalgarve.com\/product\/refa-403-ladrilho-terracota-do-algarve-30x30-cm-aresta-boleada\/"},"modified":"2022-03-20T09:27:52","modified_gmt":"2022-03-20T09:27:52","slug":"ref-403-carreau-terracota-do-algarve-30x30-cm-bord-arrondi","status":"publish","type":"product","link":"https:\/\/terracotadoalgarve.com\/fr\/produto\/ref-403-carreau-terracota-do-algarve-30x30-cm-bord-arrondi\/","title":{"rendered":"Ref. 403: Carreau Terracota do Algarve 30\u00d730 cm Bord Arrondi"},"content":{"rendered":"","protected":false},"excerpt":{"rendered":"<p>Ce carreau est plus compact et robuste, finit avec un bord arrondi. Ce carreau est s\u00e9lectionn\u00e9 de forme rigoureuse, afin que l\u2019on puisse obtenir une qualit\u00e9 sup\u00e9rieure. Peut \u00eatre utilis\u00e9 un int\u00e9rieurs et a l\u2019ext\u00e9rieur, donnant un effet visuel tr\u00e8s bon dans des espaces amples.<\/p>\n","protected":false},"featured_media":25902,"comment_status":"closed","ping_status":"closed","template":"","meta":{"_monsterinsights_skip_tracking":false,"_monsterinsights_sitenote_active":false,"_monsterinsights_sitenote_note":"","_monsterinsights_sitenote_category":0},"product_brand":[],"product_cat":[35],"product_tag":[],"class_list":{"0":"post-16721","1":"product","2":"type-product","3":"status-publish","4":"has-post-thumbnail","6":"product_cat-carreaux-en-terre-cuite","8":"first","9":"instock","10":"product-type-simple"},"_links":{"self":[{"href":"https:\/\/terracotadoalgarve.com\/fr\/wp-json\/wp\/v2\/product\/16721","targetHints":{"allow":["GET"]}}],"collection":[{"href":"https:\/\/terracotadoalgarve.com\/fr\/wp-json\/wp\/v2\/product"}],"about":[{"href":"https:\/\/terracotadoalgarve.com\/fr\/wp-json\/wp\/v2\/types\/product"}],"replies":[{"embeddable":true,"href":"https:\/\/terracotadoalgarve.com\/fr\/wp-json\/wp\/v2\/comments?post=16721"}],"wp:featuredmedia":[{"embeddable":true,"href":"https:\/\/terracotadoalgarve.com\/fr\/wp-json\/wp\/v2\/media\/25902"}],"wp:attachment":[{"href":"https:\/\/terracotadoalgarve.com\/fr\/wp-json\/wp\/v2\/media?parent=16721"}],"wp:term":[{"taxonomy":"product_brand","embeddable":true,"href":"https:\/\/terracotadoalgarve.com\/fr\/wp-json\/wp\/v2\/product_brand?post=16721"},{"taxonomy":"product_cat","embeddable":true,"href":"https:\/\/terracotadoalgarve.com\/fr\/wp-json\/wp\/v2\/product_cat?post=16721"},{"taxonomy":"product_tag","embeddable":true,"href":"https:\/\/terracotadoalgarve.com\/fr\/wp-json\/wp\/v2\/product_tag?post=16721"}],"curies":[{"name":"wp","href":"https:\/\/api.w.org\/{rel}","templated":true}]}}