{"id":16707,"date":"2018-11-15T09:56:29","date_gmt":"2018-11-15T09:56:29","guid":{"rendered":"http:\/\/terracotadoalgarve.com\/product\/refa-401-ladrilho-terracota-do-algarve-20x20-cm-aresta-boleada\/"},"modified":"2022-03-20T09:24:47","modified_gmt":"2022-03-20T09:24:47","slug":"ref-401-carreau-terracota-do-algarve-20x20-cm-bord-arrondi","status":"publish","type":"product","link":"https:\/\/terracotadoalgarve.com\/fr\/produto\/ref-401-carreau-terracota-do-algarve-20x20-cm-bord-arrondi\/","title":{"rendered":"Ref. 401: Carreau \u201cTerracota do Algarve\u201d 20\u00d720 cm Bord Arrondi"},"content":{"rendered":"","protected":false},"excerpt":{"rendered":"<p>Ce carreau est plus compact et robuste, finit avec un bord arrondi. Ce carreau est s\u00e9lectionn\u00e9 de forme rigoureuse, afin que l\u2019on puisse obtenir une qualit\u00e9 sup\u00e9rieure. Peut \u00eatre utilis\u00e9 un int\u00e9rieurs et a l\u2019ext\u00e9rieur.<\/p>\n","protected":false},"featured_media":25900,"comment_status":"closed","ping_status":"closed","template":"","meta":{"_monsterinsights_skip_tracking":false,"_monsterinsights_sitenote_active":false,"_monsterinsights_sitenote_note":"","_monsterinsights_sitenote_category":0},"product_brand":[],"product_cat":[35],"product_tag":[],"class_list":{"0":"post-16707","1":"product","2":"type-product","3":"status-publish","4":"has-post-thumbnail","6":"product_cat-carreaux-en-terre-cuite","8":"first","9":"instock","10":"product-type-simple"},"_links":{"self":[{"href":"https:\/\/terracotadoalgarve.com\/fr\/wp-json\/wp\/v2\/product\/16707","targetHints":{"allow":["GET"]}}],"collection":[{"href":"https:\/\/terracotadoalgarve.com\/fr\/wp-json\/wp\/v2\/product"}],"about":[{"href":"https:\/\/terracotadoalgarve.com\/fr\/wp-json\/wp\/v2\/types\/product"}],"replies":[{"embeddable":true,"href":"https:\/\/terracotadoalgarve.com\/fr\/wp-json\/wp\/v2\/comments?post=16707"}],"wp:featuredmedia":[{"embeddable":true,"href":"https:\/\/terracotadoalgarve.com\/fr\/wp-json\/wp\/v2\/media\/25900"}],"wp:attachment":[{"href":"https:\/\/terracotadoalgarve.com\/fr\/wp-json\/wp\/v2\/media?parent=16707"}],"wp:term":[{"taxonomy":"product_brand","embeddable":true,"href":"https:\/\/terracotadoalgarve.com\/fr\/wp-json\/wp\/v2\/product_brand?post=16707"},{"taxonomy":"product_cat","embeddable":true,"href":"https:\/\/terracotadoalgarve.com\/fr\/wp-json\/wp\/v2\/product_cat?post=16707"},{"taxonomy":"product_tag","embeddable":true,"href":"https:\/\/terracotadoalgarve.com\/fr\/wp-json\/wp\/v2\/product_tag?post=16707"}],"curies":[{"name":"wp","href":"https:\/\/api.w.org\/{rel}","templated":true}]}}