{"id":16700,"date":"2018-11-15T09:46:38","date_gmt":"2018-11-15T09:46:38","guid":{"rendered":"http:\/\/terracotadoalgarve.com\/product\/refa-315-ladrilho-15x15x2-cm-barro-natural\/"},"modified":"2022-06-14T07:16:37","modified_gmt":"2022-06-14T07:16:37","slug":"ref-315-carreau-15x15x2-cm-argile-naturelle","status":"publish","type":"product","link":"https:\/\/terracotadoalgarve.com\/fr\/produto\/ref-315-carreau-15x15x2-cm-argile-naturelle\/","title":{"rendered":"Ref 315: Carreau 15x15x2 cm \u2013 argile naturelle"},"content":{"rendered":"","protected":false},"excerpt":{"rendered":"<p>Carreau polyvalente, qui peut \u00e9galement \u00eatre produite avec 1,5 cm d\u2019\u00e9paisseur. Nous avons des carreaux \u00e9maill\u00e9s avec la m\u00eame mesure qui peut \u00eatre combin\u00e9e avec ce carreau dans les sols et les rev\u00eatements.<\/p>\n","protected":false},"featured_media":25899,"comment_status":"closed","ping_status":"closed","template":"","meta":{"_monsterinsights_skip_tracking":false,"_monsterinsights_sitenote_active":false,"_monsterinsights_sitenote_note":"","_monsterinsights_sitenote_category":0},"product_brand":[],"product_cat":[35],"product_tag":[],"class_list":{"0":"post-16700","1":"product","2":"type-product","3":"status-publish","4":"has-post-thumbnail","6":"product_cat-carreaux-en-terre-cuite","8":"first","9":"instock","10":"product-type-simple"},"_links":{"self":[{"href":"https:\/\/terracotadoalgarve.com\/fr\/wp-json\/wp\/v2\/product\/16700","targetHints":{"allow":["GET"]}}],"collection":[{"href":"https:\/\/terracotadoalgarve.com\/fr\/wp-json\/wp\/v2\/product"}],"about":[{"href":"https:\/\/terracotadoalgarve.com\/fr\/wp-json\/wp\/v2\/types\/product"}],"replies":[{"embeddable":true,"href":"https:\/\/terracotadoalgarve.com\/fr\/wp-json\/wp\/v2\/comments?post=16700"}],"wp:featuredmedia":[{"embeddable":true,"href":"https:\/\/terracotadoalgarve.com\/fr\/wp-json\/wp\/v2\/media\/25899"}],"wp:attachment":[{"href":"https:\/\/terracotadoalgarve.com\/fr\/wp-json\/wp\/v2\/media?parent=16700"}],"wp:term":[{"taxonomy":"product_brand","embeddable":true,"href":"https:\/\/terracotadoalgarve.com\/fr\/wp-json\/wp\/v2\/product_brand?post=16700"},{"taxonomy":"product_cat","embeddable":true,"href":"https:\/\/terracotadoalgarve.com\/fr\/wp-json\/wp\/v2\/product_cat?post=16700"},{"taxonomy":"product_tag","embeddable":true,"href":"https:\/\/terracotadoalgarve.com\/fr\/wp-json\/wp\/v2\/product_tag?post=16700"}],"curies":[{"name":"wp","href":"https:\/\/api.w.org\/{rel}","templated":true}]}}