{"id":16693,"date":"2018-11-15T09:58:22","date_gmt":"2018-11-15T09:58:22","guid":{"rendered":"http:\/\/terracotadoalgarve.com\/product\/ref-310-ladrilho-105x105x15-barro-natural\/"},"modified":"2022-06-14T06:45:32","modified_gmt":"2022-06-14T06:45:32","slug":"ref-310-carreau-105x105x15-cm-argile-naturelle","status":"publish","type":"product","link":"https:\/\/terracotadoalgarve.com\/fr\/produto\/ref-310-carreau-105x105x15-cm-argile-naturelle\/","title":{"rendered":"Ref 310: Carreau 10,5\u00d710,5\u00d71,5 cm \u2013 argile naturelle"},"content":{"rendered":"","protected":false},"excerpt":{"rendered":"<p>C\u2019est le plus petit carreau que nous ayons. Peut \u00eatre utilis\u00e9 comme rev\u00eatement de sol, rev\u00eatement mural, comptoirs ou d\u00e9corations. Il a la m\u00eame mesure que les carreaux \u00e9maill\u00e9s afin qu\u2019ils correspondent parfaitement.<\/p>\n","protected":false},"featured_media":25898,"comment_status":"closed","ping_status":"closed","template":"","meta":{"_monsterinsights_skip_tracking":false,"_monsterinsights_sitenote_active":false,"_monsterinsights_sitenote_note":"","_monsterinsights_sitenote_category":0},"product_brand":[],"product_cat":[35],"product_tag":[],"class_list":{"0":"post-16693","1":"product","2":"type-product","3":"status-publish","4":"has-post-thumbnail","6":"product_cat-carreaux-en-terre-cuite","8":"first","9":"instock","10":"product-type-simple"},"_links":{"self":[{"href":"https:\/\/terracotadoalgarve.com\/fr\/wp-json\/wp\/v2\/product\/16693","targetHints":{"allow":["GET"]}}],"collection":[{"href":"https:\/\/terracotadoalgarve.com\/fr\/wp-json\/wp\/v2\/product"}],"about":[{"href":"https:\/\/terracotadoalgarve.com\/fr\/wp-json\/wp\/v2\/types\/product"}],"replies":[{"embeddable":true,"href":"https:\/\/terracotadoalgarve.com\/fr\/wp-json\/wp\/v2\/comments?post=16693"}],"wp:featuredmedia":[{"embeddable":true,"href":"https:\/\/terracotadoalgarve.com\/fr\/wp-json\/wp\/v2\/media\/25898"}],"wp:attachment":[{"href":"https:\/\/terracotadoalgarve.com\/fr\/wp-json\/wp\/v2\/media?parent=16693"}],"wp:term":[{"taxonomy":"product_brand","embeddable":true,"href":"https:\/\/terracotadoalgarve.com\/fr\/wp-json\/wp\/v2\/product_brand?post=16693"},{"taxonomy":"product_cat","embeddable":true,"href":"https:\/\/terracotadoalgarve.com\/fr\/wp-json\/wp\/v2\/product_cat?post=16693"},{"taxonomy":"product_tag","embeddable":true,"href":"https:\/\/terracotadoalgarve.com\/fr\/wp-json\/wp\/v2\/product_tag?post=16693"}],"curies":[{"name":"wp","href":"https:\/\/api.w.org\/{rel}","templated":true}]}}