{"id":16651,"date":"2018-11-15T09:57:06","date_gmt":"2018-11-15T09:57:06","guid":{"rendered":"http:\/\/terracotadoalgarve.com\/product\/refa-301-ladrilho-santa-catarina-20x20-cm-em-barro-ao-natural\/"},"modified":"2022-03-20T09:00:05","modified_gmt":"2022-03-20T09:00:05","slug":"ref-301-carreau-santa-catarina-20x20-cm-en-argile-naturelle","status":"publish","type":"product","link":"https:\/\/terracotadoalgarve.com\/fr\/produto\/ref-301-carreau-santa-catarina-20x20-cm-en-argile-naturelle\/","title":{"rendered":"Ref. 301: Carreau Santa Catarina 20\u00d720 cm en argile naturelle"},"content":{"rendered":"","protected":false},"excerpt":{"rendered":"<p>Comme la r\u00e9f\u00e9rence ant\u00e9rieure, est d\u00e9moul\u00e9 avec du sable, mais sans les rayures blanches.<\/p>\n","protected":false},"featured_media":25892,"comment_status":"closed","ping_status":"closed","template":"","meta":{"_monsterinsights_skip_tracking":false,"_monsterinsights_sitenote_active":false,"_monsterinsights_sitenote_note":"","_monsterinsights_sitenote_category":0},"product_brand":[],"product_cat":[35],"product_tag":[],"class_list":{"0":"post-16651","1":"product","2":"type-product","3":"status-publish","4":"has-post-thumbnail","6":"product_cat-carreaux-en-terre-cuite","8":"first","9":"instock","10":"product-type-simple"},"_links":{"self":[{"href":"https:\/\/terracotadoalgarve.com\/fr\/wp-json\/wp\/v2\/product\/16651","targetHints":{"allow":["GET"]}}],"collection":[{"href":"https:\/\/terracotadoalgarve.com\/fr\/wp-json\/wp\/v2\/product"}],"about":[{"href":"https:\/\/terracotadoalgarve.com\/fr\/wp-json\/wp\/v2\/types\/product"}],"replies":[{"embeddable":true,"href":"https:\/\/terracotadoalgarve.com\/fr\/wp-json\/wp\/v2\/comments?post=16651"}],"wp:featuredmedia":[{"embeddable":true,"href":"https:\/\/terracotadoalgarve.com\/fr\/wp-json\/wp\/v2\/media\/25892"}],"wp:attachment":[{"href":"https:\/\/terracotadoalgarve.com\/fr\/wp-json\/wp\/v2\/media?parent=16651"}],"wp:term":[{"taxonomy":"product_brand","embeddable":true,"href":"https:\/\/terracotadoalgarve.com\/fr\/wp-json\/wp\/v2\/product_brand?post=16651"},{"taxonomy":"product_cat","embeddable":true,"href":"https:\/\/terracotadoalgarve.com\/fr\/wp-json\/wp\/v2\/product_cat?post=16651"},{"taxonomy":"product_tag","embeddable":true,"href":"https:\/\/terracotadoalgarve.com\/fr\/wp-json\/wp\/v2\/product_tag?post=16651"}],"curies":[{"name":"wp","href":"https:\/\/api.w.org\/{rel}","templated":true}]}}