{"id":15214,"date":"2018-11-15T09:57:50","date_gmt":"2018-11-15T15:21:56","guid":{"rendered":"http:\/\/terracotadoalgarve.com\/?post_type=product&#038;p=15214"},"modified":"2022-03-19T16:42:57","modified_gmt":"2022-03-19T16:42:57","slug":"ref-201-carreau-santa-catarina-30x15-cm-avec-rayures","status":"publish","type":"product","link":"https:\/\/terracotadoalgarve.com\/fr\/produto\/ref-201-carreau-santa-catarina-30x15-cm-avec-rayures\/","title":{"rendered":"Ref. 201: Carreau Santa Catarina 30\u00d715 cm avec rayures"},"content":{"rendered":"","protected":false},"excerpt":{"rendered":"<p>C\u2019est un carreau d\u00e9moul\u00e9 avec du sable, fait principalement avec de l\u2019argile rouge, et finit avec des rayures faites \u00e0 la main avec de l\u2019argile blanche. C\u2019est une solution \u00e9conomique pour carrelages int\u00e9rieurs et ext\u00e9rieurs.<\/p>\n","protected":false},"featured_media":25890,"comment_status":"closed","ping_status":"closed","template":"","meta":{"_monsterinsights_skip_tracking":false,"_monsterinsights_sitenote_active":false,"_monsterinsights_sitenote_note":"","_monsterinsights_sitenote_category":0},"product_brand":[],"product_cat":[35],"product_tag":[],"class_list":{"0":"post-15214","1":"product","2":"type-product","3":"status-publish","4":"has-post-thumbnail","6":"product_cat-carreaux-en-terre-cuite","8":"first","9":"instock","10":"product-type-simple"},"_links":{"self":[{"href":"https:\/\/terracotadoalgarve.com\/fr\/wp-json\/wp\/v2\/product\/15214","targetHints":{"allow":["GET"]}}],"collection":[{"href":"https:\/\/terracotadoalgarve.com\/fr\/wp-json\/wp\/v2\/product"}],"about":[{"href":"https:\/\/terracotadoalgarve.com\/fr\/wp-json\/wp\/v2\/types\/product"}],"replies":[{"embeddable":true,"href":"https:\/\/terracotadoalgarve.com\/fr\/wp-json\/wp\/v2\/comments?post=15214"}],"wp:featuredmedia":[{"embeddable":true,"href":"https:\/\/terracotadoalgarve.com\/fr\/wp-json\/wp\/v2\/media\/25890"}],"wp:attachment":[{"href":"https:\/\/terracotadoalgarve.com\/fr\/wp-json\/wp\/v2\/media?parent=15214"}],"wp:term":[{"taxonomy":"product_brand","embeddable":true,"href":"https:\/\/terracotadoalgarve.com\/fr\/wp-json\/wp\/v2\/product_brand?post=15214"},{"taxonomy":"product_cat","embeddable":true,"href":"https:\/\/terracotadoalgarve.com\/fr\/wp-json\/wp\/v2\/product_cat?post=15214"},{"taxonomy":"product_tag","embeddable":true,"href":"https:\/\/terracotadoalgarve.com\/fr\/wp-json\/wp\/v2\/product_tag?post=15214"}],"curies":[{"name":"wp","href":"https:\/\/api.w.org\/{rel}","templated":true}]}}