{"id":14891,"date":"2018-11-15T09:27:04","date_gmt":"2018-11-15T09:27:04","guid":{"rendered":"http:\/\/terracotadoalgarve.com\/product\/weber-color-flex\/"},"modified":"2022-06-15T11:05:47","modified_gmt":"2022-06-15T11:05:47","slug":"weber-color-flex","status":"publish","type":"product","link":"https:\/\/terracotadoalgarve.com\/fr\/produto\/weber-color-flex\/","title":{"rendered":"Weber.color flex"},"content":{"rendered":"","protected":false},"excerpt":{"rendered":"<p><strong>Caracter\u00edsticas:<\/strong><\/p>\n<p>Argamassa colorida de acabamento areado para betuma\u00e7\u00e3o de juntas com largura de junta entre 5 e 20 mm, para pavimentos e revestimentos interiores e exteriores. Betuma\u00e7\u00e3o de juntas com acabamento r\u00fastico para os seguintes tipos de pavimento: cer\u00e2mica, terracota ou pedra natural em todos os tipos em zonas privadas ou de uso colectivo e em zonas de tr\u00e1fego intenso.<\/p>\n<p><strong>Apresenta\u00e7\u00e3o<\/strong><\/p>\n<ul>\n<li>Saco de 5 Kg \u2013 Caixa de 4\u00d75 Kg (todas as cores)<\/li>\n<li>Saco de 25 Kg (Branco, Cinza e Bege Claro)<\/li>\n<\/ul>\n<p><strong>Cores:\u00a0<\/strong>Dispon\u00edvel em 30 cores cl\u00e1ssicas e tend\u00eancias (consultar carta de cores)<\/p>\n<p><strong>Rendimento:<\/strong> <a href=\"http:\/\/terracotadoalgarve.com\/wp-content\/uploads\/2016\/08\/ficha_tecnica_weber.pdf\" target=\"_blank\" rel=\"noopener\">ver ficha t\u00e9cnica<\/a><\/p>\n<p><strong>Utiliza\u00e7\u00f5es<\/strong><strong>\u00a0<\/strong><\/p>\n<ul>\n<li>Argamassa colorida de acabamento areado para betuma\u00e7\u00e3o de juntas em largura de junta entre 5 e 20 mm, para pavimentos e revestimentos interiores e exteriores. Betuma\u00e7\u00e3o de juntas com acabamento r\u00fastico para os seguintes tipos de pavimento: cer\u00e2mica, terracota ou pedra natural em todos os tipos em zonas privadas ou de uso colectivo e em zonas de tr\u00e1fego intenso.<\/li>\n<\/ul>\n<p><strong>Composi\u00e7\u00e3o<\/strong><\/p>\n<p>\u2013 Cimento, adjuvantes org\u00e2nicos e inorg\u00e2nicos e pigmentos minerais.<\/p>\n<p><strong>Suporte<\/strong><\/p>\n<ul>\n<li>Argamassa ciment\u00edcia.<\/li>\n<li>Todo o tipo de cer\u00e2mica e pedra natural.<\/li>\n<\/ul>\n<p><strong>Presta\u00e7\u00f5es<\/strong><strong>\u00a0<\/strong><\/p>\n<ul>\n<li>Resist\u00eancia \u00e0 compress\u00e3o 28 dias:\u00a0<strong>\u2265\u00a0<\/strong><strong>17 N\/mm<\/strong><strong><sup>2\u00a0<\/sup><\/strong><strong>(17 MPa)<\/strong><\/li>\n<li>Resist\u00eancia \u00e0 compress\u00e3o ap\u00f3s ciclos de gelo-degelo:\u00a0<strong>\u2265 17 N\/mm<\/strong><strong><sup>2<\/sup><\/strong><strong>(17 MPa)<\/strong><\/li>\n<li>Resist\u00eancia \u00e0 flex\u00e3o 28 dias:\u00a0\u00a0<strong>\u2265\u00a0<\/strong><strong>6,5 N\/mm<\/strong><strong><sup>2<\/sup><\/strong><strong>\u00a0(6,5 MPa)<\/strong><\/li>\n<li>Resist\u00eancia \u00e0 flex\u00e3o ap\u00f3s ciclos de gelo-degelo:\u00a0<strong>\u2265\u00a0<\/strong><strong>6,5 N\/mm<\/strong><strong><sup>2<\/sup><\/strong><strong>\u00a0(6,5 MPa)<\/strong><\/li>\n<li>Resist\u00eancia \u00e0 abras\u00e3o:\u00a0<strong>1000 mm3<\/strong><\/li>\n<li>Absor\u00e7\u00e3o reduzida de \u00e1gua ap\u00f3s 30 minutos:\u00a0<strong>\u2264 2g<\/strong><\/li>\n<li>Absor\u00e7\u00e3o reduzida de \u00e1gua ap\u00f3s 240 minutos:\u00a0<strong>\u2264<\/strong><strong>5g<\/strong><\/li>\n<li>Retrac\u00e7\u00e3o livre:\u00a0<strong>\u2264<\/strong><strong>2 mm\/m<\/strong><\/li>\n<li>Emiss\u00e3o COD:\u00a0<strong>classe A+<\/strong><\/li>\n<\/ul>\n<p>Os resultados foram obtidos em ensaios realizados em condi\u00e7\u00f5es normalizadas, e podem variar em fun\u00e7\u00e3o das condi\u00e7\u00f5es de aplica\u00e7\u00e3o.<\/p>\n<p><strong>Aplica\u00e7\u00e3o<\/strong><\/p>\n<ul>\n<li>Densidade aparente da pasta:\u00a0<strong>1,7 \u2013 1,9<\/strong><\/li>\n<li>Vida do amassado:\u00a0<strong>45 \u2013 60 minutos<\/strong><\/li>\n<li>Temperatura de aplica\u00e7\u00e3o:\u00a0<strong>de + 5\u00baC a 30\u00baC<\/strong><\/li>\n<li>Tempo de espera para utiliza\u00e7\u00e3o em pavimentos:<strong>24 horas<\/strong><\/li>\n<\/ul>\n<p>Estes tempos podem aumentar a baixa temperatura e diminuir com temperaturas mais elevadas.<strong>\u00a0<\/strong><strong>\u00a0<\/strong><\/p>\n<p><strong>Prepara\u00e7\u00e3o e Aplica\u00e7\u00e3o<\/strong><strong>\u00a0<\/strong><\/p>\n<p><strong>Aplica\u00e7\u00e3o do produto<\/strong><strong>\u00a0<\/strong><\/p>\n<p><strong>1<\/strong>-Amassar\u00a0<strong>weber.color flex<\/strong>\u00a0com 1,0 a 1,5litros de \u00e1gua limpa por cada embalagem de 5 kg at\u00e9 obter uma mistura homog\u00e9nea e sem grumos. Garantir a correcta dispers\u00e3o do pigmento e a homogeneidade da cor.<\/p>\n<p><strong>2<\/strong>\u2013 Betumar as juntas com talocha de borrachadura na diagonal e pressionando bem para preenchimento total dos espa\u00e7os livres. Aguardar at\u00e9 a argamassa perder o brilho superficial (aproximadamente entre 30 a 45 minutos) para efectuar a primeira limpeza com uma esponja ligeiramente humedecida.<\/p>\n<p><strong>3<\/strong>\u2013 Efectuar a limpeza final 24 horas ap\u00f3s a aplica\u00e7\u00e3o com um pano seco. A argamassa estar\u00e1 pronta para utiliza\u00e7\u00e3o.<\/p>\n<p><strong>Observa\u00e7\u00f5es<\/strong><strong>\u00a0<\/strong><\/p>\n<ul>\n<li>Quando a colagem de cer\u00e2mica foi realizada com argamassa epoxy rejuntar com\u00a0<strong>color epoxy<\/strong>;<\/li>\n<li>Para renova\u00e7\u00e3o de juntas antigas ou degradadas usar\u00a0<strong>color slim<\/strong>;<\/li>\n<li>N\u00e3o utilizar \u00e1cidos fortes na limpeza de\u00a0<strong>color flex<\/strong>;<\/li>\n<li>A aplica\u00e7\u00e3o de\u00a0<strong>color flex<\/strong>sobre suportes h\u00famidos ou em diferentes espessuras provocar\u00e1 varia\u00e7\u00f5es na tonalidade da junta;<\/li>\n<li>A betuma\u00e7\u00e3o de juntas em locais de elevado grau de exig\u00eancia quimicamente dever\u00e1 ser feita com\u00a0<strong>color epoxy<\/strong>;<\/li>\n<li>As juntas de fraccionamento ou dilata\u00e7\u00e3o devem ser preenchidas com\u00a0<strong>flex PU<\/strong>.<\/li>\n<\/ul>\n<p><strong>Recomenda\u00e7\u00f5es<\/strong><strong>\u00a0<\/strong><\/p>\n<ul>\n<li>N\u00e3o esquecer retirar as cruzetas distanciadoras das juntas antes de iniciar a betuma\u00e7\u00e3o.<\/li>\n<li>Utilizar apenas a quantidade de \u00e1gua indicada para amassar o\u00a0produto. O excesso de \u00e1gua no amassado pode provocar manchas na argamassa.<\/li>\n<li>Nunca adicionar \u00e1gua ao produto que j\u00e1 tenha iniciado o processo de endurecimento.<\/li>\n<li>Diferentes espessuras de aplica\u00e7\u00e3o podem provocar ligeiras diferen\u00e7as de tonalidade na argamassa.<\/li>\n<li>N\u00e3o usar \u00e1gua em excesso na limpeza uma vez que pode provocar a dispers\u00e3o do pigmento, carbonata\u00e7\u00e3o ou deposi\u00e7\u00e3o de sais na superf\u00edcie da argamassa.<\/li>\n<li>N\u00e3o usar \u00e1cidos fortes na limpeza.<strong>\u00a0<\/strong><\/li>\n<\/ul>\n<p><strong>Prepara\u00e7\u00e3o do Suporte<\/strong><strong>\u00a0<\/strong><\/p>\n<ul>\n<li>Retirar o excesso de cimento-cola das juntas antes de betumar. Aguardar no m\u00ednimo, entre 24 a 48 horas antes de iniciar a betuma\u00e7\u00e3o das juntas.<\/li>\n<li>Garantir que as juntas est\u00e3o limpas e secas sob pena de vir a provocar manchas na cor.<\/li>\n<li>Quando as pe\u00e7as cer\u00e2micas s\u00e3o porosas ou polidas \u00e9 necess\u00e1rio proteg\u00ea-las com o l\u00edquido de prote\u00e7\u00e3o,\u00a0<strong>protector 060\u00a0<\/strong>para evitar a impregna\u00e7\u00e3o do pigmento nos microporos do gr\u00e9s polido.\u00a0Realizar um teste pr\u00e9vio para verifica\u00e7\u00e3o.<\/li>\n<li>Garantir a uniformidade da espessura de aplica\u00e7\u00e3o das juntas. Desta forma, a durabilidade da argamassa aumenta e as cores\u00a0s\u00e3o mais homog\u00e9neas.<\/li>\n<\/ul>\n<p><strong>Mais Informa\u00e7\u00e3o<\/strong><\/p>\n<p><strong>Cores<\/strong><strong>\u00a0<\/strong><\/p>\n<ul>\n<li>Dispon\u00edvel em 30 cores cl\u00e1ssicas e tend\u00eancias (consultar carta de cores)<\/li>\n<\/ul>\n\n","protected":false},"featured_media":25218,"comment_status":"closed","ping_status":"closed","template":"","meta":{"_monsterinsights_skip_tracking":false,"_monsterinsights_sitenote_active":false,"_monsterinsights_sitenote_note":"","_monsterinsights_sitenote_category":0},"product_brand":[],"product_cat":[42],"product_tag":[],"class_list":{"0":"post-14891","1":"product","2":"type-product","3":"status-publish","4":"has-post-thumbnail","6":"product_cat-produits-pour-lentretien","8":"first","9":"instock","10":"product-type-simple"},"_links":{"self":[{"href":"https:\/\/terracotadoalgarve.com\/fr\/wp-json\/wp\/v2\/product\/14891","targetHints":{"allow":["GET"]}}],"collection":[{"href":"https:\/\/terracotadoalgarve.com\/fr\/wp-json\/wp\/v2\/product"}],"about":[{"href":"https:\/\/terracotadoalgarve.com\/fr\/wp-json\/wp\/v2\/types\/product"}],"replies":[{"embeddable":true,"href":"https:\/\/terracotadoalgarve.com\/fr\/wp-json\/wp\/v2\/comments?post=14891"}],"wp:featuredmedia":[{"embeddable":true,"href":"https:\/\/terracotadoalgarve.com\/fr\/wp-json\/wp\/v2\/media\/25218"}],"wp:attachment":[{"href":"https:\/\/terracotadoalgarve.com\/fr\/wp-json\/wp\/v2\/media?parent=14891"}],"wp:term":[{"taxonomy":"product_brand","embeddable":true,"href":"https:\/\/terracotadoalgarve.com\/fr\/wp-json\/wp\/v2\/product_brand?post=14891"},{"taxonomy":"product_cat","embeddable":true,"href":"https:\/\/terracotadoalgarve.com\/fr\/wp-json\/wp\/v2\/product_cat?post=14891"},{"taxonomy":"product_tag","embeddable":true,"href":"https:\/\/terracotadoalgarve.com\/fr\/wp-json\/wp\/v2\/product_tag?post=14891"}],"curies":[{"name":"wp","href":"https:\/\/api.w.org\/{rel}","templated":true}]}}